{"id":2171,"date":"2024-04-03T23:42:37","date_gmt":"2024-04-03T20:42:37","guid":{"rendered":"https:\/\/sisu.ut.ee\/ewod\/poems-et-299\/"},"modified":"2024-04-04T00:05:11","modified_gmt":"2024-04-03T21:05:11","slug":"poems","status":"publish","type":"page","link":"https:\/\/sisu.ut.ee\/ewod\/v\/valjataga\/poems\/","title":{"rendered":"M\u00e4rt V\u00e4ljataga &#8211; poems"},"content":{"rendered":"<p><span style=\"font-family: verdana, geneva;font-size: medium\"><strong>In compilations, anthologies, magazines<\/strong><\/span><\/p>\n<p><span style=\"font-family: verdana, geneva\"><strong><em>Finnish<\/em><br>Salatanssia tilantyhj\u00e4\u00e4: nuoren virolaisen runouden antologia<\/strong>. Toim E. Nordgren, suomentanut H. Forsblom et al, filologinen asiantuntija: Merja Knuuttila, p\u00e4\u00e4t\u00f6ssanat: R. Veidemann.\u00a0Oulu: Pohjoinen, 1990. 112 pp. [Poems by\u00a0Merle J\u00e4\u00e4ger,\u00a0Sven Kivisildnik,\u00a0Hasso Krull, Karl Martin Sinij\u00e4rv, T\u00f5nu Trubetsky, M\u00e4rt V\u00e4ljataga,\u00a0T\u00f5nu \u00d5nnepalu.]<\/span><\/p>\n","protected":false},"excerpt":{"rendered":"<p>In compilations, anthologies, magazines FinnishSalatanssia tilantyhj\u00e4\u00e4: nuoren virolaisen runouden antologia. Toim E. Nordgren, suomentanut H. Forsblom et al, filologinen asiantuntija: Merja Knuuttila, p\u00e4\u00e4t\u00f6ssanat: R. Veidemann.\u00a0Oulu: Pohjoinen, 1990. 112 pp. [Poems by\u00a0Merle J\u00e4\u00e4ger,\u00a0Sven Kivisildnik,\u00a0Hasso Krull, Karl Martin Sinij\u00e4rv, T\u00f5nu Trubetsky, M\u00e4rt &#8230;<\/p>\n","protected":false},"author":43,"featured_media":0,"parent":1553,"menu_order":0,"comment_status":"closed","ping_status":"closed","template":"","meta":{"_acf_changed":false,"inline_featured_image":false,"footnotes":""},"class_list":["post-2171","page","type-page","status-publish","hentry"],"acf":[],"_links":{"self":[{"href":"https:\/\/sisu.ut.ee\/ewod\/wp-json\/wp\/v2\/pages\/2171","targetHints":{"allow":["GET"]}}],"collection":[{"href":"https:\/\/sisu.ut.ee\/ewod\/wp-json\/wp\/v2\/pages"}],"about":[{"href":"https:\/\/sisu.ut.ee\/ewod\/wp-json\/wp\/v2\/types\/page"}],"author":[{"embeddable":true,"href":"https:\/\/sisu.ut.ee\/ewod\/wp-json\/wp\/v2\/users\/43"}],"replies":[{"embeddable":true,"href":"https:\/\/sisu.ut.ee\/ewod\/wp-json\/wp\/v2\/comments?post=2171"}],"version-history":[{"count":1,"href":"https:\/\/sisu.ut.ee\/ewod\/wp-json\/wp\/v2\/pages\/2171\/revisions"}],"predecessor-version":[{"id":2909,"href":"https:\/\/sisu.ut.ee\/ewod\/wp-json\/wp\/v2\/pages\/2171\/revisions\/2909"}],"up":[{"embeddable":true,"href":"https:\/\/sisu.ut.ee\/ewod\/wp-json\/wp\/v2\/pages\/1553"}],"wp:attachment":[{"href":"https:\/\/sisu.ut.ee\/ewod\/wp-json\/wp\/v2\/media?parent=2171"}],"curies":[{"name":"wp","href":"https:\/\/api.w.org\/{rel}","templated":true}]}}