{"id":2164,"date":"2024-04-03T23:42:36","date_gmt":"2024-04-03T20:42:36","guid":{"rendered":"https:\/\/sisu.ut.ee\/ewod\/poems-et-298\/"},"modified":"2024-04-04T00:05:13","modified_gmt":"2024-04-03T21:05:13","slug":"poems","status":"publish","type":"page","link":"https:\/\/sisu.ut.ee\/ewod\/t\/trubetsky\/poems\/","title":{"rendered":"T\u00f5nu Trubetsky &#8211; poems"},"content":{"rendered":"<p><span style=\"font-family: verdana, geneva;font-size: medium\"><strong>In compilations, anthologies, magazines<\/strong><\/span><\/p>\n<p><span style=\"font-family: verdana, geneva\"><strong><em>English<br><\/em>\u03ad\u03ba\u03b5\u1fd6: Estonian poetry of the 19th and 20th century<\/strong>. Translated [and translator\u2019s introduction] by John Hayes Hurley &amp; Erik Linnolt. [Tallinn]: M. Makko, 2005, 87 pp. [Poems by Kristjan Jaak Peterson, Friedrich Nikolai Russow, Lydia Koidula, Peeter Jakobson, Juhan Liiv, Ernst Enno, Gustav Suits, Marie Under, Henrik Visnapuu, Hendrik Adamson, Johannes Vares-Barbarus, Valmar Adams, Heiti Talvik, Betti Alver, Bernard Kangro, Karl Ristikivi, Kersti Merilaas, August Sang, Arno Vihalemm, Aleksis Rannit, Asta Willmann, Jaan Kross, Ellen Niit, Ilona Laaman, Jaan Kaplinski, Ene Mihkelson, Viivi Luik, Ott Arder, T\u00f5nu Trubetsky, J\u00fcrgen Rooste.]<strong><em><br><\/em><\/strong><\/span><\/p>\n<p><span style=\"font-family: verdana, geneva\"><strong><em>Finnish<\/em><br>Salatanssia tilantyhj\u00e4\u00e4: nuoren virolaisen runouden antologia<\/strong>. Toim E. Nordgren, suomentanut H. Forsblom et al, filologinen asiantuntija: Merja Knuuttila, p\u00e4\u00e4t\u00f6ssanat: R. Veidemann.\u00a0Oulu: Pohjoinen, 1990. 112 pp. [Poems by\u00a0Merle J\u00e4\u00e4ger,\u00a0Sven Kivisildnik,\u00a0Hasso Krull, Karl Martin Sinij\u00e4rv, T\u00f5nu Trubetsky, M\u00e4rt V\u00e4ljataga,\u00a0T\u00f5nu \u00d5nnepalu.]<\/span><\/p>\n","protected":false},"excerpt":{"rendered":"<p>In compilations, anthologies, magazines English\u03ad\u03ba\u03b5\u1fd6: Estonian poetry of the 19th and 20th century. Translated [and translator\u2019s introduction] by John Hayes Hurley &amp; Erik Linnolt. [Tallinn]: M. Makko, 2005, 87 pp. [Poems by Kristjan Jaak Peterson, Friedrich Nikolai Russow, Lydia Koidula, &#8230;<\/p>\n","protected":false},"author":43,"featured_media":0,"parent":1649,"menu_order":0,"comment_status":"closed","ping_status":"closed","template":"","meta":{"_acf_changed":false,"inline_featured_image":false,"footnotes":""},"class_list":["post-2164","page","type-page","status-publish","hentry"],"acf":[],"_links":{"self":[{"href":"https:\/\/sisu.ut.ee\/ewod\/wp-json\/wp\/v2\/pages\/2164","targetHints":{"allow":["GET"]}}],"collection":[{"href":"https:\/\/sisu.ut.ee\/ewod\/wp-json\/wp\/v2\/pages"}],"about":[{"href":"https:\/\/sisu.ut.ee\/ewod\/wp-json\/wp\/v2\/types\/page"}],"author":[{"embeddable":true,"href":"https:\/\/sisu.ut.ee\/ewod\/wp-json\/wp\/v2\/users\/43"}],"replies":[{"embeddable":true,"href":"https:\/\/sisu.ut.ee\/ewod\/wp-json\/wp\/v2\/comments?post=2164"}],"version-history":[{"count":1,"href":"https:\/\/sisu.ut.ee\/ewod\/wp-json\/wp\/v2\/pages\/2164\/revisions"}],"predecessor-version":[{"id":2920,"href":"https:\/\/sisu.ut.ee\/ewod\/wp-json\/wp\/v2\/pages\/2164\/revisions\/2920"}],"up":[{"embeddable":true,"href":"https:\/\/sisu.ut.ee\/ewod\/wp-json\/wp\/v2\/pages\/1649"}],"wp:attachment":[{"href":"https:\/\/sisu.ut.ee\/ewod\/wp-json\/wp\/v2\/media?parent=2164"}],"curies":[{"name":"wp","href":"https:\/\/api.w.org\/{rel}","templated":true}]}}