{"id":2160,"date":"2024-04-03T23:42:36","date_gmt":"2024-04-03T20:42:36","guid":{"rendered":"https:\/\/sisu.ut.ee\/ewod\/pavasari\/"},"modified":"2024-04-04T00:05:12","modified_gmt":"2024-04-03T21:05:12","slug":"pavasari","status":"publish","type":"page","link":"https:\/\/sisu.ut.ee\/ewod\/anthologies\/pavasari\/","title":{"rendered":"Pavasari meklejot: igaunu noveles"},"content":{"rendered":"<p><strong><span style=\"font-family: verdana, geneva\">Pavasari meklejot: igaunu noveles. Sastadijusi D\u017euljeta Plakidis; no igaunu valodas tulkojusi D\u017e. Plakidis, Anna \u017digure un Janis \u017digurs; makslinieks Gunvalds Elers. Riga: Liesma, 1974, 354 pp.<\/span><\/strong><\/p>\n<p><span style=\"font-family: verdana, geneva\"><strong>Contents<\/strong>:<\/span><br><span style=\"font-family: verdana, geneva\">N. Anderzens, <strong>Da\u017eas piezimes par igaunu noveli<\/strong>.<\/span><br><span style=\"font-family: verdana, geneva\">J. Livs, <strong>Uz Peipusa<\/strong>. [\u2019Peipsi p\u00e4\u00e4l\u2019.]<\/span><br><span style=\"font-family: verdana, geneva\">J. Livs, <strong>Parasts dzives stasts<\/strong>. [\u2019Igap\u00e4evane lugu\u2019.]<\/span><br><span style=\"font-family: verdana, geneva\">E. Vilde, <strong>Kazanova atvadas<\/strong>. [\u2018Casanova j\u00e4tab jumalaga\u2019.]<\/span><br><span style=\"font-family: verdana, geneva\">E. Vilde, <strong>Jaunsaimnieks Voltershauzens<\/strong>. [\u2019Asunik Wolterschausen\u2019.]<\/span><br><span style=\"font-family: verdana, geneva\">A. Hanzens-Tamsare, <strong>Svariga diena<\/strong>. [\u2019T\u00e4htis p\u00e4ev\u2019.]<\/span><br><span style=\"font-family: verdana, geneva\">A. Hanzens-Tamsare, <strong>Celojums uz Italiju<\/strong>. [\u2019Itaalia-reis\u2019.]<\/span><br><span style=\"font-family: verdana, geneva\">A. Hanzens-Tamsare, <strong>Avizu iznesataja Nr. 17<\/strong>. [\u2019Lehekandja nr. 17\u2019.]<\/span><br><span style=\"font-family: verdana, geneva\">A. Hanzens-Tamsare, <strong>Vecteva nave<\/strong>. [\u2019Vanaisa surm\u2019.]<\/span><br><span style=\"font-family: verdana, geneva\">F. Tuglass, <strong>Pedejais sveiciens<\/strong>. [\u2019Viimne tervitus\u2019.]<\/span><br><span style=\"font-family: verdana, geneva\">F. Tuglass, <strong>Kadas dzives mikla<\/strong>. [\u2019\u00dche elu m\u00f5istatus\u2019.]<\/span><br><span style=\"font-family: verdana, geneva\">J. Sempers, <strong>Asteres<\/strong>. [\u2019Astrid\u2019.]<\/span><br><span style=\"font-family: verdana, geneva\">J. Sempers, <strong>Vinpus upes<\/strong>. [\u2019Teisel pool j\u00f5ge\u2019.]<\/span><br><span style=\"font-family: verdana, geneva\">P. Vallaks, <strong>Citadel<\/strong>.<\/span><br><span style=\"font-family: verdana, geneva\">P. Vallaks, <strong>10 Omnibus 10<\/strong>. [\u201910 omnibus 10\u2019.]<\/span><br><span style=\"font-family: verdana, geneva\">P. Vallaks, <strong>Maize un milestiba<\/strong>. [\u2019Leib ja armastus\u2019.]<\/span><br><span style=\"font-family: verdana, geneva\">P. Vallaks, <strong>Naudas pods<\/strong>. [\u2019Rahapada\u2019.]<\/span><br><span style=\"font-family: verdana, geneva\">E. Krustens, <strong>Pavasari meklejot<\/strong>. [\u2019Kevadet otsimas\u2019.]<\/span><br><span style=\"font-family: verdana, geneva\">E. Krustens, <strong>Neparasta maize<\/strong>.<\/span><br><span style=\"font-family: verdana, geneva\">E. Krustens, <strong>Murk\u0161kis<\/strong>. [\u2019Koopaorav\u2019.]<\/span><br><span style=\"font-family: verdana, geneva\">E. Krustens, <strong>Ligava<\/strong>. [\u2019M\u00f5rsja\u2019.]<\/span><br><span style=\"font-family: verdana, geneva\">E. Krustens, <strong>Lauku tragedija<\/strong>. [\u2019Kurbm\u00e4ng k\u00fclas\u2019.]<\/span><br><span style=\"font-family: verdana, geneva\">E. Krustens, <strong>Nabagu cuka<\/strong>.<\/span><br><span style=\"font-family: verdana, geneva\">P. Kusbergs, <strong>Sarusejusi lejkanna<\/strong>. [\u2019Roostetanud kastekann\u2019.]<\/span><br><span style=\"font-family: verdana, geneva\">P. Kusbergs, <strong>Vienas dienas protokols<\/strong>. [\u2019\u00dche p\u00e4eva protokoll\u2019.]<\/span><br><span style=\"font-family: verdana, geneva\">P. Kusbergs, <strong>Alus bara<\/strong>. [\u2019\u00d5llebaaris\u2019.]<\/span><br><span style=\"font-family: verdana, geneva\">L. Prometa, <strong>Vacietis<\/strong>. [\u2019Sakslane\u2019.]<\/span><br><span style=\"font-family: verdana, geneva\">L. Prometa, <strong>Mater Dolorosa<\/strong>. [\u2019Mater dolorosa\u2019.]<\/span><br><span style=\"font-family: verdana, geneva\">L. Prometa, <strong>Ko lauma nezinaja<\/strong>. [\u2019Mida haldjas ei teadnud\u2019.]<\/span><br><span style=\"font-family: verdana, geneva\">L. Prometa, <strong>Gulo\u0161ais tigeris<\/strong>. [\u2019Lamav tiiger\u2019.]<\/span><br><span style=\"font-family: verdana, geneva\">L. Prometa, <strong>Milestiba<\/strong>. [\u2019Armastus\u2019.]<\/span><br><span style=\"font-family: verdana, geneva\">L. Prometa, <strong>Erglis<\/strong>. [\u2019Kotkas\u2019.]<\/span><br><span style=\"font-family: verdana, geneva\">L. Prometa, <strong>Olivje<\/strong>. [\u2019Olivier\u2019.]<\/span><br><span style=\"font-family: verdana, geneva\">A. Valtons, <strong>Zaki skurbst no balta abolina smar\u017eas<\/strong>. [\u2018J\u00e4nesed on purjus valge ristikheina l\u00f5hnast\u2019.]<\/span><br><span style=\"font-family: verdana, geneva\">A. Valtons, <strong>Smaids<\/strong>. [\u2019Naeratus\u2019.]<\/span><br><span style=\"font-family: verdana, geneva\">A. Valtons, <strong>Divaina vele\u0161anas<\/strong>. [\u2019Veider soov\u2019.]<\/span><br><span style=\"font-family: verdana, geneva\">A. Valtons, <strong>Slazds<\/strong>. [\u2019Silmus\u2019.]<\/span><\/p>\n","protected":false},"excerpt":{"rendered":"<p>Pavasari meklejot: igaunu noveles. Sastadijusi D\u017euljeta Plakidis; no igaunu valodas tulkojusi D\u017e. Plakidis, Anna \u017digure un Janis \u017digurs; makslinieks Gunvalds Elers. Riga: Liesma, 1974, 354 pp. Contents:N. Anderzens, Da\u017eas piezimes par igaunu noveli.J. Livs, Uz Peipusa. [\u2019Peipsi p\u00e4\u00e4l\u2019.]J. Livs, Parasts &#8230;<\/p>\n","protected":false},"author":43,"featured_media":0,"parent":1214,"menu_order":0,"comment_status":"closed","ping_status":"closed","template":"","meta":{"_acf_changed":false,"inline_featured_image":false,"footnotes":""},"class_list":["post-2160","page","type-page","status-publish","hentry"],"acf":[],"_links":{"self":[{"href":"https:\/\/sisu.ut.ee\/ewod\/wp-json\/wp\/v2\/pages\/2160","targetHints":{"allow":["GET"]}}],"collection":[{"href":"https:\/\/sisu.ut.ee\/ewod\/wp-json\/wp\/v2\/pages"}],"about":[{"href":"https:\/\/sisu.ut.ee\/ewod\/wp-json\/wp\/v2\/types\/page"}],"author":[{"embeddable":true,"href":"https:\/\/sisu.ut.ee\/ewod\/wp-json\/wp\/v2\/users\/43"}],"replies":[{"embeddable":true,"href":"https:\/\/sisu.ut.ee\/ewod\/wp-json\/wp\/v2\/comments?post=2160"}],"version-history":[{"count":1,"href":"https:\/\/sisu.ut.ee\/ewod\/wp-json\/wp\/v2\/pages\/2160\/revisions"}],"predecessor-version":[{"id":2916,"href":"https:\/\/sisu.ut.ee\/ewod\/wp-json\/wp\/v2\/pages\/2160\/revisions\/2916"}],"up":[{"embeddable":true,"href":"https:\/\/sisu.ut.ee\/ewod\/wp-json\/wp\/v2\/pages\/1214"}],"wp:attachment":[{"href":"https:\/\/sisu.ut.ee\/ewod\/wp-json\/wp\/v2\/media?parent=2160"}],"curies":[{"name":"wp","href":"https:\/\/api.w.org\/{rel}","templated":true}]}}