{"id":2158,"date":"2024-04-03T23:42:36","date_gmt":"2024-04-03T20:42:36","guid":{"rendered":"https:\/\/sisu.ut.ee\/ewod\/plays-et-63\/"},"modified":"2024-04-04T00:05:11","modified_gmt":"2024-04-03T21:05:11","slug":"plays","status":"publish","type":"page","link":"https:\/\/sisu.ut.ee\/ewod\/k\/kaugver\/plays\/","title":{"rendered":"Raimond Kaugver &#8211; plays"},"content":{"rendered":"<p><span style=\"font-size: medium\"><strong><span style=\"font-family: verdana, geneva\">Books<\/span><\/strong><\/span><\/p>\n<p><span style=\"font-family: verdana, geneva;font-size: small\"><em><strong>Bulgarian<\/strong><\/em><br><strong>\u0410\u0437\u0431\u0443\u0447\u043d\u0438\u0442\u0435 \u0438\u0441\u0442\u0438\u043d\u0438<\/strong>. Translated by Naiden Vlt\u0161ev. KIK, 1974, 48 pp.\u00a0<span>[\u2018Suur \u00fckskord\u00fcks\u2019.]\u00a0<\/span><\/span><\/p>\n<p><span style=\"font-family: verdana, geneva;font-size: small\"><span><strong><em>Russian<\/em><\/strong><br>\u0420\u0430\u0439\u043c\u043e\u043d\u0434 \u041a\u0430\u0443\u0433\u0432\u0435\u0440, <strong>\u041f\u043e\u0435\u0437\u0434\u0430 \u0443\u0445\u043e\u0434\u044f\u0442 \u0443\u0442\u0440\u043e\u043c: \u043f\u044c\u0435\u0441\u0430 \u0432 2-\u0445 \u0434<\/strong>. \u041f\u0435\u0440\u0435\u0432\u043e\u0434 \u0441 \u044d\u0441\u0442\u043e\u043d\u0441\u043a\u043e\u0433\u043e \u0413. \u041c\u0443\u0440\u0430\u0432\u0438\u043d\u0430. \u041c\u043e\u0441\u043a\u0432\u0430: [s.n.], 1979, 62 pp. [\u2018Rong v\u00e4ljub hommikul\u2019.]<\/span><\/span><\/p>\n<p><strong><em>Slovak<\/em><\/strong><br><strong>Hladaj svoj ostrov<\/strong>. Translated by Magda Tak\u00e1\u010dov\u00e1. Bratislava: LITA, 1973, 53 pp. [\u2018Oma saar\u2019.]<\/p>\n<p><\/p>\n<p><span style=\"font-family: verdana, geneva;font-size: medium\"><strong>In anthologies and magazines<\/strong><\/span><\/p>\n<p><span style=\"font-family: verdana, geneva\"><strong><em>Bulgarian<br><\/em><\/strong>\u0420\u0430\u0439\u043c\u043e\u043d\u0434 \u041a\u0430\u0443\u0433\u0432\u0435\u0440, <strong>\u0412\u0441\u0435\u043a\u0438 \u0442\u044c\u0440\u0441\u0438 \u0441\u0432\u043e\u044f \u043e\u0441\u0442\u0440\u043e\u0432: \u041f\u0438\u0435\u0441\u0430 \u0432 \u0434\u0432\u0435 \u0434\u0435\u0439\u0441\u0442\u0432\u0438\u044f<\/strong>. \u2013 \u0422\u0435\u0430\u0442\u0440\u0430\u043b\u043d\u0430 \u0431\u0438\u0431\u043b\u0438\u043e\u0442\u0435\u043a\u0430, no 2, 1972, pp 57-101. [\u2018Oma saar\u2019.]<\/span><\/p>\n<p><span style=\"font-family: verdana, geneva\"><strong><em>Hungarian<\/em><\/strong><br><strong>A vonatok reggel indulnak<\/strong>. \u2013\u00a0Vacsora \u00f6t szem\u00e9lyre: mai \u00e9szt dr\u00e1m\u00e1k. Ford\u00edtotta Bereczki G\u00e1bor [et al], v\u00e1l. \u00e9s az ut\u00f3sz\u00f3t \u00edrta Feh\u00e9rv\u00e1ri Gy\u0151z\u0151. [Budapest]: Eur\u00f3pa, [1976], 404 pp. [<span>\u2018Rong v\u00e4ljub hommikul\u2019<\/span>. Anthology of contemporary Estonian plays. Contents: Juhan Smuul, Kihnui J\u00f6nn, a zugkapit\u00e1ny (\u2018Kihnu J\u00f5nn\u2019,\u00a0Bereczki G\u00e1bor ford\u00edt\u00e1sa); Villem Gross, Pici p\u00f6tty\u00f6s pillang\u00f3k (\u2018V\u00e4ikesed kirjud liblikad\u2019; F\u00f6lde\u00e1k Iv\u00e1n ford\u00edt\u00e1sa); Raimond Kaugver, A vonatok reggel indulnak (\u2018Rong v\u00e4ljub hommikul\u2019, Mar\u00e1z L\u00e1zl\u00f3 ford\u00edt\u00e1sa); Ardi Liives, Infarktus (\u2018Infarkt\u2019, Mar\u00e1z L\u00e1zl\u00f3 ford\u00edt\u00e1sa); Enn Vetemaa, Vacsora \u00f6t szem\u00e9lyre (\u2018\u00d5htus\u00f6\u00f6k viiele\u2019).]<\/span><\/p>\n","protected":false},"excerpt":{"rendered":"<p>Books Bulgarian\u0410\u0437\u0431\u0443\u0447\u043d\u0438\u0442\u0435 \u0438\u0441\u0442\u0438\u043d\u0438. Translated by Naiden Vlt\u0161ev. KIK, 1974, 48 pp.\u00a0[\u2018Suur \u00fckskord\u00fcks\u2019.]\u00a0 Russian\u0420\u0430\u0439\u043c\u043e\u043d\u0434 \u041a\u0430\u0443\u0433\u0432\u0435\u0440, \u041f\u043e\u0435\u0437\u0434\u0430 \u0443\u0445\u043e\u0434\u044f\u0442 \u0443\u0442\u0440\u043e\u043c: \u043f\u044c\u0435\u0441\u0430 \u0432 2-\u0445 \u0434. \u041f\u0435\u0440\u0435\u0432\u043e\u0434 \u0441 \u044d\u0441\u0442\u043e\u043d\u0441\u043a\u043e\u0433\u043e \u0413. \u041c\u0443\u0440\u0430\u0432\u0438\u043d\u0430. \u041c\u043e\u0441\u043a\u0432\u0430: [s.n.], 1979, 62 pp. [\u2018Rong v\u00e4ljub hommikul\u2019.] SlovakHladaj svoj ostrov. Translated by Magda &#8230;<\/p>\n","protected":false},"author":43,"featured_media":0,"parent":1665,"menu_order":0,"comment_status":"closed","ping_status":"closed","template":"","meta":{"_acf_changed":false,"inline_featured_image":false,"footnotes":""},"class_list":["post-2158","page","type-page","status-publish","hentry"],"acf":[],"_links":{"self":[{"href":"https:\/\/sisu.ut.ee\/ewod\/wp-json\/wp\/v2\/pages\/2158","targetHints":{"allow":["GET"]}}],"collection":[{"href":"https:\/\/sisu.ut.ee\/ewod\/wp-json\/wp\/v2\/pages"}],"about":[{"href":"https:\/\/sisu.ut.ee\/ewod\/wp-json\/wp\/v2\/types\/page"}],"author":[{"embeddable":true,"href":"https:\/\/sisu.ut.ee\/ewod\/wp-json\/wp\/v2\/users\/43"}],"replies":[{"embeddable":true,"href":"https:\/\/sisu.ut.ee\/ewod\/wp-json\/wp\/v2\/comments?post=2158"}],"version-history":[{"count":1,"href":"https:\/\/sisu.ut.ee\/ewod\/wp-json\/wp\/v2\/pages\/2158\/revisions"}],"predecessor-version":[{"id":2914,"href":"https:\/\/sisu.ut.ee\/ewod\/wp-json\/wp\/v2\/pages\/2158\/revisions\/2914"}],"up":[{"embeddable":true,"href":"https:\/\/sisu.ut.ee\/ewod\/wp-json\/wp\/v2\/pages\/1665"}],"wp:attachment":[{"href":"https:\/\/sisu.ut.ee\/ewod\/wp-json\/wp\/v2\/media?parent=2158"}],"curies":[{"name":"wp","href":"https:\/\/api.w.org\/{rel}","templated":true}]}}