{"id":2157,"date":"2024-04-03T23:42:36","date_gmt":"2024-04-03T20:42:36","guid":{"rendered":"https:\/\/sisu.ut.ee\/ewod\/poems-et-297\/"},"modified":"2024-04-04T00:05:11","modified_gmt":"2024-04-03T21:05:11","slug":"poems","status":"publish","type":"page","link":"https:\/\/sisu.ut.ee\/ewod\/m\/merca\/poems\/","title":{"rendered":"Merca &#8211; poems"},"content":{"rendered":"<p>\n\t<span style=\"font-size:16px\"><span style=\"font-family: verdana, geneva\"><strong>In anthologies and\u00a0magazines<\/strong><\/span><\/span>\n<\/p>\n<p>\n\t<span style=\"font-size:13px\"><span style=\"font-family: verdana, geneva\"><strong><em>English<\/em><\/strong><br><strong>My Way <em>(sic)<\/em>; Protest <em>(sic)<\/em><\/strong>. \u2013 An Introduction to Estonian Literature. Translated and edited by Hilary Bird. Bloomington, Ind.: Slavica, 2018, xv+486 pp. [See <\/span><span style=\"font-family:Verdana,Geneva,sans-serif\"><strong><a data-url=\"https:\/\/sisu.ut.ee\/ewod\/anthologies\/english\/bird\" href=\"https:\/\/sisu.ut.ee\/ewod\/anthologies\/english\/bird\" title=\"\">contents<\/a><\/strong><\/span><span style=\"font-family: verdana, geneva\"> of the anthology.]<\/span><br><span style=\"font-family:Verdana,Geneva,sans-serif\"><strong>Shifting borders. East European poetries of the eighties<\/strong>. Compiled and edited by Walter Cummins. Rutherford [etc.]: Fairleigh Dickinson University Press; London; Toronto: Associated University Presses, 1993, 481 pp. [Includes poems by Betti Alver, Merca, Kareva, Viivi Luik, Enne Mihkelson, Mari Vallisoo, Indrek Hirv, Peep Ilmet, Ivar Ivask, Jaan, Kaplinski, Hasso Krull, Ilmar Laaban, Kalju Lepik, Paul-Eerik Rummo, Hando Runnel, Juhan Viiding.]<\/span><\/span>\n<\/p>\n<p>\n\t<span style=\"font-size:13px\"><span style=\"font-family: verdana, geneva\"><strong><em>Finnish<\/em><br>Salatanssia tilantyhj\u00e4\u00e4: nuoren virolaisen runouden antologia<\/strong>. Toim E. Nordgren, suomentanut H. Forsblom et al, filologinen asiantuntija: Merja Knuuttila, p\u00e4\u00e4t\u00f6ssanat: R. Veidemann.\u00a0Oulu: Pohjoinen, 1990. 112 pp. [Poems by\u00a0Merle J\u00e4\u00e4ger,\u00a0Sven Kivisildnik,\u00a0Hasso Krull, Karl Martin Sinij\u00e4rv, T\u00f5nu Trubetsky, M\u00e4rt V\u00e4ljataga,\u00a0T\u00f5nu \u00d5nnepalu.]<\/span><\/span><\/p>\n","protected":false},"excerpt":{"rendered":"<p>In anthologies and\u00a0magazines EnglishMy Way (sic); Protest (sic). \u2013 An Introduction to Estonian Literature. Translated and edited by Hilary Bird. Bloomington, Ind.: Slavica, 2018, xv+486 pp. [See contents of the anthology.]Shifting borders. East European poetries of the eighties. Compiled and &#8230;<\/p>\n","protected":false},"author":43,"featured_media":0,"parent":2149,"menu_order":0,"comment_status":"closed","ping_status":"closed","template":"","meta":{"_acf_changed":false,"inline_featured_image":false,"footnotes":""},"class_list":["post-2157","page","type-page","status-publish","hentry"],"acf":[],"_links":{"self":[{"href":"https:\/\/sisu.ut.ee\/ewod\/wp-json\/wp\/v2\/pages\/2157","targetHints":{"allow":["GET"]}}],"collection":[{"href":"https:\/\/sisu.ut.ee\/ewod\/wp-json\/wp\/v2\/pages"}],"about":[{"href":"https:\/\/sisu.ut.ee\/ewod\/wp-json\/wp\/v2\/types\/page"}],"author":[{"embeddable":true,"href":"https:\/\/sisu.ut.ee\/ewod\/wp-json\/wp\/v2\/users\/43"}],"replies":[{"embeddable":true,"href":"https:\/\/sisu.ut.ee\/ewod\/wp-json\/wp\/v2\/comments?post=2157"}],"version-history":[{"count":1,"href":"https:\/\/sisu.ut.ee\/ewod\/wp-json\/wp\/v2\/pages\/2157\/revisions"}],"predecessor-version":[{"id":2913,"href":"https:\/\/sisu.ut.ee\/ewod\/wp-json\/wp\/v2\/pages\/2157\/revisions\/2913"}],"up":[{"embeddable":true,"href":"https:\/\/sisu.ut.ee\/ewod\/wp-json\/wp\/v2\/pages\/2149"}],"wp:attachment":[{"href":"https:\/\/sisu.ut.ee\/ewod\/wp-json\/wp\/v2\/media?parent=2157"}],"curies":[{"name":"wp","href":"https:\/\/api.w.org\/{rel}","templated":true}]}}