{"id":2155,"date":"2024-04-03T23:42:35","date_gmt":"2024-04-03T20:42:35","guid":{"rendered":"https:\/\/sisu.ut.ee\/ewod\/ilves\/"},"modified":"2024-04-04T00:05:14","modified_gmt":"2024-04-03T21:05:14","slug":"ilves","status":"publish","type":"page","link":"https:\/\/sisu.ut.ee\/ewod\/i\/ilves\/","title":{"rendered":"Aapo Ilves"},"content":{"rendered":"<p>\n\t<a href=\"https:\/\/sisu.ut.ee\/ewod\/i\/ilves\/poems\"><span style=\"font-size: medium;font-family: verdana, geneva\"><span style=\"font-family: verdana, geneva\"><strong>Poems<\/strong><\/span><\/span><\/a>\n<\/p>\n<p>\n\t<a href=\"https:\/\/sisu.ut.ee\/ewod\/i\/ilves\/stories\"><span style=\"font-size: medium;font-family: verdana, geneva\"><span style=\"font-family: verdana, geneva\"><strong>Short stories<\/strong><\/span><\/span><\/a>\n<\/p>\n<p>\u00a0\n<\/p>\n<p>\n\t<span style=\"color:#000000\"><span style=\"font-size:13px\"><span style=\"font-family:Verdana,Geneva,sans-serif\">Aapo Ilves (born 20 October 1970) is a poet, prose writer, playwright, musician and artist.<\/span><\/span><\/span>\n<\/p>\n<p>\n\t<span style=\"color:#000000\"><span style=\"font-size:13px\"><span style=\"font-family:Verdana,Geneva,sans-serif\">Ilves was born and attended school at R\u00e4pina. He furthered his art education studying from Boris Lukats and the Finnish graphic artist Esa Riippa. Ilves has worked in a variety of jobs, being an artist and designer, orchestra player, web administrator, photographer, etc. From 1997, he was a member of Tartu Young Authors\u2019 Association and is a member of the Estonian Writers\u2019 Union.<\/span><\/span><\/span>\n<\/p>\n<p>\n\t<span style=\"color:#000000\"><span style=\"font-size:13px\"><span style=\"font-family:Verdana,Geneva,sans-serif\">From his first works, the poetry collection <em>\u00dcks pedajas<\/em> (\u2018One Pine\u2019, 1998) and the prose collection <em>Ema on kajaka juures<\/em> (\u2018Mother Is Visiting a Seagull\u2019, 2001), he has stood out with a broad amplitude and a certain rakish attitude. His poetry is often based on doggerel effects; an essential place belongs to an ironical and sniggering look, parodical motifs, various allusions and quotations. Ilves\u2019 creation has been acknowledged for its witty and flexible use of the language. His works reflect the teasing mentality of the Young Authors\u2019 Association members and upside-down reflections of the trends and tendencies of the present-day society. Along with standard Estonian, Ilves has written in V\u00f5ro and Seto regional varieties of the language.<\/span><\/span><\/span>\n<\/p>\n<p>\n\t<span style=\"color:#000000\"><span style=\"font-size:13px\"><span style=\"font-family:Verdana,Geneva,sans-serif\">An essential place in Ilves\u2019 creation belongs to song lyrics. He has written them, for example, for the groups J\u00e4\u00e4\u00e4\u00e4r, L\u00f5k\u00f5riq, Neiok\u00f5s\u00f5 and the singers Tanel Padar and Ott Lepland. He has written the lyrics for two songs that represented Estonia at Eurovision: <em>Tii<\/em> (\u2018Road\u2019, 2004, performed by Neiok\u00f5s\u00f5) and <em>Kuula<\/em> (\u2018Listen\u2019, 2012, performed by Ott Lepland).<\/span><\/span><\/span>\n<\/p>\n<p>\n\t<span style=\"color:#000000\"><span style=\"font-size:13px\"><span style=\"font-family:Verdana,Geneva,sans-serif\">Ilves has written various texts for the theatre, translated, created music, issued CDs, edited collections, illustrated books and played in films.<\/span><\/span><\/span>\n<\/p>\n<p>\n\t<span style=\"color:#000000\"><span style=\"font-size:13px\"><span style=\"font-family:Verdana,Geneva,sans-serif\">Ilves has received various acknowledgements, for example, he was awarded the title of Tartu Bearer of Culture (2005), the badge of merit of R\u00e4pina municipality (2006, 2013), the cultural award of P\u00f5lva County (2009), the badge of merit of P\u00f5lva County\u00a0 (2011), the Cultural Pearl Award of P\u00f5lva County (2014); special prize for the best children\u2019s story at the Estonian Writers\u2019 Union\u2019s competition children\u2019s stories in South-Estonian regional languages (2008, for the story <em>Rilli and koll<\/em> \u2013 \u2018Rilli and Spook\u2019 \u2013 which he wrote together with his mother Tiina Ilves) and awards at <em>Uma laul<\/em> (\u2018Our Own Song\u2019) competitions of songs in the V\u00f5ro language (2008, 2010, 2013).<\/span><\/span><\/span>\n<\/p>\n<p>\n\t<em><span style=\"color:#000000\"><span style=\"font-size:13px\"><span style=\"font-family:Verdana,Geneva,sans-serif\">A. K. (Translated by I. A.)<\/span><\/span><\/span><\/em>\n<\/p>\n<p><strong><span style=\"font-size:16px\"><span style=\"color:#000000\"><span style=\"font-family:Verdana,Geneva,sans-serif\">Books in Estonian<\/span><\/span><\/span><\/strong>\n<\/p>\n<p>\n\t<span style=\"color:#000000\"><span style=\"font-size:13px\"><span style=\"font-family:Verdana,Geneva,sans-serif\"><strong><em>Poetry collections<\/em><\/strong><br><strong>\u00dcks pedajas<\/strong>. Tartu: Eesti Kostabi Selts, 1998, 29 lk<br>Aapo Ilves, Jan Rahman, Olavi Ruitlane, Contra, Pulga Jaan, <strong>Viie p\u00e4\u00e4le<\/strong>. R\u00e4pina: V\u00e4iku V\u00e4ll\u00e4andja, 2005, 187 lk + CD.<br><strong>Tulen \u00f6\u00f6sel sulle koju<\/strong>: valik tekste 1996-2009. R\u00e4pina: V\u00e4ike Kirjastaja, 2009, 112 lk<\/span><\/span><\/span>\n<\/p>\n<p>\n\t<span style=\"color:#000000\"><span style=\"font-size:13px\"><span style=\"font-family:Verdana,Geneva,sans-serif\"><strong><em>Prose<\/em><\/strong><br><strong>Ema on kajaka juures<\/strong>: l\u00fchiproosat 1999-2001. R\u00e4pina: V\u00e4ike Kirjastaja, 2001, 86 lk<br><strong>Tapu asemel s\u00f5ime<\/strong>: meenetusi. R\u00e4pina: V\u00e4ike Kirjastaja, 2003, 47 lk<\/span><\/span><\/span>\n<\/p>\n<p>\n\t<span style=\"color:#000000\"><span style=\"font-size:13px\"><span style=\"font-family:Verdana,Geneva,sans-serif\"><strong><em>Children\u2019s books<\/em><\/strong><br><strong>Muinasjutud lastele ja suurtele<\/strong>. Tallinn: Futu Print, 2012, 45 lk<br>Aapo Ilves, Jaan Pehk, Contra, Alar Pikkorainen, <strong>Isa sokk on matkasell<\/strong>: luuletused. Tallinn: IlmaPress, 2012, 87 lk<br>Aapo Ilves, Jaan Pehk, Contra, Alar Pikkorainen, <strong>Isa sokk on ufonaut<\/strong>: luuletused. Tallinn: IlmaPress, 2013, 87 lk<br>Aapo Ilves, Paul-Eerik Rummo, Contra, Alar Pikkorainen, <strong>Isa sokk on merekaru<\/strong>: luuletused. Tallinn: Pead, 2015, 87 lk<\/span><\/span><\/span>\n<\/p>\n<p>\n\t<span style=\"color:#000000\"><span style=\"font-size:13px\"><span style=\"font-family:Verdana,Geneva,sans-serif\"><strong><em>Plays<\/em><\/strong><br><strong>\u00d6\u00f6pik V\u00f5handu kaldalt<\/strong>: lustakas ja filosoofiline n\u00e4item\u00e4ng suvisel ajal ja vabas \u00f5hus rahvan\u00e4itlejate trupiga maha m\u00e4ngimiseks: Herman Juulius Schmalzi (1870-1945) elust. R\u00e4pina: V\u00e4ike Kirjastaja, 2002, 60 lk<br><strong>W\u00f5\u00f5bsu palas!<\/strong>: p\u00e4\u00e4aigu aoluuline n\u00e4\u00fct\u00f5m\u00e4ng kateh jaoh. Suvitsel aol W\u00f5\u00f5bsu liinah pritsikuuri iih m\u00e4ngimises. R\u00e4pina: V\u00e4ike Kirjastaja, 2003, 48 lk<br><strong>Sillap\u00e4\u00e4 Ossi kronika<\/strong>: peaaegu ajalooline n\u00e4item\u00e4ng, ehk, Jandul kahes osas. Ilvese Aapo nn. \u201eR\u00e4pina triloogia\u201c l\u00f5pp ja algus. Suvisel ajal rahvan\u00e4itlejate kambaga Sillap\u00e4\u00e4 lossi ees m\u00e4ngimiseks. R\u00e4pina: V\u00e4ike Kirjastaja, 2004, 55 lk<\/span><\/span><\/span><\/p>\n","protected":false},"excerpt":{"rendered":"<p>Poems Short stories \u00a0 Aapo Ilves (born 20 October 1970) is a poet, prose writer, playwright, musician and artist. Ilves was born and attended school at R\u00e4pina. He furthered his art education studying from Boris Lukats and the Finnish graphic &#8230;<\/p>\n","protected":false},"author":43,"featured_media":0,"parent":609,"menu_order":0,"comment_status":"closed","ping_status":"closed","template":"","meta":{"_acf_changed":false,"inline_featured_image":false,"footnotes":""},"class_list":["post-2155","page","type-page","status-publish","hentry"],"acf":[],"_links":{"self":[{"href":"https:\/\/sisu.ut.ee\/ewod\/wp-json\/wp\/v2\/pages\/2155","targetHints":{"allow":["GET"]}}],"collection":[{"href":"https:\/\/sisu.ut.ee\/ewod\/wp-json\/wp\/v2\/pages"}],"about":[{"href":"https:\/\/sisu.ut.ee\/ewod\/wp-json\/wp\/v2\/types\/page"}],"author":[{"embeddable":true,"href":"https:\/\/sisu.ut.ee\/ewod\/wp-json\/wp\/v2\/users\/43"}],"replies":[{"embeddable":true,"href":"https:\/\/sisu.ut.ee\/ewod\/wp-json\/wp\/v2\/comments?post=2155"}],"version-history":[{"count":1,"href":"https:\/\/sisu.ut.ee\/ewod\/wp-json\/wp\/v2\/pages\/2155\/revisions"}],"predecessor-version":[{"id":2929,"href":"https:\/\/sisu.ut.ee\/ewod\/wp-json\/wp\/v2\/pages\/2155\/revisions\/2929"}],"up":[{"embeddable":true,"href":"https:\/\/sisu.ut.ee\/ewod\/wp-json\/wp\/v2\/pages\/609"}],"wp:attachment":[{"href":"https:\/\/sisu.ut.ee\/ewod\/wp-json\/wp\/v2\/media?parent=2155"}],"curies":[{"name":"wp","href":"https:\/\/api.w.org\/{rel}","templated":true}]}}