{"id":2150,"date":"2024-04-03T23:42:35","date_gmt":"2024-04-03T20:42:35","guid":{"rendered":"https:\/\/sisu.ut.ee\/ewod\/plays-et-62\/"},"modified":"2024-04-04T00:05:13","modified_gmt":"2024-04-03T21:05:13","slug":"plays","status":"publish","type":"page","link":"https:\/\/sisu.ut.ee\/ewod\/g\/gross\/plays\/","title":{"rendered":"Villem Gross &#8211; plays"},"content":{"rendered":"<p><strong><span style=\"font-family: verdana, geneva;font-size: medium\" data-mce-mark=\"1\">In anthologies and magazines<\/span><\/strong><\/p>\n<p><span style=\"font-family: verdana, geneva\"><\/span><span style=\"font-family: verdana, geneva\"><strong><em>Hungarian<\/em><\/strong><\/span><br><span style=\"font-family: verdana, geneva\"><strong>Pici p\u00f6tty\u00f6s pillang\u00f3k<\/strong>. \u2013\u00a0Vacsora \u00f6t szem\u00e9lyre: mai \u00e9szt dr\u00e1m\u00e1k. Ford\u00edtotta Bereczki G\u00e1bor [et al], v\u00e1l. \u00e9s az ut\u00f3sz\u00f3t \u00edrta Feh\u00e9rv\u00e1ri Gy\u0151z\u0151. [Budapest]: Eur\u00f3pa, [1976], 404 pp. [<span>\u2018V\u00e4ikesed kirjud liblikad\u2019.\u00a0<\/span>Anthology of contemporary Estonian plays. Contents: Juhan Smuul, Kihnui J\u00f6nn, a zugkapit\u00e1ny (\u2018Kihnu J\u00f5nn\u2019,\u00a0Bereczki G\u00e1bor ford\u00edt\u00e1sa); Villem Gross, Pici p\u00f6tty\u00f6s pillang\u00f3k (\u2018V\u00e4ikesed kirjud liblikad\u2019; F\u00f6lde\u00e1k Iv\u00e1n ford\u00edt\u00e1sa); Raimond Kaugver, A vonatok reggel indulnak (\u2018Rong v\u00e4ljub hommikul\u2019, Mar\u00e1z L\u00e1zl\u00f3 ford\u00edt\u00e1sa); Ardi Liives, Infarktus (\u2018Infarkt\u2019, Mar\u00e1z L\u00e1zl\u00f3 ford\u00edt\u00e1sa); Enn Vetemaa, Vacsora \u00f6t szem\u00e9lyre (\u2018\u00d5htus\u00f6\u00f6k viiele\u2019).]<\/span><\/p>\n<p><span style=\"font-family: verdana, geneva\"><em><strong>Russian<\/strong><\/em><br>\u0412\u0438\u043b\u043b\u0435\u043c \u0413\u0440\u043e\u0441\u0441, <strong>\u041c\u043b\u0430\u0434\u0448\u0438\u0439 \u0431\u0440\u0430\u0442<\/strong>. \u2013 \u0422\u0438\u0445\u043e! \u0418\u0434\u0435\u0442 \u0440\u0435\u043f\u0435\u0442\u0438\u0446\u0438\u044f: \u043f\u044c\u0435\u0441\u044b \u044d\u0441\u0442\u043e\u043d\u0441\u043a\u0438\u0445 \u0434\u0435\u0442\u0441\u043a\u0438\u0445 \u043f\u0438\u0441\u0430\u0442\u0435\u043b\u0435\u0439. C\u043e\u0441\u0442\u0430\u0432\u0438\u0442\u0435\u043b\u044c \u0410\u043d\u0434\u0440\u0435\u0441 \u042f\u0430\u043a\u0441\u043e\u043e; \u043f\u0435\u0440\u0435\u0432\u043e\u0434 \u0441 \u044d\u0441\u0442\u043e\u043d\u0441\u043a\u043e\u0433\u043e: \u041d. \u041c\u0438\u0445\u0430\u0439\u043b\u043e\u0432\u0430 [ \u0438 \u0434\u0440.]. \u0422\u0430\u043b\u043b\u0438\u043d\u043d: \u042d\u044d\u0441\u0442\u0438 \u0440\u0430\u0430\u043c\u0430\u0442, 1979, 691 pp. [\u2019Noorem vend\u2019. See <strong><a href=\"https:\/\/sisu.ut.ee\/ewod\/anthologies\/tiho\">contents<\/a><\/strong> of the anthology.]<br><\/span><\/p>\n","protected":false},"excerpt":{"rendered":"<p>In anthologies and magazines HungarianPici p\u00f6tty\u00f6s pillang\u00f3k. \u2013\u00a0Vacsora \u00f6t szem\u00e9lyre: mai \u00e9szt dr\u00e1m\u00e1k. Ford\u00edtotta Bereczki G\u00e1bor [et al], v\u00e1l. \u00e9s az ut\u00f3sz\u00f3t \u00edrta Feh\u00e9rv\u00e1ri Gy\u0151z\u0151. [Budapest]: Eur\u00f3pa, [1976], 404 pp. [\u2018V\u00e4ikesed kirjud liblikad\u2019.\u00a0Anthology of contemporary Estonian plays. Contents: Juhan Smuul, &#8230;<\/p>\n","protected":false},"author":43,"featured_media":0,"parent":2144,"menu_order":0,"comment_status":"closed","ping_status":"closed","template":"","meta":{"_acf_changed":false,"inline_featured_image":false,"footnotes":""},"class_list":["post-2150","page","type-page","status-publish","hentry"],"acf":[],"_links":{"self":[{"href":"https:\/\/sisu.ut.ee\/ewod\/wp-json\/wp\/v2\/pages\/2150","targetHints":{"allow":["GET"]}}],"collection":[{"href":"https:\/\/sisu.ut.ee\/ewod\/wp-json\/wp\/v2\/pages"}],"about":[{"href":"https:\/\/sisu.ut.ee\/ewod\/wp-json\/wp\/v2\/types\/page"}],"author":[{"embeddable":true,"href":"https:\/\/sisu.ut.ee\/ewod\/wp-json\/wp\/v2\/users\/43"}],"replies":[{"embeddable":true,"href":"https:\/\/sisu.ut.ee\/ewod\/wp-json\/wp\/v2\/comments?post=2150"}],"version-history":[{"count":1,"href":"https:\/\/sisu.ut.ee\/ewod\/wp-json\/wp\/v2\/pages\/2150\/revisions"}],"predecessor-version":[{"id":2924,"href":"https:\/\/sisu.ut.ee\/ewod\/wp-json\/wp\/v2\/pages\/2150\/revisions\/2924"}],"up":[{"embeddable":true,"href":"https:\/\/sisu.ut.ee\/ewod\/wp-json\/wp\/v2\/pages\/2144"}],"wp:attachment":[{"href":"https:\/\/sisu.ut.ee\/ewod\/wp-json\/wp\/v2\/media?parent=2150"}],"curies":[{"name":"wp","href":"https:\/\/api.w.org\/{rel}","templated":true}]}}