{"id":2147,"date":"2024-04-03T23:42:34","date_gmt":"2024-04-03T20:42:34","guid":{"rendered":"https:\/\/sisu.ut.ee\/ewod\/stories-et-260\/"},"modified":"2024-04-04T00:05:16","modified_gmt":"2024-04-03T21:05:16","slug":"stories","status":"publish","type":"page","link":"https:\/\/sisu.ut.ee\/ewod\/e\/ehlvest\/stories\/","title":{"rendered":"J\u00fcri Ehlvest &#8211; short stories"},"content":{"rendered":"<p><span style=\"font-family: verdana, geneva;font-size: medium\"><strong>In anthologies and magazines<\/strong><\/span><\/p>\n<p><span style=\"font-family: verdana, geneva\"><strong><em>English<br><\/em><\/strong><strong>Anamnesis [excerpt]<\/strong>.\u00a0\u2013\u00a0<a href=\"http:\/\/www.estlit.ee\/centre\/uploads\/catalogues\/A_Sharp_Cut.pdf\" target=\"_blank\" rel=\"noopener\">A Sharp Cut: contemporary Estonian literature<\/a>. [Introduction: Hasso Krull]. Tallinn: Estonian Literature Information Centre, 2005, 91 pp. [\u2018Anamnees\u2019. Contents of the booklet:\u00a0Poems by Andres Ehin, Indrek Hirv, Jaan Kaplinski, Doris Kareva, Kauksi \u00dclle, Kalev Kesk\u00fcla, Kivisildnik, Hasso Krull, Asko K\u00fcnnap, Viivi Luik, Ene Mihkelson, Paul-Eerik Rummo, Hando Runnel, Karl Martin Sinij\u00e4rv, Triin Soomets, Mats Traat, Mari Vallisoo, Elo Viiding, Juhan Viiding. Short prose excerpts by Nikolai Baturin, Maimu Berg, J\u00fcri Ehlvest, Mehis Heinsaar, Ilmar Jaks, Jaan Kaplinski, Jan Kaus, Andrus Kivir\u00e4hk, Jaan Kross, Viivi Luik, Mihkel Mutt, Eeva Park, Peeter Sauter, Tarmo Teder, Jaan Undusk, Arvo Valton, Toomas Vint, T\u00f5nu \u00d5nnepalu, Ervin \u00d5unapuu.]<br><strong><a href=\"http:\/\/elm.estinst.ee\/issue\/12\/anamnesis\/\" target=\"_blank\" rel=\"noopener\">Anamnesis<\/a>. <\/strong>\u2013 Estonian Literary Magazine, no 12, 2001.<strong><br>Disintegration of the Spiral<\/strong>. \u2013\u00a0Estonian Short Stories. Edited by Kajar Pruul, translated by Darlene Reddaway and Ritva Poom. Evanston [Ill]: Northwestern University Press, 1996, 277 pp. [Spiraali lagunemine\u2019. See\u00a0<strong><a href=\"https:\/\/sisu.ut.ee\/ewod\/anthologies\/storieskajar\">contents<\/a><\/strong>\u00a0of the anthology.]<strong><em><br><\/em><\/strong><\/span><\/p>\n<p><span style=\"font-family: verdana, geneva\"><strong><em>Finnish<\/em><\/strong><\/span><br><span style=\"font-family: verdana, geneva\"><strong>Se soi; Hevonen ei-mist\u00e4\u00e4n<\/strong>. \u2013\u00a0Raija H\u00e4m\u00e4l\u00e4inen ja Hannu Oittinen (eds),\u00a0Tallinnasta pois: groteskia virolaista proosaa.<strong>\u00a0<\/strong>Translated by\u00a0Petteri Aarnos,\u00a0Iiris Heino,\u00a0Raija H\u00e4m\u00e4l\u00e4inen,\u00a0Seija Kerttula,\u00a0Mika Ker\u00e4nen,\u00a0Heli Laaksonen,\u00a0Hannu Oittinen,\u00a0Joanna Ruokonen. Helsinki, Absurdia, 2003, 240 pp. [Translations of \u2018Kutsub\u2019 and \u2018Hobune eikusagilt\u2019. Contents of the anthology:\u00a0Presidentti \/ Olavi Ruitlane. Se soi. Hevonen ei-mist\u00e4\u00e4n \/ J\u00fcri Ehlvest. Tallinnasta pois\/Tallinnast poikkee. Tarinoita P\u00f5lvamaan suurmiehist\u00e4 \/ Aapo Ilves. Miesten kongressi. Vahva nainen. Ugri \/ Andrus Kivir\u00e4hk. Kuten kuka tahansa \/ Kerttu Rakke. Vittuuks m\u00e4 t\u00e4\u00e4ll\u00e4 \/ Peeter Sauter. Soiva postikortti \/ Kauksi \u00dclle. Tapaaminen Taageperassa \/ Mehis Heinsaar. Tohtori \/ Matt Barker. Eilen, t\u00e4n\u00e4\u00e4n, ikuisesti Rooma \/ Eeva Park. Kaunotar ja hirvi\u00f6 \/ Kaur Kender. Jumala, Lenin ja Emajoki \/ Veiko M\u00e4rka. Unissak\u00e4velij\u00e4. Kirje Elvis Preslille \/ Urmas Vadi. Mykk\u00e4 nukke. Pastoraali. Kuolemaan menev\u00e4t tervehtiv\u00e4t \/ Ervin \u00d5unapuu. Ovien takansa \/ Jan Kaus. Uskotteko kummitusjuttuihin? El\u00e4intent\u00e4ytt\u00e4j\u00e4 \/ Veiko Belials. Oraakkelin kuolema \/ Karen Orlau. Veli Rus \/ Indrek Hargla.]<\/span><\/p>\n<p><span style=\"font-family: verdana, geneva\"><span><strong><em><span><strong>French<\/strong><br><\/span><\/em>Signal d\u2019alarme<\/strong><em>. \u2013<\/em>\u00a0Les hirondelles: anthologie de nouvelles estoniennes contemporaines. Textes choisis et pr\u00e9sent\u00e9s par Antoine Chalvin; traduits de l\u2019estonien par Yves Avril, H\u00e9l\u00e8ne Challulau, Antoine Chalvin, Fanny Marchal, Jean-Pierre Minaudier, Jean-Luc Moreau et Jean Pascal Ollivry.\u00a0Caen: Presses Universitaires de Caen, 2002. 251 pp. [Translation of \u2018H\u00e4dapidur\u2019. Contents of the anthology:\u00a0Motacilla \/ Jaan Kross. L\u2019 homme au sac \u00e0 dos vert \/ Arvo Valton. Des roses pour du caf\u00e9 \/ Mats Traat. Le tremble \/ J\u00fcri Tuulik. Les hirondelles \/ Vaino Vahing. Le timbre et le baiser \/ Jaan Kaplinski. Retour aupr\u00e8s des grands rochers \/ Teet Kallas. Anniversaire \/ Mati Unt. L\u2019 Agence de r\u00e9gulation des mariages \/ Toomas Vint. La dame rococo \/ Maimu Berg. La grotte \/ Mari Saat. L\u2019 impr\u00e9vue \/ Eeva Park. La saga des Joppenbuch \/ Mihkel Mutt. Les gants \/ Ervin \u00d5unapuu. Signal d\u2019alarme \/ J\u00fcri Ehlvest. Un artiste \/ Andrus Kivir\u00e4hk. Ils vont vernir cette nuit! \/ Indrek Hargla. Comme n\u2019importe qui d\u2019autre \/ Kerttu Rakke. L\u2019 homme-papillon \/ Mehis Heinsaar.]<strong><br>Anamn\u00e8se<\/strong>. \u2013\u00a0Labyrinthes du r\u00e9el: \u00e9crivains estoniens contemporains. Textes r\u00e9unis et pr\u00e9sent\u00e9s par Antoine Chalvin. Traduit de l\u2019estonien par Martin Carayol, Jean Pascal Ollivry, Antoine Chalvin\u2026 et al.\u00a0Paris: Maison des cultures du monde; Arles: Actes Sud; Qu\u00e9bec: Lem\u00e9ac, 2011, 219 pp. [Translation of \u2018Anamnees\u2019. Contents of the anthology:\u00a0Les gars de chez Wikman \/ Jaan Kross. La disparition de K\u00f5tu \/ Madis K\u00f5iv. Le m\u00eame fleuve \/ Jaan Kaplinski. Le paradis \/ T\u00f5nu \u00d5nnepalu. Coeur d\u2019ours \/ Nikolai Baturin. Le lion sous les jasmins \/ Mati Unt. L\u2019int\u00e9r\u00eat humain pour le bonheur \/ Mati Unt. Un incident au th\u00e9\u00e2tre \/ Mati Unt. Anamn\u00e8se \/ J\u00fcri Ehlvest. Lettre de province \/ Jaan Undusk. Fatigue printani\u00e8re \/ Kerttu Rakke. Mon ami B. \/ Rein Raud. Le mariage de Mlle U. \/ Rein Raud. L\u2019artiste W. \/ Rein Raud. Le professeur P. \/ Rein Raud. L\u2019histoire d\u2019Oliver Helves \/ Mehis Heinsaar. Le spectre des bl\u00e9s \/ Indrek Hargla. Mon histoire d\u2019amour \/ Andrus Kivir\u00e4hk.]<\/span><\/span><\/p>\n<p><span style=\"font-family: verdana, geneva\"><span style=\"font-family: verdana, geneva\"><span style=\"font-family: verdana, geneva\"><strong><em>German<\/em><\/strong><\/span><br><strong>Reeperbahn<\/strong>. \u2013 Im Spiegel des Anderen. Teise peeglis. Herausgegeben von Janika Kronberg, Liina Lukas, Odila Triebel; \u00fcbersetzt von Karsten Br\u00fcggemann et al. Tartu: Tartu \u00dclikooli Kirjastus, 2006, 352 pp. <span style=\"font-family: verdana, geneva\">[\u2018Reeperbahn\u2019<\/span>. See\u00a0<strong><a href=\"https:\/\/sisu.ut.ee\/ewod\/anthologies\/spiegel\">contents<\/a><\/strong>\u00a0of the essay collection.]<strong><br>Kruziania<\/strong>. \u00dcbersetzung: Irja Gr\u00f6nholm. \u2013 Lichtungen, vol 24, no 95, 2003. Schwerpunkt: Literatur aus Tallinn. [\u2018Krutsiaania\u2019. See <strong><a href=\"https:\/\/sisu.ut.ee\/ewod\/anthologies\/lichtungen\">contents<\/a><\/strong> of the special edition on Estonian literature.]<br><strong>Die Form der Liebe oder: Das Schicksal der Jungfrau<\/strong>. \u00dcbersetzung: Irja Gr\u00f6nholm. \u2013 Europaexpress. Ein literarisches Handbuch. Herausgegeben von Thomas Wohlfahrt und Christiane Lange. Frankfurt\/M.: Eichborn, 2001, pp 541-549. [\u2018Armastuse vorm ehk Neitsi saatus\u2019.]<br><strong>Kruziania<\/strong>. \u00dcbersetzung: Irja Gr\u00f6nholm. \u2013 Estonia, no 1, 1999, pp 42-50. [\u2018Krutsiaania\u2019.]<br><\/span><\/span><\/p>\n<p><span style=\"font-family: verdana, geneva\"><span style=\"font-family: verdana, geneva\"><em><strong>Hungarian<\/strong><\/em><br><span style=\"font-family: verdana, geneva\"><strong>L\u00f3 a semmib\u0151l<\/strong>. <span style=\"font-family: verdana, geneva\">\u2013 Pluralica, no 1-2, 2009.\u00a0<\/span>[\u2018Hobune eikusagilt\u2019.\u00a0<span>See\u00a0<\/span><a href=\"https:\/\/sisu.ut.ee\/ewod\/anthologies\/pluralica\"><strong>contents<\/strong><\/a><span>\u00a0of the special issue of contemporary Estonian literature.]<\/span><\/span><br><\/span><\/span><\/p>\n<p><span style=\"font-family: verdana, geneva\"><span style=\"font-family: verdana, geneva\"><span style=\"font-family: verdana, geneva\"><span><strong><em>Russian<\/em><\/strong><br>\u042e\u0440\u0438 \u0415\u043b\u044c\u0432\u0435\u0441\u0442, <strong>\u0418\u0437\u044c\u044f\u0432\u043b\u0435\u043d\u0438\u0435 \u043b\u044e\u0431\u0432\u0438<\/strong>. \u2013 \u041d\u043e\u0432\u0430\u044f \u044d\u0441\u0442\u043e\u043d\u0441\u043a\u0430\u044f \u043d\u043e\u0432\u0435\u043b\u043b\u0430: 1990-\u0435 \u0433\u043e\u0434\u044b. C\u043e\u0441\u0442\u0430\u0432\u043b\u0435\u043d\u0438\u0435: \u041f\u0438\u0440\u0435\u0442 \u0412\u0438\u0439\u0440\u0435\u0441; \u043f\u043e\u0441\u043b\u0435\u0441\u043b\u043e\u0432\u0438\u0435: \u041a\u0430\u044f\u0440 \u041f\u0440\u0443\u0443\u043b\u044c. \u0411\u0438\u0431\u043b\u0438\u043e\u0442\u0435\u043a\u0430 \u0436\u0443\u0440\u043d\u0430\u043b\u0430 \u201c\u0422\u0430\u043b\u043b\u0438\u043d\u043d\u201d, no 7. \u0422\u0430\u043b\u043b\u0438\u043d\u043d: Aleksandra, 1999, 302 pp. [\u2018Armuavaldus\u2019. See <strong><a href=\"https:\/\/sisu.ut.ee\/ewod\/anthologies\/novayaestonskaya\">contents<\/a><\/strong> of the anthology of short stories.]<br><\/span><\/span><\/span><\/span><\/p>\n<p><span style=\"font-family: verdana, geneva\"><span><strong><em>Swedish<\/em><\/strong><br><span><strong>Al-Qaida<\/strong>. \u2013\u00a0Estland ber\u00e4ttar: Hur man d\u00f6dar minnet: fjorton noveller. Redakt\u00f6r: Kalli Klemnts [i.e. Klement]; urval: Maarja Talgre och Anu Salu\u00e4\u00e4r; \u00f6vers\u00e4ttning: Jaak Akker \u2026 [et al.].\u00a0Stockholm: Tranan, 2007, 321 pp. [<span style=\"font-family: verdana, geneva;font-size: small\">See <a href=\"https:\/\/sisu.ut.ee\/ewod\/anthologies\/swedish\/estlandberattar2007\"><strong>contents<\/strong><\/a> of the anthology of short stories.<\/span>]<\/span><\/span><\/span><\/p>\n","protected":false},"excerpt":{"rendered":"<p>In anthologies and magazines EnglishAnamnesis [excerpt].\u00a0\u2013\u00a0A Sharp Cut: contemporary Estonian literature. [Introduction: Hasso Krull]. Tallinn: Estonian Literature Information Centre, 2005, 91 pp. [\u2018Anamnees\u2019. Contents of the booklet:\u00a0Poems by Andres Ehin, Indrek Hirv, Jaan Kaplinski, Doris Kareva, Kauksi \u00dclle, Kalev Kesk\u00fcla, &#8230;<\/p>\n","protected":false},"author":43,"featured_media":0,"parent":2141,"menu_order":0,"comment_status":"closed","ping_status":"closed","template":"","meta":{"_acf_changed":false,"inline_featured_image":false,"footnotes":""},"class_list":["post-2147","page","type-page","status-publish","hentry"],"acf":[],"_links":{"self":[{"href":"https:\/\/sisu.ut.ee\/ewod\/wp-json\/wp\/v2\/pages\/2147","targetHints":{"allow":["GET"]}}],"collection":[{"href":"https:\/\/sisu.ut.ee\/ewod\/wp-json\/wp\/v2\/pages"}],"about":[{"href":"https:\/\/sisu.ut.ee\/ewod\/wp-json\/wp\/v2\/types\/page"}],"author":[{"embeddable":true,"href":"https:\/\/sisu.ut.ee\/ewod\/wp-json\/wp\/v2\/users\/43"}],"replies":[{"embeddable":true,"href":"https:\/\/sisu.ut.ee\/ewod\/wp-json\/wp\/v2\/comments?post=2147"}],"version-history":[{"count":1,"href":"https:\/\/sisu.ut.ee\/ewod\/wp-json\/wp\/v2\/pages\/2147\/revisions"}],"predecessor-version":[{"id":2940,"href":"https:\/\/sisu.ut.ee\/ewod\/wp-json\/wp\/v2\/pages\/2147\/revisions\/2940"}],"up":[{"embeddable":true,"href":"https:\/\/sisu.ut.ee\/ewod\/wp-json\/wp\/v2\/pages\/2141"}],"wp:attachment":[{"href":"https:\/\/sisu.ut.ee\/ewod\/wp-json\/wp\/v2\/media?parent=2147"}],"curies":[{"name":"wp","href":"https:\/\/api.w.org\/{rel}","templated":true}]}}