{"id":2143,"date":"2024-04-03T23:42:34","date_gmt":"2024-04-03T20:42:34","guid":{"rendered":"https:\/\/sisu.ut.ee\/ewod\/poems-et-295\/"},"modified":"2024-04-04T00:05:15","modified_gmt":"2024-04-03T21:05:15","slug":"poems","status":"publish","type":"page","link":"https:\/\/sisu.ut.ee\/ewod\/k\/kauksi\/poems\/","title":{"rendered":"Kauksi \u00dclle &#8211; poems"},"content":{"rendered":"<p><span style=\"font-family: verdana, geneva;font-size: medium\"><strong>Books<\/strong><\/span><\/p>\n<p><span style=\"font-family: verdana, geneva;font-size: small\"><strong><em>Finnish<\/em><br>Maaemon lapset<\/strong>.\u00a0<span style=\"font-family: verdana, geneva;font-size: small\">Suomennos<\/span> by Hannu Oittinen. Palladium Kirjat, 2017, 84 pp.<strong><br>Kuldnaan\u00f5 = Kultanainen<\/strong>. Suomennos [ja j\u00e4lkisanat:] Hannu Oittinen; [j\u00e4lkisanat: Tapio M\u00e4kel\u00e4inen]; grafiikka: Eve Eesmaa. [Helsingi]: Taifuuni, [1996], 143 pp.<strong><\/strong><\/span><\/p>\n<p><\/p>\n<p><span style=\"font-family: verdana, geneva;font-size: medium\"><strong>In compilations, anthologies, magazines<\/strong><\/span><\/p>\n<p><span style=\"font-family: verdana, geneva\"><strong><em>English<\/em><\/strong><\/span><br><span style=\"font-family: verdana, geneva\"><strong>Six Estonian Poets<\/strong>. Edited by Doris Kareva, translated by Adam Cullen, Ilmar Lehtpere, Brandon Lussier, Miriam Anne McIlfatrick-Ksenofontov et al. Todmorden: Arc Publications, 2015, 166 pp. [Poems by Hasso Krull, J\u00fcrgen Rooste, Triin Soomets, Elo Viiding, Juhan Viiding, Kauksi \u00dclle.]<strong><br>Contemporary Estonian poetry: a Baltic anthology. Book three<\/strong>. Ed by Inara Cedrins.\u00a0Introduction \u2018(Post)modern Estonian poetry\u2019 by J\u00fcri Talvet. Translated by\u00a0Eva Liina Asu-Garcia, Eric Dickens,\u00a0Sam Hamill,\u00a0Harvey Lee Hix,\u00a0Kalju Kruusa,\u00a0Brandon Lussier,\u00a0Miriam Anne McIlfatrick-Ksenofontov,\u00a0Elin S\u00fctiste,\u00a0J\u00fcri Talvet,\u00a0Riina Tamm,\u00a0Jayde Will.\u00a0[New Orleans]: UNO Press, c2013. 270 pp. [Poems by Andres Ehin,\u00a0fs,\u00a0Indrek Hirv,\u00a0Jaan Kaplinski,\u00a0Doris Kareva,\u00a0Kalev Kesk\u00fcla,\u00a0Hasso Krull,\u00a0Kalju Kruusa,\u00a0Asko K\u00fcnnap,\u00a0Viivi Luik,\u00a0Ene Mihkelson,\u00a0Eeva Park,\u00a0\u00dclar Ploom,\u00a0Maarja P\u00e4rtna,\u00a0Paul-Eerik Rummo,\u00a0Hando Runnel,\u00a0Triin Soomets,\u00a0J\u00fcri Talvet,\u00a0Andra Teede,\u00a0Mats Traat,\u00a0Mari Vallisoo,\u00a0Tuuli Velling,\u00a0Elo Viiding,\u00a0Kaarel B. V\u00e4ljam\u00e4e,\u00a0T\u00f5nu \u00d5nnepalu,\u00a0Kauksi \u00dclle.]<br><a href=\"http:\/\/www.estlit.ee\/centre\/uploads\/catalogues\/A_Sharp_Cut.pdf\" target=\"_blank\" rel=\"noopener\"><strong>A Sharp Cut: contemporary Estonian literature<\/strong><\/a><span style=\"font-family: verdana, geneva\">. [Introduction: Hasso Krull]. Tallinn: Estonian Literature Information Centre, 2005, 91 pp. [Poems by Andres Ehin, Indrek Hirv, Jaan Kaplinski, Doris Kareva, Kauksi \u00dclle, Kalev Kesk\u00fcla, Kivisildnik, Hasso Krull, Asko K\u00fcnnap, Viivi Luik, Ene Mihkelson, Paul-Eerik Rummo, Hando Runnel, Karl Martin Sinij\u00e4rv, Triin Soomets, Mats Traat, Mari Vallisoo, Elo Viiding, Juhan Viiding. Short prose excerpts by Nikolai Baturin, Maimu Berg, J\u00fcri Ehlvest, Mehis Heinsaar, Ilmar Jaks, Jaan Kaplinski, Jan Kaus, Andrus Kivir\u00e4hk, Jaan Kross, Viivi Luik, Mihkel Mutt, Eeva Park, Peeter Sauter, Tarmo Teder, Jaan Undusk, Arvo Valton, Toomas Vint, T\u00f5nu \u00d5nnepalu, Ervin \u00d5unapuu.]<br><\/span><strong>Morn and Eve<\/strong>. \u2013 Estonian Literary Magazine, no 1, 1995.<\/span><\/p>\n<p><span style=\"font-family: verdana, geneva\"><strong><em>Hungarian<\/em><\/strong><br><span style=\"font-family: verdana, geneva\"><strong>Pluralica, no 1-2, 2009<\/strong>. [See\u00a0<\/span><a href=\"https:\/\/sisu.ut.ee\/ewod\/anthologies\/pluralica\"><strong>contents<\/strong><\/a><span style=\"font-family: verdana, geneva\">\u00a0of the special issue of contemporary Estonian literature.]<\/span><br><\/span><\/p>\n<p><span style=\"font-family: verdana, geneva\"><span style=\"font-family: verdana, geneva\"><strong><em>Italian<\/em><\/strong><br><strong>Una fredda domenica nel setomaa<\/strong>. Trad. dal v\u00f5ro di \u00dclar Ploom. \u2013 I luoghi d\u2019Europa. Ed by Lino Angiuli, Diana Battaggia. La Vita Felice, 2015, pp 36-39. [\u2018K\u00fclm p\u00fch\u00e4p\u00e4iv Setomaal\u2019.]<\/span><\/span><\/p>\n","protected":false},"excerpt":{"rendered":"<p>Books FinnishMaaemon lapset.\u00a0Suomennos by Hannu Oittinen. Palladium Kirjat, 2017, 84 pp.Kuldnaan\u00f5 = Kultanainen. Suomennos [ja j\u00e4lkisanat:] Hannu Oittinen; [j\u00e4lkisanat: Tapio M\u00e4kel\u00e4inen]; grafiikka: Eve Eesmaa. [Helsingi]: Taifuuni, [1996], 143 pp. In compilations, anthologies, magazines EnglishSix Estonian Poets. Edited by Doris Kareva, &#8230;<\/p>\n","protected":false},"author":43,"featured_media":0,"parent":2190,"menu_order":0,"comment_status":"closed","ping_status":"closed","template":"","meta":{"_acf_changed":false,"inline_featured_image":false,"footnotes":""},"class_list":["post-2143","page","type-page","status-publish","hentry"],"acf":[],"_links":{"self":[{"href":"https:\/\/sisu.ut.ee\/ewod\/wp-json\/wp\/v2\/pages\/2143","targetHints":{"allow":["GET"]}}],"collection":[{"href":"https:\/\/sisu.ut.ee\/ewod\/wp-json\/wp\/v2\/pages"}],"about":[{"href":"https:\/\/sisu.ut.ee\/ewod\/wp-json\/wp\/v2\/types\/page"}],"author":[{"embeddable":true,"href":"https:\/\/sisu.ut.ee\/ewod\/wp-json\/wp\/v2\/users\/43"}],"replies":[{"embeddable":true,"href":"https:\/\/sisu.ut.ee\/ewod\/wp-json\/wp\/v2\/comments?post=2143"}],"version-history":[{"count":1,"href":"https:\/\/sisu.ut.ee\/ewod\/wp-json\/wp\/v2\/pages\/2143\/revisions"}],"predecessor-version":[{"id":2936,"href":"https:\/\/sisu.ut.ee\/ewod\/wp-json\/wp\/v2\/pages\/2143\/revisions\/2936"}],"up":[{"embeddable":true,"href":"https:\/\/sisu.ut.ee\/ewod\/wp-json\/wp\/v2\/pages\/2190"}],"wp:attachment":[{"href":"https:\/\/sisu.ut.ee\/ewod\/wp-json\/wp\/v2\/media?parent=2143"}],"curies":[{"name":"wp","href":"https:\/\/api.w.org\/{rel}","templated":true}]}}