{"id":2140,"date":"2024-04-03T23:42:34","date_gmt":"2024-04-03T20:42:34","guid":{"rendered":"https:\/\/sisu.ut.ee\/ewod\/leoanvelt\/"},"modified":"2024-04-04T00:05:15","modified_gmt":"2024-04-03T21:05:15","slug":"leoanvelt","status":"publish","type":"page","link":"https:\/\/sisu.ut.ee\/ewod\/a\/leoanvelt\/","title":{"rendered":"Leo Anvelt"},"content":{"rendered":"<p>\n\t<a href=\"https:\/\/sisu.ut.ee\/wp-content\/uploads\/sites\/108\/leo_anvelt_ilmar_anvelt2.jpg\" target=\"_self\" rel=\"noopener\"><img decoding=\"async\" alt=\"Leo Anvelt\" src=\"https:\/\/sisu.ut.ee\/wp-content\/uploads\/sites\/108\/leo_anvelt_ilmar_anvelt2.jpg\" style=\"float: right;width: 200px;height: 288px\" title=\"Photo: Ilmar Anvelt\"><\/a><\/p>\n<p><span style=\"color:#000000\"><span style=\"font-size:13px\"><span style=\"font-family:Verdana,Geneva,sans-serif\">Leo Anvelt (official name Leopold Anveldt, 4\u00a0 September\u00a01908\u20133 June 1983) was\u00a0a writer, literary historian, translator and philosopher.<\/span><\/span><\/span>\n<\/p>\n<p>\n\t<span style=\"color:#000000\"><span style=\"font-size:13px\"><span style=\"font-family:Verdana,Geneva,sans-serif\">Anvelt was born at T\u00fcri, J\u00e4rvamaa County, in the family of a shopkeeper. From 1917\u20131923, he attended T\u00fcri primary school, progymnasium and school of continuing education, from 1923\u20131926, at Tallinn Gymnasium of Technology where one of his classmates was <\/span><\/span><\/span><span style=\"font-size:13px\"><span style=\"font-family:Verdana,Geneva,sans-serif\"><a data-url=\"https:\/\/sisu.ut.ee\/ewod\/m\/ukumasing\" href=\"https:\/\/sisu.ut.ee\/ewod\/m\/ukumasing\" title=\"\">Uku Masing<\/a><\/span><\/span><span style=\"color:#000000\"><span style=\"font-size:13px\"><span style=\"font-family:Verdana,Geneva,sans-serif\">. In 1926, Anvelt entered the University of Tartu where he studied philosophy and theology. He graduated from the university <em>cum laude<\/em> in 1933. In 1936, he acquired a Master of Philosophy degree there with his thesis <em>Jumala m\u00f5iste Spinoza \u00f5petuses<\/em> (\u2018The Concept of God in Spinoza\u2019s Teaching\u2019). In 1941, invited by Kaarel Ird, Anvelt worked for a short time as dramaturge of the Vanemuine theatre. During World War II, Leo Anvelt was recruited to the German army for a short time. From 1945\u20131946, he worked as an editor for Teaduslik Kirjandus publishers. In the 1950s, he did translations for the Estonian Literary Museum. From 1963 until retirement in 1969, he worked as a researcher at the manuscripts department of the Estonian Literary Museum. Anvelt was a member of the Estonian Writers\u2019 Union from 1938. During the repressions in 1950, he was expelled from Writer\u2019s Union of the Estonian SSR. His membership was restored in 1969. One of Leo Anvelt\u2019s hobbies was water-colour painting.<\/span><\/span><\/span>\n<\/p>\n<p>\n\t<span style=\"color:#000000\"><span style=\"font-size:13px\"><span style=\"font-family:Verdana,Geneva,sans-serif\">Anvelt made his debut with poems in the journal <em>Looming<\/em> in 1925. His first novel <em>Viirastusi valges \u00f6\u00f6s<\/em> (\u2018Apparitions in White Night\u2019), which received the third prize at the novel competition of Loodus publishers, appeared in 1928. Critics have found in retrospect that it was an unusually mature book for a barely 20-year-old author. Leo Anvelt\u2019s second novel <em>Eluhirm<\/em> (\u2018Fear of Life\u2019) was published in 1936. Anvelt\u2019s third and last novel <em>Vabanemiskatse<\/em> (\u2018Attempt to Break Free\u2019) appeared posthumously in the journal Looming in 1984.<\/span><\/span><\/span>\n<\/p>\n<p>\n\t<span style=\"color:#000000\"><span style=\"font-size:13px\"><span style=\"font-family:Verdana,Geneva,sans-serif\">The protagonists of all the three novels can be considered the author\u2019s alter ego; in the first book he is a young boy, in the second \u2013 a man of marrying age, in the third \u2013 an aged, timid and lonely, honest and religious, sceptical, somewhat melancholy and, at the same time, ironical man. The schoolboy Rein Endise longs for safe social ethicality but cannot achieve it in practical life. The student Vait Vilmer suffers from fear of his own imperfection, particularly sexual inadequacy. The delusions of illness and fading away suppress him into the category of marginalised people. The old schoolteacher Saatre, who wishes to settle accounts with his past, tries to sublimate the tension of his search and doubts through writing, but nothing comes of it. The novels keep alternating between impressionist, mundanely realist and deeply psychological passages. In the novel <em>Viirastusi valges \u00f6\u00f6s<\/em>, some common features have been found with Reed Morn\u2019s novel <em>Andekas parasiit<\/em> (\u2018The Talented Parasite\u2019). Critics have also noticed similarities with Aadu Hint\u2019s novels of the 1930s. Leo Anvelt is considered quite an exceptional author in Estonian cultural history, as he felt compelled to write only novels with a philosophical texture.<\/span><\/span><\/span>\n<\/p>\n<p>\n\t<span style=\"color:#000000\"><span style=\"font-size:13px\"><span style=\"font-family:Verdana,Geneva,sans-serif\">Anvelt has also written short prose. In 1966, the journal Looming published his longer story <em>Uidang mitme tundmatuga<\/em> (\u2018Roaming with Several Strangers\u2019). In 1983, the newspaper <em>Sirp and Vasar<\/em> posthumously published his short story <em>Kohtumine v\u00f5imatuga<\/em> (\u2018Meeting the Impossible\u2019). In 1987, Anvelt\u2019s poems and short stories were published in the collection <em>Uidang mitme tundmatuga<\/em> (compiled by Hando Runnel).<\/span><\/span><\/span>\n<\/p>\n<p>\n\t<span style=\"color:#000000\"><span style=\"font-size:13px\"><span style=\"font-family:Verdana,Geneva,sans-serif\">Leo Anvelt has translated historical and philosophical literature and fiction from German (A. Schopenhauer\u2019s <em>Lebensweisheit<\/em>), from English (J. Swift\u2019s Gulliver\u2019s Travels, J. Galsworthy\u2019s The Island Pharisees, J. Conrad\u2019s The Nigger of the \u2018Narcissus\u2019 and Heart of Darkness, J. London\u2019s Love of Life, H. G. Wells\u2019 The Outline of History, etc.), from Latin (Virgil and other classics of Roman poetry) and from Russian. As an experienced translator, he had a feeling for the authors\u2019 idiosyncratic style. In the 1930s, Anvelt published the biographies of W. E. Gladstone and Aristotle.<\/span><\/span><\/span>\n<\/p>\n<p>\n\t<span style=\"color:#000000\"><span style=\"font-size:13px\"><span style=\"font-family:Verdana,Geneva,sans-serif\">From the 1950s to the end of his life, Anvelt translated the correspondence of Estonian and Estophile cultural figures (Fr. R. Kreutzwald, J. H. Rosenpl\u00e4nter, O. W. Masing) from German into Estonian. From the 1960s, he was engaged in compiling and commenting the publication of O. W. Masing\u2019s heritage in letters. In 1979, he published the collection of articles <em>O. W. Masing ja kaasaegsed<\/em> (\u2018O. W. Masing and His Contemporaries\u2019) which sheds light on the mental culture in the present-day territory of Estonia in the first half of the 19th century.<\/span><\/span><\/span>\n<\/p>\n<p>\n\t<span style=\"color:#000000\"><span style=\"font-size:13px\"><span style=\"font-family:Verdana,Geneva,sans-serif\">In 1988, Leo Anvelt posthumously received the Friedebert Tuglas Short Story Award for his story <em>K\u00fclm heldus<\/em> (\u2018Cold Generosity\u2019).<\/span><\/span><\/span>\n<\/p>\n<p>\n\t<em><span style=\"color:#000000\"><span style=\"font-size:13px\"><span style=\"font-family:Verdana,Geneva,sans-serif\">L. P. (Translated by I. A.)<\/span><\/span><\/span><\/em>\n<\/p>\n<p><strong><span style=\"font-size:16px\"><span style=\"color:#000000\"><span style=\"font-family:Verdana,Geneva,sans-serif\">Books in Estonian<\/span><\/span><\/span><\/strong>\n<\/p>\n<p>\n\t<span style=\"color:#000000\"><span style=\"font-size:13px\"><span style=\"font-family:Verdana,Geneva,sans-serif\"><strong><em>Novels<\/em><\/strong><br><strong>Viirastusi valges \u00f6\u00f6s<\/strong>. Tartu: Loodus, 1928. 221 lk.<br><strong>Eluhirm<\/strong>. Tartu: Noor-Eesti, 1936. 256 lk.<br><strong>Viirastusi valges \u00f6\u00f6s; Eluhirm; Vabanemiskatse<\/strong>. Tallinn: Eesti Raamat, 1993. 518 lk.<\/span><\/span><\/span>\n<\/p>\n<p>\n\t<span style=\"color:#000000\"><span style=\"font-size:13px\"><span style=\"font-family:Verdana,Geneva,sans-serif\"><strong><em>Short prose<\/em><\/strong> <strong><em>and poetry<\/em><\/strong><br><strong>Uidang mitme tundmatuga: jutte ja luulet<\/strong>. Tallinn: Eesti Raamat, 1987. 236 lk.<\/span><\/span><\/span>\n<\/p>\n<p>\n\t<span style=\"color:#000000\"><span style=\"font-size:13px\"><span style=\"font-family:Verdana,Geneva,sans-serif\"><strong><em>Biographies<\/em><\/strong><br><strong>William Ewart Gladstone: liberaalne inglise riigimees<\/strong>. Tartu: Eesti Kirjanduse Selts, 1935. 151 lk.<br><strong>Aristoteles: vana-aja universaalsemaid teadlasi<\/strong>. Tartu: Eesti Kirjanduse Selts, 1938. 140 lk.<\/span><\/span><\/span>\n<\/p>\n<p>\n\t<span style=\"color:#000000\"><span style=\"font-size:13px\"><span style=\"font-family:Verdana,Geneva,sans-serif\"><strong><em>History of literature<\/em><\/strong><br><strong>O. W. Masing ja kaasaegsed: lisandusi nende tundmiseks<\/strong>. Tallinn: Eesti Raamat, 1979. 229 lk.<\/span><\/span><\/span>\n<\/p>\n<p>\n\t<span style=\"color:#000000\"><span style=\"font-size:13px\"><span style=\"font-family:Verdana,Geneva,sans-serif\"><strong><em>History<\/em><\/strong><br><strong>Egiptuse templeis ja hauakambreis<\/strong>. Tartu: Loodus, 1935. 31 lk.<br><strong>Igap\u00e4evasest t\u00f6\u00f6st Vana-Egiptuses<\/strong>. Tartu: Loodus, 1935. 24 lk.<br><strong>Keskaegne k\u00fclaelu L\u00e4\u00e4ne-Euroopas<\/strong>. Tartu: Loodus, 1936. 36 lk.<\/span><\/span><\/span><\/p>\n","protected":false},"excerpt":{"rendered":"<p>Leo Anvelt (official name Leopold Anveldt, 4\u00a0 September\u00a01908\u20133 June 1983) was\u00a0a writer, literary historian, translator and philosopher. Anvelt was born at T\u00fcri, J\u00e4rvamaa County, in the family of a shopkeeper. From 1917\u20131923, he attended T\u00fcri primary school, progymnasium and school &#8230;<\/p>\n","protected":false},"author":43,"featured_media":0,"parent":485,"menu_order":0,"comment_status":"closed","ping_status":"closed","template":"","meta":{"_acf_changed":false,"inline_featured_image":false,"footnotes":""},"class_list":["post-2140","page","type-page","status-publish","hentry"],"acf":[],"_links":{"self":[{"href":"https:\/\/sisu.ut.ee\/ewod\/wp-json\/wp\/v2\/pages\/2140","targetHints":{"allow":["GET"]}}],"collection":[{"href":"https:\/\/sisu.ut.ee\/ewod\/wp-json\/wp\/v2\/pages"}],"about":[{"href":"https:\/\/sisu.ut.ee\/ewod\/wp-json\/wp\/v2\/types\/page"}],"author":[{"embeddable":true,"href":"https:\/\/sisu.ut.ee\/ewod\/wp-json\/wp\/v2\/users\/43"}],"replies":[{"embeddable":true,"href":"https:\/\/sisu.ut.ee\/ewod\/wp-json\/wp\/v2\/comments?post=2140"}],"version-history":[{"count":1,"href":"https:\/\/sisu.ut.ee\/ewod\/wp-json\/wp\/v2\/pages\/2140\/revisions"}],"predecessor-version":[{"id":2933,"href":"https:\/\/sisu.ut.ee\/ewod\/wp-json\/wp\/v2\/pages\/2140\/revisions\/2933"}],"up":[{"embeddable":true,"href":"https:\/\/sisu.ut.ee\/ewod\/wp-json\/wp\/v2\/pages\/485"}],"wp:attachment":[{"href":"https:\/\/sisu.ut.ee\/ewod\/wp-json\/wp\/v2\/media?parent=2140"}],"curies":[{"name":"wp","href":"https:\/\/api.w.org\/{rel}","templated":true}]}}