{"id":2137,"date":"2024-04-03T23:42:33","date_gmt":"2024-04-03T20:42:33","guid":{"rendered":"https:\/\/sisu.ut.ee\/ewod\/novels-et-111\/"},"modified":"2024-04-04T00:05:17","modified_gmt":"2024-04-03T21:05:17","slug":"novels","status":"publish","type":"page","link":"https:\/\/sisu.ut.ee\/ewod\/m\/maelo\/novels\/","title":{"rendered":"Helmi M\u00e4elo &#8211; novels"},"content":{"rendered":"<p><em><strong><span style=\"font-family: verdana, geneva;font-size: small\">Icelandic<\/span><\/strong><\/em><br><span style=\"font-family: verdana, geneva;font-size: small\"><strong style=\"line-height: 1.6em\">Bl\u00f3mar\u00f3s: saga fr\u00e1 Eistlandi<\/strong>.<strong style=\"line-height: 1.6em\"> <\/strong>Islenzkadi med leyfi h\u00f6fundar Arni \u00d3la. Kapa. Atli Mar. Reykjavik: B\u00f3ka\u00fatg\u00e1fa Aeskunnar, 1965, 103 pp.<\/span><\/p>\n<p><em><strong><span style=\"font-family: verdana, geneva;font-size: small\">Swedish<\/span><\/strong><\/em><br><span style=\"font-family: verdana, geneva;font-size: small\"><strong>Det lyckas f\u00f6r Linda<\/strong>. F\u00f6retal av Per Wieselgren. Stockholm: Missionsf\u00f6rbundets f\u00f6rlag [Tampere: H\u00e4meen Kirjapaino], 1948, 125 pp.<\/span><\/p>\n","protected":false},"excerpt":{"rendered":"<p>IcelandicBl\u00f3mar\u00f3s: saga fr\u00e1 Eistlandi. Islenzkadi med leyfi h\u00f6fundar Arni \u00d3la. Kapa. Atli Mar. Reykjavik: B\u00f3ka\u00fatg\u00e1fa Aeskunnar, 1965, 103 pp. SwedishDet lyckas f\u00f6r Linda. F\u00f6retal av Per Wieselgren. Stockholm: Missionsf\u00f6rbundets f\u00f6rlag [Tampere: H\u00e4meen Kirjapaino], 1948, 125 pp.<\/p>\n","protected":false},"author":43,"featured_media":0,"parent":2130,"menu_order":0,"comment_status":"closed","ping_status":"closed","template":"","meta":{"_acf_changed":false,"inline_featured_image":false,"footnotes":""},"class_list":["post-2137","page","type-page","status-publish","hentry"],"acf":[],"_links":{"self":[{"href":"https:\/\/sisu.ut.ee\/ewod\/wp-json\/wp\/v2\/pages\/2137","targetHints":{"allow":["GET"]}}],"collection":[{"href":"https:\/\/sisu.ut.ee\/ewod\/wp-json\/wp\/v2\/pages"}],"about":[{"href":"https:\/\/sisu.ut.ee\/ewod\/wp-json\/wp\/v2\/types\/page"}],"author":[{"embeddable":true,"href":"https:\/\/sisu.ut.ee\/ewod\/wp-json\/wp\/v2\/users\/43"}],"replies":[{"embeddable":true,"href":"https:\/\/sisu.ut.ee\/ewod\/wp-json\/wp\/v2\/comments?post=2137"}],"version-history":[{"count":1,"href":"https:\/\/sisu.ut.ee\/ewod\/wp-json\/wp\/v2\/pages\/2137\/revisions"}],"predecessor-version":[{"id":2948,"href":"https:\/\/sisu.ut.ee\/ewod\/wp-json\/wp\/v2\/pages\/2137\/revisions\/2948"}],"up":[{"embeddable":true,"href":"https:\/\/sisu.ut.ee\/ewod\/wp-json\/wp\/v2\/pages\/2130"}],"wp:attachment":[{"href":"https:\/\/sisu.ut.ee\/ewod\/wp-json\/wp\/v2\/media?parent=2137"}],"curies":[{"name":"wp","href":"https:\/\/api.w.org\/{rel}","templated":true}]}}