{"id":2133,"date":"2024-04-03T23:42:33","date_gmt":"2024-04-03T20:42:33","guid":{"rendered":"https:\/\/sisu.ut.ee\/ewod\/poska\/"},"modified":"2024-04-04T00:05:17","modified_gmt":"2024-04-03T21:05:17","slug":"poska","status":"publish","type":"page","link":"https:\/\/sisu.ut.ee\/ewod\/p\/poska\/","title":{"rendered":"Helve Poska"},"content":{"rendered":"<p>\n\t<strong><span style=\"font-size:16px\"><span style=\"font-family:Verdana,Geneva,sans-serif\">Books in Estonian (V\u00f5ro dialect)<\/span><\/span><\/strong>\n<\/p>\n<p>\n\t<span style=\"font-size:13px\"><span style=\"font-family:Verdana,Geneva,sans-serif\"><strong><em>Poems<\/em><\/strong><br><strong>Jumala k\u00e4ek\u00f5rval<\/strong>. Luuletusi 1983-1989. Stockholm: V\u00e4lis-Eesti &amp; EMP, 1989, 63 lk.<br><strong>Tuulte ristteel<\/strong>. Luuletusi 1984-1992. Tallinn: Logos, 1993, 85 lk.<br><strong>Elutahud<\/strong>. Seitsek\u00fcmmend seitse sonetti. Kogutud sonetid 1989-1997. Tallinn: Logos, 1997, 100 lk.<br><strong>K\u00f5ik on vaid laenuks<\/strong>. Tallinn: Logos, 2005, 70 lk.<br><strong>P\u00e4evad elu\u00f5htul<\/strong>. Tallinn: Allika, 2008, 56 lk.<br><strong>Eluilu<\/strong>. Tallinn: Allika, 2010, 80 lk.<br><strong>Eluannid<\/strong>. Tallinn: Allika, 2011, 38 lk.<br><strong>Ilmamaal<\/strong>. Tallinn: Allika, 2012, 64 lk.<br><strong>Hingepeegel<\/strong>. Tallinn: Allika, 2014, 46 lk.<\/span><\/span><\/p>\n","protected":false},"excerpt":{"rendered":"<p>Books in Estonian (V\u00f5ro dialect) PoemsJumala k\u00e4ek\u00f5rval. Luuletusi 1983-1989. Stockholm: V\u00e4lis-Eesti &amp; EMP, 1989, 63 lk.Tuulte ristteel. Luuletusi 1984-1992. Tallinn: Logos, 1993, 85 lk.Elutahud. Seitsek\u00fcmmend seitse sonetti. Kogutud sonetid 1989-1997. Tallinn: Logos, 1997, 100 lk.K\u00f5ik on vaid laenuks. Tallinn: Logos, &#8230;<\/p>\n","protected":false},"author":43,"featured_media":0,"parent":675,"menu_order":0,"comment_status":"closed","ping_status":"closed","template":"","meta":{"_acf_changed":false,"inline_featured_image":false,"footnotes":""},"class_list":["post-2133","page","type-page","status-publish","hentry"],"acf":[],"_links":{"self":[{"href":"https:\/\/sisu.ut.ee\/ewod\/wp-json\/wp\/v2\/pages\/2133","targetHints":{"allow":["GET"]}}],"collection":[{"href":"https:\/\/sisu.ut.ee\/ewod\/wp-json\/wp\/v2\/pages"}],"about":[{"href":"https:\/\/sisu.ut.ee\/ewod\/wp-json\/wp\/v2\/types\/page"}],"author":[{"embeddable":true,"href":"https:\/\/sisu.ut.ee\/ewod\/wp-json\/wp\/v2\/users\/43"}],"replies":[{"embeddable":true,"href":"https:\/\/sisu.ut.ee\/ewod\/wp-json\/wp\/v2\/comments?post=2133"}],"version-history":[{"count":1,"href":"https:\/\/sisu.ut.ee\/ewod\/wp-json\/wp\/v2\/pages\/2133\/revisions"}],"predecessor-version":[{"id":2944,"href":"https:\/\/sisu.ut.ee\/ewod\/wp-json\/wp\/v2\/pages\/2133\/revisions\/2944"}],"up":[{"embeddable":true,"href":"https:\/\/sisu.ut.ee\/ewod\/wp-json\/wp\/v2\/pages\/675"}],"wp:attachment":[{"href":"https:\/\/sisu.ut.ee\/ewod\/wp-json\/wp\/v2\/media?parent=2133"}],"curies":[{"name":"wp","href":"https:\/\/api.w.org\/{rel}","templated":true}]}}