{"id":2130,"date":"2024-04-03T23:42:33","date_gmt":"2024-04-03T20:42:33","guid":{"rendered":"https:\/\/sisu.ut.ee\/ewod\/maelo\/"},"modified":"2024-04-04T00:05:16","modified_gmt":"2024-04-03T21:05:16","slug":"maelo","status":"publish","type":"page","link":"https:\/\/sisu.ut.ee\/ewod\/m\/maelo\/","title":{"rendered":"Helmi M\u00e4elo"},"content":{"rendered":"<p>\n\t<a href=\"https:\/\/sisu.ut.ee\/ewod\/m\/maelo\/novels\" style=\"line-height: 1.6em\"><strong><span style=\"font-family: verdana, geneva;font-size: medium\">Novels <\/span><\/strong><\/a><strong><a href=\"https:\/\/sisu.ut.ee\/wp-content\/uploads\/sites\/108\/helmi_maelo.jpg\" target=\"_self\" rel=\"noopener\"><img decoding=\"async\" alt=\"Helmi M\u00e4elo\" src=\"https:\/\/sisu.ut.ee\/wp-content\/uploads\/sites\/108\/helmi_maelo.jpg\" style=\"float: right;width: 200px;height: 277px\"><\/a><\/strong>\n<\/p>\n<p>\n\t<a href=\"https:\/\/sisu.ut.ee\/ewod\/m\/maelo\/nonfiction\"><strong><span style=\"font-family: verdana, geneva;font-size: medium\">Non-fiction<\/span><\/strong><\/a>\n<\/p>\n<p>\u00a0\n<\/p>\n<p>\n\t<span style=\"font-size:13px\"><span style=\"font-family:Verdana,Geneva,sans-serif\">Helmi M\u00e4elo (until 1923 Helmi Pett, 1923-1924 Helmi M\u00fchlberg, 13. IV 1898 \u2013 17. VII 1978) was a prose writer, writer for young people and social activist.<\/span><\/span>\n<\/p>\n<p>\n\t<span style=\"font-size:13px\"><span style=\"font-family:Verdana,Geneva,sans-serif\">She gained her education at the Uderna village school in Tartu county and at the Estonian Youth Education Society\u2019s Girls\u2019 Gymnasium in Tartu, where she graduated in 1919. From 1921 to 1924 she studied in the Faculty of Law at the University of Tartu. She was a member of the Ilmatar student society and of the Estonian Women Students\u2019 Society. Helmi M\u00e4elo was active in civic life. On her initiative Mother\u2019s Day became celebrated in Estonia. She was a member of Tartu Town Council. For 16 years she was the general secretary of the Temperance Society. Helmi M\u00e4elo was the editor of the journal <em>Naiste t\u00f6\u00f6 ja elu<\/em> (\u2018Women\u2019s Work and Life\u2019) and one of the founders of the journal <em>Eesti naine<\/em> (\u2018Estonian Woman\u2019). For 16 years, until 1940, she was the editor of <em>Eesti naine<\/em>. In 1944 she fled to Germany and later moved to Sweden. There she was the secretary of the Baltic Humanist Association. Helmi M\u00e4elo belonged to the Estonian Writers\u2019 Union Abroad, the Estonian PEN Club and the Swedish Writers\u2019 Union. She is buried in the The Woodland Cemetery in Stockholm.<\/span><\/span>\n<\/p>\n<p>\n\t<span style=\"font-size:13px\"><span style=\"font-family:Verdana,Geneva,sans-serif\">M\u00e4elo wrote 12 novels. Her major work is the five-volume series of family novels <em>Oma veri<\/em> (\u2018One\u2019s Own Blood\u2019, 1965), <em>V\u00f5\u00f5ras veri<\/em> (\u2018Alien Blood\u2019, 1966), <em>Keerds\u00f5lmed<\/em> (\u2018Knots\u2019, 1968), <em>Teised tuuled<\/em> (\u2018Other Winds\u2019, 1970), and <em>Homne p\u00e4ev<\/em> (\u2018Tomorrow\u2019, 1972). She also published books for young people and of popular science, children\u2019s stories and brochures about temperance and education.<\/span><\/span>\n<\/p>\n<p>\n\t<span style=\"font-size:13px\"><span style=\"font-family:Verdana,Geneva,sans-serif\">In 1959 the first part of her autobiography appeared in exile under the title <em>Talut\u00fctar<\/em> (\u2018A Farmer\u2019s Daughter\u2019). The book tells of M\u00e4elo\u2019s childhood before the Republic of Estonia. The work contains vignettes of the Uderna school and student life in Tartu. The next book of memoirs to be published, <em>Elutegevuses<\/em> (\u2018Activity in Life\u2019, 1961), collects memories of youth and her active work for temperance and public education in the years of the Estonian Republic. The series of stories from life continued with the work <em>V\u00f5\u00f5rsil<\/em> (\u2018Abroad\u2019, 1974), in which the author describes the escape through Germany to Sweden and the first years in exile. In the last part, entitled <em>Sammud edasi<\/em> (\u2018Steps Forward\u2019, 1975) Helmi M\u00e4elo writes of her activity as a refugee in Sweden.<\/span><\/span>\n<\/p>\n<p>\n\t<span style=\"font-size:13px\"><span style=\"font-family:Verdana,Geneva,sans-serif\">Helmi M\u00e4elo\u2019s most significant work of popular science, <em>Eesti naine l\u00e4bi aegade<\/em> (\u2018The Estonian Woman Through the Ages\u2019) appeared in 1957 in Lund (reprinted in Estonia in 1999). The book contains the most complete survey up to that time of the history of Estonian women, offering a periodization of it, and presented biographical data on, and short introductions to, many well-known women.<\/span><\/span><\/p>\n<p><em>L. P. (Translated by C. M.)<\/em><\/p>\n<p><strong><span style=\"font-size:16px\"><span style=\"font-family:Verdana,Geneva,sans-serif\">Books in Estonian<\/span><\/span><\/strong><\/p>\n<p><span style=\"font-size:13px\"><span style=\"font-family:Verdana,Geneva,sans-serif\"><em><strong>Novels<\/strong><\/em><br><strong>Isata<\/strong>. Tartu: S\u00f5navara, 1928. 194 lk.<br><strong>T\u00e4nap\u00e4eva lapsed<\/strong>. Tartu: Tungal, 1933. 160 lk.<br><strong>Wallaslaps<\/strong>. Tartu: Postimees, 1934. 229 lk.<br><strong>Eevi Altma abielu<\/strong>. Tartu: Postimees, 1935. 196 lk.<br><strong>Teras<\/strong>: romaan t\u00fctarlastele. Tartu: Noor-Eesti, 1936. 255 lk.<br><strong>\u00dcli\u00f5pilane Soomest<\/strong>: romaan iseseisvuse algaastailt. Tallinn: Tallinna Eesti Kirjastus-\u00dchisus, 1940. 228 lk.<br><strong>Kui oli kevad<\/strong>. Toronto: Orto, 1952. 223 lk.<br><strong>Oma veri<\/strong>. Lund: Eesti Kirjanike Kooperatiiv, 1965. 288 lk.<br><strong>V\u00f5\u00f5ras veri<\/strong>. Lund: Eesti Kirjanike Kooperatiiv, 1966. 280 lk.<br><strong>Keerds\u00f5lmed<\/strong>. Lund: Eesti Kirjanike Kooperatiiv, 1968. 276 lk.<br><strong>Teised tuuled<\/strong>. Lund: Eesti Kirjanike Kooperatiiv, 1970. 270 lk.<br><strong>Homne p\u00e4ev<\/strong>. Lund: Eesti Kirjanike Kooperatiiv, 1972. 244 lk.<\/span><\/span>\n<\/p>\n<p>\n\t<span style=\"font-size:13px\"><span style=\"font-family:Verdana,Geneva,sans-serif\"><strong><em>Memoirs<\/em><\/strong><br><strong>Talut\u00fctar<\/strong>: m\u00e4lestusi. Lund: Eesti Kirjanike Kooperatiiv, 1959. 272 lk.<br><strong>Elutegevuses<\/strong>: m\u00e4lestusi. Lund: Eesti Kirjanike Kooperatiiv, 1961. 318 lk.<br><strong>V\u00f5\u00f5rsil<\/strong>: m\u00e4lestusi, vaatlusi, elamusi. Lund: Eesti Kirjanike Kooperatiiv, 1974. 232 lk.<br><strong>Sammud edasi<\/strong>: m\u00e4lestusi, vaatlusi, elamusi. Lund: Eesti Kirjanike Kooperatiiv, 1975. 256 lk.<\/span><\/span>\n<\/p>\n<p>\n\t<span style=\"font-size:13px\"><span style=\"font-family:Verdana,Geneva,sans-serif\"><strong><em>Children\u2019s stories<\/em><\/strong><br><strong>P\u00e4rt on minu s\u00f5ber<\/strong>: noorsoojutt. Tartu: Noor-Eesti, 1935. 108 lk.<br><strong>Salme astub ellu<\/strong>: jutustus noorsoole. Tartu: Noor-Eesti, 1937. 231 lk.<br><strong>Sooh\u00fcti Liine<\/strong>: lugu t\u00fctarlapsest \u00fcle viiek\u00fcmne aasta tagasi: noorsoojutt. Tartu: Noor-Eesti, 1938. 113 lk.<br><strong>Sangar<\/strong>: noorsoojutt. Vadstena: Orto, 1945. 140 lk.<br><strong>V\u00f5idukarika m\u00e4rgi all<\/strong>: noorsoojutustus. New York: Eesti Koolitoimkond USA-s, 1963. 91 lk.<\/span><\/span>\n<\/p>\n<p>\n\t<span style=\"font-size:13px\"><span style=\"font-family:Verdana,Geneva,sans-serif\"><strong><em>Writings on the temperance movement<\/em><\/strong><br><strong>Alkoholivaba kultuuri poole: juhtn\u00f6\u00f6re naistele alkoholismivastases v\u00f5itluses<\/strong>. Tartu: Naiste Karskusliit, 1929. 104 lk.<br><strong>T\u00f5elise elur\u00f5\u00f5mu aluseid<\/strong>. Tartu: Naiste Karskusliit, 1940. 15 lk.<br><strong>Noor olla:::<\/strong> Stockholm: Eesti Komitee Koolitoimkond; Eesti Karskuskomitee, 1965. 34 lk. [narkootiliste ainete, nikotiini ja alkoholi kahjulikust m\u00f5just noore inimese kujunemisel.]<\/span><\/span>\n<\/p>\n<p>\n\t<span style=\"font-size:13px\"><span style=\"font-family:Verdana,Geneva,sans-serif\"><strong><em>Writings on women\u2019s rights<\/em><\/strong><br><strong>Eesti naine l\u00e4bi aegade<\/strong>. Lund: Eesti Kirjanike Kooperatiiv, 1957. 224 lk.<\/span><\/span>\n<\/p>\n<p>\n\t<span style=\"font-size:13px\"><span style=\"font-family:Verdana,Geneva,sans-serif\"><strong><em>Miscellaneous<\/em><\/strong><br><strong>T\u00e4nap\u00e4eva Ameerika<\/strong>: vestlusi selle arengust, rahvast, linnadest, sotsiaaloludest ja kodukultuurist. Tartu: Eesti Kirjanduse Selts, 1938. 114 lk.<br><strong>Kas kehv ja mahaj\u00e4\u00e4nud?<\/strong>. Lund: Eesti Kirjanike Kooperatiiv, 1964. 307 lk.<br><strong>P\u00e4evast p\u00e4eva: p\u00e4evik 1. juulist 1975 kuni 30. juunini 1977<\/strong>. Lund: Eesti Kirjanike Kooperatiiv, 1977. 228 lk.<\/span><\/span><\/p>\n","protected":false},"excerpt":{"rendered":"<p>Novels Non-fiction \u00a0 Helmi M\u00e4elo (until 1923 Helmi Pett, 1923-1924 Helmi M\u00fchlberg, 13. IV 1898 \u2013 17. VII 1978) was a prose writer, writer for young people and social activist. She gained her education at the Uderna village school in &#8230;<\/p>\n","protected":false},"author":43,"featured_media":0,"parent":642,"menu_order":0,"comment_status":"closed","ping_status":"closed","template":"","meta":{"_acf_changed":false,"inline_featured_image":false,"footnotes":""},"class_list":["post-2130","page","type-page","status-publish","hentry"],"acf":[],"_links":{"self":[{"href":"https:\/\/sisu.ut.ee\/ewod\/wp-json\/wp\/v2\/pages\/2130","targetHints":{"allow":["GET"]}}],"collection":[{"href":"https:\/\/sisu.ut.ee\/ewod\/wp-json\/wp\/v2\/pages"}],"about":[{"href":"https:\/\/sisu.ut.ee\/ewod\/wp-json\/wp\/v2\/types\/page"}],"author":[{"embeddable":true,"href":"https:\/\/sisu.ut.ee\/ewod\/wp-json\/wp\/v2\/users\/43"}],"replies":[{"embeddable":true,"href":"https:\/\/sisu.ut.ee\/ewod\/wp-json\/wp\/v2\/comments?post=2130"}],"version-history":[{"count":1,"href":"https:\/\/sisu.ut.ee\/ewod\/wp-json\/wp\/v2\/pages\/2130\/revisions"}],"predecessor-version":[{"id":2941,"href":"https:\/\/sisu.ut.ee\/ewod\/wp-json\/wp\/v2\/pages\/2130\/revisions\/2941"}],"up":[{"embeddable":true,"href":"https:\/\/sisu.ut.ee\/ewod\/wp-json\/wp\/v2\/pages\/642"}],"wp:attachment":[{"href":"https:\/\/sisu.ut.ee\/ewod\/wp-json\/wp\/v2\/media?parent=2130"}],"curies":[{"name":"wp","href":"https:\/\/api.w.org\/{rel}","templated":true}]}}