{"id":2129,"date":"2024-04-03T23:42:32","date_gmt":"2024-04-03T20:42:32","guid":{"rendered":"https:\/\/sisu.ut.ee\/ewod\/stories-et-256\/"},"modified":"2024-04-04T00:05:19","modified_gmt":"2024-04-03T21:05:19","slug":"stories","status":"publish","type":"page","link":"https:\/\/sisu.ut.ee\/ewod\/m\/merilaas\/stories\/","title":{"rendered":"Kersti Merilaas &#8211; short stories"},"content":{"rendered":"<p><span style=\"font-size: medium\"><strong><span style=\"font-family: verdana, geneva\">Books<\/span><\/strong><\/span><\/p>\n<p><span style=\"font-size: small\"><span style=\"font-family: verdana, geneva\"><strong><em>Russian<\/em><\/strong><br>\u041a\u0435\u0440\u0441\u0442\u0438 \u041c\u0435\u0440\u0438\u043b\u0430\u0430\u0441, <strong>\u041f\u0435\u0441\u043d\u044f \u043c\u0435\u043b\u044c\u043d\u0438\u0446\u044b: \u0441\u043a\u0430\u0437\u043a\u0438, \u0431\u0430\u043b\u043b\u0430\u0434\u044b, \u0441\u0442\u0438\u0445\u0438<\/strong>. P\u0435\u0434\u0430\u043a\u0442\u043e\u0440 \u0438 \u0441\u043e\u0441\u0442\u0430\u0432\u0438\u0442\u0435\u043b\u044c \u0420. \u041c\u0438\u043d\u043d\u0430; \u0438\u043b\u043b\u044e\u0441\u0442\u0440\u0430\u0446\u0438\u0438: \u042e. \u0421\u043e\u043e\u0441\u0442\u0435\u0440. \u041c\u043e\u0441\u043a\u0432\u0430: \u0414\u0435\u0442\u0433\u0438\u0437, 1959, 48 pp.<\/span><\/span><\/p>\n<p><\/p>\n<p><span style=\"font-size: medium\"><strong><span style=\"font-family: verdana, geneva\">In anthologies and magazines<\/span><\/strong><\/span><\/p>\n<p><strong><em><span style=\"font-family: verdana, geneva\">Hungarian<\/span><\/em><\/strong><br><span style=\"font-family: verdana, geneva\"><strong>Szent v\u00e1ros<\/strong>.<strong> \u2013\u00a0<\/strong>T\u00f6rt\u00e9nelem \u00e9s id\u0151: mai \u00e9szt elbesz\u00e9l\u00e9sek. \u00d6ssze\u00e1ll\u00edtotta: Toivo Tasa; bor\u00edt\u00f3: Masszi Ferenc; ford\u00edt\u00f3k: Bereczki G\u00e1bor, Marju Ilves, Lengyel T\u00f3th Krisztina, Pusztay J\u00e1nos, Segesdi M\u00f3ni. Szombathely: [s.n.], 2007, 249 pp. [Translation of \u2018P\u00fcha linn\u2019. Contents of the anthology: J\u00fcri \u00dcdi, Eml\u00e9k 1954-b\u0151l (\u2018M\u00e4lestus 1954. aastast\u2019); Aarand Roos, A p\u00e1lmaf\u00e1k \u00e1rny\u00e9k\u00e1ban (\u2018Palmipuude vilus\u2019); Kersti Merilaas, Szent v\u00e1ros (\u2018P\u00fcha linn\u2019); Jaak J\u00f5er\u00fc\u00fct, Hazafias v\u00e1ros (\u2018Isamaa linn\u2019); Rein Saluri, 53.3.5. (\u20185.3.53\u2019); Viivi Luik, A hetedik b\u00e9ketavasz (r\u00e9szlet) (\u2018Seitsmes rahukevad\u2019, excerpt); Tiia Toomet, Az a ny\u00e1r (\u2018Isamaa suvi\u2019).]<\/span><\/p>\n<p><span style=\"font-family: verdana, geneva\"><strong><em>Russian<\/em><\/strong><br>\u041a\u0435\u0440\u0441\u0442\u0438 \u041c\u0435\u0440\u0438\u043b\u0430\u0430\u0441, <strong>\u041d\u0435\u0441\u043a\u043e\u043b\u044c\u043a\u043e \u0441\u043e\u043b\u043d\u0435\u0447\u043d\u044b\u0445 \u0434\u043d\u0435\u0439 \u043d\u0430 \u0442\u0440\u043e\u043f\u0438\u043d\u043a\u0430\u0445 \u0434\u0435\u0442\u0441\u0442\u0432\u0430<\/strong>. \u2013 \u0425\u0440\u0430\u043d\u0438\u0442\u0435\u043b\u0438 \u043a\u043b\u044e\u0447\u0435\u0439: \u0440\u0430\u0441\u0441\u043a\u0430\u0437\u044b \u044d\u0441\u0442\u043e\u043d\u0441\u043a\u0438\u0445 \u043f\u0438\u0441\u0430\u0442\u0435\u043b\u0435\u0439. \u0421\u043e\u0441\u0442\u0430\u0432\u0438\u0442\u0435\u043b\u044c \u041b. \u0420\u0435\u043c\u043c\u0435\u043b\u044c\u0433\u0430\u0441; \u043f\u0435\u0440\u0435\u0432\u043e\u0434 \u041b. \u0422\u043e\u043e\u043c, \u0413. \u041c\u0443\u0440\u0430\u0432\u0438\u043d \u0438 \u0434\u0440. \u041c\u043e\u0441\u043a\u0432\u0430: \u0421\u043e\u0432\u0435\u0442\u0441\u043a\u0438\u0439 \u043f\u0438\u0441\u0430\u0442\u0435\u043b\u044c, 1967, 408 pp. [See <strong><a href=\"https:\/\/sisu.ut.ee\/ewod\/anthologies\/hraniteli\">contents<\/a><\/strong> of the anthology.]<br><\/span><\/p>\n","protected":false},"excerpt":{"rendered":"<p>Books Russian\u041a\u0435\u0440\u0441\u0442\u0438 \u041c\u0435\u0440\u0438\u043b\u0430\u0430\u0441, \u041f\u0435\u0441\u043d\u044f \u043c\u0435\u043b\u044c\u043d\u0438\u0446\u044b: \u0441\u043a\u0430\u0437\u043a\u0438, \u0431\u0430\u043b\u043b\u0430\u0434\u044b, \u0441\u0442\u0438\u0445\u0438. P\u0435\u0434\u0430\u043a\u0442\u043e\u0440 \u0438 \u0441\u043e\u0441\u0442\u0430\u0432\u0438\u0442\u0435\u043b\u044c \u0420. \u041c\u0438\u043d\u043d\u0430; \u0438\u043b\u043b\u044e\u0441\u0442\u0440\u0430\u0446\u0438\u0438: \u042e. \u0421\u043e\u043e\u0441\u0442\u0435\u0440. \u041c\u043e\u0441\u043a\u0432\u0430: \u0414\u0435\u0442\u0433\u0438\u0437, 1959, 48 pp. In anthologies and magazines HungarianSzent v\u00e1ros. \u2013\u00a0T\u00f6rt\u00e9nelem \u00e9s id\u0151: mai \u00e9szt elbesz\u00e9l\u00e9sek. \u00d6ssze\u00e1ll\u00edtotta: Toivo Tasa; bor\u00edt\u00f3: Masszi Ferenc; ford\u00edt\u00f3k: &#8230;<\/p>\n","protected":false},"author":43,"featured_media":0,"parent":1893,"menu_order":0,"comment_status":"closed","ping_status":"closed","template":"","meta":{"_acf_changed":false,"inline_featured_image":false,"footnotes":""},"class_list":["post-2129","page","type-page","status-publish","hentry"],"acf":[],"_links":{"self":[{"href":"https:\/\/sisu.ut.ee\/ewod\/wp-json\/wp\/v2\/pages\/2129","targetHints":{"allow":["GET"]}}],"collection":[{"href":"https:\/\/sisu.ut.ee\/ewod\/wp-json\/wp\/v2\/pages"}],"about":[{"href":"https:\/\/sisu.ut.ee\/ewod\/wp-json\/wp\/v2\/types\/page"}],"author":[{"embeddable":true,"href":"https:\/\/sisu.ut.ee\/ewod\/wp-json\/wp\/v2\/users\/43"}],"replies":[{"embeddable":true,"href":"https:\/\/sisu.ut.ee\/ewod\/wp-json\/wp\/v2\/comments?post=2129"}],"version-history":[{"count":1,"href":"https:\/\/sisu.ut.ee\/ewod\/wp-json\/wp\/v2\/pages\/2129\/revisions"}],"predecessor-version":[{"id":2957,"href":"https:\/\/sisu.ut.ee\/ewod\/wp-json\/wp\/v2\/pages\/2129\/revisions\/2957"}],"up":[{"embeddable":true,"href":"https:\/\/sisu.ut.ee\/ewod\/wp-json\/wp\/v2\/pages\/1893"}],"wp:attachment":[{"href":"https:\/\/sisu.ut.ee\/ewod\/wp-json\/wp\/v2\/media?parent=2129"}],"curies":[{"name":"wp","href":"https:\/\/api.w.org\/{rel}","templated":true}]}}