{"id":2128,"date":"2024-04-03T23:42:32","date_gmt":"2024-04-03T20:42:32","guid":{"rendered":"https:\/\/sisu.ut.ee\/ewod\/valjamae\/"},"modified":"2025-09-20T14:15:38","modified_gmt":"2025-09-20T11:15:38","slug":"valjamae","status":"publish","type":"page","link":"https:\/\/sisu.ut.ee\/ewod\/v\/valjamae\/","title":{"rendered":"Kaarel B. V\u00e4ljam\u00e4e"},"content":{"rendered":"<p><a href=\"https:\/\/sisu.ut.ee\/ewod\/v\/valjamae\/poems\"><span style=\"font-family: verdana, geneva; font-size: medium;\"><strong>Poems<\/strong><\/span><\/a><span style=\"font-family: verdana, geneva; font-size: medium;\"><strong>\u00a0<\/strong><a href=\"https:\/\/sisu.ut.ee\/wp-content\/uploads\/sites\/108\/kaarelbvaljamae_alar_madisson.jpg\" target=\"_self\" rel=\"noopener\"><img decoding=\"async\" style=\"float: right; width: 200px; height: 300px;\" title=\"Photo: Alar Madisson\" src=\"https:\/\/sisu.ut.ee\/wp-content\/uploads\/sites\/108\/kaarelbvaljamae_vaike_alar_madisson.jpg\" alt=\"Kaarel B. V\u00e4ljam\u00e4e\"><\/a><\/span><\/p>\n\n\n\n<p>\u00a0<\/p>\n\n\n\n<p>Kaarel B. V\u00e4ljam\u00e4e (born 15. VI 1981) is a poet, playwright and a Baptist pastor.<\/p>\n\n\n\n<p>V\u00e4ljam\u00e4e was born in Kohila into a Christian family and grew up in the local Baptist community. He graduated high school as an external student. After relocating to Tallinn, he served as the assistant pastor in Allika congregation. In 2016, he graduated from The Estonian Free Church Theological Seminary. He is one of the founders of the Mosaiik congregation in Tallinn.<\/p>\n\n\n\n<p>V\u00e4ljam\u00e4e\u2019s first poetry collection, written under the pseudonym B\u00f6\u00f6ma, <em>Sent<\/em> (\u2018Cent\u2019) was published in 2006. His poems about the coming of age of a young person were the basis of the 2010 monodrama <em>Suur mees juba<\/em> (\u2018Already a Grown Man\u2019, stage director Diana Leesalu) by the Tallinn City Theater. V\u00e4ljam\u00e4e published a poetry collection by the same name in 2012, which is a coherent collection of texts focusing on becoming an adult, namely about a young man in identity crisis and his relationships with his parents, grandparents, literature, and death. With co-author Diana Leesalu, V\u00e4ljam\u00e4e published the play <em>Kriipsud uksepiidal<\/em> (\u2018Lines on a Doorjamb\u2019) in 2017. The authors of the play describe the coming of age of their generation towards the end of the Soviet period and during the restoration of the independence of Estonia. The sudden abundance of possibilities cast many in identity crisis and caused quick burnout.<\/p>\n\n\n\n<p>In the 2015 poetry collection <em>Kohvi k\u00f5rvale<\/em> (\u2018To Have with Coffee\u2019), he portrays a person who has overcome an identity crisis with the help of faith; they have made their choice between the discrepancies of the mundane and the eternal, but are not patient enough to await the positive and practical consequences of their choice. V\u00e4ljam\u00e4e writes in prose-like free verse and oftentimes from the first-person point of view.<\/p>\n\n\n\n<p>He won the annual award of the journal Looming for his poetry in 2010 and came in third in the play competition of the Estonian Theatre Agency with his play Angerja teekond (\u2018The Journey of an Eel\u2019) in 2023.<\/p>\n\n\n\n<p><em>L. P. (Translated by A. A.)<\/em><\/p>\n\n\n\n<p><strong><span style=\"font-size: 16px;\">Books in Estonian<\/span><\/strong><\/p>\n\n\n\n<p><strong><em>Poems<\/em><\/strong><br>B\u00f6\u00f6ma, <strong>Sent<\/strong>. Tallinn: Huma, 2006, 70 lk.<br><strong>Suur mees juba<\/strong>. Tallinn: Kite, 2012, 59 lk.<br><strong>Kohvi k\u00f5rvale<\/strong>. Tallinn: Verb, 2015, 63 lk.<br><strong>Rahuruum<\/strong>. Meriv\u00e4lja: Kriipsukarla, 2022, 187 lk.<br><strong>Helesinine tahmakuu<\/strong>. P\u00f5ltsamaa: Seitse S\u00f5lme, 2022, 69 lk.<br><strong>Haugub, hammustab, tapab! Hingad, hingad, ei hinga\u2026<\/strong>. Tallinn: Kriipsukarla, 2023, 112 lk.<br><strong>tumeruuge tuisukuu<\/strong>. Tallinn: Kriipsukarla, 2025, 80 lk.<\/p>\n\n\n\n<p>\u00a0<\/p>\n","protected":false},"excerpt":{"rendered":"<p>Poems\u00a0 \u00a0 Kaarel B. V\u00e4ljam\u00e4e (born 15. VI 1981) is a poet, playwright and a Baptist pastor. V\u00e4ljam\u00e4e was born in Kohila into a Christian family and grew up in the local Baptist community. He graduated high school as an &#8230;<\/p>\n","protected":false},"author":43,"featured_media":0,"parent":733,"menu_order":0,"comment_status":"closed","ping_status":"closed","template":"","meta":{"_acf_changed":false,"inline_featured_image":false,"footnotes":""},"class_list":["post-2128","page","type-page","status-publish","hentry"],"acf":[],"_links":{"self":[{"href":"https:\/\/sisu.ut.ee\/ewod\/wp-json\/wp\/v2\/pages\/2128","targetHints":{"allow":["GET"]}}],"collection":[{"href":"https:\/\/sisu.ut.ee\/ewod\/wp-json\/wp\/v2\/pages"}],"about":[{"href":"https:\/\/sisu.ut.ee\/ewod\/wp-json\/wp\/v2\/types\/page"}],"author":[{"embeddable":true,"href":"https:\/\/sisu.ut.ee\/ewod\/wp-json\/wp\/v2\/users\/43"}],"replies":[{"embeddable":true,"href":"https:\/\/sisu.ut.ee\/ewod\/wp-json\/wp\/v2\/comments?post=2128"}],"version-history":[{"count":2,"href":"https:\/\/sisu.ut.ee\/ewod\/wp-json\/wp\/v2\/pages\/2128\/revisions"}],"predecessor-version":[{"id":7619,"href":"https:\/\/sisu.ut.ee\/ewod\/wp-json\/wp\/v2\/pages\/2128\/revisions\/7619"}],"up":[{"embeddable":true,"href":"https:\/\/sisu.ut.ee\/ewod\/wp-json\/wp\/v2\/pages\/733"}],"wp:attachment":[{"href":"https:\/\/sisu.ut.ee\/ewod\/wp-json\/wp\/v2\/media?parent=2128"}],"curies":[{"name":"wp","href":"https:\/\/api.w.org\/{rel}","templated":true}]}}