{"id":2122,"date":"2024-04-03T23:42:32","date_gmt":"2024-04-03T20:42:32","guid":{"rendered":"https:\/\/sisu.ut.ee\/ewod\/beier\/"},"modified":"2024-04-04T00:05:18","modified_gmt":"2024-04-03T21:05:18","slug":"beier","status":"publish","type":"page","link":"https:\/\/sisu.ut.ee\/ewod\/b\/beier\/","title":{"rendered":"Priidu Beier"},"content":{"rendered":"<p>\n\t<a href=\"https:\/\/sisu.ut.ee\/ewod\/b\/beier\/poems\"><strong><span style=\"font-family: verdana, geneva;font-size: medium\">Poems <\/span><\/strong><\/a><a href=\"https:\/\/sisu.ut.ee\/wp-content\/uploads\/sites\/108\/priidu_beier_kalju_suur.jpg\" target=\"_self\" rel=\"noopener\"><img decoding=\"async\" alt=\"Priidu Beier\" src=\"https:\/\/sisu.ut.ee\/wp-content\/uploads\/sites\/108\/priidu_beier_kalju_suur.jpg\" style=\"float: right;width: 300px;height: 199px\" title=\"Photo: Kalju Suur\"><\/a>\n<\/p>\n<p>\n\t\u00a0\n<\/p>\n<p><span style=\"color:#000000\"><span style=\"font-size:13px\"><span style=\"font-family:Verdana,Geneva,sans-serif\">Priidu Beier (has also used the pseudonyms Matti Mogu\u010di, Pierre Bezuhhov, Ada Piirlup, Kersti Maarler, b. 16. X 1957) is a poet.<\/span><\/span><\/span>\n<\/p>\n<p>\n\t<span style=\"color:#000000\"><span style=\"font-size:13px\"><span style=\"font-family:Verdana,Geneva,sans-serif\">Beier was born in Tartu and attended schools in <\/span><\/span>Abja, \u00d5ru, Tsirguliina, Riidaja, and T\u00f5rva. He <span style=\"font-size:13px\"><span style=\"font-family:Verdana,Geneva,sans-serif\">graduated as an art historian from the University of Tartu in 1983; thereafter he worked at the Tartu Art Museum and in different schools, where he taught aesthetics, philosophy and history. In the nineties he worked as and editor for cultural papers and newspapers (such as <em>Postimees<\/em> and the legendary cultural paper <em>Kostabi<\/em>).<\/span><\/span><\/span>\n<\/p>\n<p>\n\t<span style=\"color:#000000\"><span style=\"font-size:13px\"><span style=\"font-family:Verdana,Geneva,sans-serif\">In the second half of the nineteen-seventies he became a popular reader of his own poems, but there were difficulties with publication, because poetry using a grotesque and occasionally low style was not acceptable to the ideology of the time. In the mid-eighties he brought a new paradigm to Estonian poetry. His poetry was stylistically and thematically free of the mainstream canon.<\/span><\/span><\/span>\n<\/p>\n<p>\n\t<span style=\"color:#000000\"><span style=\"font-size:13px\"><span style=\"font-family:Verdana,Geneva,sans-serif\">In the nineteen-eighties he started to use the pseudonym Matti Mogu\u010di, under which he published three collections of poems. The poetry created under this name was performed by the legendary art collector and bohemian of Tartu, Matti Milius (1945-2015).\u00a0 The fourth book published under the name of Matti Mogu\u010di and presented by Milius, <em>Sind armastan, president Meri. Luulet aastaist 1995-1998<\/em> (\u2018I Love You, President Meri. Poems from 1995-1998\u2019, 1998) does not contain poems written by Beier anymore.<\/span><\/span><\/span>\n<\/p>\n<p>\n\t<span style=\"color:#000000\"><span style=\"font-size:13px\"><span style=\"font-family:Verdana,Geneva,sans-serif\">Beier was an especially significant author in the nineteen-eighties and early nineties, when his linguistically and stylistically original work expressed the moods of restoring Estonia\u2019s independence. The poems adhering to ordinary metre, rhyme and stanza pattern are mostly parodic.<\/span><\/span><\/span>\n<\/p>\n<p>\n\t<span style=\"color:#000000\"><span style=\"font-size:13px\"><span style=\"font-family:Verdana,Geneva,sans-serif\">Priidu Beier was one of the main Estonian \u2018underground\u2019 authors of the period in question. His poetry is the connecting link between the traditional village song and urban poetry. Bravado and playful irony changed in his later poetry into melancholy, and he started to concentrate a little more on social life and his past youth. Nevertheless, Beier still appears as a hopeful troubadour in his basic nature.<\/span><\/span><\/span>\n<\/p>\n<p>\n\t<span style=\"color:#000000\"><span style=\"font-size:13px\"><span style=\"font-family:Verdana,Geneva,sans-serif\">In 2002 Beier won the Juhan Liiv poetry prize and in 2008 the Gustav Suits poetry prize.<\/span><\/span><\/span>\n<\/p>\n<p>\n\t<span style=\"color:#000000\"><span style=\"font-size:13px\"><span style=\"font-family:Verdana,Geneva,sans-serif\"><em>A. Mv (Translated by C. M.)<\/em><\/span><\/span><\/span><\/p>\n<p><strong><span style=\"font-size:16px\"><span style=\"font-family:Verdana,Geneva,sans-serif\">Books in Estonian<\/span><\/span><\/strong>\n<\/p>\n<p>\n\t<span style=\"color:#000000\"><span style=\"font-size:13px\"><span style=\"font-family:Verdana,Geneva,sans-serif\"><strong><em>Poems<\/em><\/strong><br><strong>Vastus<\/strong>. Tallinn: Eesti Raamat, 1986, 77 lk.<br><strong>Tulikiri<\/strong>. Tallinn: Eesti Raamat, 1989, 103 lk.<br>Matti Mogu\u010di, <strong>\u00d5rn ja r\u00f5ve<\/strong>. Tartu: P. Beier, 1990, 46 lk.<br><strong>Mustil p\u00e4evil<\/strong>. Tallinn: Eesti Raamat, 1991, 95 lk.<br><strong>Femme fatale<\/strong>. Tallinn: Huma, 1997, 61 lk.<br>Matti Mogu\u010di, <strong>Mina- Eiffeli torn<\/strong>. Tartu: P. Beier, 1999, 90 lk. [K\u00e4sikiri valminud 1982.]<br><strong>Maavalla keiser ehk kurb klounaad<\/strong>. Tartu: Paar, 2000, 71 lk.<br><strong>Monaco<\/strong>. Tartu: Paar, 2002, 67 lk.<br>Matti Mogu\u010di, <strong>Mina \u2013 Metsikuim mehike<\/strong>. Tartu: P. Beier, 2005, 79 lk. [K\u00e4sikiri valminud 1984.]<br><strong>Saatmata kirjad. Luuletusi aastatest 1976-2000<\/strong>. Tallinn: Verb, 2007, 150 lk.<\/span><\/span><\/span><\/p>\n","protected":false},"excerpt":{"rendered":"<p>Poems \u00a0 Priidu Beier (has also used the pseudonyms Matti Mogu\u010di, Pierre Bezuhhov, Ada Piirlup, Kersti Maarler, b. 16. X 1957) is a poet. Beier was born in Tartu and attended schools in Abja, \u00d5ru, Tsirguliina, Riidaja, and T\u00f5rva. He &#8230;<\/p>\n","protected":false},"author":43,"featured_media":0,"parent":530,"menu_order":0,"comment_status":"closed","ping_status":"closed","template":"","meta":{"_acf_changed":false,"inline_featured_image":false,"footnotes":""},"class_list":["post-2122","page","type-page","status-publish","hentry"],"acf":[],"_links":{"self":[{"href":"https:\/\/sisu.ut.ee\/ewod\/wp-json\/wp\/v2\/pages\/2122","targetHints":{"allow":["GET"]}}],"collection":[{"href":"https:\/\/sisu.ut.ee\/ewod\/wp-json\/wp\/v2\/pages"}],"about":[{"href":"https:\/\/sisu.ut.ee\/ewod\/wp-json\/wp\/v2\/types\/page"}],"author":[{"embeddable":true,"href":"https:\/\/sisu.ut.ee\/ewod\/wp-json\/wp\/v2\/users\/43"}],"replies":[{"embeddable":true,"href":"https:\/\/sisu.ut.ee\/ewod\/wp-json\/wp\/v2\/comments?post=2122"}],"version-history":[{"count":1,"href":"https:\/\/sisu.ut.ee\/ewod\/wp-json\/wp\/v2\/pages\/2122\/revisions"}],"predecessor-version":[{"id":2950,"href":"https:\/\/sisu.ut.ee\/ewod\/wp-json\/wp\/v2\/pages\/2122\/revisions\/2950"}],"up":[{"embeddable":true,"href":"https:\/\/sisu.ut.ee\/ewod\/wp-json\/wp\/v2\/pages\/530"}],"wp:attachment":[{"href":"https:\/\/sisu.ut.ee\/ewod\/wp-json\/wp\/v2\/media?parent=2122"}],"curies":[{"name":"wp","href":"https:\/\/api.w.org\/{rel}","templated":true}]}}