{"id":2121,"date":"2024-04-03T23:42:32","date_gmt":"2024-04-03T20:42:32","guid":{"rendered":"https:\/\/sisu.ut.ee\/ewod\/stories-et-255\/"},"modified":"2024-04-04T00:05:18","modified_gmt":"2024-04-03T21:05:18","slug":"stories","status":"publish","type":"page","link":"https:\/\/sisu.ut.ee\/ewod\/v\/vali\/stories\/","title":{"rendered":"Heino V\u00e4li &#8211; short stories"},"content":{"rendered":"<p><strong><span style=\"font-family: verdana, geneva;font-size: medium\">In anthologies and magazines<\/span><\/strong><\/p>\n<p><strong><em><span style=\"font-family: verdana, geneva\">Hungarian<\/span><\/em><\/strong><br><span style=\"font-family: verdana, geneva\">Heino Vjali, <strong>Mirjam Dala<\/strong>. \u00c1rvay J\u00e1nos ford. \u2013 A kord\u00e9, a kucsma meg a t\u0151r. Budapest: M\u00f3ra, 1984. [Anthology of children\u2019s stories.]<\/span><\/p>\n<p><span style=\"font-family: verdana, geneva\"><strong><em>Russian<\/em><\/strong><br>\u0425\u0435\u0439\u043d\u043e \u0412\u044f\u043b\u0438, <strong>\u041a\u043e\u043b\u043e\u0434\u0435\u0437\u043d\u0430\u044f \u0438\u0441\u0442\u043e\u0440\u0438\u044f<\/strong>. \u2013 \u0412\u043e \u0438\u043c\u044f \u0434\u0440\u0443\u0436\u0431\u044b (\u0430\u043d\u0442\u043e\u043b\u043e\u0433\u0438\u044f \u0441\u043e\u0432\u0440\u0435\u043c\u0435\u043d\u043d\u043e\u0439 \u0434\u0435\u0442\u0441\u043a\u043e\u0439 \u043f\u0440\u043e\u0437\u044b). \u0422\u043e\u043c 1-2. \u0421\u043e\u0441\u0442\u0430\u0432\u0438\u0442\u0435\u043b\u044c \u0410. \u042f\u0430\u043a\u0441\u043e\u043e. \u0422\u0430\u043b\u043b\u0438\u043d\u043d: \u042d\u044d\u0441\u0442\u0438 \u0440\u0430\u0430\u043c\u0430\u0442, 1975, 402+424 pp. [\u2019 Kaevulugu\u2019, a children\u2019s story. See <strong><a href=\"https:\/\/sisu.ut.ee\/ewod\/anthologies\/detskajaproza\">contents<\/a><\/strong> of the anthology.]<br><\/span><\/p>\n<p><strong><span style=\"font-family: verdana, geneva;font-size: medium\">Books<\/span><\/strong><\/p>\n<p><span style=\"font-family: verdana, geneva\"><strong><em>German<\/em><\/strong><br>Heino V\u00e4li,<strong> Spatz-Sp\u00e4tzchen<\/strong>. \u2013 \u00fcbertragen von H. Viira, Tallinn: Eesti Raamat, 1970. [jutustus \u2018V\u00e4rb-V\u00e4rvupoeg V\u00e4rvuke\u2019]<\/span><\/p>\n","protected":false},"excerpt":{"rendered":"<p>In anthologies and magazines HungarianHeino Vjali, Mirjam Dala. \u00c1rvay J\u00e1nos ford. \u2013 A kord\u00e9, a kucsma meg a t\u0151r. Budapest: M\u00f3ra, 1984. [Anthology of children\u2019s stories.] Russian\u0425\u0435\u0439\u043d\u043e \u0412\u044f\u043b\u0438, \u041a\u043e\u043b\u043e\u0434\u0435\u0437\u043d\u0430\u044f \u0438\u0441\u0442\u043e\u0440\u0438\u044f. \u2013 \u0412\u043e \u0438\u043c\u044f \u0434\u0440\u0443\u0436\u0431\u044b (\u0430\u043d\u0442\u043e\u043b\u043e\u0433\u0438\u044f \u0441\u043e\u0432\u0440\u0435\u043c\u0435\u043d\u043d\u043e\u0439 \u0434\u0435\u0442\u0441\u043a\u043e\u0439 \u043f\u0440\u043e\u0437\u044b). \u0422\u043e\u043c 1-2. &#8230;<\/p>\n","protected":false},"author":43,"featured_media":0,"parent":2114,"menu_order":0,"comment_status":"closed","ping_status":"closed","template":"","meta":{"_acf_changed":false,"inline_featured_image":false,"footnotes":""},"class_list":["post-2121","page","type-page","status-publish","hentry"],"acf":[],"_links":{"self":[{"href":"https:\/\/sisu.ut.ee\/ewod\/wp-json\/wp\/v2\/pages\/2121","targetHints":{"allow":["GET"]}}],"collection":[{"href":"https:\/\/sisu.ut.ee\/ewod\/wp-json\/wp\/v2\/pages"}],"about":[{"href":"https:\/\/sisu.ut.ee\/ewod\/wp-json\/wp\/v2\/types\/page"}],"author":[{"embeddable":true,"href":"https:\/\/sisu.ut.ee\/ewod\/wp-json\/wp\/v2\/users\/43"}],"replies":[{"embeddable":true,"href":"https:\/\/sisu.ut.ee\/ewod\/wp-json\/wp\/v2\/comments?post=2121"}],"version-history":[{"count":1,"href":"https:\/\/sisu.ut.ee\/ewod\/wp-json\/wp\/v2\/pages\/2121\/revisions"}],"predecessor-version":[{"id":2949,"href":"https:\/\/sisu.ut.ee\/ewod\/wp-json\/wp\/v2\/pages\/2121\/revisions\/2949"}],"up":[{"embeddable":true,"href":"https:\/\/sisu.ut.ee\/ewod\/wp-json\/wp\/v2\/pages\/2114"}],"wp:attachment":[{"href":"https:\/\/sisu.ut.ee\/ewod\/wp-json\/wp\/v2\/media?parent=2121"}],"curies":[{"name":"wp","href":"https:\/\/api.w.org\/{rel}","templated":true}]}}