{"id":2118,"date":"2024-04-03T23:42:31","date_gmt":"2024-04-03T20:42:31","guid":{"rendered":"https:\/\/sisu.ut.ee\/ewod\/haug\/"},"modified":"2024-04-04T00:05:20","modified_gmt":"2024-04-03T21:05:20","slug":"haug","status":"publish","type":"page","link":"https:\/\/sisu.ut.ee\/ewod\/h\/haug\/","title":{"rendered":"Toomas Haug"},"content":{"rendered":"<p>\n\t<a href=\"https:\/\/sisu.ut.ee\/ewod\/h\/haug\/articles\"><strong><span style=\"font-size: medium;font-family: verdana,geneva\">Articles and essays<\/span><\/strong><\/a><strong><span style=\"font-size: medium;font-family: verdana,geneva\"> <\/span><\/strong><span style=\"font-size: medium;font-family: verdana,geneva\"><a href=\"https:\/\/sisu.ut.ee\/wp-content\/uploads\/sites\/108\/toomas_haug_kalju_suur.jpg\" target=\"_self\" rel=\"noopener\"><img decoding=\"async\" alt=\"Toomas Haug\" src=\"https:\/\/sisu.ut.ee\/wp-content\/uploads\/sites\/108\/toomas_haug_kalju_suur.jpg\" style=\"float: right;width: 200px;height: 270px\" title=\"Photo: Kalju Suur\"><\/a><\/span>\n<\/p>\n<p>\u00a0\n<\/p>\n<p style=\"margin-bottom:0.11in\">\n<\/p><p><span style=\"color:#000000\"><span style=\"font-size:13px\"><span style=\"font-family:Verdana,Geneva,sans-serif\"><span style=\"line-height:108%\"><span style=\"font-weight:normal\">Toomas Haug <\/span>(b. 1. V 1956) is a literary historian, critic and commentator.<\/span><\/span><\/span><\/span>\n<\/p>\n<p style=\"margin-bottom:0.11in\">\n\t<span style=\"color:#000000\"><span style=\"font-size:13px\"><span style=\"font-family:Verdana,Geneva,sans-serif\"><span style=\"line-height:108%\">He was born and educated in Tallinn; from 1974 to 1978 he studied Estonian language and literature at the Tallinn Pedagogical Institute. He worked as a senior researcher at the F. Tuglas Museum (1978-1983), from 1983 as an editor at the journal <i>Looming<\/i>, and from 1990 as its deputy editor-in-chief. He has also been a lecturer at the Estonian Institute of the Humanities and a cultural and political observer for Radio Free Europe. He belonged to the leadership of the Main Committee of Citizens of the Republic of Estonia (1989-1990), was a member of the Congress of Estonia (1990-1992) and leader of the press team of the Committee of Estonia. He has been a member of the Writers\u2019 Union since 1985, and was on its board from 1986 to 1989 and 1992 to 1998. <\/span><\/span><\/span><\/span>\n<\/p>\n<p style=\"margin-bottom:0.11in\">\n\t<span style=\"color:#000000\"><span style=\"font-size:13px\"><span style=\"font-family:Verdana,Geneva,sans-serif\"><span style=\"line-height:108%\">As a critic he made his debut in <i>Sirp ja Vasar <\/i>in 1978. In addition to criticism he has published both general surveys and treatments of individual issues in Estonian literary history. Haug has paid attention to both well-known authors and lesser-known aspects. For example, he has dealt with the literary groupings Siuru and Tarapita, with the work of F. Tuglas, A.H. Tammsaare and J. Kross, as well as more recent literature, such as Andrus Kivir\u00e4hk. He has had an interest in the so-called extreme areas of literature. He has a good knowledge of facts and skill at finding and selecting previously unknown or unconnected aspects. The style of his articles resembles that of essays and short stories. Generally Toomas Haug writes so-called \u2018old-school\u2019 treatments of literature, not framed in more or less fashionable theories.<\/span><\/span><\/span><\/span>\n<\/p>\n<p style=\"margin-bottom:0.11in\">\n\t<span style=\"color:#000000\"><span style=\"font-size:13px\"><span style=\"font-family:Verdana,Geneva,sans-serif\"><span style=\"line-height:108%\">He compiled a selection of Mart M\u00e4ger\u2019s poetry, <i>Taevasalla <\/i>(Under the sky, 2010), the collections of essays <i>Valik. 1. osa: esseid maailmakirjandusest <\/i>(\u2018Selection, Part 1: Essays on World Literature\u2019, 1987) and <i>Valik. 3. osa: esseid maailmakirjandusest <\/i>(\u2018Selection, Part 3: Essays on World Literature\u2019, 1988), as well as a collection of articles, <i>Valik, 2. osa: artikleid eestluse ajaloost <\/i>(\u2018Selection, Part 2: Articles on the History of Estonian Identity\u2019, 1988).<\/span><\/span><\/span><\/span>\n<\/p>\n<p style=\"margin-bottom:0.11in\">\n\t<span style=\"color:#000000\"><span style=\"font-size:13px\"><span style=\"font-family:Verdana,Geneva,sans-serif\"><span style=\"line-height:108%\">He has written a book of memoirs, <i>M\u00f6\u00f6da Koidu t\u00e4navat <\/i>(\u2018Along Koidu Street\u2019, 2014), in which his experience of childhood frames the viewpoint of a grown man. Gentle humour and occasional irony have their place here, as in his articles about literature.<\/span><\/span><\/span><\/span>\n<\/p>\n<p style=\"margin-bottom:0.11in\">\n\t<span style=\"color:#000000\"><span style=\"font-size:13px\"><span style=\"font-family:Verdana,Geneva,sans-serif\"><span style=\"line-height:108%\">Haug\u2019s short stories <i>Ema h\u00e4\u00e4l<\/i> (\u2018Mother\u2019s Voice\u2019) and <i>Mustam\u00e4e vanad<\/i> (\u2018The Old Ones from Mustam\u00e4e\u2019, which originally appeared in <i>Looming<\/i>, also appeared in the collections <i>Eesti novell 2019 <\/i>(The Estonian short story 2019) and <i>Eesti novell 2020<\/i>.<\/span><\/span><\/span><\/span>\n<\/p>\n<p style=\"margin-bottom:0.11in\">\n\t<span style=\"color:#000000\"><span style=\"font-size:13px\"><span style=\"font-family:Verdana,Geneva,sans-serif\"><span style=\"line-height:108%\">He won the Literature Endowment annual award in 2001 for his article \u2018The triangle of Tallinn streets: a piece of uncanonised literary history\u2019, in 2004 for the collection <i>Troojam\u00e4e t\u00f5otus <\/i>(\u2018The Pledge of Troojam\u00e4e\u2019), in 2006 for the article \u2018The death of A.H.T. in Africa\u2019, and in 2010 for the collection <i>Klassikute lahkumine <\/i>(\u2018The Departure of the Classics\u2019). In 2000 he was awarded the Order of the Coat of Arms, Class IV.<\/span><\/span><\/span><\/span>\n<\/p>\n<p style=\"margin-bottom:0.11in\">\n\t<span style=\"color:#000000\"><span style=\"font-size:13px\"><span style=\"font-family:Verdana,Geneva,sans-serif\"><span style=\"line-height:108%\"><i>A. K. (Translated by C. M.)<\/i><\/span><\/span><\/span><\/span><\/p>\n<p><span style=\"font-size:16px\"><span style=\"font-family:Verdana,Geneva,sans-serif\"><span style=\"line-height:150%\"><b>Books in Estonian<\/b><\/span><\/span><\/span>\n<\/p>\n<p style=\"margin-bottom:0.11in\">\n\t<span style=\"color:#000000\"><span style=\"font-size:13px\"><span style=\"font-family:Verdana,Geneva,sans-serif\"><span style=\"line-height:150%\"><i><b>Literary studies<\/b><\/i><br><b>Troojam\u00e4e t\u00f5otus<\/b>: 33 kirjat\u00f6\u00f6d. Tallinn: Eesti Keele Sihtasutus, 2004, 455 lk.<br><b>Klassikute lahkumine<\/b>: 25 kirjat\u00f6\u00f6d. Tallinn: Eesti Keele Sihtasutus, 2010, 415 lk.<br><b>Tagasi Troojam\u00e4ele<\/b>: 30 kirjat\u00f6\u00f6d ja interluudium. Tallinn: Eesti Keele Sihtasutus, 2015, 487 lk.<\/span><\/span><\/span><\/span>\n<\/p>\n<p style=\"margin-bottom:0.11in\">\n\t<span style=\"color:#000000\"><span style=\"font-size:13px\"><span style=\"font-family:Verdana,Geneva,sans-serif\"><span style=\"line-height:150%\"><i><b>Memoirs<\/b><\/i><br><b>M\u00f6\u00f6da Koidu t\u00e4navat<\/b>: \u00fclest\u00e4hendusi varajasest ajast. Tallinn: Eesti Keele Sihtasutus, 2014, 108 lk.<\/span><\/span><\/span><\/span><\/p>\n","protected":false},"excerpt":{"rendered":"<p>Articles and essays \u00a0 Toomas Haug (b. 1. V 1956) is a literary historian, critic and commentator. He was born and educated in Tallinn; from 1974 to 1978 he studied Estonian language and literature at the Tallinn Pedagogical Institute. He &#8230;<\/p>\n","protected":false},"author":43,"featured_media":0,"parent":599,"menu_order":0,"comment_status":"closed","ping_status":"closed","template":"","meta":{"_acf_changed":false,"inline_featured_image":false,"footnotes":""},"class_list":["post-2118","page","type-page","status-publish","hentry"],"acf":[],"_links":{"self":[{"href":"https:\/\/sisu.ut.ee\/ewod\/wp-json\/wp\/v2\/pages\/2118","targetHints":{"allow":["GET"]}}],"collection":[{"href":"https:\/\/sisu.ut.ee\/ewod\/wp-json\/wp\/v2\/pages"}],"about":[{"href":"https:\/\/sisu.ut.ee\/ewod\/wp-json\/wp\/v2\/types\/page"}],"author":[{"embeddable":true,"href":"https:\/\/sisu.ut.ee\/ewod\/wp-json\/wp\/v2\/users\/43"}],"replies":[{"embeddable":true,"href":"https:\/\/sisu.ut.ee\/ewod\/wp-json\/wp\/v2\/comments?post=2118"}],"version-history":[{"count":1,"href":"https:\/\/sisu.ut.ee\/ewod\/wp-json\/wp\/v2\/pages\/2118\/revisions"}],"predecessor-version":[{"id":2966,"href":"https:\/\/sisu.ut.ee\/ewod\/wp-json\/wp\/v2\/pages\/2118\/revisions\/2966"}],"up":[{"embeddable":true,"href":"https:\/\/sisu.ut.ee\/ewod\/wp-json\/wp\/v2\/pages\/599"}],"wp:attachment":[{"href":"https:\/\/sisu.ut.ee\/ewod\/wp-json\/wp\/v2\/media?parent=2118"}],"curies":[{"name":"wp","href":"https:\/\/api.w.org\/{rel}","templated":true}]}}