{"id":2114,"date":"2024-04-03T23:42:31","date_gmt":"2024-04-03T20:42:31","guid":{"rendered":"https:\/\/sisu.ut.ee\/ewod\/vali\/"},"modified":"2024-04-04T00:05:20","modified_gmt":"2024-04-03T21:05:20","slug":"vali","status":"publish","type":"page","link":"https:\/\/sisu.ut.ee\/ewod\/v\/vali\/","title":{"rendered":"Heino V\u00e4li"},"content":{"rendered":"<p>\n\t<span style=\"font-family:Verdana,Geneva,sans-serif\"><a href=\"https:\/\/sisu.ut.ee\/ewod\/v\/vali\/stories\"><strong><span style=\"font-size: medium\">Short stories<\/span><\/strong><\/a><strong><span style=\"font-size: medium\"> <\/span><\/strong><span style=\"font-size: medium\"><a href=\"https:\/\/sisu.ut.ee\/wp-content\/uploads\/sites\/108\/h._vali_parikas.jpg\" target=\"_self\" rel=\"noopener\"><img decoding=\"async\" alt=\"Heino V\u00e4li\" src=\"https:\/\/sisu.ut.ee\/wp-content\/uploads\/sites\/108\/h._vali_parikas.jpg\" style=\"float: right;width: 200px;height: 284px\" title=\"Photo: J. &amp; P. Parikas\"><\/a><\/span><\/span>\n<\/p>\n<p>\u00a0\n<\/p>\n<p>\n\t<span style=\"color:#000000\"><span style=\"font-size:13px\"><span style=\"font-family:Verdana,Geneva,sans-serif\">Heino V\u00e4li (11. VIII 1928 \u2013 23. XI 1990) was a children\u2019s author and prose writer.<\/span><\/span><\/span>\n<\/p>\n<p>\n\t<span style=\"color:#000000\"><span style=\"font-size:13px\"><span style=\"font-family:Verdana,Geneva,sans-serif\">V\u00e4li was born in Tallinn. His father was a casual worker from Saaremaa. The family often moved house. Heino V\u00e4li attended several primary schools and from 1943 to 1944 the Kuressaare Gymnasium. He graduated from the N\u00f5mme school of cinema. He worked for several years in Tallinn as a mechanic in a cinema repair workshop and as a cinema technician. After military service, Heino V\u00e4li switched to journalism. From 1954 to 1957 he worked in the editorial office of the children\u2019s paper <i><span style=\"font-style:italic\">S\u00e4de, <\/span><\/i>and thereafter for three years in humorous journalism for <i><span style=\"font-style:italic\">Pikker<\/span><\/i>. He also worked as an editor of children\u2019s programmes for Estonian Radio. From 1955 to 1958 Heino V\u00e4li was the secretary and chairman of the NAK, or Young Authors\u2019 Associacion, in Tallinn, and later was the chairman of the children\u2019s literature commission of the Writers\u2019 Union.<\/span><\/span><\/span>\n<\/p>\n<p>\n\t<span style=\"color:#000000\"><span style=\"font-size:13px\"><span style=\"font-family:Verdana,Geneva,sans-serif\">Heino V\u00e4li made his debut in 1957 with a collection of children\u2019s stories, <i><span style=\"font-style:italic\">Kui vanaema tukastab <\/span><\/i>(\u2018While Grandma\u2019s Snoozing\u2019). Most of his work consists of books of prose for children. Of V\u00e4li\u2019s later work, two books about the pirate Silver One-eye have remained popular until today (they appeared in 1971 and 1981). The stories bear the stamp of the romance of the sea; alongside the realistic present-day scenes there are plenty of fairy-tale types and situations. For the last 20 years of his life Heino V\u00e4li lived on the island of Vilsandi. In the Silver One-eye stories he depicts Vilsandi as a fairyland with highly imaginative place-names. \u00a0<\/span><\/span><\/span>\n<\/p>\n<p>\n\t<span style=\"color:#000000\"><span style=\"font-size:13px\"><span style=\"font-family:Verdana,Geneva,sans-serif\">From 1961 Heino V\u00e4li was a freelance writer. He continued writing for children, but he also tried his hand at short story writing: he wrote about revolutionary times \u2013 the creation of the <i><span style=\"font-style:italic\">kolkhoz <\/span><\/i>collective farms \u2013 in the Estonian countryside, about the differing world-views and conflicts among his contemporaries, the new settlers (<i><span style=\"font-style:italic\">uusmaasaajad<\/span><\/i>\u00a0\u2013 people who were given land dispossessed from prevous farmers after the Soviet occupation in 1940) and the Forest Brothers (guerrillas fighting against Soviet forces after the World War II). To adults he addressed a pair of stories, influenced by Soviet ideology, about the campaign of the Forest Brothers, <i><span style=\"font-style:italic\">Mina, Lauri Pent \u2013 k\u00fcnnimees <\/span><\/i>(\u2018I, Lauri Pent, ploughman\u2019, 1968; 2<sup><span style=\"vertical-align:super\">nd<\/span><\/sup>\u00a0prize winner in the <i><span style=\"font-style:italic\">Looming <\/span><\/i>short story competition) and <i><span style=\"font-style:italic\">Veri mullal<\/span><\/i>\u00a0(\u2018Blood on the Ground\u2019, published 1973, winner of the 1974 Friedebert Tuglas short story prize). These two stories appeared together in 1982 under the same covers under the title <i><span style=\"font-style:italic\">Veri mullal<\/span><\/i>, and in which the second story bore the name <i><span style=\"font-style:italic\">Mina, Helmuth Ass \u2013 p\u00f5letusohver<\/span><\/i>\u00a0(\u2018I, Helmuth Ass, a Burnt Offering\u2019) in the book.<\/span><\/span><\/span>\n<\/p>\n<p>\n\t<span style=\"color:#000000\"><span style=\"font-size:13px\"><span style=\"font-family:Verdana,Geneva,sans-serif\">In 1988 V\u00e4li won the annual Juhan Smuul literature award for the children\u2019s story <i><span style=\"font-style:italic\">Naga<\/span><\/i>\u00a0(\u2018The Peg\u2019). Heino V\u00e4li\u2019s children\u2019s stories have been translated into Russian, Lithuanian, Armenian, German and other languages. <\/span><\/span><\/span>\n<\/p>\n<p>\n\t<span style=\"color:#000000\"><span style=\"font-size:13px\"><span style=\"font-family:Verdana,Geneva,sans-serif\">Heino V\u00e4li was the father of the poet Katrin V\u00e4li.<\/span><\/span><\/span>\n<\/p>\n<p>\n\t<span style=\"color:#000000\"><span style=\"font-size:13px\"><span style=\"font-family:Verdana,Geneva,sans-serif\"><i><span style=\"font-style:italic\">L. P. (Translated by C. M.)<\/span><\/i><\/span><\/span><\/span>\n<\/p>\n<p>\n\t\u00a0\n<\/p>\n<p>\n\t<span style=\"color:#000000\"><strong><span style=\"font-size:16px\"><span style=\"font-family:Verdana,Geneva,sans-serif\"><span style=\"font-style:normal\">Books in Estonian<\/span><\/span><\/span><\/strong><\/span>\n<\/p>\n<p class=\"p\" style=\"margin-top:0,0000pt;margin-bottom:15,0000pt\">\n\t<span style=\"color:#000000\"><span style=\"font-size:13px\"><span style=\"font-family:Verdana,Geneva,sans-serif\"><span style=\"background:#ffffff\"><em><b><span style=\"font-weight:bold\">Stories for children <\/span><\/b><\/em><br><strong>Kui vanaema tukastab<\/strong>. Tallinn: Eesti Riiklik Kirjastus, 1957, 58 lk.<br><strong>Kit Kurn\u00e4hh, kaardiv\u00e4elane<\/strong>. Tallinn: Eesti Riiklik Kirjastus, 1958, 27 lk.<br><strong>Rajad soos<\/strong>: seiklusjutt. Tallinn: Eesti Riiklik Kirjastus, 1962, 131 lk.<br><strong>Kolumbuse maa Kolumbus<\/strong>. Tallinn: Eesti Riiklik Kirjastus, 1963, 208 lk.<br><strong>Hundik\u00e4pp<\/strong>: jutustus. Tallinn: Eesti Riiklik Kirjastus, 1964, 132 lk.<br><strong>Kuukaraad\u017ea lugu<\/strong>. Tallinn: Eesti Raamat, 1966, 88 lk.<br><strong>Peetrike<\/strong>: jutustus. Tallinn: Eesti Raamat, 1966, 80 lk.<br><strong>V\u00e4rb-V\u00e4rvupoeg V\u00e4rvuke<\/strong>: jutustus. Tallinn: Eesti Raamat, 1966, 36 lk.<br><strong>P\u00e4evakoer ja peegel ja p\u00e4evakoer<\/strong>. Tallinn: Eesti Raamat, 1969, 17 lk.<br><strong>Vapustav Tulikametsa lugu<\/strong>: muinasjutt. Tallinn: Eesti Raamat, 1970, 104 lk.<br><strong>Silver \u00dckssilm, Felslandi hirmus merer\u00f6\u00f6vel<\/strong>. Tallinn: Eesti Raamat, 1971, 168 lk.<br><strong>Hea k\u00fcll, aga paha ka<\/strong>. Tallinn: Eesti Raamat, 1975, 32 lk.<br><strong>Kaevulood<\/strong>. Tallinn: Eesti Raamat, 1975. 152 lk.<br><strong>V\u00e4ike armas Berbara<\/strong>: jutustus. Tallinn: Eesti Raamat, 1977. 41 lk.<br><strong>Kuningajutt<\/strong>. Tallinn: Eesti Raamat, 1978. 483 lk.<br><strong>Muinasjutt kuningapojast ja sinise salliga t\u00fcdrukust<\/strong>. Tallinn: Eesti Raamat, 1980. 16 lk.<br><strong>Silver \u00dckssilm ja Admirali vanne<\/strong>. Tallinn: Eesti Raamat, 1981. 238 lk.<br><strong>Teda omaks pidada<\/strong>: kolm juttu. Tallinn: Eesti Raamat, 1986. 79 lk.<br><strong>Mirjemilaul<\/strong>. Tallinn: Eesti Raamat, 1987. 31 lk.<br><strong>Naga<\/strong>: jutustus. Tallinn: Eesti Raamat, 1987. 78 lk.<br><strong>Kiikhobu<\/strong>. Tallinn: Eesti Raamat, 1989. 46 lk.<br><strong>Paberhaagike<\/strong>: jutustused. Tallinn: Eesti Raamat, 1989. 140 lk.<\/span><\/span><\/span><\/span>\n<\/p>\n<p class=\"p\" style=\"margin-top:0,0000pt;margin-bottom:15,0000pt\">\n\t<span style=\"color:#000000\"><span style=\"font-size:13px\"><span style=\"font-family:Verdana,Geneva,sans-serif\"><span style=\"background:#ffffff\"><b><i><span style=\"font-weight:bold\"><span style=\"font-style:italic\">Short stories<\/span><\/span><\/i><\/b><br><strong>Veri mullal<\/strong>. Tallinn: Eesti Raamat, 1982. 152 lk.<\/span><\/span><\/span><\/span>\n<\/p>\n<p class=\"p\" style=\"margin-top:0,0000pt;margin-bottom:15,0000pt\">\n\t<span style=\"color:#000000\"><span style=\"font-family:Verdana,Geneva,sans-serif\"><span style=\"font-size:13px\"><span style=\"background:#ffffff\"><b><i><span style=\"font-weight:bold\"><span style=\"font-style:italic\">Criticism<\/span><\/span><\/i><\/b><br><strong>Mallega ja Kallega: artiklid ja retsensioonid lastekirjandusest<\/strong>. Tallinn: Eesti Raamat, 1975. 208 lk.<\/span><\/span><\/span><\/span><\/p>\n","protected":false},"excerpt":{"rendered":"<p>Short stories \u00a0 Heino V\u00e4li (11. VIII 1928 \u2013 23. XI 1990) was a children\u2019s author and prose writer. V\u00e4li was born in Tallinn. His father was a casual worker from Saaremaa. The family often moved house. Heino V\u00e4li attended &#8230;<\/p>\n","protected":false},"author":43,"featured_media":0,"parent":733,"menu_order":0,"comment_status":"closed","ping_status":"closed","template":"","meta":{"_acf_changed":false,"inline_featured_image":false,"footnotes":""},"class_list":["post-2114","page","type-page","status-publish","hentry"],"acf":[],"_links":{"self":[{"href":"https:\/\/sisu.ut.ee\/ewod\/wp-json\/wp\/v2\/pages\/2114","targetHints":{"allow":["GET"]}}],"collection":[{"href":"https:\/\/sisu.ut.ee\/ewod\/wp-json\/wp\/v2\/pages"}],"about":[{"href":"https:\/\/sisu.ut.ee\/ewod\/wp-json\/wp\/v2\/types\/page"}],"author":[{"embeddable":true,"href":"https:\/\/sisu.ut.ee\/ewod\/wp-json\/wp\/v2\/users\/43"}],"replies":[{"embeddable":true,"href":"https:\/\/sisu.ut.ee\/ewod\/wp-json\/wp\/v2\/comments?post=2114"}],"version-history":[{"count":1,"href":"https:\/\/sisu.ut.ee\/ewod\/wp-json\/wp\/v2\/pages\/2114\/revisions"}],"predecessor-version":[{"id":2962,"href":"https:\/\/sisu.ut.ee\/ewod\/wp-json\/wp\/v2\/pages\/2114\/revisions\/2962"}],"up":[{"embeddable":true,"href":"https:\/\/sisu.ut.ee\/ewod\/wp-json\/wp\/v2\/pages\/733"}],"wp:attachment":[{"href":"https:\/\/sisu.ut.ee\/ewod\/wp-json\/wp\/v2\/media?parent=2114"}],"curies":[{"name":"wp","href":"https:\/\/api.w.org\/{rel}","templated":true}]}}