{"id":2110,"date":"2024-04-03T23:42:31","date_gmt":"2024-04-03T20:42:31","guid":{"rendered":"https:\/\/sisu.ut.ee\/ewod\/stories-et-253\/"},"modified":"2024-04-04T00:05:19","modified_gmt":"2024-04-03T21:05:19","slug":"stories","status":"publish","type":"page","link":"https:\/\/sisu.ut.ee\/ewod\/s\/peetersauter\/stories\/","title":{"rendered":"Peeter Sauter &#8211; short stories"},"content":{"rendered":"<p>\n\t<span style=\"font-family: verdana, geneva;font-size: medium\"><strong>Books<\/strong><\/span>\n<\/p>\n<p>\n\t<span style=\"font-family: verdana, geneva;font-size: small\"><strong><em>Armenian<\/em><br>Ujuv m\u00e4gi. Vanade laste raamat = Floating Mountain. A Book for Old Children = \u053c\u0535\u054c\u0531\u0546 \u0540\u0535\u054f \u0546\u0531\u054e\u0531\u0550\u053f\u0535\u053c\u0548\u054e<\/strong>. Translation into Armenian: Sara Kurbasjan, Siranush Jesajan; ed by Laura Sauter; illustrations: Jaan Tammsaar. [Tallinn]: O\u00dc Kirjanik, [2013], 30 pp. [A trilingual edition.]<\/span><\/p>\n<p><strong><em>English<\/em><br>Ujuv m\u00e4gi. Vanade laste raamat = Floating Mountain. A Book for Old Children = \u053c\u0535\u054c\u0531\u0546 \u0540\u0535\u054f \u0546\u0531\u054e\u0531\u0550\u053f\u0535\u053c\u0548\u054e<\/strong>. Translation into Armenian: Sara Kurbasjan, Siranush Jesajan; ed by Laura Sauter; illustrations: Jaan Tammsaar. [Tallinn]: O\u00dc Kirjanik, [2013], 30 pp. [A trilingual edition.]<\/p>\n<p><strong><em>Latvian<\/em><\/strong><br>Rulls un Eke, un Pipa, un P\u0113ters Sauters, <strong>B\u0113rnu gr\u0101mata<\/strong>. Att\u0113lus z\u012bm\u0113ja Alvars J\u0101ksons; no igau\u0146u valodas tulkoja Maima Gr\u012bnberga-Preisa. R\u012bga: Liels un mazs, 2007, 42 pp. [\u2019Laste raamat\u2019, a children\u2019s story.]<\/p>\n<p><strong><em>Swedish<\/em><\/strong><br><strong>De lata barnens bok<\/strong>. Bilder av Alvar Jaakson; \u00f6vers\u00e4ttning av Madli Bj\u00f6rck. Stockholm: Trasten, 2007, 46 pp. [\u2019Laiskade laste raamat\u2019, children\u2019s stories.]<br>\u00a0\n<\/p>\n<p>\n\t<span style=\"font-family: verdana, geneva;font-size: medium\"><strong>In anthologies and magazines<\/strong><\/span>\n<\/p>\n<p>\n\t<span style=\"font-family: verdana, geneva\"><strong><em>English<\/em><br>Stomach Ache<\/strong>. \u2013 Jan Kaus (ed), The Dedalus Book of Estonian Literature.\u00a0Translated by Eric Dickens.\u00a0Sawtry: Dedalus, 2011, 303 pp. [Translation of \u2018K\u00f5huvalu\u2019. Contents of the anthology:\u00a0Upheavals in the Borderlands \/ Jan Kaus; Maiden of the North \/ August Gailit; Flash Photography \/ Karl August Hindrey; Bread \/ Eduard Vilde; On Lake Peipsi \/ Juhan Liiv; Bird Cherry Petals \/ Friedebert Tuglas; Grandfather\u2019s Death \/ Anton Hansen Tammsaare; Night of Souls \/ Karl Ristikivi; Eight Japanese Ladies \/ Arvo Valton; Uncle \/ Jaan Kross; An Empty Beach \/ Mati Unt; The Collector \/ Rein Saluri; The Rococo Lady \/ Maimu Berg; Chance Encounter \/ Eeva Park; Stomach Ache \/ Peeter Sauter; Nuuma Aljla \/ Madis K\u00f5iv; Aspendal the Rainmaker \/ Mehis Heinsaar.]<br><strong>Torpor [excerpt]<\/strong>.<span style=\"font-family: verdana, geneva\">\u00a0\u2013\u00a0<\/span><a href=\"http:\/\/www.estlit.ee\/centre\/uploads\/catalogues\/A_Sharp_Cut.pdf\" target=\"_blank\" rel=\"noopener\">A Sharp Cut: contemporary Estonian literature<\/a><span style=\"font-family: verdana, geneva\">. [Introduction: Hasso Krull]. Tallinn: Estonian Literature Information Centre, 2005, 91 pp. [\u2018Tuimus\u2019. Contents of the booklet:\u00a0Poems by Andres Ehin, Indrek Hirv, Jaan Kaplinski, Doris Kareva, Kauksi \u00dclle, Kalev Kesk\u00fcla, Kivisildnik, Hasso Krull, Asko K\u00fcnnap, Viivi Luik, Ene Mihkelson, Paul-Eerik Rummo, Hando Runnel, Karl Martin Sinij\u00e4rv, Triin Soomets, Mats Traat, Mari Vallisoo, Elo Viiding, Juhan Viiding. Short prose excerpts by Nikolai Baturin, Maimu Berg, J\u00fcri Ehlvest, Mehis Heinsaar, Ilmar Jaks, Jaan Kaplinski, Jan Kaus, Andrus Kivir\u00e4hk, Jaan Kross, Viivi Luik, Mihkel Mutt, Eeva Park, Peeter Sauter, Tarmo Teder, Jaan Undusk, Arvo Valton, Toomas Vint, T\u00f5nu \u00d5nnepalu, Ervin \u00d5unapuu.]<br><strong>Torpor.<\/strong> \u2013 Estonian Literary Magazine, no 7, 1998.<\/span><\/span>\n<\/p>\n<p>\n\t<span style=\"font-family: verdana, geneva\"><strong><em>Finnish<\/em><\/strong><br><span><strong>Vittuuks m\u00e4 t\u00e4\u00e4ll\u00e4<\/strong>. \u2013\u00a0Raija H\u00e4m\u00e4l\u00e4inen ja Hannu Oittinen (eds),\u00a0Tallinnasta pois: groteskia virolaista proosaa.<\/span><strong>\u00a0<\/strong><span>Translated by\u00a0Petteri Aarnos,\u00a0Iiris Heino,\u00a0Raija H\u00e4m\u00e4l\u00e4inen,\u00a0Seija Kerttula,\u00a0Mika Ker\u00e4nen,\u00a0Heli Laaksonen,\u00a0Hannu Oittinen,\u00a0Joanna Ruokonen. Helsinki, Absurdia, 2003, 240 pp. [Contents of the anthology:\u00a0Presidentti \/ Olavi Ruitlane. Se soi. Hevonen ei-mist\u00e4\u00e4n \/ J\u00fcri Ehlvest. Tallinnasta pois\/Tallinnast poikkee. Tarinoita P\u00f5lvamaan suurmiehist\u00e4 \/ Aapo Ilves. Miesten kongressi. Vahva nainen. Ugri \/ Andrus Kivir\u00e4hk. Kuten kuka tahansa \/ Kerttu Rakke. Vittuuks m\u00e4 t\u00e4\u00e4ll\u00e4 \/ Peeter Sauter. Soiva postikortti \/ Kauksi \u00dclle. Tapaaminen Taageperassa \/ Mehis Heinsaar. Tohtori \/ Matt Barker. Eilen, t\u00e4n\u00e4\u00e4n, ikuisesti Rooma \/ Eeva Park. Kaunotar ja hirvi\u00f6 \/ Kaur Kender. Jumala, Lenin ja Emajoki \/ Veiko M\u00e4rka. Unissak\u00e4velij\u00e4. Kirje Elvis Preslille \/ Urmas Vadi. Mykk\u00e4 nukke. Pastoraali. Kuolemaan menev\u00e4t tervehtiv\u00e4t \/ Ervin \u00d5unapuu. Ovien takansa \/ Jan Kaus. Uskotteko kummitusjuttuihin? El\u00e4intent\u00e4ytt\u00e4j\u00e4 \/ Veiko Belials. Oraakkelin kuolema \/ Karen Orlau. Veli Rus \/ Indrek Hargla.]<\/span><\/span>\n<\/p>\n<p>\n\t<span style=\"font-family: verdana, geneva\"><span style=\"font-family: verdana, geneva\"><strong><em>Hungarian<\/em><\/strong><br><span style=\"font-family: verdana, geneva\"><strong>Hasf\u00e1j\u00e1s<\/strong>.<span style=\"font-family: verdana, geneva\">\u00a0\u2013 Pluralica, no 1-2, 2009.\u00a0<\/span>[\u2018K\u00f5huvalu\u2019.\u00a0<span style=\"font-family: verdana, geneva\">See\u00a0<\/span><a href=\"https:\/\/sisu.ut.ee\/ewod\/anthologies\/pluralica\"><strong>contents<\/strong><\/a><span style=\"font-family: verdana, geneva\">\u00a0of the special issue of contemporary Estonian literature.]<\/span><\/span><\/span><\/span>\n<\/p>\n<p>\n\t<span style=\"font-family: verdana, geneva\"><span style=\"font-family: verdana, geneva\"><span style=\"font-family: verdana, geneva\"><span style=\"font-family: verdana, geneva\"><strong><em>Russian<\/em><\/strong><br><span>\u041f\u0435\u044d\u0442\u0435\u0440 \u0421\u0430\u0443\u0442\u0435\u0440,\u00a0<strong>\u0416\u0438\u0432\u043e\u0442 \u0440\u0430\u0437\u0431\u043e\u043b\u0435\u043b\u0441\u044f<\/strong>.<\/span><strong><span>\u00a0<\/span>\u2013\u00a0<\/strong><span>\u041d\u043e\u0432\u0430\u044f \u044d\u0441\u0442\u043e\u043d\u0441\u043a\u0430\u044f \u043d\u043e\u0432\u0435\u043b\u043b\u0430: 1990-\u0435 \u0433\u043e\u0434\u044b<\/span><span>. C\u043e\u0441\u0442\u0430\u0432\u043b\u0435\u043d\u0438\u0435: \u041f\u0438\u0440\u0435\u0442 \u0412\u0438\u0439\u0440\u0435\u0441; \u043f\u043e\u0441\u043b\u0435\u0441\u043b\u043e\u0432\u0438\u0435: \u041a\u0430\u044f\u0440 \u041f\u0440\u0443\u0443\u043b\u044c. \u0411\u0438\u0431\u043b\u0438\u043e\u0442\u0435\u043a\u0430 \u0436\u0443\u0440\u043d\u0430\u043b\u0430 \u201c\u0422\u0430\u043b\u043b\u0438\u043d\u043d\u201d, no 7. \u0422\u0430\u043b\u043b\u0438\u043d\u043d: Aleksandra, 1999, 302 pp.\u00a0[\u2018K\u00f5huvalu\u2019.\u00a0See\u00a0<\/span><a href=\"https:\/\/sisu.ut.ee\/ewod\/anthologies\/novayaestonskaya\"><strong>contents<\/strong><\/a><span>\u00a0of the anthology of short stories.]<\/span><\/span><\/span><\/span><\/span>\n<\/p>\n<p>\n\t<span style=\"font-family: verdana, geneva\"><span><strong><em>Swedish<\/em><\/strong><br><span><strong>Ont i magen<\/strong>. \u2013\u00a0Estland ber\u00e4ttar: Hur man d\u00f6dar minnet: fjorton noveller. Redakt\u00f6r: Kalli Klemnts [i.e. Klement]; urval: Maarja Talgre och Anu Salu\u00e4\u00e4r; \u00f6vers\u00e4ttning: Jaak Akker \u2026 [et al.].\u00a0Stockholm: Tranan, 2007, 321 pp. [\u2018K\u00f5huvalu\u2019. <span style=\"font-family: verdana, geneva;font-size: small\">See <a href=\"https:\/\/sisu.ut.ee\/ewod\/anthologies\/swedish\/estlandberattar2007\"><strong>contents<\/strong><\/a> of the anthology of short stories.<\/span>]<br><strong>Hopp i s\u00e4ng!: godnattsagor av Estniska pappor<\/strong>: 11 pappor, 28 sagor. Edited by Tiina Siimets, translated by Jaan Seim; illustrations by J\u00fcri Mildeberg. Tallinn: NyNorden, 2007, 105 pp. [\u2019Ruttu tuttu!: isade unejutte\u2019. Bedtime stories by daddies: Karl Martin Sinij\u00e4rv, Veiko Belials, Andrus Kivir\u00e4hk, Juhani P\u00fcttsepp, Contra, J\u00fcrgen Rooste, Jaanus Vaiksoo, Kivisildnik, Peeter Sauter, Jaan T\u00e4tte and Peep Pedmanson.]<\/span><\/span><\/span><\/p>\n","protected":false},"excerpt":{"rendered":"<p>Books ArmenianUjuv m\u00e4gi. Vanade laste raamat = Floating Mountain. A Book for Old Children = \u053c\u0535\u054c\u0531\u0546 \u0540\u0535\u054f \u0546\u0531\u054e\u0531\u0550\u053f\u0535\u053c\u0548\u054e. Translation into Armenian: Sara Kurbasjan, Siranush Jesajan; ed by Laura Sauter; illustrations: Jaan Tammsaar. [Tallinn]: O\u00dc Kirjanik, [2013], 30 pp. [A trilingual &#8230;<\/p>\n","protected":false},"author":43,"featured_media":0,"parent":2102,"menu_order":0,"comment_status":"closed","ping_status":"closed","template":"","meta":{"_acf_changed":false,"inline_featured_image":false,"footnotes":""},"class_list":["post-2110","page","type-page","status-publish","hentry"],"acf":[],"_links":{"self":[{"href":"https:\/\/sisu.ut.ee\/ewod\/wp-json\/wp\/v2\/pages\/2110","targetHints":{"allow":["GET"]}}],"collection":[{"href":"https:\/\/sisu.ut.ee\/ewod\/wp-json\/wp\/v2\/pages"}],"about":[{"href":"https:\/\/sisu.ut.ee\/ewod\/wp-json\/wp\/v2\/types\/page"}],"author":[{"embeddable":true,"href":"https:\/\/sisu.ut.ee\/ewod\/wp-json\/wp\/v2\/users\/43"}],"replies":[{"embeddable":true,"href":"https:\/\/sisu.ut.ee\/ewod\/wp-json\/wp\/v2\/comments?post=2110"}],"version-history":[{"count":1,"href":"https:\/\/sisu.ut.ee\/ewod\/wp-json\/wp\/v2\/pages\/2110\/revisions"}],"predecessor-version":[{"id":2958,"href":"https:\/\/sisu.ut.ee\/ewod\/wp-json\/wp\/v2\/pages\/2110\/revisions\/2958"}],"up":[{"embeddable":true,"href":"https:\/\/sisu.ut.ee\/ewod\/wp-json\/wp\/v2\/pages\/2102"}],"wp:attachment":[{"href":"https:\/\/sisu.ut.ee\/ewod\/wp-json\/wp\/v2\/media?parent=2110"}],"curies":[{"name":"wp","href":"https:\/\/api.w.org\/{rel}","templated":true}]}}