{"id":2104,"date":"2024-04-03T23:42:30","date_gmt":"2024-04-03T20:42:30","guid":{"rendered":"https:\/\/sisu.ut.ee\/ewod\/poems-et-290\/"},"modified":"2024-04-04T00:05:22","modified_gmt":"2024-04-03T21:05:22","slug":"poems","status":"publish","type":"page","link":"https:\/\/sisu.ut.ee\/ewod\/p\/partna\/poems\/","title":{"rendered":"Maarja P\u00e4rtna &#8211; poems"},"content":{"rendered":"<p>\n\t<strong><span style=\"font-size:16px\"><span style=\"font-family:Verdana,Geneva,sans-serif\">Books<\/span><\/span><\/strong>\n<\/p>\n<p>\n\t<span style=\"font-size:13px\"><span style=\"font-family:Verdana,Geneva,sans-serif\"><strong><em>English<\/em><\/strong><br><strong>Vivarium<\/strong>. Poems by Maarja P\u00e4rtna. Translated by Jayde Will. Birmingham: Emma Press, 2019, 26 pp. [\u2018Vivaarium\u2019.]<\/span><\/span><br>\u00a0\n<\/p>\n<p>\n\t<span style=\"font-family: verdana, geneva;font-size: medium\"><strong>In compilations, anthologies, magazines<\/strong><\/span>\n<\/p>\n<p>\n\t<span style=\"font-family: verdana, geneva\"><strong><em>Arabic<\/em><\/strong><br><strong>\u0627\u0644\u0622\u062e\u0631\u064f \u0644\u064a\u0633\u064e \u0646\u0627\u0626\u064a\u064b\u0627- \u0623\u0646\u0637\u0648\u0644\u0648\u062c\u064a\u0627 \u0627\u0644\u0634\u0639\u0631 \u0627\u0644\u0627\u0633\u062a\u0648\u0646\u064a \u0627\u0644\u0645\u0639\u0627\u0635\u0631<\/strong>\u00a0\u062c\u062f\u064a\u062f \u0639\u0628\u062f\u0627\u0644\u0631\u062d\u0645\u0646 \u0627\u0644\u0645\u0627\u062c\u062f\u064a. Rijswijk: Makhtootat press and publishing house, 2016, 288 pp. [\u2019The Other Is Not An Island\u2019, An Anthology of Contemporary Estonian Poetry. Poems by: P. I. Filimonov, fs, Mihkel Kaevats, K\u00e4tlin Kaldmaa, Maarja Kangro, Igor Kotjuh, Hasso Krull, Asko K\u00fcnnap, Maarja P\u00e4rtna, J\u00fcrgen Rooste, Triin Soomets, Andra Teede.]<\/span>\n<\/p>\n<p>\n\t<span style=\"font-family: verdana, geneva\"><strong><em>English<\/em><\/strong><\/span><br><span style=\"font-family: verdana, geneva\"><strong>[Poems]<\/strong>. \u2013 New Baltic Poetry. Ed by Jayde Will. Swansea: Parthian, 2018. [Includes poems by Kai Aareleid, Indrek Hirv, Veronika Kivisilla, Helena L\u00e4ks, Maarja P\u00e4rtna and Mats Traat.]<br><strong>Contemporary Estonian poetry: a Baltic anthology. Book three<\/strong>. Ed by Inara Cedrins.\u00a0Introduction \u2018(Post)modern Estonian poetry\u2019 by J\u00fcri Talvet. Translated by\u00a0Eva Liina Asu-Garcia, Eric Dickens,\u00a0Sam Hamill,\u00a0Harvey Lee Hix,\u00a0Kalju Kruusa,\u00a0Brandon Lussier,\u00a0Miriam Anne McIlfatrick-Ksenofontov,\u00a0Elin S\u00fctiste,\u00a0J\u00fcri Talvet,\u00a0Riina Tamm,\u00a0Jayde Will.\u00a0[New Orleans]: UNO Press, c2013. 270 pp. [Poems by Andres Ehin,\u00a0fs,\u00a0Indrek Hirv,\u00a0Jaan Kaplinski,\u00a0Doris Kareva,\u00a0Kalev Kesk\u00fcla,\u00a0Hasso Krull,\u00a0Kalju Kruusa,\u00a0Asko K\u00fcnnap,\u00a0Viivi Luik,\u00a0Ene Mihkelson,\u00a0Eeva Park,\u00a0\u00dclar Ploom,\u00a0Maarja P\u00e4rtna,\u00a0Paul-Eerik Rummo,\u00a0Hando Runnel,\u00a0Triin Soomets,\u00a0J\u00fcri Talvet,\u00a0Andra Teede,\u00a0Mats Traat,\u00a0Mari Vallisoo,\u00a0Tuuli Velling,\u00a0Elo Viiding,\u00a0Kaarel B. V\u00e4ljam\u00e4e,\u00a0T\u00f5nu \u00d5nnepalu,\u00a0Kauksi \u00dclle.]<br><span style=\"font-size: small\"><strong>Poetry by Maarja P\u00e4rtna<\/strong>. \u2013 Estonian Literary Magazine, no 36, 2013.<\/span><\/span>\n<\/p>\n<p>\n\t<span style=\"font-family: verdana, geneva\"><strong><em>Finnish<\/em><\/strong><br><strong>Nippernaati: virolaisen kirjallisuuden antologia<\/strong>, no 1. P\u00e4\u00e4toimittaja Sanna Immanen. [Helsinki]: Viro-instituutti, 2015, 166 pp. [Contents: Meelis Friedenthal, \u2019Katkelmia romaanista <em>Mehil\u00e4iset<\/em>\u2019 (excerpt from \u2019Mesilased\u2019);<em> <\/em>Maarja Kangro, \u2019Atropoksen Opel Meriva\u2019 (\u2019Atropose Opel Meriva\u2019); Urmas Vadi, \u2019Is\u00e4n kuolema\u2019 (\u2019Isa surm\u2019); Andrei Ivanov, \u2019Katkelmia romaanista <em>Kourallinen tomua<\/em>\u2019 (excerpt from \u2019\u0413\u043e\u0440\u0441\u0442\u044c \u043f\u0440\u0430\u0445\u0430\u2019); P.I. Filimonov, Mit\u00e4 yksinkertaisimpia merkkij\u00e4rjestelmi\u00e4 (\u2019K\u00f5ige lihtsamad m\u00e4rgis\u00fcsteemid\u2019); Armin K\u00f5om\u00e4gi, \u2019Muistikatko\u2019 (\u2019M\u00e4lukas); Mait Vaik, \u2019Gruusialainen elokuva\u2019 (\u2019Gruusia film\u2019). Poems by Igor Kotjuh, Maarja P\u00e4rtna, Carolina Pihelgas and Aare Pilv.]<\/span><\/p>\n","protected":false},"excerpt":{"rendered":"<p>Books EnglishVivarium. Poems by Maarja P\u00e4rtna. Translated by Jayde Will. Birmingham: Emma Press, 2019, 26 pp. [\u2018Vivaarium\u2019.]\u00a0 In compilations, anthologies, magazines Arabic\u0627\u0644\u0622\u062e\u0631\u064f \u0644\u064a\u0633\u064e \u0646\u0627\u0626\u064a\u064b\u0627- \u0623\u0646\u0637\u0648\u0644\u0648\u062c\u064a\u0627 \u0627\u0644\u0634\u0639\u0631 \u0627\u0644\u0627\u0633\u062a\u0648\u0646\u064a \u0627\u0644\u0645\u0639\u0627\u0635\u0631\u00a0\u062c\u062f\u064a\u062f \u0639\u0628\u062f\u0627\u0644\u0631\u062d\u0645\u0646 \u0627\u0644\u0645\u0627\u062c\u062f\u064a. Rijswijk: Makhtootat press and publishing house, 2016, 288 pp. [\u2019The &#8230;<\/p>\n","protected":false},"author":43,"featured_media":0,"parent":2094,"menu_order":0,"comment_status":"closed","ping_status":"closed","template":"","meta":{"_acf_changed":false,"inline_featured_image":false,"footnotes":""},"class_list":["post-2104","page","type-page","status-publish","hentry"],"acf":[],"_links":{"self":[{"href":"https:\/\/sisu.ut.ee\/ewod\/wp-json\/wp\/v2\/pages\/2104","targetHints":{"allow":["GET"]}}],"collection":[{"href":"https:\/\/sisu.ut.ee\/ewod\/wp-json\/wp\/v2\/pages"}],"about":[{"href":"https:\/\/sisu.ut.ee\/ewod\/wp-json\/wp\/v2\/types\/page"}],"author":[{"embeddable":true,"href":"https:\/\/sisu.ut.ee\/ewod\/wp-json\/wp\/v2\/users\/43"}],"replies":[{"embeddable":true,"href":"https:\/\/sisu.ut.ee\/ewod\/wp-json\/wp\/v2\/comments?post=2104"}],"version-history":[{"count":1,"href":"https:\/\/sisu.ut.ee\/ewod\/wp-json\/wp\/v2\/pages\/2104\/revisions"}],"predecessor-version":[{"id":2973,"href":"https:\/\/sisu.ut.ee\/ewod\/wp-json\/wp\/v2\/pages\/2104\/revisions\/2973"}],"up":[{"embeddable":true,"href":"https:\/\/sisu.ut.ee\/ewod\/wp-json\/wp\/v2\/pages\/2094"}],"wp:attachment":[{"href":"https:\/\/sisu.ut.ee\/ewod\/wp-json\/wp\/v2\/media?parent=2104"}],"curies":[{"name":"wp","href":"https:\/\/api.w.org\/{rel}","templated":true}]}}