{"id":2100,"date":"2024-04-03T23:42:30","date_gmt":"2024-04-03T20:42:30","guid":{"rendered":"https:\/\/sisu.ut.ee\/ewod\/jaantooming\/"},"modified":"2024-09-21T13:30:24","modified_gmt":"2024-09-21T10:30:24","slug":"jaantooming","status":"publish","type":"page","link":"https:\/\/sisu.ut.ee\/ewod\/t\/jaantooming\/","title":{"rendered":"Jaan Tooming"},"content":{"rendered":"<p><a href=\"https:\/\/sisu.ut.ee\/wp-content\/uploads\/sites\/108\/jaan_tooming_peeter_tooming.jpg\" target=\"_self\" rel=\"noopener\"><img decoding=\"async\" style=\"float: right; width: 200px; height: 243px;\" title=\"Photo: Peeter Tooming\" src=\"https:\/\/sisu.ut.ee\/wp-content\/uploads\/sites\/108\/jaan_tooming_peeter_tooming.jpg\" alt=\"Jaan Tooming\"><\/a><\/p>\n<p><span style=\"color: #000000;\"><span style=\"font-size: 13px;\"><span style=\"font-family: Verdana,Geneva,sans-serif;\"><br>\nJaan Tooming (28 March 1946 \u2013 5 April 2024) was a theatre director, actor and writer.<\/span><\/span><\/span><\/p>\n<p><span style=\"color: #000000;\"><span style=\"font-size: 13px;\"><span style=\"font-family: Verdana,Geneva,sans-serif;\">Tooming was born in Tallinn as the son of writer <\/span><\/span><\/span><span style=\"font-size: 13px;\"><span style=\"font-family: Verdana,Geneva,sans-serif;\"><a title=\"\" href=\"https:\/\/sisu.ut.ee\/ewod\/t\/tooming\" data-url=\"https:\/\/sisu.ut.ee\/ewod\/t\/tooming\">Osvald Tooming<\/a><\/span><\/span><span style=\"color: #000000;\"><span style=\"font-size: 13px;\"><span style=\"font-family: Verdana,Geneva,sans-serif;\">. Jaan Tooming completed Tallinn Secondary School No. 7 in 1964 and in 1968 graduated from Tallinn State Conservatoire in the speciality of drama.<\/span><\/span><\/span><\/p>\n<p><span style=\"color: #000000;\"><span style=\"font-size: 13px;\"><span style=\"font-family: Verdana,Geneva,sans-serif;\">From 1968\u20131969, he was an actor at the Estonian Youth Theatre, from 1969\u20132009, actor and director of the Vanemuine Theatre, from 1979\u20131983 also artistic director of the Ugala Theatre. In 1972\u20131976 and 1985\u20131989, Tooming (together with \u00dclo Vilimaa) taught the Vanemuine Theatre Studio. The main part of his creative activity was associated with Tartu. In 2005, Tooming founded the Sagar Sagitta Theatre.<\/span><\/span><\/span><\/p>\n<p><span style=\"color: #000000;\"><span style=\"font-size: 13px;\"><span style=\"font-family: Verdana,Geneva,sans-serif;\">He also directed plays in Finland and Germany, television plays (<em>Eluj\u00f5gi<\/em> \u2013 \u2018River of Life\u2019, 1970; <em>Ebajumal<\/em> \u2013 \u2018Idol\u2019, 1991) and films (<em>V\u00e4rvilised unen\u00e4od<\/em> \u2013 \u2018Colourful Dreams\u2019, in cooperation with Virve Aruoja, 1975, Tallinnfilm; <em>P\u00f5rgup\u00f5hja uus Vanapagan<\/em> \u2013 \u2018The Misadventures of the New Satan\u2019, 1978; <em>Mees ja m\u00e4nd<\/em> \u2013 \u2018Man and Pine\u2019, 1980, both Eesti Telefilm) and played in films. Tooming was a member of the Estonian Theatre Union from 1977, Estonian Directors\u2019 and Dramaturgs\u2019 Union from 1993 and Estonian Writers\u2019 Union from 2009 until his death. His brother was photographer Peeter Tooming, his son is philosopher Uku Tooming.<\/span><\/span><\/span><\/p>\n<p><span style=\"color: #000000;\"><span style=\"font-size: 13px;\"><span style=\"font-family: Verdana,Geneva,sans-serif;\">Jaan Tooming\u2019s poems appeared under the pseudonym of Lapard in the journal <em>Looming<\/em> from 1972. His first poetry collection <em>Rist on kasvanud k\u00f5iksusest l\u00e4bi<\/em> (\u2018The Cross has Grown through the Universe\u2019) appeared in 1999. Works of literature in different styles and several genres followed: a \u201cnotebook novel\u201d, collections of poetry and essays. He published numerous articles on cultural themes and social criticism.\u00a0 Like his theatrical productions, his written texts are characterised by expressivity and revolt against everything low and mediocre. Jaan Tooming mentioned <\/span><\/span><\/span><span style=\"font-size: 13px;\"><span style=\"font-family: Verdana,Geneva,sans-serif;\"><a title=\"\" href=\"https:\/\/sisu.ut.ee\/ewod\/m\/ukumasing\" data-url=\"https:\/\/sisu.ut.ee\/ewod\/m\/ukumasing\">Uku Masing<\/a><\/span><\/span><span style=\"color: #000000;\"><span style=\"font-size: 13px;\"><span style=\"font-family: Verdana,Geneva,sans-serif;\">\u2019s strong influence on his creation and personality.<\/span><\/span><\/span><\/p>\n<p><span style=\"color: #000000;\"><span style=\"font-size: 13px;\"><span style=\"font-family: Verdana,Geneva,sans-serif;\">In 2001, Tooming received the Order of the White Star, Class 4; in 2004, the year the Estonian National Culture Foundation Lifetime Achievement Award; in 2012, the Estonian National Lifetime Achievement Award for Culture.<\/span><\/span><\/span><\/p>\n<p><em><span style=\"color: #000000;\"><span style=\"font-size: 13px;\"><span style=\"font-family: Verdana,Geneva,sans-serif;\">L. P. (Translated by I. A.)<\/span><\/span><\/span><\/em><\/p>\n<p><strong><span style=\"font-size: 16px;\"><span style=\"color: #000000;\"><span style=\"font-family: Verdana,Geneva,sans-serif;\"><br>\nBooks in Estonian<\/span><\/span><\/span><\/strong><\/p>\n<p><span style=\"color: #000000;\"><span style=\"font-size: 13px;\"><span style=\"font-family: Verdana,Geneva,sans-serif;\"><strong><em>Poetry<\/em><\/strong><br>\n<strong>Rist on kasvanud k\u00f5iksusest l\u00e4bi<\/strong>. Tallinn: Logos, 1999. 63 lk.<br>\n<strong>Huum<\/strong>: luule ja lausumised 1975\u20132005. Tartu: Ilmamaa, 2006. 135 lk.<br>\n<strong>Yles- ja allavoolu<\/strong>: m\u00f5tisklusi v\u00e4rsis ja proosas, enamik kirja pandud 20. sajandi viimasel k\u00fcmnendil ja 21. sajandi algul. Tartu: Johannes Esto \u00dching, 2009. 182 lk.<\/span><\/span><\/span><\/p>\n<p><span style=\"color: #000000;\"><span style=\"font-size: 13px;\"><span style=\"font-family: Verdana,Geneva,sans-serif;\"><strong><em>Prose<\/em><\/strong><br>\n<strong>Hommikum\u00f5lgutused<\/strong>: pojale Ukule. Tartu: Johannes Esto \u00dching, 2007. 48 lk.<br>\n<strong>Teekond m\u00e4e s\u00fcdamesse<\/strong>: m\u00e4rkmikromaan. Tallinn: Varrak, 2007. 165 lk.<br>\n<strong>Valge pilv ja rohuk\u00f5rs<\/strong>: aastal\u00f5pu 10 m\u00f5lgutust [m\u00f5tisklused, laulud, killud, palved]. Tartu: Johannes Esto \u00dching, 2007. 55 lk.<\/span><\/span><\/span><\/p>\n<p><span style=\"color: #000000;\"><span style=\"font-size: 13px;\"><span style=\"font-family: Verdana,Geneva,sans-serif;\"><strong><em>Essays<\/em><\/strong><br>\n<strong>Religioossed motiivid minu loomingus<\/strong>. Tallinn: Eesti Teatriliit, 2011. 269 lk.<br>\n<strong>Teater kui saladus: \u0161amaanid, n\u00e4itlejad, n\u00e4idendid<\/strong>. Tartu: Ilmamaa, 2015. 173 lk.<\/span><\/span><\/span><\/p>\n","protected":false},"excerpt":{"rendered":"<p>Jaan Tooming (28 March 1946 \u2013 5 April 2024) was a theatre director, actor and writer. Tooming was born in Tallinn as the son of writer Osvald Tooming. Jaan Tooming completed Tallinn Secondary School No. 7 in 1964 and in &#8230;<\/p>\n","protected":false},"author":43,"featured_media":0,"parent":709,"menu_order":0,"comment_status":"closed","ping_status":"closed","template":"","meta":{"_acf_changed":false,"inline_featured_image":false,"footnotes":""},"class_list":["post-2100","page","type-page","status-publish","hentry"],"acf":[],"_links":{"self":[{"href":"https:\/\/sisu.ut.ee\/ewod\/wp-json\/wp\/v2\/pages\/2100","targetHints":{"allow":["GET"]}}],"collection":[{"href":"https:\/\/sisu.ut.ee\/ewod\/wp-json\/wp\/v2\/pages"}],"about":[{"href":"https:\/\/sisu.ut.ee\/ewod\/wp-json\/wp\/v2\/types\/page"}],"author":[{"embeddable":true,"href":"https:\/\/sisu.ut.ee\/ewod\/wp-json\/wp\/v2\/users\/43"}],"replies":[{"embeddable":true,"href":"https:\/\/sisu.ut.ee\/ewod\/wp-json\/wp\/v2\/comments?post=2100"}],"version-history":[{"count":2,"href":"https:\/\/sisu.ut.ee\/ewod\/wp-json\/wp\/v2\/pages\/2100\/revisions"}],"predecessor-version":[{"id":5548,"href":"https:\/\/sisu.ut.ee\/ewod\/wp-json\/wp\/v2\/pages\/2100\/revisions\/5548"}],"up":[{"embeddable":true,"href":"https:\/\/sisu.ut.ee\/ewod\/wp-json\/wp\/v2\/pages\/709"}],"wp:attachment":[{"href":"https:\/\/sisu.ut.ee\/ewod\/wp-json\/wp\/v2\/media?parent=2100"}],"curies":[{"name":"wp","href":"https:\/\/api.w.org\/{rel}","templated":true}]}}