{"id":21,"date":"2024-04-03T23:39:15","date_gmt":"2024-04-03T20:39:15","guid":{"rendered":"https:\/\/sisu.ut.ee\/ewod\/nonfiction\/"},"modified":"2024-04-04T00:11:15","modified_gmt":"2024-04-03T21:11:15","slug":"nonfiction","status":"publish","type":"page","link":"https:\/\/sisu.ut.ee\/ewod\/m\/maelo\/nonfiction\/","title":{"rendered":"Helmi M\u00e4elo &#8211; non-fiction"},"content":{"rendered":"<p><em><strong><span style=\"font-family: verdana, geneva;font-size: small\">Swedish<\/span><\/strong><\/em><br><span style=\"font-family: verdana, geneva;font-size: small\"><strong>Jag \u00e4lskar livet: Estland \u2013 Tyskland \u2013 Sverige: memoarer<\/strong>. \u00d6vers\u00e4ttning fr\u00e5n estniska av Meemo M\u00e4elo. Stockholm: LTs f\u00f6rlag (Bor\u00e5s: Centraltryckeriet), 1978, 198 pp. [Memoirs of Helmi M\u00e4elo.]<\/span><\/p>\n","protected":false},"excerpt":{"rendered":"<p>SwedishJag \u00e4lskar livet: Estland \u2013 Tyskland \u2013 Sverige: memoarer. \u00d6vers\u00e4ttning fr\u00e5n estniska av Meemo M\u00e4elo. Stockholm: LTs f\u00f6rlag (Bor\u00e5s: Centraltryckeriet), 1978, 198 pp. [Memoirs of Helmi M\u00e4elo.]<\/p>\n","protected":false},"author":43,"featured_media":0,"parent":2130,"menu_order":0,"comment_status":"closed","ping_status":"closed","template":"","meta":{"_acf_changed":false,"inline_featured_image":false,"footnotes":""},"class_list":["post-21","page","type-page","status-publish","hentry"],"acf":[],"_links":{"self":[{"href":"https:\/\/sisu.ut.ee\/ewod\/wp-json\/wp\/v2\/pages\/21","targetHints":{"allow":["GET"]}}],"collection":[{"href":"https:\/\/sisu.ut.ee\/ewod\/wp-json\/wp\/v2\/pages"}],"about":[{"href":"https:\/\/sisu.ut.ee\/ewod\/wp-json\/wp\/v2\/types\/page"}],"author":[{"embeddable":true,"href":"https:\/\/sisu.ut.ee\/ewod\/wp-json\/wp\/v2\/users\/43"}],"replies":[{"embeddable":true,"href":"https:\/\/sisu.ut.ee\/ewod\/wp-json\/wp\/v2\/comments?post=21"}],"version-history":[{"count":1,"href":"https:\/\/sisu.ut.ee\/ewod\/wp-json\/wp\/v2\/pages\/21\/revisions"}],"predecessor-version":[{"id":5056,"href":"https:\/\/sisu.ut.ee\/ewod\/wp-json\/wp\/v2\/pages\/21\/revisions\/5056"}],"up":[{"embeddable":true,"href":"https:\/\/sisu.ut.ee\/ewod\/wp-json\/wp\/v2\/pages\/2130"}],"wp:attachment":[{"href":"https:\/\/sisu.ut.ee\/ewod\/wp-json\/wp\/v2\/media?parent=21"}],"curies":[{"name":"wp","href":"https:\/\/api.w.org\/{rel}","templated":true}]}}