{"id":2091,"date":"2024-04-03T23:42:29","date_gmt":"2024-04-03T20:42:29","guid":{"rendered":"https:\/\/sisu.ut.ee\/ewod\/ots\/"},"modified":"2024-04-04T00:05:23","modified_gmt":"2024-04-03T21:05:23","slug":"ots","status":"publish","type":"page","link":"https:\/\/sisu.ut.ee\/ewod\/o\/ots\/","title":{"rendered":"Loone Ots"},"content":{"rendered":"<p>\n\t<strong><span style=\"font-size:16px\"><span style=\"font-family:Verdana,Geneva,sans-serif\"><a data-url=\"https:\/\/sisu.ut.ee\/ewod\/o\/ots\/plays\" href=\"https:\/\/sisu.ut.ee\/ewod\/o\/ots\/plays\" title=\"\">Plays<\/a><\/span><\/span><\/strong>\n<\/p>\n<p>\n\t<strong><span style=\"font-size:16px\"><span style=\"font-family:Verdana,Geneva,sans-serif\"><a data-url=\"https:\/\/sisu.ut.ee\/ewod\/o\/ots\/nonfiction\" href=\"https:\/\/sisu.ut.ee\/ewod\/o\/ots\/nonfiction\" title=\"\">Non-fiction<\/a><\/span><\/span><\/strong>\n<\/p>\n<p>\n\t\u00a0\n<\/p>\n<p style=\"margin-bottom:0.28cm\" align=\"left\">\n\t<span style=\"color:#000000\"><span style=\"font-size:13px\"><span style=\"font-family:Verdana,Geneva,sans-serif\"><span style=\"line-height:108%\"><span style=\"font-weight:normal\">Loone Ots <\/span>(until 1993 Kaust, b. 31. XII 1965) is an author and scholar of folklore and literature.<\/span><\/span><\/span><\/span>\n<\/p>\n<p style=\"margin-bottom:0.28cm\" align=\"left\">\n\t<span style=\"color:#000000\"><span style=\"font-size:13px\"><span style=\"font-family:Verdana,Geneva,sans-serif\"><span style=\"line-height:108%\">She was born and educated in Tallinn and studied Estonian language and literature at the University of Tartu (graduated in 1990). At the university she obtained a master\u2019s degree in folklore studies (1993: \u201cDr. Oskar Kallas\u2019 life and work\u201d) and a doctorate in pedagogy (1999: \u201cA study package for multicultural education on the model of Estonian literature\u201d). She has been a lecturer in Baltic Studies at the University of Tartu and at the Tallinn Pedagogical University, and chief editor at the Maurus publishing house. She is a member of the Estonian Union of Stage Directors and Dramaturges, the Estonian Writers\u2019 Union and the Karl Ristikivi Society. She has held the chair of the Richard Wagner Society in Tartu and the Estonian League for the Protection of Children. In the play competition run by the Estonian Theatre Agency she won a special mention for <i>Koidula veri <\/i>(\u2018Koidula\u2019s Blood\u2019) in 2005, <i>Libahunt <\/i>(\u2018The Werewolf\u2019) in 2009 and <i>Gerondid ehk L\u00f5pp <\/i>(\u2018The Old Farts, or The End\u2019) in 2015.<\/span><\/span><\/span><\/span>\n<\/p>\n<p style=\"margin-bottom:0.28cm\" align=\"left\">\n\t<span style=\"color:#000000\"><span style=\"font-size:13px\"><span style=\"font-family:Verdana,Geneva,sans-serif\"><span style=\"line-height:108%\">Ots\u2019 range is wide: popular scientific literature, children\u2019s books, teaching materials, poetry, plays. She is more widely known for her plays with a historical and\/or cultural-historical background, which have been called pseudo-documentary dramas. Basing her works on facts, and skilfully using comic elements, she presents alternative, public-friendly versions of history and\/or cultural history. For instance, she has written about Jaan Poska, Jaan T\u00f5nisson, Karl Ristikivi (<i>\u00dcksainus Araabia \u00f6\u00f6 \u2013 \u2018<\/i>One Single Arabian Night\u2019 -, <i>Karl Ristikivi p\u00f5lev lipp, \u2018<\/i>Karl Ristikivi\u2019s Burning Flag\u2019). <i>Birkenruh\u2019 episood <\/i>(\u2018The Birkenruh Episode\u2019) concentrates on the quartet of associates Carl Hacker, Friedebert Tuglas, Artur Adson and Marie Under in summer 1917. Wider attention was paid to her first play, dealing the fixed myth about Koidula, <i>Koidula veri<\/i> (2005), which is based on the claim by Juhan Liiv, which was regarded as mad, that he was the progeny of Lydia Koidula and the Russian Tsar, and therefore the king of Poland.<\/span><\/span><\/span><\/span>\n<\/p>\n<p style=\"margin-bottom:0.28cm\" align=\"left\">\n\t<span style=\"color:#000000\"><span style=\"font-size:13px\"><span style=\"font-family:Verdana,Geneva,sans-serif\"><span style=\"line-height:108%\">The book of reminiscences <i>Mustam\u00e4e valss <\/i>(\u2018Mustam\u00e4e Waltz\u2019, 2012), in the Petrone Print series \u2018Aja lood\u2019 (\u2018Stories of the Time\u2019) casts a look at the world of one suburb and its residents from the late sixties to the eighties. Against a background of images of the era and its conditions, laced with humour and satire, the development of one young person is revealed. In the successful \u2018My\u2026\u2019 series from the same publisher, <i>Minu Odessa <\/i>(\u2018My Odessa\u2019, 2020) offers an insight into both the writer and Ukraine\u2019s culture and lifestyle.<\/span><\/span><\/span><\/span>\n<\/p>\n<p style=\"margin-bottom:0.28cm\" align=\"left\">\n\t<span style=\"color:#000000\"><em><span style=\"font-size:13px\"><span style=\"font-family:Verdana,Geneva,sans-serif\"><span style=\"line-height:108%\">A. K. (Translated by C. M.)<\/span><\/span><\/span><\/em><\/span>\n<\/p>\n<p><span style=\"color:#000000\"><span style=\"font-size:16px\"><span style=\"font-family: Verdana, Geneva, sans-serif\"><strong>Books in Estonian<\/strong><\/span><\/span><\/span>\n<\/p>\n<p>\n\t<span style=\"color:#000000\"><span style=\"font-size:13px\"><span style=\"font-family:Verdana,Geneva,sans-serif\"><strong><em>Plays<\/em><\/strong><br><strong>Carmen Alexandrinum. Kuidas s\u00fcndis eesti luule<\/strong>. N\u00e4idendi saksa keelde t\u00f5lkinud Liis Kolle. Tallinn: Lohengrin, 2010, 127 lk. [Paralleeltekst saksa keeles.]<br><strong>Koidula veri ja teisi n\u00e4idendeid<\/strong>. Tallinn: Eesti Keele Sihtasutus, 2010, 351 lk. [Sisu: \u2018Koidula veri\u2019, \u2018Libuhunt\u2019, \u2018Eriman, ehk, Kolm kuulsust Firenzes\u2019, \u2018Muumitroll ja Malaparte\u2019, \u2018Valgre ja vaenlased\u2019.]<br><strong>Birkenruh\u2019 episood ja teisi n\u00e4idendeid<\/strong>. Tallinn: Eesti Keele Sihtasutus, 2016, 357 lk.<\/span><\/span><\/span>\n<\/p>\n<p>\n\t<span style=\"color:#000000\"><span style=\"font-size:13px\"><span style=\"font-family:Verdana,Geneva,sans-serif\"><strong><em>Poems<\/em><\/strong><br><strong>Elu ooperis<\/strong>. Tallinn: L. Ots, 2001, 67 lk.<br><strong>Klaviir<\/strong>. Tallinn: Huma, 2004, 77 lk.<\/span><\/span><\/span>\n<\/p>\n<p>\n\t<span style=\"color:#000000\"><span style=\"font-size:13px\"><span style=\"font-family:Verdana,Geneva,sans-serif\"><strong><em>Children\u2019s stories<\/em><\/strong><br><strong>Taaveti meheteod neetud k\u00fclas. Suur seiklus vana aja Eestis<\/strong>. Tallinn: Menu Kirjastus; Eesti Vaba\u00f5humuuseum, 2014, 80 lk. [E-raamat: 2014.]<br><strong>Lumise metsa r\u00f5\u00f5m, ehk, Kuidas Sass ja Laura kuuske toomas k\u00e4isid<\/strong>. Tallinn: Menu Kirjastus, 2015, 69 lk.<br><strong>Kasvuhoonekoerad<\/strong>. Tartu: Petrone Print, 2017, 184 lk. [E-raamat: 2017.]<\/span><\/span><\/span>\n<\/p>\n<p>\n\t<span style=\"color:#000000\"><span style=\"font-size:13px\"><span style=\"font-family:Verdana,Geneva,sans-serif\"><strong><em>Non-fiction<\/em><\/strong><br><strong>Eesti kroonil kroonitud. Meie krooni ilu ja sisu<\/strong>. Tallinn: Menu Kirjastus, 2010, 191 lk.<br>Loone Ots, Marko Kulver, <strong>Esimene eesti kokaraamat. Valik retsepte aastast 1781<\/strong>. Tallinn: Menu Kirjastus, 2011, 303 lk.<br><strong>Eesti riigipead<\/strong>. Tallinn: Menu Kirjastus, 2012, 191 lk.<br><strong>Mustam\u00e4e valss<\/strong>. Tartu: Petrone Print, 2012, 288 lk. [M\u00e4lestused. E-raamat: 2012.]<br><strong>Kalli kassi klassika<\/strong>. Tallinn: Menu Kirjastus, 2013, 247 lk.<br><strong>Lugusid kuulsatest eestlastest<\/strong>. Tallinn: Menu, 2016, 186 lk.\u00a0<br><strong>KaleidosCoop. 115 aastat \u00fchistegevust Eestis<\/strong>. Tallinn: Menu Meedia; COOP Eesti, 2017, 287 lk.<br><strong>Kuulsad ja naljakad eestlased. 250 t\u00f5estis\u00fcndinud lugu<\/strong>. Tallinn: Rahva Raamat, 2017, 240 lk. [E-raamat: 2017.]<br>Juhani P\u00fcttsepp, Loone Ots, <strong>Kultuurilooline Raadi<\/strong>. Fotod: Ingmar Muusikus. Tallinn: Hea Lugu, 2018, 311 lk.<br><strong>Oh h\u00f5iska ja tantsi!. 150 aastat Eesti \u00fcldlaulu- ja tantsupidusid = Oh, sing out and dance!. 150 years of the Estonian song and dance celebration<\/strong>. T\u00f5lkija Hilary Bird. Tallinn: Menu Meedia, 2019, 270 lk. [Eesti ja inglise keeles.]<\/span><\/span><\/span><\/p>\n","protected":false},"excerpt":{"rendered":"<p>Plays Non-fiction \u00a0 Loone Ots (until 1993 Kaust, b. 31. XII 1965) is an author and scholar of folklore and literature. She was born and educated in Tallinn and studied Estonian language and literature at the University of Tartu (graduated &#8230;<\/p>\n","protected":false},"author":43,"featured_media":0,"parent":663,"menu_order":0,"comment_status":"closed","ping_status":"closed","template":"","meta":{"_acf_changed":false,"inline_featured_image":false,"footnotes":""},"class_list":["post-2091","page","type-page","status-publish","hentry"],"acf":[],"_links":{"self":[{"href":"https:\/\/sisu.ut.ee\/ewod\/wp-json\/wp\/v2\/pages\/2091","targetHints":{"allow":["GET"]}}],"collection":[{"href":"https:\/\/sisu.ut.ee\/ewod\/wp-json\/wp\/v2\/pages"}],"about":[{"href":"https:\/\/sisu.ut.ee\/ewod\/wp-json\/wp\/v2\/types\/page"}],"author":[{"embeddable":true,"href":"https:\/\/sisu.ut.ee\/ewod\/wp-json\/wp\/v2\/users\/43"}],"replies":[{"embeddable":true,"href":"https:\/\/sisu.ut.ee\/ewod\/wp-json\/wp\/v2\/comments?post=2091"}],"version-history":[{"count":1,"href":"https:\/\/sisu.ut.ee\/ewod\/wp-json\/wp\/v2\/pages\/2091\/revisions"}],"predecessor-version":[{"id":2980,"href":"https:\/\/sisu.ut.ee\/ewod\/wp-json\/wp\/v2\/pages\/2091\/revisions\/2980"}],"up":[{"embeddable":true,"href":"https:\/\/sisu.ut.ee\/ewod\/wp-json\/wp\/v2\/pages\/663"}],"wp:attachment":[{"href":"https:\/\/sisu.ut.ee\/ewod\/wp-json\/wp\/v2\/media?parent=2091"}],"curies":[{"name":"wp","href":"https:\/\/api.w.org\/{rel}","templated":true}]}}