{"id":2085,"date":"2024-04-03T23:42:28","date_gmt":"2024-04-03T20:42:28","guid":{"rendered":"https:\/\/sisu.ut.ee\/ewod\/ivask\/"},"modified":"2024-04-04T00:05:25","modified_gmt":"2024-04-03T21:05:25","slug":"ivask","status":"publish","type":"page","link":"https:\/\/sisu.ut.ee\/ewod\/i\/ivask\/","title":{"rendered":"Ivar Ivask"},"content":{"rendered":"<p><strong style=\"line-height: 1.6em\"><span style=\"font-family: verdana,geneva;font-size: medium\"><a style=\"line-height: 1.6em\" href=\"https:\/\/sisu.ut.ee\/ewod\/i\/ivask\/poems\">Poems<\/a><a href=\"\/wp-content\/uploads\/sites\/108\/ivask_ivar.jpg\"><span style=\"line-height: 1.6em\"><img loading=\"lazy\" decoding=\"async\" style=\"float: right\" src=\"\/wp-content\/uploads\/sites\/108\/ivar_ivask_2.jpg\" alt=\"Ivar Ivask\" width=\"200\" height=\"265\"><\/span><\/a><a style=\"line-height: 1.6em\" href=\"https:\/\/sisu.ut.ee\/ewod\/i\/ivask\/poems\"><\/a><\/span><\/strong><\/p>\n<p><a href=\"https:\/\/sisu.ut.ee\/ewod\/i\/ivask\/nonfiction\"><strong style=\"line-height: 1.6em\"><span style=\"font-family: verdana,geneva;font-size: medium\">Non-fiction<\/span><\/strong><\/a><\/p>\n<p><a href=\"https:\/\/sisu.ut.ee\/ewod\/i\/ivask\/about\"><strong style=\"line-height: 1.6em\"><span style=\"font-family: verdana,geneva;font-size: medium\">About\u00a0Ivar Ivask<\/span><\/strong><\/a><\/p>\n<p><span style=\"font-size: small\"><strong style=\"line-height: 1.6em\"><span style=\"font-family: verdana, geneva\"><\/span><\/strong><\/span><\/p>\n<p><span style=\"font-family: verdana, geneva\">Ivar Vidrik Ivask (17. XII 1927 \u2013 23. IX 1992) was an Estonian poet, essayist, literary scholar and critic, as well as an artist, one of the most distinguished literary figures in exile.<\/span><span style=\"font-family: verdana, geneva\"><\/span><\/p>\n<p>He was born in Riga to a Latvian father and an Estonian mother; his home language was German. He married a Latvian, Astr\u012bde Hartmane (who became Astr\u012bde Ivaska). His emotional ties to Estonia stemmed mostly from his childhood summers at R\u014dngu. Ivar Ivask studied at Estonian-, Latvian- and German-language schools in Riga. In 1944 he escaped with his father from the war to Germany, where he studied firstly at the Estonian Gymnasium in Wiesbaden, and then German studies, comparative literature and art history at the University of Marburg (1946-1949). After that he settled in the United States of America. After his retirement from his university career he and his wife moved to the village of Fountainstown in Ireland, where he died. His remains are buried in R\u014dngu cemetery.<br>\u00a0<br>In 1953 Ivask defended his doctoral thesis on Hugo von Hofmannsthal at the University of Minnesota. He worked at St. Olaf\u2019s College, Northfield, Minnesota, as a lecturer in German language and literature (1953-1966) and as a professor at the University of Oklahoma (1967-1991). His field of research was primarily German literature, as well as world literature and comparative literature.<br>\u00a0<br>While at the University of Oklahoma he became the editor-in-chief of the journal <em>World Literature Today<\/em> (previously <em>Books Abroad<\/em>). Through him, and by him, more than 300 critical articles about Estonian works of literature appeared in its pages, as well as articles on Estonian literature.<br>\u00a0<br>He belonged to the Estonian Writers\u2019 Union Abroad, the Estonian PEN Club, the Wellesto group, as well as several foreign writers\u2019 organizations. He was one of the founders of the Associations for the Advancement of Baltic Studies (AABS) and its president in 1979-1980.<br>\u00a0<br>In 1974 he won the Henrik Visnapuu Literature Prize for his collection <em>Oktoober Oklahomas<\/em> (\u2018October in Oklahoma\u2019); in 1975 he won the Estonian Cultural Foundation (USA) prize; and in 1983 he became a Commander of the Order of the Lion of Finland, for promoting Finnish literature in the international arena.<br>\u00a0<br>Collections of his poetry and of his articles have been published.<br>\u00a0<br>Ivask\u2019s poetry, which is an expression of his identity, is intellectual but sincere, philosophical, meditative, and engaged with nature and culture. His poetic creation began with free verse in German (the collection <em>Gespiegelte Erde<\/em>, New York 1967), modelled on Rainer Maria Rilke. Thereafter he transferred to writing in Estonian. One leading motif of his poetry is the \u201cveranda\u201d of his remembered R\u014dngu, but he was also influenced by his travels in Europe, including his emotional response to Finland. He illustrated his own and his wife\u2019s poetry collections, and subsequently his art (drawings, collages) was collected for exhibition.<\/p>\n<p>In exile he wrote in Estonian, German and English.<br>\u00a0<br>He compiled and wrote an introduction to Bernard Kangro\u2019s poetry collection <em>Ajatu m\u00e4lestus<\/em> (\u2018Timeless memory\u2019, 1960) and edited the texts of other exiled writers, such as Ivar Gr\u00fcnthal\u2019s 1964 multilingual poetry collection, as well as the proceedings of the first congress of Baltic studies in Maryland in 1968.<br>\u00a0<br>In addition to the theme of Estonian literature, he published studies and reviews of Austrian, German, Spanish, Latvian and Lithuanian literature, collaborated on encyclopaedias, as well as monographs and edited collections. At his initiative the Neustadt international prize for literature was established, as well as the series of Puterbaugh literature conferences.<br><span style=\"font-family: verdana, geneva\">\u00a0<\/span><span style=\"font-family: verdana,geneva;font-size: medium\"><br><em><span style=\"font-size: small\">M. K. (Translated by C. M.)<\/span><\/em><span style=\"font-size: small\"><\/span><\/span><\/p>\n<p><span style=\"font-family: verdana,geneva;font-size: medium\"><em><span style=\"font-size: small\"><\/span><\/em><\/span><\/p>\n<p><strong><span style=\"font-family: verdana, geneva\"><span style=\"font-size: small\">Books in Estonian<\/span><\/span><\/strong><span style=\"font-family: verdana, geneva\"><em><span style=\"font-size: small\"><\/span><\/em><\/span><span style=\"font-family: verdana,geneva;font-size: medium\"><em><span style=\"font-size: small\"><\/span><\/em><\/span><\/p>\n<p><strong><span style=\"font-size: small\"><em>Poems<\/em> <\/span><\/strong><span style=\"font-size: small\"><br><strong>T\u00e4htede t\u00e4hendus<\/strong>. Lund: Eesti Kirjanike Kooperatiiv, 1964, 71 lk. <br><strong>P\u00e4ev astub kukesammul<\/strong>. Lund: Eesti Kirjanike Kooperatiiv, 1966, 88 lk. <br><strong>Ajaloo aiad<\/strong>. Lund: Eesti Kirjanike Kooperatiiv, 1970, 108 lk. <br><strong>Oktoober Oklahomas<\/strong>. Lund: Eesti Kirjanike Kooperatiiv, 1973, 112 lk. <br><strong>Verikivi<\/strong>. Lund: Eesti Kirjanike Kooperatiiv, 1976, 86 lk. <br><strong>Elukogu<\/strong>. Lund: Eesti Kirjanike Kooperatiiv, 1978, 319 lk. <br><strong>Verandaraamat<\/strong>. Lund: Eesti Kirjanike Kooperatiiv, 1981, 72 lk; \u00a0<br><strong>T\u00e4nus\u00f5nu<\/strong>. Lund: Eesti Kirjanike Kooperatiiv, 1987, 72 lk. <br><strong>Verandaraamat ja teisi luuletusi<\/strong>. Tallinn: Eesti Raamat, 1990, 455 lk. [<span style=\"font-family: verdana,geneva;font-size: medium\"><span style=\"font-size: small\">Valikkogu.]<\/span><\/span><br>Astride ja Ivask,<strong> R\u00e4ndav j\u00e4rv: Valitud luuletused<\/strong>. K<span style=\"font-family: verdana,geneva;font-size: medium\"><span style=\"font-size: small\">oostanud ja toimetanud Livia Viitol; t<\/span><\/span>\u00f5lkinud Ivar Ivask, Viiu H\u00e4rm, Ita Saks, Marie Under ja Livia Viitol; <span style=\"font-family: verdana,geneva;font-size: medium\"><span style=\"font-size: small\">eess\u00f5na: Anna \u017digure. <\/span><\/span>Tallinn: Eesti Keele Sihtasutus, 2002, 94 lk. <\/span><\/p>\n<p><strong><em>Essays, articles<\/em>,<em> correspondence<\/em><\/strong><br><strong>Akadeemia kirjades. Ants Orase ja Ivar Ivaski kirjavahetus 1957\u20131981<\/strong>. Koostanud ja saates\u00f5na: Sirje Olesk. Tartu: Eesti Kirjandusmuuseum, 1997, 379 lk.<strong><br>T\u00e4htede t\u00e4hendust tunda<\/strong>. Koostanud ja saates\u00f5na J\u00fcri Talvet. Tartu: Ilmamaa, 2003, 568 lk. [Sari \u2018Eesti m\u00f5ttelugu\u2019.]<br><strong>Olla need, kes me oleme. Katkeid p\u00e4evikutest aastatel 1964-1992<\/strong>. Koostanud ja kommenteerinud Sirje Olesk. Tartu: Eesti Kirjandusmuuseum, 2007, 139 lk. <br><strong>Hetked igavikust. Meelisklusi maailma kirjanduselust<\/strong>. Koostanud ja saates\u00f5na J\u00fcri Talvet. Tartu: Ilmamaa, 2010, 384 lk.<\/p>\n<p><strong><em>About Ivar Ivask<\/em><\/strong><br><strong>Ivar Ivaski personaalbibliograafia<\/strong>. Koostanud Mari Tarvas. Tallinn: Keel ja Kirjandus, 2006, 120 lk.<\/p>\n","protected":false},"excerpt":{"rendered":"<p>Poems Non-fiction About\u00a0Ivar Ivask Ivar Vidrik Ivask (17. XII 1927 \u2013 23. IX 1992) was an Estonian poet, essayist, literary scholar and critic, as well as an artist, one of the most distinguished literary figures in exile. He was born &#8230;<\/p>\n","protected":false},"author":43,"featured_media":0,"parent":609,"menu_order":0,"comment_status":"closed","ping_status":"closed","template":"","meta":{"_acf_changed":false,"inline_featured_image":false,"footnotes":""},"class_list":["post-2085","page","type-page","status-publish","hentry"],"acf":[],"_links":{"self":[{"href":"https:\/\/sisu.ut.ee\/ewod\/wp-json\/wp\/v2\/pages\/2085","targetHints":{"allow":["GET"]}}],"collection":[{"href":"https:\/\/sisu.ut.ee\/ewod\/wp-json\/wp\/v2\/pages"}],"about":[{"href":"https:\/\/sisu.ut.ee\/ewod\/wp-json\/wp\/v2\/types\/page"}],"author":[{"embeddable":true,"href":"https:\/\/sisu.ut.ee\/ewod\/wp-json\/wp\/v2\/users\/43"}],"replies":[{"embeddable":true,"href":"https:\/\/sisu.ut.ee\/ewod\/wp-json\/wp\/v2\/comments?post=2085"}],"version-history":[{"count":1,"href":"https:\/\/sisu.ut.ee\/ewod\/wp-json\/wp\/v2\/pages\/2085\/revisions"}],"predecessor-version":[{"id":2994,"href":"https:\/\/sisu.ut.ee\/ewod\/wp-json\/wp\/v2\/pages\/2085\/revisions\/2994"}],"up":[{"embeddable":true,"href":"https:\/\/sisu.ut.ee\/ewod\/wp-json\/wp\/v2\/pages\/609"}],"wp:attachment":[{"href":"https:\/\/sisu.ut.ee\/ewod\/wp-json\/wp\/v2\/media?parent=2085"}],"curies":[{"name":"wp","href":"https:\/\/api.w.org\/{rel}","templated":true}]}}