{"id":2083,"date":"2024-04-03T23:42:28","date_gmt":"2024-04-03T20:42:28","guid":{"rendered":"https:\/\/sisu.ut.ee\/ewod\/sannakartau\/"},"modified":"2024-04-04T00:05:25","modified_gmt":"2024-04-03T21:05:25","slug":"sannakartau","status":"publish","type":"page","link":"https:\/\/sisu.ut.ee\/ewod\/k\/sannakartau\/","title":{"rendered":"Sanna Kartau"},"content":{"rendered":"<p>\n\t<a href=\"https:\/\/sisu.ut.ee\/wp-content\/uploads\/sites\/108\/sanna_kartau_kris_moor.jpeg\" target=\"_self\" rel=\"noopener\"><img decoding=\"async\" alt=\"Sanna Kartau\" src=\"https:\/\/sisu.ut.ee\/wp-content\/uploads\/sites\/108\/sanna_kartau_kris_moor_vaike.jpg\" style=\"float: right;width: 300px;height: 453px\" title=\"Photo: Kris Moor\"><\/a><\/p>\n<p>Sanna Kartau (born 25 November 1993) is a poet, artist and journalist.\n<\/p>\n<p>\n\tKartau was born in Tallinn. He completed Tallinn Rocca al Mare School in 2012 and graduated from Tallinn University in 2012 with a BA in sociology. In her school years, Kartau was chief editor of the Rocca al Mare School newspaper <em>Casus Belli<\/em>. After completing her studies of sociology, she lived in Germany for five years. In 2021, Kartau\u2019s poems were published in the anthology of a Berlin creative writing community, The Sundays Book, among the works of 29 poets. From 2021-2023, Sanna Kartau was the culture editor of the newspaper <em>M\u00fc\u00fcrileht<\/em>.\n<\/p>\n<p>\n\tSanna Kartau\u2019s first poetry collection <em>Ma h\u00e4\u00e4letan selle s\u00f5ja poolt oma kehaga<\/em> (\u2018I Vote for This War with My Body\u2019) appeared in 2022. The book reveals Kartau\u2019s attempts to break through disagreements, injustice and chaos. The lyrical protagonist of the book values sincerity in interaction and relations, the naturality acquired in childhood. Partly, the author has drawn inspiration from abroad.\n<\/p>\n<p>\n\tAs an artist, Kartau mainly realises her visions as a performance artist, using poetry, field recordings, storytelling and movement to conceptualize the topics of gender, loss, privacy and porousness of self. She has performed at various festivals and art spaces in Estonia.\n<\/p>\n<p>\n\tIn 2022, Kartau received the Annual Award of the journal <em>V\u00e4rske R\u00f5hk<\/em> in the category of poetry. In the same year she received the Betti Alver Debut Prize for her debut poetry collection.\n<\/p>\n<p>\n\t<em>L. P. (Translated by I. A.)<\/em>\n<\/p>\n<p><strong><span style=\"font-size:16px\">Books in Estonian<\/span><\/strong>\n<\/p>\n<p>\n\t<strong><em>Poetry<\/em><\/strong><br><strong>Ma h\u00e4\u00e4letan selle s\u00f5ja poolt oma kehaga<\/strong>. Tallinn: Tuum, 2022, 82 lk.<\/p>\n","protected":false},"excerpt":{"rendered":"<p>Sanna Kartau (born 25 November 1993) is a poet, artist and journalist. Kartau was born in Tallinn. He completed Tallinn Rocca al Mare School in 2012 and graduated from Tallinn University in 2012 with a BA in sociology. In her &#8230;<\/p>\n","protected":false},"author":43,"featured_media":0,"parent":498,"menu_order":0,"comment_status":"closed","ping_status":"closed","template":"","meta":{"_acf_changed":false,"inline_featured_image":false,"footnotes":""},"class_list":["post-2083","page","type-page","status-publish","hentry"],"acf":[],"_links":{"self":[{"href":"https:\/\/sisu.ut.ee\/ewod\/wp-json\/wp\/v2\/pages\/2083","targetHints":{"allow":["GET"]}}],"collection":[{"href":"https:\/\/sisu.ut.ee\/ewod\/wp-json\/wp\/v2\/pages"}],"about":[{"href":"https:\/\/sisu.ut.ee\/ewod\/wp-json\/wp\/v2\/types\/page"}],"author":[{"embeddable":true,"href":"https:\/\/sisu.ut.ee\/ewod\/wp-json\/wp\/v2\/users\/43"}],"replies":[{"embeddable":true,"href":"https:\/\/sisu.ut.ee\/ewod\/wp-json\/wp\/v2\/comments?post=2083"}],"version-history":[{"count":1,"href":"https:\/\/sisu.ut.ee\/ewod\/wp-json\/wp\/v2\/pages\/2083\/revisions"}],"predecessor-version":[{"id":2992,"href":"https:\/\/sisu.ut.ee\/ewod\/wp-json\/wp\/v2\/pages\/2083\/revisions\/2992"}],"up":[{"embeddable":true,"href":"https:\/\/sisu.ut.ee\/ewod\/wp-json\/wp\/v2\/pages\/498"}],"wp:attachment":[{"href":"https:\/\/sisu.ut.ee\/ewod\/wp-json\/wp\/v2\/media?parent=2083"}],"curies":[{"name":"wp","href":"https:\/\/api.w.org\/{rel}","templated":true}]}}