{"id":208,"date":"2024-04-03T23:39:30","date_gmt":"2024-04-03T20:39:30","guid":{"rendered":"https:\/\/sisu.ut.ee\/ewod\/stories-et-31\/"},"modified":"2024-04-04T00:10:43","modified_gmt":"2024-04-03T21:10:43","slug":"stories","status":"publish","type":"page","link":"https:\/\/sisu.ut.ee\/ewod\/s\/selli\/stories\/","title":{"rendered":"Tiia Selli &#8211; children&#8217;s stories"},"content":{"rendered":"<p><strong><span style=\"font-family: verdana, geneva;font-size: medium\">Books<\/span><\/strong><\/p>\n<p><strong><em><span style=\"font-family: verdana, geneva\">Latvian<\/span><\/em><\/strong><br><span style=\"font-family: verdana, geneva\">T\u012ba Selli, <strong>Mia ir priec\u012bga<\/strong>. M\u0101ksliniece Katrina \u0112rliha; no igau\u0146u valodas tulkojusi Maima Gr\u012bnberga. R\u012bga: J\u0101\u0146a Rozes apg\u0101ds, 2017, 34 pp. [\u2018R\u00f5\u00f5mus Miia\u2019.]<\/span><\/p>\n","protected":false},"excerpt":{"rendered":"<p>Books LatvianT\u012ba Selli, Mia ir priec\u012bga. M\u0101ksliniece Katrina \u0112rliha; no igau\u0146u valodas tulkojusi Maima Gr\u012bnberga. R\u012bga: J\u0101\u0146a Rozes apg\u0101ds, 2017, 34 pp. [\u2018R\u00f5\u00f5mus Miia\u2019.]<\/p>\n","protected":false},"author":43,"featured_media":0,"parent":198,"menu_order":0,"comment_status":"closed","ping_status":"closed","template":"","meta":{"_acf_changed":false,"inline_featured_image":false,"footnotes":""},"class_list":["post-208","page","type-page","status-publish","hentry"],"acf":[],"_links":{"self":[{"href":"https:\/\/sisu.ut.ee\/ewod\/wp-json\/wp\/v2\/pages\/208","targetHints":{"allow":["GET"]}}],"collection":[{"href":"https:\/\/sisu.ut.ee\/ewod\/wp-json\/wp\/v2\/pages"}],"about":[{"href":"https:\/\/sisu.ut.ee\/ewod\/wp-json\/wp\/v2\/types\/page"}],"author":[{"embeddable":true,"href":"https:\/\/sisu.ut.ee\/ewod\/wp-json\/wp\/v2\/users\/43"}],"replies":[{"embeddable":true,"href":"https:\/\/sisu.ut.ee\/ewod\/wp-json\/wp\/v2\/comments?post=208"}],"version-history":[{"count":1,"href":"https:\/\/sisu.ut.ee\/ewod\/wp-json\/wp\/v2\/pages\/208\/revisions"}],"predecessor-version":[{"id":4869,"href":"https:\/\/sisu.ut.ee\/ewod\/wp-json\/wp\/v2\/pages\/208\/revisions\/4869"}],"up":[{"embeddable":true,"href":"https:\/\/sisu.ut.ee\/ewod\/wp-json\/wp\/v2\/pages\/198"}],"wp:attachment":[{"href":"https:\/\/sisu.ut.ee\/ewod\/wp-json\/wp\/v2\/media?parent=208"}],"curies":[{"name":"wp","href":"https:\/\/api.w.org\/{rel}","templated":true}]}}