{"id":2070,"date":"2024-04-03T23:42:27","date_gmt":"2024-04-03T20:42:27","guid":{"rendered":"https:\/\/sisu.ut.ee\/ewod\/oeun\/"},"modified":"2024-04-04T00:05:26","modified_gmt":"2024-04-03T21:05:26","slug":"oeun","status":"publish","type":"page","link":"https:\/\/sisu.ut.ee\/ewod\/oe\/oeun\/","title":{"rendered":"Voldemar \u00d5un"},"content":{"rendered":"<p>\n\t<a href=\"https:\/\/sisu.ut.ee\/ewod\/oe\/oeun\/about\"><span style=\"font-family: verdana, geneva\"><strong><span style=\"font-size: medium\">About Voldemar \u00d5un<\/span><\/strong><\/span><\/a>\n<\/p>\n<p>\u00a0\n<\/p>\n<p style=\"margin-bottom:0.08in\">\n\t<span style=\"font-size:13px\"><span style=\"font-family:Verdana,Geneva,sans-serif\"><span style=\"color:#000000\"><span style=\"line-height:150%\"><font style=\"12pt\">Voldemar \u00d5un (pseudonym Mardikas, 7 I 1893 \/ 26 XII 1892 \u2013 4 I 1986) was a prose writer.<\/font><\/span><\/span><\/span><\/span>\n<\/p>\n<p style=\"margin-bottom:0.08in\">\n\t<span style=\"font-size:13px\"><span style=\"font-family:Verdana,Geneva,sans-serif\"><span style=\"color:#000000\"><span style=\"line-height:150%\"><font style=\"12pt\">\u00d5un was born and attended school in Tallinn and graduated from the Faculty of Law at the University of Tartu in 1937. He held several jobs related to law, being, for example, secretary to the Chancellor of Justice of the Republic of Estonia. In 1944, he left for Sweden where he worked in factories and died in Gothenburg, being buried in Kviberg Cemetery there.<\/font><\/span><\/span><\/span><\/span>\n<\/p>\n<p style=\"margin-bottom:0.08in\">\n\t<span style=\"font-size:13px\"><span style=\"font-family:Verdana,Geneva,sans-serif\"><span style=\"color:#000000\"><span style=\"line-height:150%\"><font style=\"12pt\">Voldemar \u00d5un entered literature under the pseudonym of Mardikas receiving the third prize for his novel <i>Tint<\/i> (\u2018Ink\u2019, 1938) and the first prize for <i>Konarlik tee<\/i> (\u2018Bumpy Road\u2019, 1939) at the novel competition of the Loodus publishing house. The novels unveil the world of officials and lawyers with its various ethical problems. The central character in both novels is Alfred Niilep, at the beginning a law student, later a lawyer, whose life and career are followed. Niinep is also the protagonist of the novel <i>Uus evangeelium<\/i> (\u2018New Gospel\u2019, I\u2013II, 1953), which is set against the background of the epoch-making events of 1940 and 1941. The lawyer\u2019s view dissects the essence of the Soviet society, sometimes with pungent satire. The violent and inhumane nature of the new regime is revealed without illusions. <\/font><\/span><\/span><\/span><\/span>\n<\/p>\n<p style=\"margin-bottom:0.08in\">\n\t<span style=\"font-size:13px\"><span style=\"font-family:Verdana,Geneva,sans-serif\"><span style=\"color:#000000\"><span style=\"line-height:150%\"><font style=\"12pt\">The absurdity of the Soviet regime and the so-called (wo)man in the street being caught in the cogwheels of the large machinery is also the theme of the novel <i>Viis paari susse<\/i> (\u2018Five Pairs of Slippers\u2019, 1952). The action takes place in Leningrad of the 1930s where, during a campaign against profiteers, an old woman who has sold five pairs of slippers at a market is stigmatised as dangerous element and convicted to prison for several years.<\/font><\/span><\/span><\/span><\/span>\n<\/p>\n<p style=\"margin-bottom:0.08in\">\n\t<span style=\"font-size:13px\"><span style=\"font-family:Verdana,Geneva,sans-serif\"><span style=\"color:#000000\"><span style=\"line-height:150%\"><font style=\"12pt\">\u00d5un\u2019s characteristic features are business-like realism and good development of the plot; psychological depiction of characters is of smaller significance. <\/font><\/span><\/span><\/span><\/span>\n<\/p>\n<p style=\"margin-bottom:0.08in\">\n\t<span style=\"font-size:13px\"><span style=\"font-family:Verdana,Geneva,sans-serif\"><span style=\"color:#000000\"><span style=\"line-height:150%\"><font style=\"12pt\"><i>A. K. (Translated by I. A.)<\/i><\/font><\/span><\/span><\/span><\/span>\n<\/p>\n<p style=\"margin-bottom:0.08in\">\n<\/p><p><span style=\"font-size:16px\"><span style=\"font-family:Verdana,Geneva,sans-serif\"><span style=\"color:#000000\"><span style=\"line-height:150%\"><font style=\"12pt\"><b>Books in Estonian<\/b><\/font><\/span><\/span><\/span><\/span>\n<\/p>\n<p style=\"margin-bottom:0.08in\">\n\t<span style=\"font-size:13px\"><span style=\"font-family:Verdana,Geneva,sans-serif\"><span style=\"color:#000000\"><span style=\"line-height:150%\"><font style=\"12pt\"><em><b>Novels<\/b><\/em><br>Mardikas, <strong>Tint<\/strong>. Tartu, Tallinn, 1938, 340 lk. [2 tr\u00fckk: 2015.]<br>Mardikas, <strong>Konarlik tee<\/strong>. Tartu, Tallinn: Loodus, 1939, 373 lk. [2 tr\u00fckk: 2016.]<br><strong>Viis paari susse: \u00fcks N\u00f5ukogude lugu<\/strong>. Lund: Eesti Kirjanike Kooperatiiv, 1952, 287 lk.<br><strong>Uus evangeelium. 1. kd<\/strong>. Lund: Eesti Kirjanike Kooperatiiv, 1953, 334 lk. [J\u00e4rgmised tr\u00fckid: 2009, 2019.]<br><strong>Uus evangeelium. 2. kd<\/strong>. Lund: Eesti Kirjanike Kooperatiiv, 1953, 310 lk. [J\u00e4rgmised tr\u00fckid: 2009, 2019.]<\/font><\/span><\/span><\/span><\/span><\/p>\n","protected":false},"excerpt":{"rendered":"<p>About Voldemar \u00d5un \u00a0 Voldemar \u00d5un (pseudonym Mardikas, 7 I 1893 \/ 26 XII 1892 \u2013 4 I 1986) was a prose writer. \u00d5un was born and attended school in Tallinn and graduated from the Faculty of Law at the &#8230;<\/p>\n","protected":false},"author":43,"featured_media":0,"parent":756,"menu_order":0,"comment_status":"closed","ping_status":"closed","template":"","meta":{"_acf_changed":false,"inline_featured_image":false,"footnotes":""},"class_list":["post-2070","page","type-page","status-publish","hentry"],"acf":[],"_links":{"self":[{"href":"https:\/\/sisu.ut.ee\/ewod\/wp-json\/wp\/v2\/pages\/2070","targetHints":{"allow":["GET"]}}],"collection":[{"href":"https:\/\/sisu.ut.ee\/ewod\/wp-json\/wp\/v2\/pages"}],"about":[{"href":"https:\/\/sisu.ut.ee\/ewod\/wp-json\/wp\/v2\/types\/page"}],"author":[{"embeddable":true,"href":"https:\/\/sisu.ut.ee\/ewod\/wp-json\/wp\/v2\/users\/43"}],"replies":[{"embeddable":true,"href":"https:\/\/sisu.ut.ee\/ewod\/wp-json\/wp\/v2\/comments?post=2070"}],"version-history":[{"count":1,"href":"https:\/\/sisu.ut.ee\/ewod\/wp-json\/wp\/v2\/pages\/2070\/revisions"}],"predecessor-version":[{"id":2999,"href":"https:\/\/sisu.ut.ee\/ewod\/wp-json\/wp\/v2\/pages\/2070\/revisions\/2999"}],"up":[{"embeddable":true,"href":"https:\/\/sisu.ut.ee\/ewod\/wp-json\/wp\/v2\/pages\/756"}],"wp:attachment":[{"href":"https:\/\/sisu.ut.ee\/ewod\/wp-json\/wp\/v2\/media?parent=2070"}],"curies":[{"name":"wp","href":"https:\/\/api.w.org\/{rel}","templated":true}]}}