{"id":2065,"date":"2024-04-03T23:42:26","date_gmt":"2024-04-03T20:42:26","guid":{"rendered":"https:\/\/sisu.ut.ee\/ewod\/novels-et-107\/"},"modified":"2024-04-04T00:05:29","modified_gmt":"2024-04-03T21:05:29","slug":"novels","status":"publish","type":"page","link":"https:\/\/sisu.ut.ee\/ewod\/n\/helganou\/novels\/","title":{"rendered":"Helga N\u00f5u &#8211; novels"},"content":{"rendered":"<p>\n\t<strong><span style=\"font-family: verdana, geneva;font-size: medium\">Books<\/span><\/strong>\n<\/p>\n<p>\n\t<em><strong><span style=\"font-family: verdana, geneva\">Latvian<\/span><\/strong><\/em><br><span style=\"font-family: verdana, geneva\">Helga Neu, <strong>Sestais pirksts<\/strong>. No igaunu valodas tulkojis Druvis \u0100brams; ilustr\u0101cijas: I. Jur\u0137ele. R\u012bg\u0101: Lauku Av\u012bze, 2010, 191 pp. [\u2019Kuues s\u00f5rm\u2019, a young adult novel.]<\/span>\n<\/p>\n<p>\n\t<em><strong><span style=\"font-family: verdana, geneva\">Swedish<\/span><\/strong><\/em><br><span style=\"font-family: verdana, geneva\"><strong>Ode till en skjuten r\u00e4v<\/strong>. \u00d6vers\u00e4ttning: Enel Melberg. Stockholm: Tranan, 2007, 341 pp. [\u2019Ood lastud rebasele\u2019.]<\/span>\n<\/p>\n<p>\n\t<br><span style=\"font-family: verdana, geneva\"><strong><span style=\"font-size:16px\">In anthologies and magazines<\/span><\/strong><\/span>\n<\/p>\n<p>\n\t<span style=\"font-family: verdana, geneva\"><strong><em>English<\/em><\/strong><br><strong>In the Eye of the Wolf<\/strong>. \u2013 Baltic Belles. The Dedalus Book of Estonian Women\u2019s Literature. Edited by Elle-Mari Talivee; translated by Adam Cullen, Eva Finch, Jason Finch, Christopher Moseley. Sawtry: Dedalus, 2018, 234 pp. [\u2018Hundi silmas\u2019. See <\/span><strong><span style=\"font-family:Verdana,Geneva,sans-serif\"><a data-url=\"https:\/\/sisu.ut.ee\/ewod\/anthologies\/english\/balticbelles\" href=\"https:\/\/sisu.ut.ee\/ewod\/anthologies\/english\/balticbelles\" title=\"\">contents<\/a><\/span><\/strong><span style=\"font-family: verdana, geneva\"> of the anthology.]<\/span><\/p>\n","protected":false},"excerpt":{"rendered":"<p>Books LatvianHelga Neu, Sestais pirksts. No igaunu valodas tulkojis Druvis \u0100brams; ilustr\u0101cijas: I. Jur\u0137ele. R\u012bg\u0101: Lauku Av\u012bze, 2010, 191 pp. [\u2019Kuues s\u00f5rm\u2019, a young adult novel.] SwedishOde till en skjuten r\u00e4v. \u00d6vers\u00e4ttning: Enel Melberg. Stockholm: Tranan, 2007, 341 pp. [\u2019Ood &#8230;<\/p>\n","protected":false},"author":43,"featured_media":0,"parent":1085,"menu_order":0,"comment_status":"closed","ping_status":"closed","template":"","meta":{"_acf_changed":false,"inline_featured_image":false,"footnotes":""},"class_list":["post-2065","page","type-page","status-publish","hentry"],"acf":[],"_links":{"self":[{"href":"https:\/\/sisu.ut.ee\/ewod\/wp-json\/wp\/v2\/pages\/2065","targetHints":{"allow":["GET"]}}],"collection":[{"href":"https:\/\/sisu.ut.ee\/ewod\/wp-json\/wp\/v2\/pages"}],"about":[{"href":"https:\/\/sisu.ut.ee\/ewod\/wp-json\/wp\/v2\/types\/page"}],"author":[{"embeddable":true,"href":"https:\/\/sisu.ut.ee\/ewod\/wp-json\/wp\/v2\/users\/43"}],"replies":[{"embeddable":true,"href":"https:\/\/sisu.ut.ee\/ewod\/wp-json\/wp\/v2\/comments?post=2065"}],"version-history":[{"count":1,"href":"https:\/\/sisu.ut.ee\/ewod\/wp-json\/wp\/v2\/pages\/2065\/revisions"}],"predecessor-version":[{"id":3014,"href":"https:\/\/sisu.ut.ee\/ewod\/wp-json\/wp\/v2\/pages\/2065\/revisions\/3014"}],"up":[{"embeddable":true,"href":"https:\/\/sisu.ut.ee\/ewod\/wp-json\/wp\/v2\/pages\/1085"}],"wp:attachment":[{"href":"https:\/\/sisu.ut.ee\/ewod\/wp-json\/wp\/v2\/media?parent=2065"}],"curies":[{"name":"wp","href":"https:\/\/api.w.org\/{rel}","templated":true}]}}