{"id":2056,"date":"2024-04-03T23:42:25","date_gmt":"2024-04-03T20:42:25","guid":{"rendered":"https:\/\/sisu.ut.ee\/ewod\/saluri\/"},"modified":"2024-04-04T00:05:31","modified_gmt":"2024-04-03T21:05:31","slug":"saluri","status":"publish","type":"page","link":"https:\/\/sisu.ut.ee\/ewod\/s\/saluri\/","title":{"rendered":"Rein Saluri"},"content":{"rendered":"<p>\n\t<span style=\"line-height: 1.6em;font-size: medium;font-family: verdana, geneva\"><strong><a href=\"https:\/\/sisu.ut.ee\/ewod\/s\/saluri\/stories\" style=\"line-height: 1.6em\">Short stories<\/a><\/strong>\u00a0<a href=\"https:\/\/sisu.ut.ee\/wp-content\/uploads\/sites\/108\/c-156-9_rein_saluri_kalju_suur.jpg\" target=\"_self\" rel=\"noopener\"><img decoding=\"async\" alt=\"Rein Saluri\" src=\"https:\/\/sisu.ut.ee\/wp-content\/uploads\/sites\/108\/rein_saluri_kalju_suur_vaike.jpg\" style=\"float: right;width: 200px;height: 302px\" title=\"Photo: Kalju Suur (Tallinn)\"><\/a><\/span>\n<\/p>\n<p>\n\t<a href=\"https:\/\/sisu.ut.ee\/ewod\/s\/saluri\/plays\"><strong><span style=\"font-size: medium;font-family: verdana, geneva\">Plays<\/span><\/strong><\/a>\n<\/p>\n<p>\n\t<a href=\"https:\/\/sisu.ut.ee\/ewod\/s\/saluri\/about\"><strong><span style=\"font-size: medium;font-family: verdana, geneva\">About Rein Saluri<\/span><\/strong><\/a>\n<\/p>\n<p><span style=\"color:#000000\"><span style=\"font-size:13px\"><span style=\"font-family:Verdana,Geneva,sans-serif\">Rein Saluri (22. IX 1939 \u2013 13. X 2023) was an Estonian writer, most of whose work consists of stories and plays. In the internal monologues in his works he reveals the recesses of his characters\u2019 minds, indicating haunting or oppressive situations in their backgrounds. Saluri frequently deals with the themes of identity, memory, the past and home(lessness), and touches on broader existential, social and ecological problems.<\/span><\/span><\/span><\/p>\n<p>Rein Saluri was born in the village of Tammiku in Salla parish, Virumaa county. In 1946 his farming family was deported to Siberia. Saluri\u2019s schooling began at Tammiku village school, continued in Tobolsk, and from 1951, when he came back to Estonia, at Otep\u00e4\u00e4 and Tartu secondary schools. From 1959 to 1964 he studied biology at the University of Tartu, and as a postgraduate in genetics at the University of Leningrad from 1964 to 1966. Saluri\u2019s work as a journalist began in 1967 in the editorial office of the popular science journal <em>Horisont<\/em>. A year later he became chief secretary at the journal for young people <em>Noorus<\/em>, which in the nineteen-sixties he turned into the standard-bearer of the reforming movement in literature. With his colleagues, Saluri promoted the idea of organising the <em>Noorus<\/em> summer camps for literature. From 1972 to 1975 he was literary editor at the Tallinn Drama Theatre. Later he worked as a freelance author and alternately in the editorial office of <em>Looming<\/em> and on the board of the Writers\u2019 Union. Since 1974 until his death Saluri belonged to the Writers\u2019 Union; in 1988 he became a Merited Writer of the Estonian SSR. From 1962 to 1989 he was a member of the Communist Party of the Soviet Union.<br>\u00a0<br>Saluri began his literary activity in his schooldays, when he published stories on subjects from nature in school almanacs and in the newspaper <em>Edasi<\/em>. His works started consistently appearing in the second half of the sixties. Critical attention was aroused at that time by the short story <em>Krahvi poeg<\/em> (\u2018The Count\u2019s Son\u2019, 1968). Saluri\u2019s first prose pieces experimented around psychological modernism. They depict an astonishing landscape of consciousness to the male protagonist, in which the real and the ghostly are blended, operating in different time-frames. The present-time topic is confused with the protagonist\u2019s urge to dig into the past, to seek for traces of truth out of the times of war and Stalinism. The pressure associated with the past speaks through the identity of the protagonist, but it speaks of indirect and generalized national memory. Saluri\u2019s earlier mental-intuitive prose is gathered in the collections <em>M\u00e4lu<\/em> (\u2018Memory\u2019, 1972) and <em>K\u00f5nelused<\/em> (\u2018Talks\u2019, 1976). Thereafter, alongside the shorter pieces, there began to appear longer narratives, such as <em>Puus\u00f5da<\/em> (\u2018The Tree-War\u2019, 1985) or cycles of stories. Internal monologue is framed by the narrative topic: in addition to the main protagonist, there are more subsidiary protagonists, and alongside the existential themes there are searches for an ethical stance and ecological problems, such as alienation from nature. In some texts, such as <em>Mees teab<\/em> (\u2018The Man Knows\u2019, 1979) and <em>Kala metsas<\/em> (\u2018Fish in a Forest\u2019, 1981) he contrasts an ethical and naturalistic attitude to life with an urban and adaptive, compromising attitude. In the spirit of making matters public in the time of transition, he conveys the psychological climate of the Stalin era in the short story <em>5.3.53<\/em> (1987) and the play <em>Minek<\/em> (\u2018Going\u2019), on the subject of the deportations. The compilation <em>Koguja<\/em> (\u2018The Collector\u2019, 1990) represented a breakthrough in his prose creation.<br>\u00a0<br>In the nineteen-seventies Saluri also became known as a playwright. The themes are the same as in his stories. The staging of the play <em>K\u00fclalised<\/em> (\u2018The Visitors\u2019) at the Drama Theatre on Tallinn became a theatrical event in itself. His other plays that have been staged \u2013 <em>Kes ma olen?<\/em> (\u2018Who Am I?\u2019), <em>Poiste s\u00f5idud<\/em> (\u2018The Boys\u2019 Journeys\u2019), <em>Lasteaiaonu<\/em> (\u2018The Kindergarten Uncle\u2019), <em>Kadunud isa<\/em> (\u2018The Lost Father\u2019) and <em>Minek<\/em> attracted attention. Over time, a playfulness and tragicomic sense has crept into the dialogue texts, with a more laconic style.<br>\u00a0<br>Saluri also wrote numerous stories about animals and birds for children, criticism and press articles about literature, as well as radio plays and dramatisations, and translated fiction from Russian and English. The collection <em>Katked<\/em> (\u2018Fragments\u2019) contains marginalia as well has his personal memoirs.<br>\u00a0<br>Saluri was awarded three Friedbert Tuglas short story prizes for his works <em>M\u00e4lu<\/em> (1972), <em>L\u00f5imetishoole<\/em> (\u2018Care of the Brood\u2019, 1981) and <em>5.3.53<\/em> (1987), and three of the annual Juhan Smuul literatury prizes for the play <em>Poiste s\u00f5idud<\/em> (in 1977), the prose collections <em>Uksed lahti, uksed kinni<\/em>\u00a0 (\u2018Doors Open, Doors Closed\u2019) and <em>Kala metsas<\/em> (in 1982) and for the play <em>Minek<\/em> (in 1989).<\/p>\n<p><em>I. S. (Translated by C. M.)<\/em>\n<\/p>\n<p><span style=\"color:#000000\"><span style=\"font-size:13px\"><span style=\"font-family:Verdana,Geneva,sans-serif\"><strong>Books in Estonian<\/strong><\/span><\/span><\/span><\/p>\n<p><strong><em>Short prose<\/em> <\/strong><br><strong>M\u00e4lu<\/strong>. Tallinn: Eesti Raamat, 1972, 134 lk. [Jutud.]<br><strong>K\u00f5nelused 1972\u20131974<\/strong>. Tallinn: Eesti Raamat, 1976, 175 lk.\u00a0 [Jutud, \u2018Poiste s\u00f5da\u2019 (n\u00e4idend).]<br><strong>Mees teab<\/strong>. Tallinn: Perioodika (Loomingu Raamatukogu), 1979, 56 lk.<br><strong>Rebane r\u00e4\u00e4sta all<\/strong>. Tallinn: Eesti Raamat, 1979, 180 lk. [Jutud, n\u00e4idendid.]<br><strong>Kala metsas<\/strong>. Tallinn: Perioodika (Loomingu Raamatukogu), 1981, 47 lk.\u00a0<br><strong>Uksed lahti, uksed kinni<\/strong>. Tallinn: Eesti Raamat, 1981, 213 lk. [Jutud.]<br><strong>\u00dcks, kaks ja korraga: kolm lugu<\/strong>. Tallinn, Eesti Raamat, 1983, 136 lk.<br><strong>Puus\u00f5da<\/strong>. Tallinn: Eesti Raamat, 1985, 240 lk. [Jutud.]<br><strong>Vaikne elu<\/strong>. Tallinn: Eesti Raamat, 1988, 140 lk. [Jutud, n\u00e4idend.]<br><strong>Naised ja loomad<\/strong>. Tallinn: Varrak, 1996, 78 lk. [Jutud.]<br><strong>Katked: (1958\u20131999)<\/strong>. Tallinn: Perioodika (Loomingu Raamatukogu), 1999, 72 lk.<strong> <\/strong>\n<\/p>\n<p>\n\t<span style=\"color:#000000\"><span style=\"font-size:13px\"><span style=\"font-family:Verdana,Geneva,sans-serif\"><strong><em>Children\u2019s books<\/em> <\/strong><br><strong>Kuidas: k\u00fcmme lugu Annele ja Kadrile<\/strong>. Tallinn: Eesti Raamat, 1977, 44 lk. \u00a0<br><strong>Koduloomad<\/strong>. Tallinn: Eesti Raamat, 1978, 32 lk. \u00a0<br><strong>Konnad ja maod<\/strong>. Tallinn: Eesti Raamat, 1979, 20 lk.<br><strong>Linnud<\/strong>. Tallinn: Eesti Raamat, 1981, 47 lk. \u00a0<br><strong>Metsloomad<\/strong>. Tallinn: Eesti Raamat, 1982, 47 lk. \u00a0<br><strong>\u00dched loomad k\u00f5ik<\/strong>. Tallinn: Valgus, 1998, 67 lk.<\/span><\/span><\/span>\n<\/p>\n<p>\n\t<span style=\"color:#000000\"><span style=\"font-size:13px\"><span style=\"font-family:Verdana,Geneva,sans-serif\"><strong><em>Plays \u00a0<\/em><\/strong><br><strong>K\u00fclalised: n\u00e4idend 2 vaatuses<\/strong>. Tallinn: Perioodika (Loomingu Raamatukogu), 1974, 48 lk. [2. tr\u00fckk: 1989.]<br><strong>K\u00f5nelused 1972\u20131974<\/strong>. Tallinn: Eesti Raamat, 1976, 175 lk.\u00a0 [Jutud, \u2018Poiste s\u00f5da\u2019 (n\u00e4idend).]<br><strong>Rebane r\u00e4\u00e4sta all<\/strong>. Tallinn: Eesti Raamat, 1979, 180 lk. [Jutud, n\u00e4idendid.]<br><strong>Vaikne elu<\/strong>. Tallinn: Eesti Raamat, 1988, 140 lk. [Jutud, n\u00e4idend.]<br><strong>S\u00f5iduraamat<\/strong>. Tallinn: Eesti Raamat, 1989, 117 lk. [Sisu: \u2018Minek\u2019, \u2018Poiste s\u00f5idud\u2019, \u2018K\u00fclalised\u2019.]<br><strong>Tobukesed: kolm nukrat janti<\/strong>. Tallinn: Perioodika (Loomingu Raamatukogu), 1995, 78 lk. <\/span><\/span><\/span>\n<\/p>\n<p>\n\t<span style=\"color:#000000\"><span style=\"font-size:13px\"><span style=\"font-family:Verdana,Geneva,sans-serif\"><strong><em>Selected Works<\/em> <\/strong><br><strong>Koguja: valik tekste (1967\u20131987)<\/strong>. Tallinn: Eesti Raamat, 1990, 397 lk.<\/span><\/span><\/span><\/p>\n","protected":false},"excerpt":{"rendered":"<p>Short stories\u00a0 Plays About Rein Saluri Rein Saluri (22. IX 1939 \u2013 13. X 2023) was an Estonian writer, most of whose work consists of stories and plays. In the internal monologues in his works he reveals the recesses of &#8230;<\/p>\n","protected":false},"author":43,"featured_media":0,"parent":697,"menu_order":0,"comment_status":"closed","ping_status":"closed","template":"","meta":{"_acf_changed":false,"inline_featured_image":false,"footnotes":""},"class_list":["post-2056","page","type-page","status-publish","hentry"],"acf":[],"_links":{"self":[{"href":"https:\/\/sisu.ut.ee\/ewod\/wp-json\/wp\/v2\/pages\/2056","targetHints":{"allow":["GET"]}}],"collection":[{"href":"https:\/\/sisu.ut.ee\/ewod\/wp-json\/wp\/v2\/pages"}],"about":[{"href":"https:\/\/sisu.ut.ee\/ewod\/wp-json\/wp\/v2\/types\/page"}],"author":[{"embeddable":true,"href":"https:\/\/sisu.ut.ee\/ewod\/wp-json\/wp\/v2\/users\/43"}],"replies":[{"embeddable":true,"href":"https:\/\/sisu.ut.ee\/ewod\/wp-json\/wp\/v2\/comments?post=2056"}],"version-history":[{"count":1,"href":"https:\/\/sisu.ut.ee\/ewod\/wp-json\/wp\/v2\/pages\/2056\/revisions"}],"predecessor-version":[{"id":3025,"href":"https:\/\/sisu.ut.ee\/ewod\/wp-json\/wp\/v2\/pages\/2056\/revisions\/3025"}],"up":[{"embeddable":true,"href":"https:\/\/sisu.ut.ee\/ewod\/wp-json\/wp\/v2\/pages\/697"}],"wp:attachment":[{"href":"https:\/\/sisu.ut.ee\/ewod\/wp-json\/wp\/v2\/media?parent=2056"}],"curies":[{"name":"wp","href":"https:\/\/api.w.org\/{rel}","templated":true}]}}