{"id":2054,"date":"2024-04-03T23:42:25","date_gmt":"2024-04-03T20:42:25","guid":{"rendered":"https:\/\/sisu.ut.ee\/ewod\/nonfiction-et-90\/"},"modified":"2024-04-04T00:05:30","modified_gmt":"2024-04-03T21:05:30","slug":"nonfiction","status":"publish","type":"page","link":"https:\/\/sisu.ut.ee\/ewod\/g\/gutslaff\/nonfiction\/","title":{"rendered":"Johannes Gutslaff &#8211; non-fiction"},"content":{"rendered":"<p>\n\t<span style=\"font-family:Verdana,Geneva,sans-serif\"><span style=\"font-size:16px\"><strong>Books<\/strong><\/span><\/span>\n<\/p>\n<p>\n\t<span style=\"font-family:Verdana,Geneva,sans-serif\"><strong><em>German<\/em><\/strong><br><strong>Kurtzer Bericht und Unterricht Von der Falsch-heilig genandten B\u00e4che in Lieffland W\u00f6hhanda<\/strong>. Daraus die Unchristliche Abbrennunge der Sommerpahlschen M\u00fchlen geschehen ist. Aus Christlichem Eyfer, wegen des Unchristlichen und Heydnischen Aberglaubens gegeben Von Johanne Gutslaff, Pomer. Pastorn zu Urbs in Lieffland. Gedruckt zu Dorpt in Lieffland, bey Johan Vogeln, der K\u00f6nigl. Universit\u00e4t Buchdrucker, im Jahr 1644. Dorpat: [H. Ohm), 1644, 32+407 pp. [Available: <a data-url=\"http:\/\/hdl.handle.net\/10062\/25304\" href=\"http:\/\/hdl.handle.net\/10062\/25304\" target=\"_blank\" title=\"\" rel=\"noopener\">http:\/\/hdl.handle.net\/10062\/25304<\/a>.]<\/span><\/p>\n<p><strong><em>Latin<\/em><\/strong><br><strong>Observationes grammaticae circa linguam esthonicam = Grammatilisi vaatlusi eesti keelest<\/strong>. T\u00f5lkinud ja v\u00e4ljaande koostanud Marju Lepaj\u00f5e; toimetanud Jaak Peebo. Tartu \u00dclikooli eesti keele \u00f5ppetooli toimetised, nr 10, 1998, 340 lk.<br><strong>OBSERVATIONES GRAMMATICAE circa linguam ESTHONICAM<\/strong>. Judicia tentandi et experiendi causa in lucem editae a JOHANNE Gutslaff, Pastore zu Urbs. Dorpati Livonorum: Excudebat JOHANNES Vogel, 1648, 71 pp. [Available: <a data-url=\"http:\/\/hdl.handle.net\/10062\/10105\" href=\"http:\/\/hdl.handle.net\/10062\/10105\" target=\"_blank\" title=\"\" rel=\"noopener\">http:\/\/hdl.handle.net\/10062\/10105<\/a>.]<\/p>\n","protected":false},"excerpt":{"rendered":"<p>Books GermanKurtzer Bericht und Unterricht Von der Falsch-heilig genandten B\u00e4che in Lieffland W\u00f6hhanda. Daraus die Unchristliche Abbrennunge der Sommerpahlschen M\u00fchlen geschehen ist. Aus Christlichem Eyfer, wegen des Unchristlichen und Heydnischen Aberglaubens gegeben Von Johanne Gutslaff, Pomer. Pastorn zu Urbs in &#8230;<\/p>\n","protected":false},"author":43,"featured_media":0,"parent":1744,"menu_order":0,"comment_status":"closed","ping_status":"closed","template":"","meta":{"_acf_changed":false,"inline_featured_image":false,"footnotes":""},"class_list":["post-2054","page","type-page","status-publish","hentry"],"acf":[],"_links":{"self":[{"href":"https:\/\/sisu.ut.ee\/ewod\/wp-json\/wp\/v2\/pages\/2054","targetHints":{"allow":["GET"]}}],"collection":[{"href":"https:\/\/sisu.ut.ee\/ewod\/wp-json\/wp\/v2\/pages"}],"about":[{"href":"https:\/\/sisu.ut.ee\/ewod\/wp-json\/wp\/v2\/types\/page"}],"author":[{"embeddable":true,"href":"https:\/\/sisu.ut.ee\/ewod\/wp-json\/wp\/v2\/users\/43"}],"replies":[{"embeddable":true,"href":"https:\/\/sisu.ut.ee\/ewod\/wp-json\/wp\/v2\/comments?post=2054"}],"version-history":[{"count":1,"href":"https:\/\/sisu.ut.ee\/ewod\/wp-json\/wp\/v2\/pages\/2054\/revisions"}],"predecessor-version":[{"id":3023,"href":"https:\/\/sisu.ut.ee\/ewod\/wp-json\/wp\/v2\/pages\/2054\/revisions\/3023"}],"up":[{"embeddable":true,"href":"https:\/\/sisu.ut.ee\/ewod\/wp-json\/wp\/v2\/pages\/1744"}],"wp:attachment":[{"href":"https:\/\/sisu.ut.ee\/ewod\/wp-json\/wp\/v2\/media?parent=2054"}],"curies":[{"name":"wp","href":"https:\/\/api.w.org\/{rel}","templated":true}]}}