{"id":2046,"date":"2024-04-03T23:42:24","date_gmt":"2024-04-03T20:42:24","guid":{"rendered":"https:\/\/sisu.ut.ee\/ewod\/poems-et-285\/"},"modified":"2024-04-04T00:05:32","modified_gmt":"2024-04-03T21:05:32","slug":"poems","status":"publish","type":"page","link":"https:\/\/sisu.ut.ee\/ewod\/p\/pats\/poems\/","title":{"rendered":"Nikolai P\u00e4ts &#8211; poems"},"content":{"rendered":"<p><strong><span style=\"font-family: verdana, geneva;font-size: medium\">In anthologies and magazines<\/span><\/strong><\/p>\n<p><strong><em><span style=\"font-family: verdana, geneva\">Hungarian<\/span><\/em><\/strong><br><span style=\"font-family: verdana, geneva\"><strong>\u00c9szaki v\u00e1rt\u00e1n: \u00e9szt rokonaink irodalma<\/strong>. Szerkesztette [\u00e9s a bevezet\u00e9st \u00edrta] K\u00e9pes G\u00e9za; ill. F\u00e1y Dezs\u0151. Budapest: 1944, 129 pp. [See <strong><a href=\"https:\/\/sisu.ut.ee\/ewod\/anthologies\/hungarian\/eszaki\">contents<\/a><\/strong>.]<\/span><\/p>\n","protected":false},"excerpt":{"rendered":"<p>In anthologies and magazines Hungarian\u00c9szaki v\u00e1rt\u00e1n: \u00e9szt rokonaink irodalma. Szerkesztette [\u00e9s a bevezet\u00e9st \u00edrta] K\u00e9pes G\u00e9za; ill. F\u00e1y Dezs\u0151. Budapest: 1944, 129 pp. [See contents.]<\/p>\n","protected":false},"author":43,"featured_media":0,"parent":2039,"menu_order":0,"comment_status":"closed","ping_status":"closed","template":"","meta":{"_acf_changed":false,"inline_featured_image":false,"footnotes":""},"class_list":["post-2046","page","type-page","status-publish","hentry"],"acf":[],"_links":{"self":[{"href":"https:\/\/sisu.ut.ee\/ewod\/wp-json\/wp\/v2\/pages\/2046","targetHints":{"allow":["GET"]}}],"collection":[{"href":"https:\/\/sisu.ut.ee\/ewod\/wp-json\/wp\/v2\/pages"}],"about":[{"href":"https:\/\/sisu.ut.ee\/ewod\/wp-json\/wp\/v2\/types\/page"}],"author":[{"embeddable":true,"href":"https:\/\/sisu.ut.ee\/ewod\/wp-json\/wp\/v2\/users\/43"}],"replies":[{"embeddable":true,"href":"https:\/\/sisu.ut.ee\/ewod\/wp-json\/wp\/v2\/comments?post=2046"}],"version-history":[{"count":1,"href":"https:\/\/sisu.ut.ee\/ewod\/wp-json\/wp\/v2\/pages\/2046\/revisions"}],"predecessor-version":[{"id":3036,"href":"https:\/\/sisu.ut.ee\/ewod\/wp-json\/wp\/v2\/pages\/2046\/revisions\/3036"}],"up":[{"embeddable":true,"href":"https:\/\/sisu.ut.ee\/ewod\/wp-json\/wp\/v2\/pages\/2039"}],"wp:attachment":[{"href":"https:\/\/sisu.ut.ee\/ewod\/wp-json\/wp\/v2\/media?parent=2046"}],"curies":[{"name":"wp","href":"https:\/\/api.w.org\/{rel}","templated":true}]}}