{"id":204,"date":"2024-04-03T23:39:30","date_gmt":"2024-04-03T20:39:30","guid":{"rendered":"https:\/\/sisu.ut.ee\/ewod\/french\/"},"modified":"2024-04-04T00:10:42","modified_gmt":"2024-04-03T21:10:42","slug":"french","status":"publish","type":"page","link":"https:\/\/sisu.ut.ee\/ewod\/anthologies\/french\/","title":{"rendered":"Anthologies, special editions of journals &#8211; in French"},"content":{"rendered":"<p><span style=\"font-family: verdana, geneva;font-size: small\"><strong><strong>Nimed, s\u00f5nad, n\u00f5iam\u00e4rgid: 4x (4+4)x4= noor Eesti luule = Names, Words, Witch\u00b4s Symbols: 4x(4+4)x4 = Young Estonian Poetry<\/strong><\/strong>. Edited by J\u00fcrgen Rooste, translated by Luca Bonetti, Antoine Chalvin, Adam Cullen, Maarja Kangro, Reet Klettenberg, Uta K\u00fchrt, Hannu Oittinen, Monika Segesdi. Tallinn: Eesti Kirjanduse Teabekeskus \/ Eesti K\u00f6itekunstnike \u00dchendus, 2015, 144 pp. [Poems by Maria Lee, Veronika Kivisilla, Asko K\u00fcnnap, Maarja Kangro, Birk Rohelend, Igor Kotjuh, Kaur Riismaa and J\u00fcrgen Rooste in English, German, Russian, French, Finnish, Hungarian, Italian and Estonian.]<br><strong><span style=\"font-family: verdana, geneva;font-size: small\">Labyrinthes du r\u00e9el: \u00e9crivains estoniens <\/span>contemporains<\/strong>. Textes r\u00e9unis et pr\u00e9sent\u00e9s par Antoine Chalvin. Traduit de l\u2019estonien par Martin Carayol, Jean Pascal Ollivry, Antoine Chalvin\u2026 et al.\u00a0Paris: Maison des cultures du monde; Arles: Actes Sud; Qu\u00e9bec: Lem\u00e9ac, 2011, 219 pp. [Contents:\u00a0Les gars de chez Wikman \/ Jaan Kross. La disparition de K\u00f5tu \/ Madis K\u00f5iv. Le m\u00eame fleuve \/ Jaan Kaplinski. Le paradis \/ T\u00f5nu \u00d5nnepalu. Coeur d\u2019ours \/ Nikolai Baturin. Le lion sous les jasmins \/ Mati Unt. L\u2019int\u00e9r\u00eat humain pour le bonheur \/ Mati Unt. Un incident au th\u00e9\u00e2tre \/ Mati Unt. Anamn\u00e8se \/ J\u00fcri Ehlvest. Lettre de province \/ Jaan Undusk. Fatigue printani\u00e8re \/ Kerttu Rakke. Mon ami B. \/ Rein Raud. Le mariage de Mlle U. \/ Rein Raud. L\u2019artiste W. \/ Rein Raud. Le professeur P. \/ Rein Raud. L\u2019histoire d\u2019Oliver Helves \/ Mehis Heinsaar. Le spectre des bl\u00e9s \/ Indrek Hargla. Mon histoire d\u2019amour \/ Andrus Kivir\u00e4hk.]<strong><br>Petite anthologie de la po\u00e9sie estonienne<\/strong>. Po\u00e8mes choisis et traduits par Tarah Montb\u00e9lialtz. Paris: Association France-Estonie, 2011, 8 pp. [Poems by Artur Alliksaar, Viiu H\u00e4rm, Karl Ristikivi, Paul Rummo, Triin Soomets, Andra Teede, Leelo Tungal, Marie Under.]<br><span><strong>Les hirondelles: anthologie de nouvelles estoniennes contemporaines<\/strong>. Textes choisis et pr\u00e9sent\u00e9s par Antoine Chalvin; traduits de l\u2019estonien par Yves Avril, H\u00e9l\u00e8ne Challulau, Antoine Chalvin, Fanny Marchal, Jean-Pierre Minaudier, Jean-Luc Moreau et Jean Pascal Ollivry.\u00a0Caen: Presses Universitaires de Caen, 2002. 251 pp. [Contents:\u00a0Motacilla \/ Jaan Kross. L\u2019 homme au sac \u00e0 dos vert \/ Arvo Valton. Des roses pour du caf\u00e9 \/ Mats Traat. Le tremble \/ J\u00fcri Tuulik. Les hirondelles \/ Vaino Vahing. Le timbre et le baiser \/ Jaan Kaplinski. Retour aupr\u00e8s des grands rochers \/ Teet Kallas. Anniversaire \/ Mati Unt. L\u2019 Agence de r\u00e9gulation des mariages \/ Toomas Vint. La dame rococo \/ Maimu Berg. La grotte \/ Mari Saat. L\u2019 impr\u00e9vue \/ Eeva Park. La saga des Joppenbuch \/ Mihkel Mutt. Les gants \/ Ervin \u00d5unapuu. Signal d\u2019alarme \/ J\u00fcri Ehlvest. Un artiste \/ Andrus Kivir\u00e4hk. Ils vont vernir cette nuit! \/ Indrek Hargla. Comme n\u2019importe qui d\u2019autre \/ Kerttu Rakke. L\u2019 homme-papillon \/ Mehis Heinsaar.]<\/span><strong><br>Anthologie des conteurs estoniens<\/strong>. Pr\u00e9f. de L\u00e9on Pierre-Quint. Introd. de A. Oras. Trad. de B. Vilde, M. Navi-Bovet, R. Birck. Paris: Sagittaire, 1937, 254 pp. [Anthology of short stories. Contents: \u00a0A. Jakobson \u2019Les loups\u2019 (\u2019Hundid\u2019); M. J\u00fcrna \u2019Madame et son chien\u2019 (\u2019Madam ekstselents ja peni\u2019); A. Kivikas \u2019Tiluliluli\u2019; M. Metsanurk \u2019Maitre et domestique\u2019 (\u2019Peremees ja sulane\u2019); A. M\u00e4lk \u2019Les pr\u00e9sents de la mer\u2019 (\u2019Mere annid\u2019); F. Tuglas \u2019Popi et Huhuu\u2019 (\u2019Popi ja Huhuu\u2019); J. Semper \u2019Marguerites\u2019 (\u2019Karikakrad\u2019); P. Vallak \u2019Le m\u00e9chant bougre\u2019 (\u2018Vihapull\u2019); E. Vilde \u2019Casanova fait ses adieux\u2019 (\u2019Casanova j\u00e4tab jumalaga\u2019).]<\/span><\/p>\n","protected":false},"excerpt":{"rendered":"<p>Nimed, s\u00f5nad, n\u00f5iam\u00e4rgid: 4x (4+4)x4= noor Eesti luule = Names, Words, Witch\u00b4s Symbols: 4x(4+4)x4 = Young Estonian Poetry. Edited by J\u00fcrgen Rooste, translated by Luca Bonetti, Antoine Chalvin, Adam Cullen, Maarja Kangro, Reet Klettenberg, Uta K\u00fchrt, Hannu Oittinen, Monika Segesdi. &#8230;<\/p>\n","protected":false},"author":43,"featured_media":0,"parent":1214,"menu_order":0,"comment_status":"closed","ping_status":"closed","template":"","meta":{"_acf_changed":false,"inline_featured_image":false,"footnotes":""},"class_list":["post-204","page","type-page","status-publish","hentry"],"acf":[],"_links":{"self":[{"href":"https:\/\/sisu.ut.ee\/ewod\/wp-json\/wp\/v2\/pages\/204","targetHints":{"allow":["GET"]}}],"collection":[{"href":"https:\/\/sisu.ut.ee\/ewod\/wp-json\/wp\/v2\/pages"}],"about":[{"href":"https:\/\/sisu.ut.ee\/ewod\/wp-json\/wp\/v2\/types\/page"}],"author":[{"embeddable":true,"href":"https:\/\/sisu.ut.ee\/ewod\/wp-json\/wp\/v2\/users\/43"}],"replies":[{"embeddable":true,"href":"https:\/\/sisu.ut.ee\/ewod\/wp-json\/wp\/v2\/comments?post=204"}],"version-history":[{"count":1,"href":"https:\/\/sisu.ut.ee\/ewod\/wp-json\/wp\/v2\/pages\/204\/revisions"}],"predecessor-version":[{"id":4865,"href":"https:\/\/sisu.ut.ee\/ewod\/wp-json\/wp\/v2\/pages\/204\/revisions\/4865"}],"up":[{"embeddable":true,"href":"https:\/\/sisu.ut.ee\/ewod\/wp-json\/wp\/v2\/pages\/1214"}],"wp:attachment":[{"href":"https:\/\/sisu.ut.ee\/ewod\/wp-json\/wp\/v2\/media?parent=204"}],"curies":[{"name":"wp","href":"https:\/\/api.w.org\/{rel}","templated":true}]}}