{"id":2036,"date":"2024-04-03T23:42:23","date_gmt":"2024-04-03T20:42:23","guid":{"rendered":"https:\/\/sisu.ut.ee\/ewod\/stories-et-243\/"},"modified":"2024-04-04T00:05:33","modified_gmt":"2024-04-03T21:05:33","slug":"stories","status":"publish","type":"page","link":"https:\/\/sisu.ut.ee\/ewod\/k\/kaugver\/stories\/","title":{"rendered":"Raimond Kaugver &#8211; short stories"},"content":{"rendered":"<p><strong><span style=\"font-family: verdana, geneva;font-size: medium\">Books<\/span><\/strong><\/p>\n<p><span style=\"font-family: verdana, geneva;font-size: small\"><strong><em>Finnish<\/em><\/strong><br><strong>Vorkutan kirjeet<\/strong>. Suomentanut Juoko Vanhanen. Jyv\u00e4skyl\u00e4: Gummerus, 1990, 196 pp.<\/span><\/p>\n<p><strong><em>Russian<\/em><\/strong><br>\u0420\u0430\u0439\u043c\u043e\u043d\u0434 \u041a\u0430\u0443\u0433\u0432\u0435\u0440, <strong>\u0412\u0438\u043d\u0442\u043e\u0432\u0430\u044f \u043b\u0435\u0441\u0442\u043d\u0438\u0446\u0430: \u043f\u043e\u0432\u0435\u0441\u0442\u044c \u0438 \u0440\u0430\u0441\u0441\u043a\u0430\u0437\u044b<\/strong>. A\u0432\u0442\u043e\u0440\u0438\u0437\u043e\u0432\u0430\u043d\u043d\u044b\u0439 \u043f\u0435\u0440\u0435\u0432\u043e\u0434 \u0441 \u044d\u0441\u0442\u043e\u043d\u0441\u043a\u043e\u0433\u043e \u0410. \u0422\u043e\u043c\u0431\u0435\u0440\u0433\u0430; [\u0445\u0443\u0434\u043e\u0436\u043d\u0438\u043a \u041d\u0430\u0442\u0430\u043b\u044c\u044f \u0424\u0430\u0434\u0435\u0435\u0432\u0430]. \u041c\u043e\u0441\u043a\u0432\u0430: \u0421\u043e\u0432\u0435\u0442\u0441\u043a\u0438\u0439 \u043f\u0438\u0441\u0430\u0442\u0435\u043b\u044c, 1980, 303 pp.\u00a0<\/p>\n<p><\/p>\n<p><span style=\"font-family: verdana, geneva;font-size: medium\"><strong>In anthologies and magazines<\/strong><\/span><\/p>\n<p><span style=\"font-family: verdana, geneva\"><strong><em>Hungarian<\/em><\/strong><\/span><br><span style=\"font-family: verdana, geneva\"><span><strong>H\u00edd vagy szakad\u00e9k?<\/strong>. [Translated by Mar\u00e1z L\u00e1szl\u00f3]<\/span>. \u2013\u00a0A sz\u00e9l\u0151rl\u0151: \u00e9szt elbesz\u00e9l\u0151k. V\u00e1logatta \u00e9s az \u00e9letrajzi jegyzeteket \u00edrta Feh\u00e9rv\u00e1ri Gy\u0151z\u0151; ford\u00edtotta \u00c1rvay J\u00e1nos et al. Budapest: Eur\u00f3pa, 1981, 613 pp.\u00a0[Translation of \u2018<span>Kas sild v\u00f5i kuristik?<\/span>\u2018. See\u00a0<a href=\"https:\/\/sisu.ut.ee\/ewod\/anthologies\/aszelorlocontents\"><strong>contents\u00a0of the anthology<\/strong><\/a>.]<\/span><\/p>\n<p><span style=\"font-family: verdana, geneva\"><strong><em>Russian<\/em><\/strong><br>\u0420. \u041a\u0430\u0443\u0433\u0432\u0435\u0440, <strong>\u041c\u043e\u0441\u0442 \u0438\u043b\u0438 \u043f\u0440\u043e\u043f\u0430\u0441\u0442\u044c?<\/strong>.- \u042d\u0441\u0442\u043e\u043d\u0441\u043a\u0430\u044f \u0441\u043e\u0432\u0435\u0442\u0441\u043a\u0430\u044f \u043d\u043e\u0432\u0435\u043b\u043b\u0430. \u0421\u043e\u0441\u0442\u0430\u0432\u0438\u0442\u0435\u043b\u044c \u0425. \u041f\u0443\u0445\u0432\u0435\u043b\u044c; [\u0440\u0435\u0434\u043a\u043e\u043b\u043b\u0435\u0433\u0438\u044f: \u0412. \u0413\u0440\u043e\u0441\u0441 \u2026 \u0438 \u0434\u0440.]. \u0422\u0430\u043b\u043b\u0438\u043d\u043d: \u042d\u044d\u0441\u0442\u0438 \u0440\u0430\u0430\u043c\u0430\u0442, 1977, 599 pp. [\u2018Kas sild v\u00f5i kuristik?\u2019\u2019. See <strong><a href=\"https:\/\/sisu.ut.ee\/ewod\/anthologies\/puhvelrussian\">contents<\/a><\/strong> of the anthology.]<br>\u0420\u0430\u0439\u043c\u043e\u043d\u0434 \u041a\u0430\u0443\u0433\u0432\u0435\u0440, <strong>\u0411\u043e\u043b\u044c\u0448\u0430\u044f \u0432\u043e\u0434\u0430<\/strong>. \u2013 \u0425\u0440\u0430\u043d\u0438\u0442\u0435\u043b\u0438 \u043a\u043b\u044e\u0447\u0435\u0439: \u0440\u0430\u0441\u0441\u043a\u0430\u0437\u044b \u044d\u0441\u0442\u043e\u043d\u0441\u043a\u0438\u0445 \u043f\u0438\u0441\u0430\u0442\u0435\u043b\u0435\u0439. \u0421\u043e\u0441\u0442\u0430\u0432\u0438\u0442\u0435\u043b\u044c \u041b. \u0420\u0435\u043c\u043c\u0435\u043b\u044c\u0433\u0430\u0441; \u043f\u0435\u0440\u0435\u0432\u043e\u0434 \u041b. \u0422\u043e\u043e\u043c, \u0413. \u041c\u0443\u0440\u0430\u0432\u0438\u043d \u0438 \u0434\u0440. \u041c\u043e\u0441\u043a\u0432\u0430: \u0421\u043e\u0432\u0435\u0442\u0441\u043a\u0438\u0439 \u043f\u0438\u0441\u0430\u0442\u0435\u043b\u044c, 1967, 408 pp. [\u2019Suurvesi\u2019. See <strong><a href=\"https:\/\/sisu.ut.ee\/ewod\/anthologies\/hraniteli\">contents<\/a><\/strong> of the anthology.]<br><\/span><\/p>\n<p><span style=\"font-family: verdana, geneva\"><span style=\"font-family: verdana, geneva\"><strong><em>Tajik<\/em><\/strong><br>\u0420\u0430\u0439\u043c\u043e\u043d\u0434 \u041a\u0430\u0443\u0433\u0432\u0435\u0440, <strong>\u041e\u0431\u0438 \u043a\u0430\u043b\u043e\u043d<\/strong>. \u2013 \u041a\u0430\u043b\u0438\u0434\u0431\u0430\u0434\u0430\u0441\u0442\u043e\u043d. (\u041c\u0430\u0447\u043c\u0443\u0430\u0438 \u0445\u0438\u043a\u043e\u044f\u0445\u043e). T\u0430\u0440\u0447 \u0430\u0437 \u0440\u0443\u0441\u0438. \u0414\u0443\u0448\u0430\u043d\u0431\u0435: \u0418\u0444\u0440\u043e\u043d, 1978, 272 pp. [\u2019Suurvesi\u2019. See <strong><a href=\"https:\/\/sisu.ut.ee\/ewod\/anthologies\/tajik\/kalidbadaston\">contents<\/a><\/strong> of the anthology.]<\/span><\/span><\/p>\n","protected":false},"excerpt":{"rendered":"<p>Books FinnishVorkutan kirjeet. Suomentanut Juoko Vanhanen. Jyv\u00e4skyl\u00e4: Gummerus, 1990, 196 pp. Russian\u0420\u0430\u0439\u043c\u043e\u043d\u0434 \u041a\u0430\u0443\u0433\u0432\u0435\u0440, \u0412\u0438\u043d\u0442\u043e\u0432\u0430\u044f \u043b\u0435\u0441\u0442\u043d\u0438\u0446\u0430: \u043f\u043e\u0432\u0435\u0441\u0442\u044c \u0438 \u0440\u0430\u0441\u0441\u043a\u0430\u0437\u044b. A\u0432\u0442\u043e\u0440\u0438\u0437\u043e\u0432\u0430\u043d\u043d\u044b\u0439 \u043f\u0435\u0440\u0435\u0432\u043e\u0434 \u0441 \u044d\u0441\u0442\u043e\u043d\u0441\u043a\u043e\u0433\u043e \u0410. \u0422\u043e\u043c\u0431\u0435\u0440\u0433\u0430; [\u0445\u0443\u0434\u043e\u0436\u043d\u0438\u043a \u041d\u0430\u0442\u0430\u043b\u044c\u044f \u0424\u0430\u0434\u0435\u0435\u0432\u0430]. \u041c\u043e\u0441\u043a\u0432\u0430: \u0421\u043e\u0432\u0435\u0442\u0441\u043a\u0438\u0439 \u043f\u0438\u0441\u0430\u0442\u0435\u043b\u044c, 1980, 303 pp.\u00a0 In anthologies and magazines HungarianH\u00edd vagy szakad\u00e9k?. &#8230;<\/p>\n","protected":false},"author":43,"featured_media":0,"parent":1665,"menu_order":0,"comment_status":"closed","ping_status":"closed","template":"","meta":{"_acf_changed":false,"inline_featured_image":false,"footnotes":""},"class_list":["post-2036","page","type-page","status-publish","hentry"],"acf":[],"_links":{"self":[{"href":"https:\/\/sisu.ut.ee\/ewod\/wp-json\/wp\/v2\/pages\/2036","targetHints":{"allow":["GET"]}}],"collection":[{"href":"https:\/\/sisu.ut.ee\/ewod\/wp-json\/wp\/v2\/pages"}],"about":[{"href":"https:\/\/sisu.ut.ee\/ewod\/wp-json\/wp\/v2\/types\/page"}],"author":[{"embeddable":true,"href":"https:\/\/sisu.ut.ee\/ewod\/wp-json\/wp\/v2\/users\/43"}],"replies":[{"embeddable":true,"href":"https:\/\/sisu.ut.ee\/ewod\/wp-json\/wp\/v2\/comments?post=2036"}],"version-history":[{"count":1,"href":"https:\/\/sisu.ut.ee\/ewod\/wp-json\/wp\/v2\/pages\/2036\/revisions"}],"predecessor-version":[{"id":3041,"href":"https:\/\/sisu.ut.ee\/ewod\/wp-json\/wp\/v2\/pages\/2036\/revisions\/3041"}],"up":[{"embeddable":true,"href":"https:\/\/sisu.ut.ee\/ewod\/wp-json\/wp\/v2\/pages\/1665"}],"wp:attachment":[{"href":"https:\/\/sisu.ut.ee\/ewod\/wp-json\/wp\/v2\/media?parent=2036"}],"curies":[{"name":"wp","href":"https:\/\/api.w.org\/{rel}","templated":true}]}}