{"id":2035,"date":"2024-04-03T23:42:23","date_gmt":"2024-04-03T20:42:23","guid":{"rendered":"https:\/\/sisu.ut.ee\/ewod\/poems-et-283\/"},"modified":"2024-04-04T00:05:33","modified_gmt":"2024-04-03T21:05:33","slug":"poems","status":"publish","type":"page","link":"https:\/\/sisu.ut.ee\/ewod\/v\/eloviiding\/poems\/","title":{"rendered":"Elo Viiding &#8211; poems"},"content":{"rendered":"<p>\n\t<span style=\"font-size:16px\"><span style=\"font-family:Verdana,Geneva,sans-serif\"><strong>Books<\/strong><\/span><\/span>\n<\/p>\n<p>\n\t<span style=\"font-size:13px\"><span style=\"font-family:Verdana,Geneva,sans-serif\"><strong><em>Finnish<\/em><br>Paljastuksia<\/strong>. Suomentanut Katja Meriluoto; [alkulause: Hasso Krull; kansi: Saku Hein\u00e4nen]. Helsinki: Nihil Interit, 2000, 113 pp.<\/span><\/span>\n<\/p>\n<p>\n\t<span style=\"font-size:13px\"><span style=\"font-family:Verdana,Geneva,sans-serif\"><strong><em>Swedish<\/em><\/strong><br><strong>F\u00f6r en st\u00e4mma: dikter<\/strong>. I urval och \u00f6vers\u00e4ttning av Peeter Puide. [Tollarp]: Ariel, 2004, 47 pp.<\/span><\/span><br>\u00a0\n<\/p>\n<p>\n\t<span style=\"font-size:16px\"><span style=\"font-family:Verdana,Geneva,sans-serif\"><strong>In compilations, anthologies, magazines<\/strong><\/span><\/span>\n<\/p>\n<p>\n\t<span style=\"font-size:13px\"><span style=\"font-family:Verdana,Geneva,sans-serif\"><strong><em>Danish<\/em><br>Vaikuste varjus: P\u00f5hjamaade luulet<\/strong>. Tekste teiselt P\u00f5hjamaade luulefestivalilt Tallinnas 2002. aasta kevadel. Edited by Eha Vain and Jan Kaus, foreword by Kalli Klement. Tallinn : Eesti Raamat, 2003, 109 pp. [Parallel text in Estonian, Danish, Swedish, Norwegian and Finnish. Includes poems by Indrek Hirv, Eeva Park, Doris Kareva, K\u00e4tlin Vainola and Elo Viiding.]<\/span><\/span>\n<\/p>\n<p>\n\t<span style=\"font-size:13px\"><span style=\"font-family:Verdana,Geneva,sans-serif\"><strong><em>English<\/em><\/strong><br><strong>Six Estonian Poets<\/strong>. Edited by Doris Kareva, translated by Adam Cullen, Ilmar Lehtpere, Brandon Lussier, Miriam Anne McIlfatrick-Ksenofontov et al. Todmorden: Arc Publications, 2015, 166 pp. [Poems by Hasso Krull, J\u00fcrgen Rooste, Triin Soomets, Elo Viiding, Juhan Viiding, Kauksi \u00dclle.]<br><strong>Contemporary Estonian poetry: a Baltic anthology. Book three<\/strong>. Ed by Inara Cedrins.\u00a0Introduction \u2018(Post)modern Estonian poetry\u2019 by J\u00fcri Talvet. Translated by\u00a0Eva Liina Asu-Garcia, Eric Dickens,\u00a0Sam Hamill,\u00a0Harvey Lee Hix,\u00a0Kalju Kruusa,\u00a0Brandon Lussier,\u00a0Miriam Anne McIlfatrick-Ksenofontov,\u00a0Elin S\u00fctiste,\u00a0J\u00fcri Talvet,\u00a0Riina Tamm,\u00a0Jayde Will.\u00a0[New Orleans]: UNO Press, c2013. 270 pp. [Poems by Andres Ehin,\u00a0fs,\u00a0Indrek Hirv,\u00a0Jaan Kaplinski,\u00a0Doris Kareva,\u00a0Kalev Kesk\u00fcla,\u00a0Hasso Krull,\u00a0Kalju Kruusa,\u00a0Asko K\u00fcnnap,\u00a0Viivi Luik,\u00a0Ene Mihkelson,\u00a0Eeva Park,\u00a0\u00dclar Ploom,\u00a0Maarja P\u00e4rtna,\u00a0Paul-Eerik Rummo,\u00a0Hando Runnel,\u00a0Triin Soomets,\u00a0J\u00fcri Talvet,\u00a0Andra Teede,\u00a0Mats Traat,\u00a0Mari Vallisoo,\u00a0Tuuli Velling,\u00a0Elo Viiding,\u00a0Kaarel B. V\u00e4ljam\u00e4e,\u00a0T\u00f5nu \u00d5nnepalu,\u00a0Kauksi \u00dclle.]<br><strong>The Baltic Quintet: Poetry from Estonia, Finland, Latvia, Lithuania and Sweden<\/strong>. Hamilton: Wolsak and Wynn Publishers, 2008, 192 pp. [Includes poems by Doris Kareva, Hasso Krull, Mats Traat and Elo Viiding.]<br><a href=\"http:\/\/www.estlit.ee\/centre\/uploads\/catalogues\/A_Sharp_Cut.pdf\" target=\"_blank\" rel=\"noopener\"><strong>A Sharp Cut: contemporary Estonian literature<\/strong><\/a>. [Introduction: Hasso Krull]. Tallinn: Estonian Literature Information Centre, 2005, 91 pp. [Poems by Andres Ehin, Indrek Hirv, Jaan Kaplinski, Doris Kareva, Kauksi \u00dclle, Kalev Kesk\u00fcla, Kivisildnik, Hasso Krull, Asko K\u00fcnnap, Viivi Luik, Ene Mihkelson, Paul-Eerik Rummo, Hando Runnel, Karl Martin Sinij\u00e4rv, Triin Soomets, Mats Traat, Mari Vallisoo, Elo Viiding, Juhan Viiding. Short prose excerpts by Nikolai Baturin, Maimu Berg, J\u00fcri Ehlvest, Mehis Heinsaar, Ilmar Jaks, Jaan Kaplinski, Jan Kaus, Andrus Kivir\u00e4hk, Jaan Kross, Viivi Luik, Mihkel Mutt, Eeva Park, Peeter Sauter, Tarmo Teder, Jaan Undusk, Arvo Valton, Toomas Vint, T\u00f5nu \u00d5nnepalu, Ervin \u00d5unapuu.]<br><strong>Five hours away: Nordic Poetry Festival, [young Estonians poetry experience: April 20], 2001, Tallinn = Viie tunni tee: P\u00f5hjamaade luulefestival, [Eesti noorte luulekogemus: 20. aprill] 2001, Tallinn<\/strong>. Translated by Tiina Laats, design: Andro K\u00fc\u00fcn. Tallinn: P\u00f5hjamaade Ministrite N\u00f5ukogu Tallinna Infob\u00fcroo, 2001, 60 pp. [Poems by: Vahur Afanasjev, Kristiina Ehin, fs, Mehis Heinsaar, Aapo Ilves, Jan Kaus, Marko Kompus, Kalju Kruusa, Asko K\u00fcnnap, Fagira D. Morti, Veiko M\u00e4rka, Aare Pilv, Juku-Kalle Raid, J\u00fcrgen Rooste, Olavi Ruitlane, Karl Martin Sinij\u00e4rv, Lauri Sommer, Elo Viiding, Wimberg.]<\/span><\/span>\n<\/p>\n<p>\n\t<span style=\"font-size:13px\"><span style=\"font-family:Verdana,Geneva,sans-serif\"><strong><em>Finnish<\/em><\/strong><br><strong>Ajattelen koko ajan rahaa: kivikovaa virolaista nykyrunoutta<\/strong>. Translated by Varja Arola, Raija H\u00e4m\u00e4l\u00e4inen, Mika Ker\u00e4nen, Heli Laaksonen, Kaisu Lahikainen, Anu Laitila, Katja Meriluoto, Hannu Oittinen. [Helsinki:] Johnny Kniga, 2006, 106 pp. [Poems by Kristiina Ehin, fs, Kivisildnik, Hasso Krull, Kalju Kruusa, Asko K\u00fcnnap, Fagira D. Morti, Eeva Park, Aare Pilv, J\u00fcrgen Rooste, Karl Martin Sinij\u00e4rv, Triin Soomets, Aleksander Suuman, Mats Traat, Elo Viiding, Wimberg.]<br><strong>Vaikuste varjus: P\u00f5hjamaade luulet<\/strong>. Tekste teiselt P\u00f5hjamaade luulefestivalilt Tallinnas 2002. aasta kevadel. Edited by Eha Vain and Jan Kaus, foreword by Kalli Klement. Tallinn : Eesti Raamat, 2003, 109 pp. [Parallel text in Estonian, Danish, Swedish, Norwegian and Finnish. Includes poems by Indrek Hirv, Eeva Park, Doris Kareva, K\u00e4tlin Vainola and Elo Viiding.]<\/span><\/span>\n<\/p>\n<p>\n\t<span style=\"font-size:13px\"><span style=\"font-family:Verdana,Geneva,sans-serif\"><strong><em>German<\/em><\/strong><br><strong>Der Meteorologe: Zyklus aus dem Band \u2018V\u2019<\/strong>. \u2013\u00a0Culturescapes \u2013 Estland: Basel, 14.11.06-03.12.06: Katalog. Herausgegeben von Jurriaan Cooiman und Sophie Schricker. \u00a0Basel: Performing Arts Services, 2006. 128 pp.<br><strong>Estonia 2006. Jahrbuch estnischer Literatur<\/strong>. Herausgegeben von Irja Gr\u00f6nholm. Bremen: Hempen Verlag 2006, 286 pp. [See\u00a0<strong><a href=\"https:\/\/sisu.ut.ee\/ewod\/anthologies\/german\/estonia2006\">contents<\/a><\/strong>\u00a0of the 2006 yearbook dedicated to the Estonian literature.]<br><strong>Der Meteorologe<\/strong>. \u00dcbersetzung: Gisbert J\u00e4nicke. \u2013 Estonia, no 1, 2002, pp 39-54. [\u2018Meteoroloog\u2019.]<\/span><\/span>\n<\/p>\n<p>\n\t<span style=\"font-size:13px\"><span style=\"font-family:Verdana,Geneva,sans-serif\"><strong><em>Hungarian<\/em><\/strong><br><strong>Pluralica, no 1-2, 2009<\/strong>. [See\u00a0<a href=\"https:\/\/sisu.ut.ee\/ewod\/anthologies\/pluralica\"><strong>contents<\/strong><\/a>\u00a0of the special issue of contemporary Estonian literature.]<\/span><\/span>\n<\/p>\n<p>\n\t<span style=\"font-size:13px\"><span style=\"font-family:Verdana,Geneva,sans-serif\"><strong><em>Norwegian<\/em><\/strong><br><strong>[Poems]<\/strong>. Translated by Turid Farbregd. \u2013 Verden finnes ikke p\u00e5 kartet: poesi fra hele verden. Pedro Carmona-Alvarez og Gunnar W\u00e6rness (red.). [Oslo:] Oktober AS, 2010, 541 pp.\u00a0<br><strong>Vaikuste varjus: P\u00f5hjamaade luulet<\/strong>. Tekste teiselt P\u00f5hjamaade luulefestivalilt Tallinnas 2002. aasta kevadel. Edited by Eha Vain and Jan Kaus, foreword by Kalli Klement. Tallinn : Eesti Raamat, 2003, 109 pp. [Parallel text in Estonian, Danish, Swedish, Norwegian and Finnish. Includes poems by Indrek Hirv, Eeva Park, Doris Kareva, K\u00e4tlin Vainola and Elo Viiding.]<\/span><\/span>\n<\/p>\n<p>\n\t<span style=\"font-size:13px\"><span style=\"font-family:Verdana,Geneva,sans-serif\"><strong><em>Russian<\/em><\/strong><br><strong>[Poems]<\/strong>. \u041f\u0435\u0440. \u0418\u0433\u043e\u0440\u044c \u041a\u043e\u0442\u044e\u0445 \/ \u0414\u0438\u0430\u043d\u0430 \u042d\u0444\u0435\u043d\u0434\u0438\u0435\u0432\u0430. \u2013 \u0412\u043e\u0437\u0434\u0443\u0448\u043d\u044b\u0439 \u0437\u043c\u0435\u0439: \u0430\u043b\u044c\u043c\u0430\u043d\u0430\u0445, no 3, 2007. [See <a href=\"https:\/\/sisu.ut.ee\/ewod\/anthologies\/russian\/tuulelohe3\"><strong>contents<\/strong><\/a> of the special edition.]<\/span><\/span>\n<\/p>\n<p>\n\t<span style=\"font-size:13px\"><span style=\"font-family:Verdana,Geneva,sans-serif\"><strong><em>Spanish<\/em><\/strong><br><strong>Poes\u00eda sin fronteras. IV. Antolog\u00eda de poesia estonio \u2013 espa\u00f1ola<\/strong>. 10 poetas estonios y 10 poetas espa\u00f1oles en dos idiomas. Compilado por Jaime B. Rosa y Triin Soomets. = <strong>Piirideta luule. IV. Eesti \u2013 hispaania luuleantoloogia<\/strong>. 10 eesti ja 10 hispaania luuuletajat kahes keeles. Koostanud Jaime B. Rosa ja Triin Soomets. Traductores \/ T\u00f5lkijad: Carolina Pihelgas, Kaisa Maria Ling, Mariliin Vassenin, Jaime B. Rosa, Anneli Ramos. JB Rosa Ediciones, 2020. [Poems by Clara Jan\u00e9s (pp 13-42), Jaime B. Rosa (pp 43-56), Jos\u00e9 Albi (pp 57-68), Lizabel M\u00f3nica (pp 69-80), Jenaro Talens (pp 81-90), Antonio Colinas (pp 91-100), Jaime Siles (pp 101-116), Rafael Soler (pp 117-128), Tino Villanueva (pp 129-140), Manuel Quiroga Cl\u00e9rigo (pp 141-154), J\u00fcri Talvet (pp 155-166), Elo Viiding (pp 167-180), Eeva Park (pp 181-192), Doris Kareva (pp 193-208), Triin Soomets (pp 209-220), Hasso Krull (pp 221-232), Peep Ilmet (pp 233-244), Mathura (pp 245-256), Carolina Pihelgas (pp 257-268), J\u00fcrgen Rooste (pp 269-278).<\/span><\/span>\n<\/p>\n<p>\n\t<span style=\"font-size:13px\"><span style=\"font-family:Verdana,Geneva,sans-serif\"><strong><em>Swedish<\/em><\/strong><br><strong>Ord fr\u00e5n Estland<\/strong>. Translated by Kalli Klement.\u00a0[Oslo]: Norden (Nordiska Ministerr\u00e5det), [2004?], 78 pp. [Poems by Kristiina Ehin, fs, Jan Kaus, Asko K\u00fcnnap, Aare Pilv, Lauri Sommer and Elo Viiding.\u00a0Includes CD where the poets read their verses in Estonian.]<br><strong>Vaikuste varjus: P\u00f5hjamaade luulet<\/strong>. Tekste teiselt P\u00f5hjamaade luulefestivalilt Tallinnas 2002. aasta kevadel. Edited by Eha Vain and Jan Kaus, foreword by Kalli Klement. Tallinn : Eesti Raamat, 2003, 109 pp. [Parallel text in Estonian, Danish, Swedish, Norwegian and Finnish. Includes poems by Indrek Hirv, Eeva Park, Doris Kareva, K\u00e4tlin Vainola and Elo Viiding.]<\/span><\/span><\/p>\n","protected":false},"excerpt":{"rendered":"<p>Books FinnishPaljastuksia. Suomentanut Katja Meriluoto; [alkulause: Hasso Krull; kansi: Saku Hein\u00e4nen]. Helsinki: Nihil Interit, 2000, 113 pp. SwedishF\u00f6r en st\u00e4mma: dikter. I urval och \u00f6vers\u00e4ttning av Peeter Puide. [Tollarp]: Ariel, 2004, 47 pp.\u00a0 In compilations, anthologies, magazines DanishVaikuste varjus: P\u00f5hjamaade &#8230;<\/p>\n","protected":false},"author":43,"featured_media":0,"parent":1999,"menu_order":0,"comment_status":"closed","ping_status":"closed","template":"","meta":{"_acf_changed":false,"inline_featured_image":false,"footnotes":""},"class_list":["post-2035","page","type-page","status-publish","hentry"],"acf":[],"_links":{"self":[{"href":"https:\/\/sisu.ut.ee\/ewod\/wp-json\/wp\/v2\/pages\/2035","targetHints":{"allow":["GET"]}}],"collection":[{"href":"https:\/\/sisu.ut.ee\/ewod\/wp-json\/wp\/v2\/pages"}],"about":[{"href":"https:\/\/sisu.ut.ee\/ewod\/wp-json\/wp\/v2\/types\/page"}],"author":[{"embeddable":true,"href":"https:\/\/sisu.ut.ee\/ewod\/wp-json\/wp\/v2\/users\/43"}],"replies":[{"embeddable":true,"href":"https:\/\/sisu.ut.ee\/ewod\/wp-json\/wp\/v2\/comments?post=2035"}],"version-history":[{"count":1,"href":"https:\/\/sisu.ut.ee\/ewod\/wp-json\/wp\/v2\/pages\/2035\/revisions"}],"predecessor-version":[{"id":3040,"href":"https:\/\/sisu.ut.ee\/ewod\/wp-json\/wp\/v2\/pages\/2035\/revisions\/3040"}],"up":[{"embeddable":true,"href":"https:\/\/sisu.ut.ee\/ewod\/wp-json\/wp\/v2\/pages\/1999"}],"wp:attachment":[{"href":"https:\/\/sisu.ut.ee\/ewod\/wp-json\/wp\/v2\/media?parent=2035"}],"curies":[{"name":"wp","href":"https:\/\/api.w.org\/{rel}","templated":true}]}}