{"id":2027,"date":"2024-04-03T23:42:22","date_gmt":"2024-04-03T20:42:22","guid":{"rendered":"https:\/\/sisu.ut.ee\/ewod\/vallik\/"},"modified":"2024-04-04T00:05:35","modified_gmt":"2024-04-03T21:05:35","slug":"vallik","status":"publish","type":"page","link":"https:\/\/sisu.ut.ee\/ewod\/v\/vallik\/","title":{"rendered":"Aidi Vallik"},"content":{"rendered":"<p>\n\t<span style=\"font-family:Verdana,Geneva,sans-serif\"><a href=\"https:\/\/sisu.ut.ee\/ewod\/v\/vallik\/stories\"><strong><span style=\"font-size: medium\">Short stories and novellas<\/span><\/strong><\/a><strong><span style=\"font-size: medium\"> <\/span><\/strong><span style=\"font-size: medium\"><a href=\"https:\/\/sisu.ut.ee\/wp-content\/uploads\/sites\/108\/aidi_vallik_alar_madisson.jpg\" target=\"_self\" rel=\"noopener\"><img decoding=\"async\" alt=\"Aidi Vallik\" src=\"https:\/\/sisu.ut.ee\/wp-content\/uploads\/sites\/108\/aidi_vallik_alar_madisson.jpg\" style=\"float: right;width: 200px;height: 301px\" title=\"Photo: Aidi Vallik\"><\/a><\/span><\/span>\n<\/p>\n<p>\n\t<span style=\"font-family:Verdana,Geneva,sans-serif\"><a href=\"https:\/\/sisu.ut.ee\/ewod\/v\/vallik\/about\"><strong><span style=\"font-size: medium\">About Aidi Vallik<\/span><\/strong><\/a><\/span>\n<\/p>\n<p><span style=\"color:#000000\"><span style=\"font-size:13px\"><span style=\"font-family: Verdana, Geneva, sans-serif\">Aidi Vallik (11. V 1971) is an Estonian writer and screenwriter who is mostly known as a children\u2019s and young adult prose author but has also published poetry collections for both children and adults.<\/span><\/span><\/span>\n<\/p>\n<p>\n\t<span style=\"color:#000000\"><span style=\"font-size:13px\"><span style=\"font-family:Verdana,Geneva,sans-serif\">Vallik was born in Palivere borough, L\u00e4\u00e4ne county. From 1978-1979, she studied at Palivere primary school, from 1979-1986 at Taebla Secondary School, from 1986-1988 at Tartu Art School and from 1990-1991 at Haapsalu night school. In 1996, she graduated the University of Tartu with a degree in Estonian Philology. She worked as an artist and designer and librarian in Haapsalu and from 1996-2004, she was a teacher at Haapsalu Wiedemann Gymnasium. From 2004, she has been a freelance writer and founded the non-profit organization Lugu-Loo to publish her books. She is active in discussions on education in Estonia and a welcome speaker in schools. She has received several children and young adult literature awards.<\/span><\/span><\/span>\n<\/p>\n<p>\n\t<span style=\"color:#000000\"><span style=\"font-size:13px\"><span style=\"font-family:Verdana,Geneva,sans-serif\">Her first poems were published in magazines in 1989. Under the pseudonym ATS, she published her first three poetry collections: <em>\u00c4rge pange t\u00e4hele<\/em> (\u2018Pay No Attention\u2019, 1990), <em>Videvikus lepatriinulend<\/em> (\u2018The Twilight Flight of the Ladybird\u2019, 1996) and <em>Mina ja K\u00e4the Kollowitz<\/em> (\u2018K\u00e4the Kollowitz and Me\u2019, 2000). Her early free-form poetry is full of youthful defiance, world-weariness, self-searching and self-discovery. Her last poetry collection for adults, <em>Rists\u00f5na<\/em> (\u2018The Crossword\u2019, 2001) was published under the author\u2019s own name.<\/span><\/span><\/span>\n<\/p>\n<p>\n\t<span style=\"color:#000000\"><span style=\"font-size:13px\"><span style=\"font-family:Verdana,Geneva,sans-serif\">Her first young adult novel <em>Kuidas elad, Ann?<\/em> (\u2018How Are You, Ann?\u2019, 2001) was received well by readers and critics alike and won first place at a young adult literature competition. The novel is compulsory reading at schools and included in school literature textbooks. It has been translated to Finnish, Latvian and Lithuanian. The other two novels of the Ann trilogy are <em>Mis teha, Ann?<\/em> (\u2018What to Do, Ann?\u2019) and <em>Mis sinuga juhtus, Ann?<\/em> (\u2018What Happened to You, Ann?\u2019, 2007). The novels, which contain several storylines and viewpoints, offer a realistic exploration of the problems of teenagers: their relationships with peers and parents, first contact with alcohol and drugs, complex self-searching and issues at school. The third part of the trilogy was turned into a screenplay in collaboration with Peeter Sauter and called <em>Kuhu p\u00f5genevad hinged<\/em> (\u2018Where Souls Go\u2019, 2007, directed by Rainer Sarnet).<\/span><\/span><\/span>\n<\/p>\n<p>\n\t<span style=\"color:#000000\"><span style=\"font-size:13px\"><span style=\"font-family:Verdana,Geneva,sans-serif\">For younger readers, Vallik has written both adventurous fantasy stories \u2013 for example <em>Koletise lugu<\/em> (\u2018Story of a Monster\u2019, 2005) and <em>Narkohollo ehk Florose vabastamine<\/em> (\u2018Narkohollo or Liberating Floros\u2019, 2006) \u2013 and realistic animal stories like <em>Pints ja Tutsik<\/em> (\u2018Pints and Tutsik\u2019, I 2008, II 2009). Even when dealing with serious social problems such as bullying, the lure of drugs, overworking parents and loneliness, the author remains optimistic and humorous. The story <em>Roosi ja emme<\/em> (\u2018Roosi and Mommy\u2019, 2013) and the picture books with little text <em>Minu jalad<\/em> (\u2018My Feet\u2019, 2010), <em>Lumehelbe t\u00f6\u00f6<\/em> (\u2018Work of a Snowflake\u2019, 2014) and <em>Parimad palad<\/em> (\u2018Best Bits\u2019, 2015) were written for smaller children. Her warm and funny children\u2019s story <em>Unekoer<\/em> (\u2018Sleep Dog\u2019, 2006) paints a picture of a small animal whose favorite thing is sleeping in people\u2019s beds.<\/span><\/span><\/span>\n<\/p>\n<p>\n\t<span style=\"color:#000000\"><span style=\"font-size:13px\"><span style=\"font-family:Verdana,Geneva,sans-serif\">Vallik has also written playful and cheerful children\u2019s poetry which stands out due to its diverse form and wide range of topics. She has published three poetry collections: <em>Tirtsti ja turtsti<\/em> (2007), <em>Mina, kana, lehm ja kratt<\/em> (\u2018Me, the Chicken, the Cow and the Kratt\u2019, 2010), <em>Imelised inimesed<\/em> (\u2018Wonderful People\u2019, 2016). Her poems depict the regular yet diverse and wondrous world of children and adults. Her simple and playful verses combine fantasy, the absurd and wordplay. The verse-form story <em>Mannikese lugu<\/em> (\u2018Story of Mannike\u2019, 2010) that received the Estonian Children\u2019s Literature Center\u2019s Raisin of the Year Award for the most unique and surprising children\u2019s book tells a playful and love-filled story of a little girl lost in the woods and her escape. Vallik has also received the K. E. S\u00f6\u00f6t children\u2019s poetry award twice.<\/span><\/span><\/span>\n<\/p>\n<p>\n\t<span style=\"color:#000000\"><span style=\"font-size:13px\"><span style=\"font-family:Verdana,Geneva,sans-serif\">The educational book <em>Laste oma Eesti<\/em> (\u2018Children\u2019s Own Estonia\u2019, 2015) offers a playful overview of Estonian history and geography and explores the nature of Estonians. Vallik has also worked as an editor, compiled literature textbooks, written radio shows, children\u2019s plays and television scripts, in addition to publishing several topical opinion articles. The play <em>K\u00f5ik normaalsed inimesed<\/em> (\u2018All the Normal People\u2019, 2017, written with Piret Jaaks and directed by Tamur Tohver), staged by Polygon theater, received critical acclaim.<\/span><\/span><\/span>\n<\/p>\n<p>\n\t<span style=\"color:#000000\"><span style=\"font-size:13px\"><em><span style=\"font-family:Verdana,Geneva,sans-serif\">A. O. (Translated by A. S.)<\/span><\/em><\/span><\/span>\n<\/p>\n<p><span style=\"color:#000000\"><span style=\"font-size:13px\"><span style=\"font-family:Verdana,Geneva,sans-serif\"><strong>Books in Estonian<\/strong><\/span><\/span><\/span>\n<\/p>\n<p>\n\t<span style=\"color:#000000\"><span style=\"font-size:13px\"><span style=\"font-family:Verdana,Geneva,sans-serif\"><strong><em>Stories for young adults<\/em><\/strong><br><strong>Kuidas elad, Ann?<\/strong>. Tallinn: T\u00e4nap\u00e4ev, 2001, 175 lk. [J\u00e4rgnevad tr\u00fckid: \u2018Kuidas elad, Ann? Mis teha, Ann?\u2019, Tallinn: T\u00e4nap\u00e4ev, 2003, 310 lk; Tallinn: T\u00e4nap\u00e4ev, 2008, 201 lk; Tallinn: Lugu-Loo, 2018, 199 lk.]<br><strong>Mis teha, Ann?<\/strong>. Tallinn: T\u00e4nap\u00e4ev, 2002, 133 lk. [J\u00e4rgnevad tr\u00fckid: \u2018Kuidas elad, Ann? Mis teha, Ann?\u2019, Tallinn: T\u00e4nap\u00e4ev, 2003, 310 lk; Tallinn: T\u00e4nap\u00e4ev, 2008, 154 lk; Tallinn: Lugu-Loo, 2018, 143 lk.]<br><strong>Mis sinuga juhtus, Ann?<\/strong>. Tallinn: T\u00e4nap\u00e4ev, 2007, 246 lk.<\/span><\/span><\/span>\n<\/p>\n<p>\n\t<span style=\"color:#000000\"><span style=\"font-size:13px\"><span style=\"font-family:Verdana,Geneva,sans-serif\"><strong><em>Stories for children<\/em><\/strong><br><strong>Koletise lugu<\/strong>. Tallinn: Lugu-Loo, 2005, 39 lk.<br><strong>Narkohollo ehk Florose vabastamine<\/strong>. Tallinn: Lugu-Loo, 2006, 159 lk.<br><strong>Unekoer<\/strong>. Tallinn: Lugu-Loo, 2006, 47 lk.<br><strong>Pints ja Tutsik<\/strong>. I osa. Tallinn: Lugu-Loo, 2008, 110 lk; II osa. Tallinn: Lugu-Loo, 2009, 118 lk.<br><strong>Ilmaveski terakesed<\/strong>. Tartu: Tartu Erahariduse Edendamise Selts, 2010, 23 lk.<br><strong>Minu jalad<\/strong>. Tallinn: Lugu-Loo, 2010, 36 lk.<br><strong>Roosi ja Emme<\/strong>. Tallinn: Lugu-Loo, 2013, 45 lk.<br><strong>Lumehelbe t\u00f6\u00f6<\/strong>. Tallinn: P\u00e4ike ja Pilv, 2014, 26 lk.<br><strong>Paremad palad<\/strong>. Tallinn: P\u00e4ike ja Pilv, 2015, 27 lk.<br><strong>Minu k\u00e4ed<\/strong>. Tallinn: Lugu-Loo, 2018, 45 lk.<br><strong>Minna ja hernetont<\/strong>. Tallinn: P\u00e4ike ja Pilv, 2018, 26 lk.<br><strong>Seebu maailm<\/strong>. Tallinn: Lugu-Loo, 2019, 48 lk.<\/span><\/span><\/span>\n<\/p>\n<p>\n\t<span style=\"color:#000000\"><span style=\"font-size:13px\"><span style=\"font-family:Verdana,Geneva,sans-serif\"><strong><em>Poetry for children<\/em><\/strong><br><strong>Tirtsti ja Turtsti<\/strong>. Tallinn TEA Kirjastus, 2007, 59 lk.<br><strong>Mannikese lugu<\/strong>. Tallinn: Lugu-Loo, 2010, 23 lk.<br><strong>Mina, kana, lehm ja kratt<\/strong>. Tallinn: Lugu-Loo, 2010, 83 lk.<br><strong>Imelised inimesed<\/strong>. Tallinn: Lugu-Loo, 2016, 51 lk.<br><strong>Kust said? Luulelood loomadest<\/strong>. Tallinn: Lugu-Loo, 2018, 55 lk.<\/span><\/span><\/span>\n<\/p>\n<p>\n\t<span style=\"color:#000000\"><span style=\"font-size:13px\"><span style=\"font-family:Verdana,Geneva,sans-serif\"><strong><em>Poetry for adults<\/em><\/strong><br>ATS, <strong>\u00c4rge pange t\u00e4hele<\/strong>. Tallinn: Eesti Raamat, 1990, 56 lk.<br>ATS, <strong>Videvikus lepatriinum\u00e4ng<\/strong>. Haapsalu: Kuus, 1996, 58 lk.<br>ATS, <strong>Mina ja K\u00e4the Kollowitz<\/strong>. Tallinn: K.Kuus, 2000, 73 lk.<br><strong>Rists\u00f5na<\/strong>. Tallinn: Tuum, 2001, 78 lk.<\/span><\/span><\/span>\n<\/p>\n<p>\n\t<span style=\"color:#000000\"><span style=\"font-size:13px\"><span style=\"font-family:Verdana,Geneva,sans-serif\"><strong><em>Textbooks<\/em><\/strong><br><strong>Pintsu ja Tutsiku lugemik<\/strong>. Kirjandus\u00f5pik 5.\u00a0klassile. I osa. Tallinn: Maurus, 2018, 128 lk; II osa. Tallinn: Maurus. 2019, 240 lk.<\/span><\/span><\/span>\n<\/p>\n<p>\n\t<span style=\"color:#000000\"><span style=\"font-size:13px\"><span style=\"font-family:Verdana,Geneva,sans-serif\"><strong><em>Educational book<\/em><\/strong><br><strong>Laste oma Eesti<\/strong>. Tallinn: P\u00e4ike ja Pilv, 2015, 71 lk.<\/span><\/span><\/span>\n<\/p>\n<p>\n\t<span style=\"color:#000000\"><span style=\"font-size:13px\"><span style=\"font-family:Verdana,Geneva,sans-serif\"><strong><em>Plays<\/em><\/strong><br><strong>B\u00fcrgermeister tuleb Br\u00fcsselist<\/strong>. (2005, lav Aivo Paljasmaa, Randlane, vaba\u00f5hujant.)<br><strong>Kuidas elad\u2026 Ann?!<\/strong>. (2006, lav Sven Heiberg, Rakvere Teater, noorten\u00e4idend.)<br><strong>Kuri t\u00e4di<\/strong>. (2009, lav Iloni Imedemaa, lasten\u00e4idend.)<br><strong>Mida juhtub m\u00e4ngumaal<\/strong>. (2009, lav Iloni Imedemaa, lasten\u00e4idend.)<br><strong>Tulnukat\u00fcng<\/strong>. (2009, lav Iloni Imedemaa, lasten\u00e4idend.)<br><strong>Loomade keel<\/strong>. (2009, lav Iloni Imedemaa, lasten\u00e4idend.)<br><strong>J\u00e4ljed promenaadil<\/strong>. (2010, lav Aivo Paljasmaa, Kojateater ja Randlane, vaba\u00f5hun\u00e4idend.)<br><strong>Kinni l\u00e4ete teie!<\/strong>. (2010, lav Kai Tarmula, Haapsalu G\u00fcmnaasium, noortemuusikal.)<br><strong>Notsu j\u00f5ulud<\/strong>. (2013, lav Aivo Paljasmaa, Kojateater 2013, lasten\u00e4idend.)<br><strong>Kalevipoeg ehk Kuninga kroonikad<\/strong>. (2016, lav Jaan Willem Sibul, Lutsu Teater, n\u00e4idend.)<br><strong>K\u00f5ik normaalsed inimesed<\/strong>. (2017, kaasautor Piret Jaaks, lav Tamur Tohver, Polygon Teater, n\u00e4idend.)<br><strong>P\u00e4ikese kodu<\/strong>. (2017, lav Jaan Willem Sibul, Pokumaa, lasten\u00e4idend.)<\/span><\/span><\/span><\/p>\n","protected":false},"excerpt":{"rendered":"<p>Short stories and novellas About Aidi Vallik Aidi Vallik (11. V 1971) is an Estonian writer and screenwriter who is mostly known as a children\u2019s and young adult prose author but has also published poetry collections for both children and &#8230;<\/p>\n","protected":false},"author":43,"featured_media":0,"parent":733,"menu_order":0,"comment_status":"closed","ping_status":"closed","template":"","meta":{"_acf_changed":false,"inline_featured_image":false,"footnotes":""},"class_list":["post-2027","page","type-page","status-publish","hentry"],"acf":[],"_links":{"self":[{"href":"https:\/\/sisu.ut.ee\/ewod\/wp-json\/wp\/v2\/pages\/2027","targetHints":{"allow":["GET"]}}],"collection":[{"href":"https:\/\/sisu.ut.ee\/ewod\/wp-json\/wp\/v2\/pages"}],"about":[{"href":"https:\/\/sisu.ut.ee\/ewod\/wp-json\/wp\/v2\/types\/page"}],"author":[{"embeddable":true,"href":"https:\/\/sisu.ut.ee\/ewod\/wp-json\/wp\/v2\/users\/43"}],"replies":[{"embeddable":true,"href":"https:\/\/sisu.ut.ee\/ewod\/wp-json\/wp\/v2\/comments?post=2027"}],"version-history":[{"count":1,"href":"https:\/\/sisu.ut.ee\/ewod\/wp-json\/wp\/v2\/pages\/2027\/revisions"}],"predecessor-version":[{"id":3049,"href":"https:\/\/sisu.ut.ee\/ewod\/wp-json\/wp\/v2\/pages\/2027\/revisions\/3049"}],"up":[{"embeddable":true,"href":"https:\/\/sisu.ut.ee\/ewod\/wp-json\/wp\/v2\/pages\/733"}],"wp:attachment":[{"href":"https:\/\/sisu.ut.ee\/ewod\/wp-json\/wp\/v2\/media?parent=2027"}],"curies":[{"name":"wp","href":"https:\/\/api.w.org\/{rel}","templated":true}]}}