{"id":2023,"date":"2024-04-03T23:42:21","date_gmt":"2024-04-03T20:42:21","guid":{"rendered":"https:\/\/sisu.ut.ee\/ewod\/kibuvits\/"},"modified":"2024-04-04T00:05:37","modified_gmt":"2024-04-03T21:05:37","slug":"kibuvits","status":"publish","type":"page","link":"https:\/\/sisu.ut.ee\/ewod\/k\/kibuvits\/","title":{"rendered":"Leida Kibuvits"},"content":{"rendered":"<p>\n\t<a href=\"https:\/\/sisu.ut.ee\/ewod\/k\/kibuvits\/stories\"><span style=\"font-size: medium;font-family: verdana, geneva\"><strong>Short stories <\/strong><\/span><\/a><strong><a href=\"https:\/\/sisu.ut.ee\/wp-content\/uploads\/sites\/108\/leida_kibuvits.jpg\" target=\"_self\" rel=\"noopener\"><img decoding=\"async\" alt=\"Leida Kibuvits\" src=\"https:\/\/sisu.ut.ee\/wp-content\/uploads\/sites\/108\/leida_kibuvits.jpg\" style=\"float: right;width: 200px;height: 294px\"><\/a><\/strong>\n<\/p>\n<p><span style=\"font-size:13px\"><span style=\"font-family:Verdana,Geneva,sans-serif\">Leida Kibuvits (born Kupits; from 1948, her last name was Aisenstadt; 18.\/5. X. 1907 \u2013 5. XII 1976) was one of the writers who emerged before the Second World War in Estonia, but whose life and creation were personally influenced by the war and Stalin era repressions.<\/span><\/span>\n<\/p>\n<p>\n\t<span style=\"font-size:13px\"><span style=\"font-family:Verdana,Geneva,sans-serif\">She was born in Kurepalu, Tartu county, her father was a tailor and her mother a maid. Her childhood was spent in Tartu, near the river Emaj\u00f5gi, where her parents moved to a few years later. She lost her father when she was 12. From 1913-1919, she studied at the German language Amalie Salomon Girls\u2019 School in Tartu; from 1919-1927, at Tartu Girls\u2019 Gymnasium and from 1922-1924, at Pallas art school as a student of Konrad M\u00e4gi. From 1927, she first worked as a pharmacist assistant, then as a printer. In 1929, she started work as a typist at the Ministry of Defense. There, she met lieutenant August Kibuvits (1904-1967), who she married in 1931. In 1938, their daughter Kai was born (died in 1983).<\/span><\/span>\n<\/p>\n<p>\n\t<span style=\"font-size:13px\"><span style=\"font-family:Verdana,Geneva,sans-serif\">From 1933-1944, she was a professional writer and lived in P\u00e4rnu (where she was also a dramaturge at Endla theater) and Viljandi. She wrote both short stories and novels, and translated foreign literature, for example Goethe and Zweig. As an educated artist, she also illustrated two of her books (the story collection <em>Rist ja r\u00f5\u00f5m<\/em> (\u2018Cross and Joy\u2019) and the novel <em>Kass arvab, et\u2026<\/em> (\u2018The Cat Thinks That\u2026\u2019). In 1932, she won the Loodus publishing house\u2019s novel competition with her book <em>Soomust\u00fcdruk<\/em> (\u2018Armored Girl\u2019) and in 1940, came first at the <em>Sirp ja Vasar<\/em> newspaper short story competition with her story <em>V\u00e4ike kivi<\/em> (\u2018Small Stone\u2019). From 1938, she was a member of the Estonian Writers\u2019 Union and from 1945, a member of the Soviet Estonian Writers\u2019 Union.<\/span><\/span>\n<\/p>\n<p>\n\t<span style=\"font-size:13px\"><span style=\"font-family:Verdana,Geneva,sans-serif\">In 1940, the family moved to Pechory due to August Kibuvits\u2019 job. After working for the Home Guard (<em>Omakaitse, <\/em>which existed during the Nazi occupation in Estonia from 1941-1944), he went missing and was declared deceased when Leida requested a divorce in 1943. Years later it was revealed that August had fled to Canada, leaving his wife and daughter behind, and married another Estonian woman called Luise. In 1944, Leida Kibuvits found employment as the head of the culture department of the newspaper <em>Rahva H\u00e4\u00e4l<\/em> \u2013 a position she held for two years. In 1946, she received a medal \u201cFor Valiant Labor in the Great Patriotic War 1941-1945\u201d. In 1948, she married the communist Leo Aisenstadt (1912-1975), likely for political reasons.<\/span><\/span>\n<\/p>\n<p>\n\t<span style=\"font-size:13px\"><span style=\"font-family:Verdana,Geneva,sans-serif\">In 1950, she was arrested and accused of publishing anti-Soviet publications during the German occupation in 1942 and for working with the Germans. She was deported to Solikamsk in Siberia. From her original 25-year sentence she served four, then was able to return home in very poor health. Allegedly it was the renowned writer Aadu Hint who helped her be released but pardon pleas were sent by both her mother and her daughter. In 1962, she got an apartment in the Tallinn Writers\u2019 House where she supposedly painted all the ceilings orange. The end of her life was spent in poverty and solitude.<\/span><\/span>\n<\/p>\n<p>\n\t<span style=\"font-size:13px\"><span style=\"font-family:Verdana,Geneva,sans-serif\">Her works address fighting for dignity and against hardship. They offer influences from the Estonian epic Kalevipoeg, an insider\u2019s perspective on theater life of the era and an attempt to see the world through a cat\u2019s eyes. Her family saga <em>Leinapajud<\/em> (\u2018Weeping Willows\u2019) was left unfinished.<\/span><\/span>\n<\/p>\n<p>\n\t<span style=\"font-size:13px\"><span style=\"font-family:Verdana,Geneva,sans-serif\">Kibuvits has translated into Estonian Goethe\u2019s \u2018Wilhelm Meister\u2019s Apprenticeship\u2019\u00a0(1958) and \u2018Wilhelm Meister\u2019s Journeyman Years\u2019 (1959), also\u00a0short stories by Stefan Zweig. She was also very talented in needlecraft.<\/span><\/span>\n<\/p>\n<p>\n\t<span style=\"font-size:13px\"><span style=\"font-family:Verdana,Geneva,sans-serif\">Kibuvits was crushed in the grip of totalitarianism during the Soviet occupation and has, as a result, been largely forgotten in Estonian literary history. In this century, there have been attempts to revive her life and work both with an exhibition at A. H. Tammsaare museum (2010-2011) and with the book <em>Leida Kibuvits. Kirev. Saatus ja looming<\/em> (\u2018Leida Kibuvits. Colorful. Fate and Creation\u2019), which contains articles on her life and writings and a cross-section of her most important works.<\/span><\/span>\n<\/p>\n<p>\n\t<span style=\"font-size:13px\"><span style=\"font-family:Verdana,Geneva,sans-serif\">Leida Kibuvits is buried at Metsakalmistu in Tallinn.<\/span><\/span>\n<\/p>\n<p>\n\t<em><span style=\"font-size:13px\"><span style=\"font-family:Verdana,Geneva,sans-serif\">M. K. (Translated by A. S.)<\/span><\/span><\/em>\n<\/p>\n<p><strong><span style=\"font-size:16px\"><span style=\"font-family: verdana, geneva\">Books in Estonian<\/span><\/span><\/strong>\n<\/p>\n<p>\n\t<span style=\"font-size:13px\"><span style=\"font-family: verdana, geneva\"><strong><em>Novels<\/em><\/strong><br><strong>Soomust\u00fcdruk<\/strong>. Tartu: Loodus, 1932, 240 lk.\u00a0[2., tugevalt muudetud tr\u00fckk: Tallinn: Eesti Riiklik Kirjastus, 1957, 448 lk; 3. tr\u00fckk: Tallinn: Eesti Raamat, 1986, 415 lk.]<br><strong>Rahus\u00f5it<\/strong>. Tartu: Loodus, 1933, 207 lk.\u00a0[2. tr\u00fckk koos romaaniga \u2018Manglus Sepapoeg\u2019: Tallinn: Eesti Raamat, 2003, 304 lk.]<br><strong>Paradiisi p\u00e4risperenaine<\/strong>. Tartu: Loodus, 1934, 239 lk.<br><strong>Manglus Sepapoeg<\/strong>. Tartu: Noor-Eesti Kirjastus, 1936, 232 lk.\u00a0[2. tr\u00fckk koos romaaniga \u2018Rahus\u00f5it\u2019: Tallinn: Eesti Raamat, 203, 304 lk.]<br><strong>Kass arvab, et\u2026<\/strong>. Tartu: Eesti Kirjastuse Kooperatiiv, 1936, 212 lk.<\/span><\/span>\n<\/p>\n<p>\n\t<span style=\"font-size:13px\"><span style=\"font-family: verdana, geneva\"><strong><em>Short Stories<\/em><\/strong><br><strong>Rist ja r\u00f5\u00f5m<\/strong>. Tartu: Eesti kirjastuse Kooperatiiv, 1938, 366 lk.<br><strong>Sipelga\u00f5li<\/strong>. Tartu: Ilukirjandus ja Kunst, 1941, 160 lk.<br><strong>Elagu inimene!<\/strong>. Tallinn: Eesti Riiklik Kirjastus, 1962, 336 lk.<br><strong>Lepatriinupunane<\/strong>. Koostanud Linda Uustalu. Tallinn: Eesti Raamat, 1987, 264 lk. [Novellid. Sisu: \u2018Lugu P\u00fcha Gertrudi s\u00e4ilmest\u2019, \u2018Boorvaseliini-Helmi viimne armastus\u2019, \u2018Rist ja R\u00f5\u00f5m\u2019, \u2018Harak-Mihkel\u2019, \u2018Sipelga\u00f5li\u2019, \u2018Lepatriinupunane\u2019, \u2018Viimased v\u00f5\u00f5rad suled\u2019, \u2018V\u00e4ike kivi\u2019, \u2018Medaljon\u2019, \u2018Teine tee\u2019, \u2018Punane liilia\u2019, \u2018Julge mees \u2013 kaks korda\u2026\u2019.]<\/span><\/span>\n<\/p>\n<p>\n\t<span style=\"font-size:13px\"><span style=\"font-family: verdana, geneva\"><strong><em>Children\u2019s Literature<\/em><\/strong><br><strong>Kaks meest on ikka kaks meest<\/strong>. Tallinn: Ilukirjandus ja Kunst, 1947, 148 lk.<br><strong>Tuljak ja Tups<\/strong>. Tallinn: Ilukirjandus ja Kunst, 1948, 204 lk.<\/span><\/span>\n<\/p>\n<p>\n\t<span style=\"font-size:13px\"><span style=\"font-family: verdana, geneva\"><strong><em>Collections of novel excerpts and short stories<\/em><\/strong><br><strong>Endistest aegadest. Valik proosat aastatest 1934-1941<\/strong>. Koostanud Asta Hameri. Tallinn: Eesti Raamat, 1977, 487 lk.<br><strong>Leida Kibuvits. Kirev. Saatus ja looming<\/strong>. Koostanud Sirje Endre. Tallinn: SE&amp;JS, 2017, 224 lk. [Sisaldab ka: Maarja Vaino, \u2018Saateks\u2019, Kadi Pajupuu, \u2018Leida Kibuvits illustraatorina\u2019, Anu Raud, \u2018Leida Kibuvitsa igavene elu\u2019.]<\/span><\/span><\/p>\n","protected":false},"excerpt":{"rendered":"<p>Short stories Leida Kibuvits (born Kupits; from 1948, her last name was Aisenstadt; 18.\/5. X. 1907 \u2013 5. XII 1976) was one of the writers who emerged before the Second World War in Estonia, but whose life and creation were &#8230;<\/p>\n","protected":false},"author":43,"featured_media":0,"parent":498,"menu_order":0,"comment_status":"closed","ping_status":"closed","template":"","meta":{"_acf_changed":false,"inline_featured_image":false,"footnotes":""},"class_list":["post-2023","page","type-page","status-publish","hentry"],"acf":[],"_links":{"self":[{"href":"https:\/\/sisu.ut.ee\/ewod\/wp-json\/wp\/v2\/pages\/2023","targetHints":{"allow":["GET"]}}],"collection":[{"href":"https:\/\/sisu.ut.ee\/ewod\/wp-json\/wp\/v2\/pages"}],"about":[{"href":"https:\/\/sisu.ut.ee\/ewod\/wp-json\/wp\/v2\/types\/page"}],"author":[{"embeddable":true,"href":"https:\/\/sisu.ut.ee\/ewod\/wp-json\/wp\/v2\/users\/43"}],"replies":[{"embeddable":true,"href":"https:\/\/sisu.ut.ee\/ewod\/wp-json\/wp\/v2\/comments?post=2023"}],"version-history":[{"count":1,"href":"https:\/\/sisu.ut.ee\/ewod\/wp-json\/wp\/v2\/pages\/2023\/revisions"}],"predecessor-version":[{"id":3064,"href":"https:\/\/sisu.ut.ee\/ewod\/wp-json\/wp\/v2\/pages\/2023\/revisions\/3064"}],"up":[{"embeddable":true,"href":"https:\/\/sisu.ut.ee\/ewod\/wp-json\/wp\/v2\/pages\/498"}],"wp:attachment":[{"href":"https:\/\/sisu.ut.ee\/ewod\/wp-json\/wp\/v2\/media?parent=2023"}],"curies":[{"name":"wp","href":"https:\/\/api.w.org\/{rel}","templated":true}]}}