{"id":2021,"date":"2024-04-03T23:42:21","date_gmt":"2024-04-03T20:42:21","guid":{"rendered":"https:\/\/sisu.ut.ee\/ewod\/ilus\/"},"modified":"2024-04-04T00:05:37","modified_gmt":"2024-04-03T21:05:37","slug":"ilus","status":"publish","type":"page","link":"https:\/\/sisu.ut.ee\/ewod\/i\/ilus\/","title":{"rendered":"V\u00e4ino Ilus"},"content":{"rendered":"<p>\n\t<a href=\"https:\/\/sisu.ut.ee\/ewod\/i\/ilus\/stories\"><strong><span style=\"font-size: medium;font-family: verdana, geneva\">Short stories <\/span><\/strong><\/a><a href=\"https:\/\/sisu.ut.ee\/wp-content\/uploads\/sites\/108\/vaino_ilus_elmar_koster.jpg\" target=\"_self\" rel=\"noopener\"><img decoding=\"async\" alt=\"V\u00e4ino Ilus\" class=\"\" src=\"https:\/\/sisu.ut.ee\/wp-content\/uploads\/sites\/108\/vaino_ilus_vaike_elmar_koster.jpg\" style=\"float: right;width: 200px;height: 303px\" title=\"Photo: Elmar K\u00f6ster\"><\/a>\n<\/p>\n<p>\u00a0\n<\/p>\n<p>\n\t<span style=\"font-size:13px\"><span style=\"font-family:Verdana,Geneva,sans-serif\">V\u00e4ino Ilus (b. 8. XII 1929) has left his mark on Estonian literature as the author of novels about the problems of rural life in Soviet times.<\/span><\/span>\n<\/p>\n<p>\n\t<span style=\"font-size:13px\"><span style=\"font-family:Verdana,Geneva,sans-serif\">He was born in Viljandi, the son of a labourer, and from 1937 to 1941 attended Viljandi primary schools numbers 1 and 2. During the Second World War he moved to the territory of the Soviet Union. From 1948 to 1949 he worked as a locksmith and from 1949 to 1953 as a journalist. In 1956 he completed Tallinn secondary school number 2 as an external student. Later he worked on cultural periodicals, from 1961 to 1981 in the editorial office of the journal <em>Looming<\/em>, from 1968 to 1974 as the deputy editor of <em>Looming<\/em>. From 1952 to 1991 he was a member of the Communist Party. Since 1958 he has been a member of the Writers\u2019 Union.<br>\u00a0<br>Ilus\u2019 most important works are the novels <em>Tuulek\u00fclvid<\/em> (\u2018Sowings of the Wind\u2019, 1968) and <em>Kinsli peremehed<\/em> (\u2018The Masters of Kinsli\u2019, 1978), in which he portrays farm-workers and the surroundings of Viljandi with a credible refreshing realism not seen before in an Estonian rural epic. The same subject matter is continued in the short story collections <em>Muutlike ilmade ajal<\/em> (\u2018A Time of Changeable Weather\u2019, 1965), <em>\u00d6\u00f6siti on kahjulik m\u00f5telda<\/em> (\u2018It\u2019s Harmful to Think at Night\u2019, 1969), and <em>Kohe p\u00e4rast lapsep\u00f5lve<\/em> (\u2018Right After Childhood\u2019, 1976). In these the depiction of industrial workers\u2019 living conditions is more prominent.<\/span><\/span>\n<\/p>\n<p>\n\t<span style=\"font-size:13px\"><span style=\"font-family:Verdana,Geneva,sans-serif\">V\u00e4ino Ilus is one of those prose-writers who take an extremely serious and responsible attitude to the methods of writing prose fiction, such as convincing plot development and vivid presentation of characters. At the same time, very characteristically for a mid-20th century author, though somehow anachronistically from a later standpoint, he has tried to maintain a sense of mission for himself and his colleagues in cultivating socially critical prose in continuation of the tradition of Balzac. <\/span><\/span>\n<\/p>\n<p>\n\t<span style=\"font-size:13px\"><span style=\"font-family:Verdana,Geneva,sans-serif\"><em>L. P. (Translated by C. M.)<\/em><\/span><\/span>\n<\/p>\n<p><strong><span style=\"font-size:16px\"><span style=\"font-family:Verdana,Geneva,sans-serif\">Books in Estonian<\/span><\/span><\/strong>\n<\/p>\n<p>\n\t<span style=\"font-size:13px\"><span style=\"font-family:Verdana,Geneva,sans-serif\"><strong><em>Novels<\/em><\/strong><br><strong>Sinu enese elu<\/strong>. Tallinn: Eesti Riiklik Kirjastus, 1964, 244 lk.<br><strong>Tuulek\u00fclvid<\/strong>. Tallinn: Eesti Raamat, 1968, 352 lk.<br><strong>Kaotusseis<\/strong>. Tallinn: Eesti Raamat, 1973, 190 lk.<br><strong>Kinsli peremehed<\/strong>. Tallinn: Eesti Raamat, 1978, 287 lk.<br><strong>K\u00e4ek\u00e4ik<\/strong>. Tallinn: Eesti Raamat, 1986, 174 lk.<\/span><\/span><\/p>\n<p><strong><em>Short prose<\/em><\/strong><br><strong>Kand maas<\/strong>. Jutustus. Tallinn: Eesti Riiklik Kirjastus, 1962, 196 lk.<br><strong>Muutlike ilmade ajal<\/strong>. Tallinn: Eesti Raamat, 1965, 180 lk.<br><strong>\u00d6\u00f6siti on kahjulik m\u00f5telda<\/strong>. \u00dcksteist juttu. Tallinn: Eesti Raamat, 1969, 134 lk.<br><strong>Kohe p\u00e4rast lapsep\u00f5lve<\/strong>. Tallinn: Eesti Raamat, 1976, 175 lk.<br><strong>Endamisi ja unes<\/strong>. Jutustused. Tallinn: Eesti Raamat, 1989, 261 lk.<\/p>\n","protected":false},"excerpt":{"rendered":"<p>Short stories \u00a0 V\u00e4ino Ilus (b. 8. XII 1929) has left his mark on Estonian literature as the author of novels about the problems of rural life in Soviet times. He was born in Viljandi, the son of a labourer, &#8230;<\/p>\n","protected":false},"author":43,"featured_media":0,"parent":609,"menu_order":0,"comment_status":"closed","ping_status":"closed","template":"","meta":{"_acf_changed":false,"inline_featured_image":false,"footnotes":""},"class_list":["post-2021","page","type-page","status-publish","hentry"],"acf":[],"_links":{"self":[{"href":"https:\/\/sisu.ut.ee\/ewod\/wp-json\/wp\/v2\/pages\/2021","targetHints":{"allow":["GET"]}}],"collection":[{"href":"https:\/\/sisu.ut.ee\/ewod\/wp-json\/wp\/v2\/pages"}],"about":[{"href":"https:\/\/sisu.ut.ee\/ewod\/wp-json\/wp\/v2\/types\/page"}],"author":[{"embeddable":true,"href":"https:\/\/sisu.ut.ee\/ewod\/wp-json\/wp\/v2\/users\/43"}],"replies":[{"embeddable":true,"href":"https:\/\/sisu.ut.ee\/ewod\/wp-json\/wp\/v2\/comments?post=2021"}],"version-history":[{"count":1,"href":"https:\/\/sisu.ut.ee\/ewod\/wp-json\/wp\/v2\/pages\/2021\/revisions"}],"predecessor-version":[{"id":3062,"href":"https:\/\/sisu.ut.ee\/ewod\/wp-json\/wp\/v2\/pages\/2021\/revisions\/3062"}],"up":[{"embeddable":true,"href":"https:\/\/sisu.ut.ee\/ewod\/wp-json\/wp\/v2\/pages\/609"}],"wp:attachment":[{"href":"https:\/\/sisu.ut.ee\/ewod\/wp-json\/wp\/v2\/media?parent=2021"}],"curies":[{"name":"wp","href":"https:\/\/api.w.org\/{rel}","templated":true}]}}