{"id":2005,"date":"2024-04-03T23:42:20","date_gmt":"2024-04-03T20:42:20","guid":{"rendered":"https:\/\/sisu.ut.ee\/ewod\/about-et-262\/"},"modified":"2024-04-04T00:05:37","modified_gmt":"2024-04-03T21:05:37","slug":"about","status":"publish","type":"page","link":"https:\/\/sisu.ut.ee\/ewod\/v\/eloviiding\/about\/","title":{"rendered":"Elo Viiding &#8211; about"},"content":{"rendered":"<div class=\"field field-name-body field-type-text-with-summary field-label-hidden view-mode-full\">\n<div class=\"field-items\">\n<div class=\"field-item even\">\n<p>\n\t\t\t\t<span style=\"font-size: medium;font-family: verdana,geneva\"><strong>Articles<\/strong><\/span>\n\t\t\t<\/p>\n<p>\n\t\t\t\t<span style=\"font-size: medium;font-family: verdana,geneva\"><strong><em><span style=\"font-size: small\">English<\/span><\/em><\/strong><br><span style=\"font-size: small\">Anneli Mihkelev<strong>,\u00a0<a href=\"http:\/\/elm.estinst.ee\/issue\/20\/elo-viiding-poet-who-plays-social-nerves\/\">Elo Viiding \u2013 a Poet who Plays on Social Nerves<\/a>. <\/strong>\u2013 Estonian Literary Magazine, no 20, 2005.<\/span><\/span><\/p>\n<p><strong><em>German<\/em><\/strong><br>Hasso Krull, <strong>Elo Vee \u2013 Elo Viiding \u2013 V<\/strong>. \u2013 Estonia, no 1, 2002, pp 36-38.<br>\u00a0\n\t\t\t<\/p>\n<p>\n\t\t\t\t<span style=\"font-size: medium;font-family: verdana,geneva\"><strong>Reviews<\/strong><\/span>\n\t\t\t<\/p>\n<p>\n\t\t\t\t<span style=\"font-family: verdana,geneva\"><span style=\"font-family: verdana,geneva\"><strong><em>English<\/em><\/strong><\/span><br><span style=\"font-family: verdana,geneva\">Rutt Hinrikus, Janika Kronberg, <a href=\"http:\/\/elm.estinst.ee\/issue\/27\/short-overviews-books-estonian-authors\/\" target=\"_blank\" rel=\"noopener\"><strong>Short Outlines of Books by Estonian Authors<\/strong><\/a>. \u2013 Estonian Literary Magazine, no 27, 2008. [About \u2019P\u00fcha Maama\u2019 (\u2019Saint Mama\u2019).]<br>Janika Kronberg, <a href=\"http:\/\/elm.estinst.ee\/issue\/13\/short-outlines-books-estonian-authors\/\"><strong>Short Outlines of Books by Estonian Authors<\/strong><\/a>. \u2013 Estonian Literary Magazine, no 13, 2001. [About the poetry collection \u2018Kaardipakk\u2019 (\u2018A Pack of Cards\u2019) by\u00a0Asko K\u00fcnnap, J\u00fcrgen Rooste, Karl Martin Sinij\u00e4rv, Triin Soomets and Elo Viiding.]<\/span><\/span>\n\t\t\t<\/p>\n<\/div>\n<\/div>\n<\/div>\n","protected":false},"excerpt":{"rendered":"<p>Articles EnglishAnneli Mihkelev,\u00a0Elo Viiding \u2013 a Poet who Plays on Social Nerves. \u2013 Estonian Literary Magazine, no 20, 2005. GermanHasso Krull, Elo Vee \u2013 Elo Viiding \u2013 V. \u2013 Estonia, no 1, 2002, pp 36-38.\u00a0 Reviews EnglishRutt Hinrikus, Janika Kronberg, &#8230;<\/p>\n","protected":false},"author":43,"featured_media":0,"parent":1999,"menu_order":0,"comment_status":"closed","ping_status":"closed","template":"","meta":{"_acf_changed":false,"inline_featured_image":false,"footnotes":""},"class_list":["post-2005","page","type-page","status-publish","hentry"],"acf":[],"_links":{"self":[{"href":"https:\/\/sisu.ut.ee\/ewod\/wp-json\/wp\/v2\/pages\/2005","targetHints":{"allow":["GET"]}}],"collection":[{"href":"https:\/\/sisu.ut.ee\/ewod\/wp-json\/wp\/v2\/pages"}],"about":[{"href":"https:\/\/sisu.ut.ee\/ewod\/wp-json\/wp\/v2\/types\/page"}],"author":[{"embeddable":true,"href":"https:\/\/sisu.ut.ee\/ewod\/wp-json\/wp\/v2\/users\/43"}],"replies":[{"embeddable":true,"href":"https:\/\/sisu.ut.ee\/ewod\/wp-json\/wp\/v2\/comments?post=2005"}],"version-history":[{"count":1,"href":"https:\/\/sisu.ut.ee\/ewod\/wp-json\/wp\/v2\/pages\/2005\/revisions"}],"predecessor-version":[{"id":3065,"href":"https:\/\/sisu.ut.ee\/ewod\/wp-json\/wp\/v2\/pages\/2005\/revisions\/3065"}],"up":[{"embeddable":true,"href":"https:\/\/sisu.ut.ee\/ewod\/wp-json\/wp\/v2\/pages\/1999"}],"wp:attachment":[{"href":"https:\/\/sisu.ut.ee\/ewod\/wp-json\/wp\/v2\/media?parent=2005"}],"curies":[{"name":"wp","href":"https:\/\/api.w.org\/{rel}","templated":true}]}}