{"id":2001,"date":"2024-04-03T23:42:19","date_gmt":"2024-04-03T20:42:19","guid":{"rendered":"https:\/\/sisu.ut.ee\/ewod\/aivolohmus\/"},"modified":"2024-04-04T00:05:40","modified_gmt":"2024-04-03T21:05:40","slug":"aivolohmus","status":"publish","type":"page","link":"https:\/\/sisu.ut.ee\/ewod\/l\/aivolohmus\/","title":{"rendered":"Aivo L\u00f5hmus"},"content":{"rendered":"<p>\n\t<span style=\"font-size:16px\"><span style=\"font-family:Verdana,Geneva,sans-serif\"><a href=\"https:\/\/sisu.ut.ee\/ewod\/l\/aivolohmus\/poems\"><strong>Poems<\/strong><\/a><strong> <\/strong><a href=\"https:\/\/sisu.ut.ee\/wp-content\/uploads\/sites\/108\/a._lohmus_kalju_suur.jpg\" target=\"_self\" rel=\"noopener\"><img decoding=\"async\" alt=\"Aivo L\u00f5hmus\" src=\"https:\/\/sisu.ut.ee\/wp-content\/uploads\/sites\/108\/a._lohmus_kalju_suur.jpg\" style=\"float: right;width: 200px;height: 269px\" title=\"Photo: Kalju Suur\"><\/a><\/span><\/span>\n<\/p>\n<p>\n\t<span style=\"font-size:16px\"><span style=\"font-family:Verdana,Geneva,sans-serif\"><a href=\"https:\/\/sisu.ut.ee\/ewod\/l\/aivolohmus\/about\"><strong>About Aivo L\u00f5hmus<\/strong><\/a><\/span><\/span>\n<\/p>\n<p>\u00a0\n<\/p>\n<p>\n\t<span style=\"color:#000000\"><span style=\"font-size:13px\"><span style=\"font-family:Verdana,Geneva,sans-serif\"><span style=\"font-weight:normal\">Aivo L\u00f5hmus <\/span>(21. VII 1950 \u2013 28. III 2005) was a writer and translator.<\/span><\/span><\/span>\n<\/p>\n<p>\n\t<span style=\"color:#000000\"><span style=\"font-size:13px\"><span style=\"font-family:Verdana,Geneva,sans-serif\">He was born in P\u00f5lvamaa county and attended Karaski school, graduated from the Tallinn School of Technology in 1969 and from the State University of Tartu in 1976 in Estonian philology. His technological education on the one hand and his grounding in philology from the University of Tartu on the other made Aivo L\u00f5hmus into a sensitive humanitarian, at the same time with diverse practical skills. From 1974 to 1979 he worked on the culture section of the newspaper <i><span style=\"font-style:italic\">Edasi<\/span><\/i>, and from 1992 to 1993 as culture editor for <i><span style=\"font-style:italic\">Hommikuleht <\/span><\/i>in Tartu. From 1985 to 1997 L\u00f5hmus was a consultant and the treasurer of the Tartu branch of the Writers\u2019 Union. From 1996 he worked freelance. <\/span><\/span><\/span>\n<\/p>\n<p>\n\t<span style=\"color:#000000\"><span style=\"font-size:13px\"><span style=\"font-family:Verdana,Geneva,sans-serif\">Aivo L\u00f5hmus started as both a poet and a critic. He wrote his first critical pieces in 1974; his debut as a poet, <i><span style=\"font-style:italic\">Aastarangid<\/span><\/i>\u00a0(\u2018Hames of Years\u2019) appeared in 1976. L\u00f5hmus has also written sonnets and dialect poetry. In 1991 L\u00f5hmus produced a verse collection in Finnish, <i><span style=\"font-style:italic\">Kysymyksi\u00e4 presidentille <\/span><\/i>(\u2018Questions for the President\u2019) in Jyv\u00e4skyl\u00e4 in Finland. In the same year a Finnish-language documentary film was made about him, <i><span style=\"font-style:italic\">Aivo Tartosta <\/span><\/i>(\u2018Aivo from Tartu\u2019). \u00a0<\/span><\/span><\/span>\n<\/p>\n<p>\n\t<span style=\"color:#000000\"><span style=\"font-size:13px\"><span style=\"font-family:Verdana,Geneva,sans-serif\">His four collections of poetry, his novel set in Tartu, <i><span style=\"font-style:italic\">Alla orgu ja \u00fcle j\u00f5e<\/span><\/i>\u00a0(\u2018Down to the Valley and Over the River\u2019, 1988), and the play he wrote with Madis K\u00f5iv, <i><span style=\"font-style:italic\">P\u00f5ud ja vihm P\u00f5lva kihelkonnan nel\u00e4t\u00f5istk\u00fcmnend\u00e4m\u00e4 aasta suv\u00f5l<\/span><\/i>\u00a0(\u2018Drought and Rain in P\u00f5lva Parish in the Summer of \u2018Fourteen\u2019, 1987), give a flavour of this original and diverse writer with his keen ear for language. <\/span><\/span><\/span>\n<\/p>\n<p>\n\t<span style=\"color:#000000\"><span style=\"font-size:13px\"><span style=\"font-family:Verdana,Geneva,sans-serif\">L\u00f5hmus was also a prolific commentator on public affairs. He published reviews of literature, theatre and film, as well as political issues, setting out the problems perceptively. L\u00f5hmus made a thorough study of the banning and destruction of Estonian books between 1940 and 1953. A survey of his many articles and reviews was published as a separate book, a selection called <i><span style=\"font-style:italic\">V\u00f5im ja vari <\/span><\/i>(\u2018Power and Shadow\u2019, 2002).<\/span><\/span><\/span>\n<\/p>\n<p>\n\t<span style=\"color:#000000\"><span style=\"font-size:13px\"><span style=\"font-family:Verdana,Geneva,sans-serif\">Aivo L\u00f5hmus translated poetry and prose from English and Finnish into Estonian. His great achievement as a translator was arguably his translation into Estonian of Aleksis Kivi\u2019s novel \u2018Seven Brothers\u2019.<\/span><\/span><\/span>\n<\/p>\n<p>\n\t<span style=\"color:#000000\"><em><span style=\"font-size:13px\"><span style=\"font-family:Verdana,Geneva,sans-serif\">L. P. (Translated by C. M.)<\/span><\/span><\/em><\/span>\n<\/p>\n<p>\n\t\u00a0\n<\/p>\n<p>\n\t<span style=\"color:#000000\"><span style=\"font-size:16px\"><span style=\"font-family:Verdana,Geneva,sans-serif\"><b><span style=\"font-weight:bold\">Books in Estonian<\/span><\/b><\/span><\/span><\/span>\n<\/p>\n<p>\n\t<span style=\"color:#000000\"><span style=\"font-size:13px\"><span style=\"font-family:Verdana,Geneva,sans-serif\"><em><b><span style=\"font-weight:bold\">Poetry<\/span><\/b><\/em><br><strong>Aastarangid<\/strong>: luulet 1969\u20131973. Tallinn: Eesti Raamat, 1976. 88 lk.<br><strong>Puumaamees<\/strong>: luuletusi 1973\u20131976. Tallinn: Eesti Raamat, 1978. 83 lk.<br><strong>N\u00fc\u00fcd ja enne, siin ja mujal<\/strong>. Tallinn: Eesti Raamat, 1982. 46 lk.<br><strong>H\u00fc\u00fcdja h\u00e4\u00e4le murre<\/strong>. Tartu: Ilmamaa, 2000. 95 lk.<\/span><\/span><\/span>\n<\/p>\n<p>\n\t<span style=\"color:#000000\"><span style=\"font-size:13px\"><span style=\"font-family:Verdana,Geneva,sans-serif\"><em><b><span style=\"font-weight:bold\">Novels<\/span><\/b><\/em><br><strong>Alla orgu ja \u00fcle j\u00f5e<\/strong>: romaan aastast 1984. Tallinn: Eesti Raamat, 1988. 174 lk.<\/span><\/span><\/span>\n<\/p>\n<p>\n\t<span style=\"color:#000000\"><span style=\"font-size:13px\"><span style=\"font-family:Verdana,Geneva,sans-serif\"><em><b><span style=\"font-weight:bold\">Plays<\/span><\/b><\/em><br><strong>P\u00f5ud ja vihm P\u00f5lva kihelkonnan nel\u00e4t\u00f5istk\u00fcmnend\u00e4m\u00e4 aasta suv\u00f5l<\/strong>. Madis K\u00f5iv, Aivo L\u00f5hmus. Tallinn: Eesti Raamat, 1987. 142 lk.<\/span><\/span><\/span>\n<\/p>\n<p>\n\t<span style=\"color:#000000\"><span style=\"font-size:13px\"><span style=\"font-family:Verdana,Geneva,sans-serif\"><em><b><span style=\"font-weight:bold\">Non-fiction<\/span><\/b><\/em><br><strong>V\u00f5im ja vari<\/strong>: lugusid kaugematest ja l\u00e4hematest aegadest. Tartu: Ilmamaa, 2002. 318 lk.<\/span><\/span><\/span>\n<\/p>\n<p>\n\t<span style=\"color:#000000\"><span style=\"font-size:13px\"><span style=\"font-family:Verdana,Geneva,sans-serif\"><em><b><span style=\"font-weight:bold\">Monographs<\/span><\/b><\/em><br>Piret Lotman, Aivo L\u00f5hmus, <strong>Eesti raamatute h\u00e4vitamine n\u00f5ukogude v\u00f5imu poolt<\/strong>. Tallinn: Okupatsioonide Repressiivpoliitika Uurimise Riiklik Komisjon, 1995. 10 lk.<\/span><\/span><\/span>\n<\/p>\n<p><span style=\"color:#000000\"><strong><span style=\"font-size:16px\"><span style=\"font-family:Verdana,Geneva,sans-serif\">Books in Finnish<\/span><\/span><\/strong><\/span>\n<\/p>\n<p>\n\t<span style=\"color:#000000\"><span style=\"font-size:13px\"><span style=\"font-family:Verdana,Geneva,sans-serif\"><strong><em>Poems<\/em><\/strong><br><strong>Kysymyksi\u00e4 presidentille<\/strong>: trenditekstej\u00e4: runoja. Jyv\u00e4skyl\u00e4: Gummerus, 1991. 95 lk.<\/span><\/span><\/span><\/p>\n","protected":false},"excerpt":{"rendered":"<p>Poems About Aivo L\u00f5hmus \u00a0 Aivo L\u00f5hmus (21. VII 1950 \u2013 28. III 2005) was a writer and translator. He was born in P\u00f5lvamaa county and attended Karaski school, graduated from the Tallinn School of Technology in 1969 and from &#8230;<\/p>\n","protected":false},"author":43,"featured_media":0,"parent":631,"menu_order":0,"comment_status":"closed","ping_status":"closed","template":"","meta":{"_acf_changed":false,"inline_featured_image":false,"footnotes":""},"class_list":["post-2001","page","type-page","status-publish","hentry"],"acf":[],"_links":{"self":[{"href":"https:\/\/sisu.ut.ee\/ewod\/wp-json\/wp\/v2\/pages\/2001","targetHints":{"allow":["GET"]}}],"collection":[{"href":"https:\/\/sisu.ut.ee\/ewod\/wp-json\/wp\/v2\/pages"}],"about":[{"href":"https:\/\/sisu.ut.ee\/ewod\/wp-json\/wp\/v2\/types\/page"}],"author":[{"embeddable":true,"href":"https:\/\/sisu.ut.ee\/ewod\/wp-json\/wp\/v2\/users\/43"}],"replies":[{"embeddable":true,"href":"https:\/\/sisu.ut.ee\/ewod\/wp-json\/wp\/v2\/comments?post=2001"}],"version-history":[{"count":1,"href":"https:\/\/sisu.ut.ee\/ewod\/wp-json\/wp\/v2\/pages\/2001\/revisions"}],"predecessor-version":[{"id":3079,"href":"https:\/\/sisu.ut.ee\/ewod\/wp-json\/wp\/v2\/pages\/2001\/revisions\/3079"}],"up":[{"embeddable":true,"href":"https:\/\/sisu.ut.ee\/ewod\/wp-json\/wp\/v2\/pages\/631"}],"wp:attachment":[{"href":"https:\/\/sisu.ut.ee\/ewod\/wp-json\/wp\/v2\/media?parent=2001"}],"curies":[{"name":"wp","href":"https:\/\/api.w.org\/{rel}","templated":true}]}}