{"id":20,"date":"2024-04-03T23:39:15","date_gmt":"2024-04-03T20:39:15","guid":{"rendered":"https:\/\/sisu.ut.ee\/ewod\/jannsen\/"},"modified":"2024-04-04T00:11:15","modified_gmt":"2024-04-03T21:11:15","slug":"jannsen","status":"publish","type":"page","link":"https:\/\/sisu.ut.ee\/ewod\/j\/jannsen\/","title":{"rendered":"Johann Voldemar Jannsen"},"content":{"rendered":"<p>\n\t<a href=\"https:\/\/sisu.ut.ee\/ewod\/j\/jannsen\/poems\"><strong><span style=\"font-size: medium;font-family: verdana, geneva\">Poems<\/span><\/strong><\/a><a href=\"https:\/\/sisu.ut.ee\/wp-content\/uploads\/sites\/108\/jannsen_johann_voldemar.jpg\"><span style=\"font-size: medium;font-family: verdana, geneva\"><img loading=\"lazy\" decoding=\"async\" alt=\"Johann Voldemar Jannsen\" src=\"\/wp-content\/uploads\/sites\/108\/jannsen_johann_voldemar.jpg\" style=\"margin: 20px;float: right\" width=\"300\" height=\"474\"><\/span><\/a>\n<\/p>\n<p>\n\t<a href=\"https:\/\/sisu.ut.ee\/ewod\/j\/jannsen\/stories\"><strong><span style=\"font-size: medium;font-family: verdana, geneva\">Short stories<\/span><\/strong><\/a>\n<\/p>\n<p>\n\t<strong><span style=\"font-size: medium;font-family: verdana, geneva\"><a href=\"https:\/\/sisu.ut.ee\/ewod\/j\/jannsen\/nonfiction\">Non-fiction<\/a><\/span><\/strong><\/p>\n<p><a href=\"https:\/\/sisu.ut.ee\/ewod\/j\/jannsen\/about\">About J. V. Jannsen<\/a><\/p>\n<p><span style=\"color:#000000\"><span style=\"font-size: medium;font-family: verdana, geneva\"><span style=\"font-size: small\">Johann Voldemar Jannsen (l6.\/4. V 1819 \u2013 13. \/1. VII 1890) was one of the founders of Estonian press and the Song Festival tradition, a cultural figure and writer during the Estonian Age of Awakening, and the father of Lydia Koidula and Harry Jannsen. Jannsen\u2019s works represent Estonian literature\u2019s transition from religious to secular, from the borrowed to the original and from folkloric oral tradition to a written language. His mission was to shape the self-awareness of Estonians as a nation, based on the principles of equality between nations and races, humanism and the ideology of Christian democracy. \u00a0<\/span><\/span><\/span><\/p>\n<p><span style=\"font-size: medium;font-family: verdana, geneva\"><span style=\"font-size: small\">Jannsen was born in V\u00e4ndra manor, son to a miller and an innkeeper in T\u00f5rvaaugu. He studied in the V\u00e4ndra sacristan school (<em>K\u00fcsterschule<\/em>) and parish school. He worked as a coachman for Carl K\u00f6rber, a minister and man of letters, who taught him music and German. From 1838, he worked as a cantor and schoolmaster\u2019s aid in V\u00e4ndra; from 1842, as a sacristan and parish school teacher and from 1850\u201363, he was a teacher at the village school in \u00dclej\u00f5e, P\u00e4rnu. The newspaper <em>Perno Postimees ehk N\u00e4ddalileht<\/em> that Jannsen founded and was the editor of from 1857\u201363 established a consistent Estonian journalistic tradition. In 1863, he relocated to Tartu where he became Estonia\u2019s first professional journalist. He worked as the editor of <em>Eesti Postimees<\/em> and its special editions (1864\u201380), published the agricultural magazine <em>Eesti P\u00f5llomees k\u00f5ige eesti p\u00f5llomeestele<\/em> (1869\u20131880), founded the Vanemuine Singing and Acting Society in 1865 and led it until 1879. As the organizer of the first (1869) and second (1870) Estonian Song Festival, the founder of the Estonian Farmers Society in Tartu (1870) and a supporter of the Estonian Alexander School movement, Jannsen incited Estonians\u2019 national sensibilities and their demand for culture. <\/span><\/span><\/p>\n<p><span style=\"font-size: small\">As an enlightener of the people, he spread geographical, political and agricultural knowledge, promoted education and temperance, condemned superstitious beliefs and indirectly, occupation as well, and combated poverty and emigration. Instead of \u2018<em>maarahwas<\/em>\u2018 (\u2018countryfolk\u2019), he started using the ethnonym Estonians. In Tartu, his daughter Lydia Jannsen (Koidula) assisted him in his writing and editing. In the 1870s, during the rift in the national movement, Jannsen remained conservative, distancing himself from the radical Carl Robert Jakobson. The Livonian Knighthood secretly started supporting him financially but despite Realpolitik he still remained true to his ideals about the young nation and his personal opinion. In turn, Jakobson\u2019s activities in undermining the Baltic Germans\u2019 position were well received by the czar government. In 1880, Jannsen withdrew from the public due to paralysis. He passed away in Tartu and is buried in Tartu-Maarja Cemetery with a monumental bust marking his grave (by August Weizenberg). In his birthplace V\u00e4ndra, there is a memorial stone for him and three streets are named after him in Tallinn, Tartu and P\u00e4rnu. <\/span><\/p>\n<p><span style=\"font-size: small\">Jannsen was a Pietist Lutheran and his songbook <em>Sioni-Laulo-Kannel I\u2013III<\/em> (1845, 1853, 1860) that he compiled and fluently translated became hugely popular. His chapbook <em>Laup\u00e4wa-\u00f6htune K\u00fcllalinne<\/em> (\u2018Saturday Evening Guest\u2019, 1853) expresses enlightenment ideas. In addition to several religious books, he has also written for children. From his more than 200 pieces of prose, village stories and tales of historical figures, often humorous, form the majority. Jannsen was widely published: in yearbooks containing fiction, folk calendars, both of his newspapers and their special editions, and the anthology <em>P\u00fcssipappa essimessed K\u00fclla-Juttud k\u00fclla rahwale<\/em> (1854). Six of his stories are considered originals as he often adapted from German folk literature. Jannsen\u2019s folk tale style is rich, narrative, conversational and humorous, at times realistic, with comical characters and narrative digressions. His expressive phraseology, proverbs, sayings, comparisons, metaphors and personification techniques influenced Estonians\u2019 sense of literary style. Some of his adaptions could even be considered to have the value of originals. Jannsen\u2019s stories were very popular and helped shape the nation\u2019s reading habit. In the 1880s, Finland\u2019s largest magazine <em>Kyl\u00e4kirjaston Kuvalehti<\/em> published translations of his works. A selection of his stories were re-published in the editions of <em>J. V. Jannseni Kirjad<\/em> (\u2018Writings of J. V. Jannsen\u2019, 1881\u20131911). <\/span><\/p>\n<p><span style=\"font-size: small\">Jannsen created a few simple comedy plays that were staged from 1873\u20131888 in Vanemuine Society. Jannsen\u2019s voluminous collections of lyrics offered choirs a more secular repertoire: <em>Eestirahwa 50-aastase Jubelipiddo-Laulud<\/em> (\u2018Song Festival Songs for Estonia\u2019s 50th Anniversary\u2019, 1869) and <em>Eesti Laulik<\/em> (\u2018Songbook of Estonia\u2019, 1860, 5th edition in 1880, with sheet music in 1862). Among other Estonian translations those books also include works by J. W. Goethe, F. Schiller, L. Uhland, G. A. B\u00fcrger. He himself conducted choirs in P\u00e4rnu and later in Tartu and the manuscript of his <em>Partitur ehstnischer Chorges\u00e4nge<\/em> has been preserved. Jannsen is the author of the lyrics of the Estonian national anthem <em>Mu isamaa, mu \u00f5nn ja r\u00f5\u00f5m<\/em> (\u2018My Fatherland, My Happiness and Joy\u2019).<\/span>\n<\/p>\n<p>\n\t<span style=\"color:#000000\"><span style=\"font-size: medium;font-family: verdana, geneva\"><em><span style=\"font-size: small\">A. M. (Translated by A. S.)<\/span><\/em><\/span><\/span><\/p>\n<p><strong><span style=\"font-size: medium;font-family: verdana, geneva\">Writing in Estonian<\/span><\/strong>\n<\/p>\n<p>\n\t<span style=\"font-size: small;font-family: verdana, geneva\"><span style=\"color:#000000\"><strong><em>Periodicals<\/em><\/strong><br>J. V. Jannseni toimetatud v\u00e4ljaanded <strong>Perno Postimees<\/strong> ja <strong>Eesti Postimees<\/strong> koos kaasannetega nagu Eesti P\u00f5llomees jt on leitavad andmebaasist DEA (Digiteeritud eesti ajalehed): <\/span><a href=\"http:\/\/dea.nlib.ee\" target=\"_blank\" rel=\"noopener\"><span style=\"color:#000000\">http:\/\/dea.nlib.ee<\/span><\/a><span style=\"color:#000000\">.\u00a0<br><strong>Sannumetoja sel aastal 1848: Ehk: Uut ja wanna Ma-rahwa r\u00f6muks ja \u00f6ppetusseks<\/strong>. Tartu: J.V. Jannsen, 1848, 252 lk. [K\u00e4ttesaadav: <\/span><a href=\"http:\/\/www.digar.ee\/arhiiv\/et\/kollektsioonid\/20526\" target=\"_blank\" rel=\"noopener\"><span style=\"color:#000000\">http:\/\/www.digar.ee\/arhiiv\/et\/kollektsioonid\/20526<\/span><\/a><span style=\"color:#000000\">.]<br><strong>Teine Sannumetoja aastal 1849: Ehk: Uut ja Wanna Ma-rahwa r\u00f6muks ja \u00f6ppetusseks<\/strong>. Tartu: H. Laakmann, 1849, 216 lk. [K\u00e4ttesaadav: <\/span><a href=\"http:\/\/www.digar.ee\/arhiiv\/nlib-digar:100954\" target=\"_blank\" rel=\"noopener\"><span style=\"color:#000000\">http:\/\/www.digar.ee\/arhiiv\/nlib-digar:100954<\/span><\/a><span style=\"color:#000000\">.]<br><strong>Kolmas Sannumetoja aastal 1850: Ehk: Uut ja wanna Ma-rahwa r\u00f6muks ja \u00f6ppetusseks<\/strong>. Tartu: H. Laakmann, 1850, 279 lk. [K\u00e4ttesaadav: <\/span><a href=\"http:\/\/www.digar.ee\/id\/nlib-digar:101007\" target=\"_blank\" rel=\"noopener\"><span style=\"color:#000000\">http:\/\/www.digar.ee\/id\/nlib-digar:101007<\/span><\/a><span style=\"color:#000000\">.]<br><strong>Neljas Sannumetoja aastal 1851: Ehk: Uut ja wanna Ma-rahwa r\u00f6muks ja \u00f6ppetusseks<\/strong>. Tartu: H. Laakmann, 1851, 253 lk. [K\u00e4ttesaadav: <\/span><a href=\"http:\/\/www.digar.ee\/arhiiv\/nlib-digar:101004\" target=\"_blank\" rel=\"noopener\"><span style=\"color:#000000\">http:\/\/www.digar.ee\/arhiiv\/nlib-digar:101004<\/span><\/a><span style=\"color:#000000\">.]<br><strong>Wies Sannumetoja aastal 1856: Ehk: Uut ja wanna Ma-rahwa r\u00f6muks ja \u00f6ppetusseks<\/strong>. Tartu: H. Laakmann, 1856, 187 lk. [K\u00e4ttesaadav: <\/span><a href=\"http:\/\/www.digar.ee\/arhiiv\/nlib-digar:102149\" target=\"_blank\" rel=\"noopener\"><span style=\"color:#000000\">http:\/\/www.digar.ee\/arhiiv\/nlib-digar:102149<\/span><\/a><span style=\"color:#000000\">.]<br><strong>Kues Sannumetoja aastal 1857: Ehk: Uut ja wanna Ma-rahwa r\u00f6muks ja \u00f6ppetusseks<\/strong>. Tartu: H. Laakmann, 1857, 167 lk. [K\u00e4ttesaadav: <\/span><a href=\"http:\/\/www.digar.ee\/arhiiv\/nlib-digar:101005\" target=\"_blank\" rel=\"noopener\"><span style=\"color:#000000\">http:\/\/www.digar.ee\/arhiiv\/nlib-digar:101005<\/span><\/a><span style=\"color:#000000\">.]<br><strong>Seitsmes Sannumetoja aastal 1860: Ehk: Uut ja wanna ma-rahwa r\u00f6muks ja \u00f6ppetusseks<\/strong>. Tartu: H. Laakmann, 1860, 141 lk. [K\u00e4ttesaadav: <\/span><a href=\"http:\/\/www.digar.ee\/arhiiv\/nlib-digar:101006\" target=\"_blank\" rel=\"noopener\"><span style=\"color:#000000\">http:\/\/www.digar.ee\/arhiiv\/nlib-digar:101006<\/span><\/a><span style=\"color:#000000\">.]\u00a0 <\/span><\/span>\n<\/p>\n<p>\n\t<span style=\"font-size: small\"><span style=\"font-family: verdana, geneva\"><span style=\"color:#000000\"><strong><em>Books<\/em><\/strong><br><strong>Sannumed pagganattest, nende ebba ussust ning \u00f6nnetumast ellust<\/strong>. Pernu: F. W. Borm, 1845, 26 lk. [K\u00e4ttesaadav: <\/span><a href=\"http:\/\/www.digar.ee\/arhiiv\/nlib-digar:100024\" target=\"_blank\" rel=\"noopener\"><span style=\"color:#000000\">http:\/\/www.digar.ee\/arhiiv\/nlib-digar:100024<\/span><\/a><span style=\"color:#000000\">.]<br><strong>Laup\u00e4wa-\u00f5htune K\u00fcllalinne, mis Johann Jannsen w\u00e4ljaannud: Essimene \u00f6hto<\/strong>. P\u00e4rnu: W. Borm, 1853, 76 lk. [Jutud.]<br><strong>P\u00fcssipappa essimessed K\u00fclla-Juttud k\u00fclla rahwale: Essimenne \u00f6htu: mis Johann Jannsen w\u00e4ljaannud<\/strong>. Tartu: J. V. Jannsen, 1854, 120 lk. [K\u00e4ttesaadav: <\/span><a href=\"http:\/\/www.digar.ee\/arhiiv\/nlib-digar:36739\" target=\"_blank\" rel=\"noopener\"><span style=\"color:#000000\">http:\/\/www.digar.ee\/arhiiv\/nlib-digar:36739<\/span><\/a><span style=\"color:#000000\">; Tartu: Eesti Kirjandusmuuseum, Digira, 2014, <\/span><a href=\"http:\/\/www.digar.ee\/arhiiv\/nlib-digar:203760\" target=\"_blank\" rel=\"noopener\"><span style=\"color:#000000\">http:\/\/www.digar.ee\/arhiiv\/nlib-digar:203760<\/span><\/a><span style=\"color:#000000\">.]<br><strong>Sioni-Ohwri-Altar: Ued Laulud ja Palwed, Issanda auuks ja ussowendade kassuks. Essimenne jaggo<\/strong>. Tartu: H. Laakmann, 1859, 96 lk. [J\u00e4rgnevad tr\u00fckid: 1870, 1873, 1881.]<br>Friedrich Wilhelm Krummacher, <strong>Kolmas Sioni-laulo-Kannel ehk 355 uut waimolikko laulo, isse\u00e4rranis Kristusse rigi kaswamissest Kolmaino Jummala auuks ja Ristikoggodusse kassuks<\/strong>. T\u00f5lkinud J. V. Jannsen. Tartu: H. Laakmann, 1860, XIV, 653-958 lk. [J\u00e4rgnevad tr\u00fckid: 1863, 1864, 1871, 1873.]<br><strong>Eesti laulik: 125 uut laulo neile, kes hea melega laulwad ehk laulo kuulwad<\/strong>. Essimenne jaggo. Tartu: H. Laakmann, 1860, 191 lk. [K\u00e4ttesaadav: <\/span><a href=\"http:\/\/www.digar.ee\/arhiiv\/nlib-digar:36738\" target=\"_blank\" rel=\"noopener\"><span style=\"color:#000000\">http:\/\/www.digar.ee\/arhiiv\/nlib-digar:36738<\/span><\/a><span style=\"color:#000000\">.]<br><strong>Sioni-Ohwri Altar: Laua-rahwa Laulud ja Palwed, Issanda auuks ja ussowendade kassuks. 2. jaggo<\/strong>. Tartu: H. Laakmann, 1862, 116 lk. [J\u00e4rgnevad tr\u00fckid: 1874, 1881.]<br><strong>Eesti Lauliko wisi-ramat: 120 uut laulo-wisi<\/strong>. Tartu: H. Laakmann, 1862, VI+79 lk. [Noodid. K\u00e4ttesaadav: <\/span><a href=\"http:\/\/www.digar.ee\/id\/nlib-digar:309172\" target=\"_blank\" rel=\"noopener\"><span style=\"color:#000000\">http:\/\/www.digar.ee\/id\/nlib-digar:309172<\/span><\/a><span style=\"color:#000000\">.]<br><strong>Korilaulja koddo ja kirrikus Eesti lauloseltsidele. 1. ja 2. anne<\/strong>. Tartu: H. Laakmann, 1866\u20131867, 54 lk. [Noodid.]<br><strong>Eestirahwa 50-aastase Jubelipiddo-Laulud<\/strong>. Tartu: Tarto Wannemuine-selts, 1869, 12 lk. [Laulus\u00f5nad. K\u00e4ttesaadav: <\/span><a href=\"http:\/\/kivike.kirmus.ee\/meta\/AR-15111-59221-25248\" target=\"_blank\" rel=\"noopener\"><span style=\"color:#000000\">http:\/\/kivike.kirmus.ee\/meta\/AR-15111-59221-25248<\/span><\/a><span style=\"color:#000000\">.]<br><strong>Eestirahwa 50-aastase Jubelipiddo-Laulud<\/strong>. Tartu: Tarto Wannemuine-selts, 1869, 78 lk. [Noodid. J\u00e4rgmised tr\u00fckid: 1865, 1871, 1880. K\u00e4ttesaadav: <\/span><a href=\"http:\/\/www.digar.ee\/arhiiv\/nlib-digar:104869\" target=\"_blank\" rel=\"noopener\"><span style=\"color:#000000\">http:\/\/www.digar.ee\/arhiiv\/nlib-digar:104869<\/span><\/a><span style=\"color:#000000\">.]<br><strong>Laste Palwe-ohwrid: Piltidega<\/strong>. Tartu, H. Laakmann, 1870, 29 lk. [Laulud. 2. tr\u00fckk: 1879.]<br><strong>Eesti Laste R\u00f6\u00f6m: Hea lastele p\u00fchhade kingitusseks<\/strong>. Essimenne and. Tartu, 1872, 21 lk. [K\u00e4ttesaadav: <\/span><a href=\"http:\/\/www.digar.ee\/arhiiv\/nlib-digar:102132\" target=\"_blank\" rel=\"noopener\"><span style=\"color:#000000\">http:\/\/www.digar.ee\/arhiiv\/nlib-digar:102132<\/span><\/a><span style=\"color:#000000\">.]<br><strong>Albik\u00e4ra Ants<\/strong>. Tartu, Tallinn: Loodus, 1939, 7 lk. [2. tr\u00fckk: Tallinn: TEA, 2011, 30 lk.]<br><strong>Pappa Jannseni postipaunast: \u201cPerno Postimehhest\u201d w\u00e4lja walitsenud ja rodosse seadinud P. Rummo<\/strong>. Tallinn: Perioodika (Loomingu Raamatukogu), 1969, 133 lk.<br><strong>N\u00e4idendid<\/strong>. Koostanud K\u00fclli Laugaste. Tartu: Tartu \u00dclikooli Kirjastus, 1993, 118 lk.<br><strong>Mis \u201cPostimees\u201d uudist kaasa on toonud: Jutud, laulud, \u201cPostimehe\u201d uudiseid<\/strong>. Koostanud Hilve Rebane. Tallinn: Tiritamm, 1998, 155 lk.<br><strong>Diarium: Johann Voldemar Jannseni P\u00e4rnu p\u00e4evik. Das Pernauer Tagebuch von Johann Woldemar Jannsen<\/strong>. Koostanud Malle Salupere. P\u00e4rnu: P\u00e4rnu Muuseum, 2011, 195 lk.<\/span><\/span><\/span>\n<\/p>\n<p>\n\t<span style=\"color:#000000\"><span style=\"font-size: small\"><span style=\"font-family: verdana, geneva\"><strong><em>Collected works<\/em><\/strong><br><span style=\"font-size: small\"><span style=\"font-family: verdana, geneva\"><strong>J. W. Jannsen\u2019i kirjad<\/strong> [proosa, publitsistika]:<br>1. j\u00e4rg: 1.-5. anne. Tartu: W. Just, 1881-1885, 400 lk.<br>2. j\u00e4rg: 1.-5. [kaanel 6.-10.] anne. Tartu: H. Laakmann, 1886-1889 [kaanel 1882], 80+80+242 lk.<br>3. j\u00e4rg: 1.-5. [kaanel 11.-15.] anne. Tartu: H. Laakmann, 1891-1898, 407 lk.<br>4. j\u00e4rg: 1.-5. anne. Jurjev: H. Laakmann, 1899-1911, 505 lk.<\/span><\/span><\/span><\/span><\/span><\/p>\n","protected":false},"excerpt":{"rendered":"<p>Poems Short stories Non-fiction About J. V. Jannsen Johann Voldemar Jannsen (l6.\/4. V 1819 \u2013 13. \/1. VII 1890) was one of the founders of Estonian press and the Song Festival tradition, a cultural figure and writer during the Estonian &#8230;<\/p>\n","protected":false},"author":43,"featured_media":0,"parent":620,"menu_order":0,"comment_status":"closed","ping_status":"closed","template":"","meta":{"_acf_changed":false,"inline_featured_image":false,"footnotes":""},"class_list":["post-20","page","type-page","status-publish","hentry"],"acf":[],"_links":{"self":[{"href":"https:\/\/sisu.ut.ee\/ewod\/wp-json\/wp\/v2\/pages\/20","targetHints":{"allow":["GET"]}}],"collection":[{"href":"https:\/\/sisu.ut.ee\/ewod\/wp-json\/wp\/v2\/pages"}],"about":[{"href":"https:\/\/sisu.ut.ee\/ewod\/wp-json\/wp\/v2\/types\/page"}],"author":[{"embeddable":true,"href":"https:\/\/sisu.ut.ee\/ewod\/wp-json\/wp\/v2\/users\/43"}],"replies":[{"embeddable":true,"href":"https:\/\/sisu.ut.ee\/ewod\/wp-json\/wp\/v2\/comments?post=20"}],"version-history":[{"count":1,"href":"https:\/\/sisu.ut.ee\/ewod\/wp-json\/wp\/v2\/pages\/20\/revisions"}],"predecessor-version":[{"id":5055,"href":"https:\/\/sisu.ut.ee\/ewod\/wp-json\/wp\/v2\/pages\/20\/revisions\/5055"}],"up":[{"embeddable":true,"href":"https:\/\/sisu.ut.ee\/ewod\/wp-json\/wp\/v2\/pages\/620"}],"wp:attachment":[{"href":"https:\/\/sisu.ut.ee\/ewod\/wp-json\/wp\/v2\/media?parent=20"}],"curies":[{"name":"wp","href":"https:\/\/api.w.org\/{rel}","templated":true}]}}