{"id":1999,"date":"2024-04-03T23:42:19","date_gmt":"2024-04-03T20:42:19","guid":{"rendered":"https:\/\/sisu.ut.ee\/ewod\/eloviiding\/"},"modified":"2024-09-16T15:59:21","modified_gmt":"2024-09-16T12:59:21","slug":"eloviiding","status":"publish","type":"page","link":"https:\/\/sisu.ut.ee\/ewod\/v\/eloviiding\/","title":{"rendered":"Elo Viiding"},"content":{"rendered":"<figure class=\"wp-block-image alignright size-large is-resized\"><a href=\"https:\/\/sisu.ut.ee\/wp-content\/uploads\/sites\/108\/Elo-Viiding_Alar-Madisson-1-scaled.jpg\"><img loading=\"lazy\" decoding=\"async\" width=\"685\" height=\"1024\" src=\"https:\/\/sisu.ut.ee\/wp-content\/uploads\/sites\/108\/Elo-Viiding_Alar-Madisson-1-685x1024.jpg\" alt=\"\" class=\"wp-image-5494\" style=\"width:300px\" title=\"Photo: Alar Madisson\" srcset=\"https:\/\/sisu.ut.ee\/wp-content\/uploads\/sites\/108\/Elo-Viiding_Alar-Madisson-1-685x1024.jpg 685w, https:\/\/sisu.ut.ee\/wp-content\/uploads\/sites\/108\/Elo-Viiding_Alar-Madisson-1-201x300.jpg 201w, https:\/\/sisu.ut.ee\/wp-content\/uploads\/sites\/108\/Elo-Viiding_Alar-Madisson-1-768x1147.jpg 768w, https:\/\/sisu.ut.ee\/wp-content\/uploads\/sites\/108\/Elo-Viiding_Alar-Madisson-1-1028x1536.jpg 1028w, https:\/\/sisu.ut.ee\/wp-content\/uploads\/sites\/108\/Elo-Viiding_Alar-Madisson-1-1371x2048.jpg 1371w, https:\/\/sisu.ut.ee\/wp-content\/uploads\/sites\/108\/Elo-Viiding_Alar-Madisson-1-1920x2868.jpg 1920w, https:\/\/sisu.ut.ee\/wp-content\/uploads\/sites\/108\/Elo-Viiding_Alar-Madisson-1-scaled.jpg 1714w\" sizes=\"auto, (max-width: 685px) 100vw, 685px\"><\/a><\/figure>\n\n\n\n<h5 class=\"wp-block-heading\"><br><a style=\"line-height: 1.6em;\" href=\"https:\/\/sisu.ut.ee\/ewod\/v\/eloviiding\/poems\"><strong><span style=\"font-size: medium; font-family: verdana,geneva;\">Poems<\/span><\/strong><\/a><\/h5>\n\n\n\n<h5 class=\"wp-block-heading\"><a href=\"https:\/\/sisu.ut.ee\/ewod\/v\/eloviiding\/stories\"><strong><span style=\"font-size: medium; font-family: verdana,geneva;\">Short stories<\/span><\/strong><\/a><\/h5>\n\n\n\n<h5 class=\"wp-block-heading\"><a href=\"https:\/\/sisu.ut.ee\/ewod\/v\/eloviiding\/about\"><strong><span style=\"font-size: medium; font-family: verdana,geneva;\">About Elo Viiding<\/span><\/strong><\/a><\/h5>\n\n\n\n<p><br>Elo Viiding (pseudonym Elo Vee, born 20 March 1974) is an Estonian writer, poet, translator and editor.<\/p>\n\n\n\n<p>Viiding was born in Tallinn; her father was actor and poet <a href=\"https:\/\/sisu.ut.ee\/ewod\/v\/juhanviiding\/\" data-type=\"page\" data-id=\"2012\">Juhan Viiding<\/a>, her mother is theatrical functionary Riina Viiding, her grandparents (actor Kaljo Kiisk, poet <a href=\"https:\/\/sisu.ut.ee\/ewod\/v\/paulviiding\/\" data-type=\"page\" data-id=\"169\">Paul Viiding<\/a>, translator Linda Viiding) were also cultural figures. From 1981\u20131989, she studied at Tallinn Music High School, from 1989\u20131992 at Georg Ots Tallinn Music College (majoring in violin), from 1992\u20131994 at the 1st Evening Secondary School in Tallinn, and from 1994\u20131999 at the Estonian Institute of Humanities (majoring in theatre and acting).<\/p>\n\n\n\n<p>Elo Viiding published her first poems in 1987; her first poetry collection <em>Telg<\/em> (\u2018Axis\u2019) was issued in 1990 in young poets\u2019 joint publication <em>Kassett 90<\/em> (\u2018Cassette 90\u2019), her first collection of short stories in 1995. For her early collections, she used the pseudonym Elo Vee, which she later abandoned in favour of her real name. Her poetry, mostly in free verse and sometimes laced with puns, is considered modern, social and critical but also personal, intellectual and ironic. Viiding herself has said that it is the writer\u2019s duty to be socially sensitive indeed, not to write nonsense or arrogant manifestos that are not vitally and essentially felt, but at the same time, the author must not dissolve into the fabric of her text. Her creation has been translated into English, German, Russian, Swedish and Finnish.<\/p>\n\n\n\n<p>She has translated the poetry of Pentti Saarikoski, Rita Dahl, Sanna Karlstr\u00f6m, Risto Oikarinen and Petra Vallila from Finnish. She has also participated in (sometimes international) music and art projects, often involving her poetry. Viiding has also published articles and reviews in the press.<\/p>\n\n\n\n<p>Since 1992, Viiding has been a member of the Estonian Writers\u2019 Union, since 2010 a board member of the Estonian PEN Club. In 2009, <a href=\"https:\/\/sisu.ut.ee\/ewod\/a\/alavainu\/\" data-type=\"page\" data-id=\"707\">Ave Alavainu<\/a> handed over to Elo Viiding <a href=\"https:\/\/sisu.ut.ee\/ewod\/a\/alver\/\" data-type=\"page\" data-id=\"487\">Betti Alver<\/a>\u2018s bracelet, which is handed down from a female poet to a female poet.<\/p>\n\n\n\n<p><em>M. K. (Translated by I. A.)<\/em><\/p>\n\n\n\n<h5 class=\"wp-block-heading\"><br><strong>Books in Estonian<\/strong><\/h5>\n\n\n\n<p><em><strong>Poems<\/strong><\/em><br>Elo Vee, <strong>Telg. <\/strong>Tallinn: Eesti Raamat, 1990, 64 lk.<br>Elo Vee, <strong>Laeka l\u00e4hedus. <\/strong>Tallinn: Tuum, 1993, 105 lk.<br>Elo Vee, <strong>V\u00f5lavalgel. <\/strong>Tallinn: Tuum, 1995, 190 lk.<br><strong>V. <\/strong>Tallinn: Tuum, 1998, 102 lk.<br><strong>Esimene tahe. <\/strong>Tallinn: Tuum, 2002, 96 lk.<br><strong>Teatud erandid. <\/strong>Tallinn: Tuum, 2003, 89 lk.<br><strong>Selge j\u00e4lg. <\/strong>Tallinn: Tuum, 2005, 84 lk.<br><strong>P\u00fcha maama. <\/strong>Tallinn: Tuum, 2008, 144 lk.<br><strong>Meie paremas maailmas. <\/strong>Tallinn: Tuum, 2009, 70 lk.<br><strong>Kestmine. <\/strong>Tallinn: Tuum, 2011, 69 lk.<br><strong>N\u00f5elad. <\/strong>Tallinn: Tuum, 2013, 80 lk.<br><strong>Teadvuselooja. <\/strong>Tallinn: Tuum, 2016, 64 lk.<br><strong>Ainult armastusest. <\/strong>Tallinn: Tuum, 2019, 64 lk.<br><strong>Assisi luulet. <\/strong>Tallinn: Emakeele Sihtasutus, 2022, 64 lk.<br><strong>Vastukaja. <\/strong>Tallinn: Zukker &amp; Viiding, 2023, 32 lk.<br><strong>Elluj\u00e4\u00e4misre\u017eiim. <\/strong>Tallinn: Emakeele Sihtasutus, 2024, 72 lk.<\/p>\n\n\n\n<p><em><strong>Prose<\/strong><\/em><br>Elo Vee, <strong>Ingelheim. <\/strong>Tallinn: Eesti Raamat, 1995, 80 lk.<br><strong>Teised. <\/strong>Tallinn: Tuum, 2012, 176 lk.<br><strong>L\u00fchikesed ja lihtsad lood. <\/strong>Tallinn: Kultuurileht (Loomingu Raamatukogu), 2016, 71 lk.<\/p>\n\n\n\n<p><em><strong>Children\u2019s literature<\/strong><\/em><br><strong>Margaret ja Kadriorg. <\/strong>Tallinn: Eesti Kunstimuuseum, 2018, 80 lk.<\/p>\n\n\n\n<p><em><strong>Articles and essays<\/strong><\/em><br><strong>Mina k\u00f5nelen kirjandusest. <\/strong>Tallinn: Tuum, 2020, 140 lk.<br><strong>Kirjanik k\u00f5neleb minuga. <\/strong>Tallinn: Tuum, 2024, 216 lk.<\/p>\n","protected":false},"excerpt":{"rendered":"<p>Poems Short stories About Elo Viiding Elo Viiding (pseudonym Elo Vee, born 20 March 1974) is an Estonian writer, poet, translator and editor. Viiding was born in Tallinn; her father was actor and poet Juhan Viiding, her mother is theatrical &#8230;<\/p>\n","protected":false},"author":43,"featured_media":0,"parent":733,"menu_order":0,"comment_status":"closed","ping_status":"closed","template":"","meta":{"_acf_changed":false,"inline_featured_image":false,"footnotes":""},"class_list":["post-1999","page","type-page","status-publish","hentry"],"acf":[],"_links":{"self":[{"href":"https:\/\/sisu.ut.ee\/ewod\/wp-json\/wp\/v2\/pages\/1999","targetHints":{"allow":["GET"]}}],"collection":[{"href":"https:\/\/sisu.ut.ee\/ewod\/wp-json\/wp\/v2\/pages"}],"about":[{"href":"https:\/\/sisu.ut.ee\/ewod\/wp-json\/wp\/v2\/types\/page"}],"author":[{"embeddable":true,"href":"https:\/\/sisu.ut.ee\/ewod\/wp-json\/wp\/v2\/users\/43"}],"replies":[{"embeddable":true,"href":"https:\/\/sisu.ut.ee\/ewod\/wp-json\/wp\/v2\/comments?post=1999"}],"version-history":[{"count":4,"href":"https:\/\/sisu.ut.ee\/ewod\/wp-json\/wp\/v2\/pages\/1999\/revisions"}],"predecessor-version":[{"id":5525,"href":"https:\/\/sisu.ut.ee\/ewod\/wp-json\/wp\/v2\/pages\/1999\/revisions\/5525"}],"up":[{"embeddable":true,"href":"https:\/\/sisu.ut.ee\/ewod\/wp-json\/wp\/v2\/pages\/733"}],"wp:attachment":[{"href":"https:\/\/sisu.ut.ee\/ewod\/wp-json\/wp\/v2\/media?parent=1999"}],"curies":[{"name":"wp","href":"https:\/\/api.w.org\/{rel}","templated":true}]}}