{"id":1995,"date":"2024-04-03T23:42:18","date_gmt":"2024-04-03T20:42:18","guid":{"rendered":"https:\/\/sisu.ut.ee\/ewod\/about-et-260\/"},"modified":"2024-04-04T00:05:42","modified_gmt":"2024-04-03T21:05:42","slug":"about","status":"publish","type":"page","link":"https:\/\/sisu.ut.ee\/ewod\/s\/sinijarv\/about\/","title":{"rendered":"Karl Martin Sinij\u00e4rv &#8211; about"},"content":{"rendered":"<div class=\"field field-name-body field-type-text-with-summary field-label-hidden view-mode-full\">\n<div class=\"field-items\">\n<div class=\"field-item even\">\n<p><span style=\"font-size: medium;font-family: verdana,geneva\"><strong>Reviews<\/strong><\/span><\/p>\n<p><span style=\"font-family: verdana,geneva\"><span style=\"font-family: verdana,geneva\"><strong><em>English<\/em><\/strong><\/span><br><span style=\"font-family: verdana,geneva\">Janika Kronberg, <a href=\"http:\/\/elm.estinst.ee\/issue\/13\/short-outlines-books-estonian-authors\/\"><strong>Short Outlines of Books by Estonian Authors<\/strong><\/a>. \u2013 Estonian Literary Magazine, no 13, 2001. [About the poetry collection \u2018Kaardipakk\u2019 (\u2018A Pack of Cards\u2019) by\u00a0Asko K\u00fcnnap, J\u00fcrgen Rooste, Karl Martin Sinij\u00e4rv, Triin Soomets and Elo Viiding.]<\/span><\/span><\/p>\n<p><span style=\"font-family: verdana,geneva\"><span style=\"font-family: verdana,geneva\"><strong><em>German<\/em><\/strong><br>Cornelius Hasselblatt,\u00a0<strong>Die neue (Kassetten-)Generation<\/strong>. \u2013 Estonia, vol 5, no 4, 1989, pp 178-182. [About \u2018Kassett \u201988\u2019 (Tallinn: 1989) that contains poetry collections by Karl Martin Sinij\u00e4rv (\u2018Kolmring\u2019), Ringo Ringvee (\u2018Linnud mustm\u00fchisevast majast\u2019), T\u00f5nu Trubetsky (\u2018Pogo\u2019) and M\u00e4rt V\u00e4ljataga (\u2018Teine keel\u2019).]<\/span><\/span><\/p>\n<p><span style=\"font-size: medium\"><strong><span style=\"font-family: verdana,geneva\"><span style=\"font-family: verdana,geneva\">Interviews<\/span><\/span><\/strong><\/span><\/p>\n<p><span style=\"font-family: verdana,geneva\"><span style=\"font-family: verdana,geneva\"><em><strong>English<\/strong><\/em><br><a href=\"http:\/\/elm.estinst.ee\/issue\/18\/cooking-poems-karl-martin-sinijarv\/\"><strong>Cooking Poems: Karl Martin Sinij\u00e4rv<\/strong>.<\/a> \u2013 Estonian Literary Magazine, no 18, 2004.<br><\/span><\/span><\/p>\n\n<\/div>\n<\/div>\n<\/div>\n","protected":false},"excerpt":{"rendered":"<p>Reviews EnglishJanika Kronberg, Short Outlines of Books by Estonian Authors. \u2013 Estonian Literary Magazine, no 13, 2001. [About the poetry collection \u2018Kaardipakk\u2019 (\u2018A Pack of Cards\u2019) by\u00a0Asko K\u00fcnnap, J\u00fcrgen Rooste, Karl Martin Sinij\u00e4rv, Triin Soomets and Elo Viiding.] GermanCornelius Hasselblatt,\u00a0Die &#8230;<\/p>\n","protected":false},"author":43,"featured_media":0,"parent":828,"menu_order":0,"comment_status":"closed","ping_status":"closed","template":"","meta":{"_acf_changed":false,"inline_featured_image":false,"footnotes":""},"class_list":["post-1995","page","type-page","status-publish","hentry"],"acf":[],"_links":{"self":[{"href":"https:\/\/sisu.ut.ee\/ewod\/wp-json\/wp\/v2\/pages\/1995","targetHints":{"allow":["GET"]}}],"collection":[{"href":"https:\/\/sisu.ut.ee\/ewod\/wp-json\/wp\/v2\/pages"}],"about":[{"href":"https:\/\/sisu.ut.ee\/ewod\/wp-json\/wp\/v2\/types\/page"}],"author":[{"embeddable":true,"href":"https:\/\/sisu.ut.ee\/ewod\/wp-json\/wp\/v2\/users\/43"}],"replies":[{"embeddable":true,"href":"https:\/\/sisu.ut.ee\/ewod\/wp-json\/wp\/v2\/comments?post=1995"}],"version-history":[{"count":1,"href":"https:\/\/sisu.ut.ee\/ewod\/wp-json\/wp\/v2\/pages\/1995\/revisions"}],"predecessor-version":[{"id":3091,"href":"https:\/\/sisu.ut.ee\/ewod\/wp-json\/wp\/v2\/pages\/1995\/revisions\/3091"}],"up":[{"embeddable":true,"href":"https:\/\/sisu.ut.ee\/ewod\/wp-json\/wp\/v2\/pages\/828"}],"wp:attachment":[{"href":"https:\/\/sisu.ut.ee\/ewod\/wp-json\/wp\/v2\/media?parent=1995"}],"curies":[{"name":"wp","href":"https:\/\/api.w.org\/{rel}","templated":true}]}}