{"id":1994,"date":"2024-04-03T23:42:18","date_gmt":"2024-04-03T20:42:18","guid":{"rendered":"https:\/\/sisu.ut.ee\/ewod\/tammsaare\/"},"modified":"2024-04-04T00:05:42","modified_gmt":"2024-04-03T21:05:42","slug":"tammsaare","status":"publish","type":"page","link":"https:\/\/sisu.ut.ee\/ewod\/t\/tammsaare\/","title":{"rendered":"A. H. Tammsaare"},"content":{"rendered":"<p>\n\t<span style=\"font-family: verdana,geneva\"><a href=\"https:\/\/sisu.ut.ee\/ewod\/t\/tammsaare\/novels\"><strong><span style=\"font-size: medium\">Novels<\/span><\/strong><\/a><a href=\"\/wp-content\/uploads\/sites\/108\/tammsaare_a._h.jpg\"><span style=\"font-size: medium\"><img loading=\"lazy\" decoding=\"async\" alt=\"A. H. Tammsaare. Photo by J. &amp; P. Parikas\" height=\"331\" src=\"\/wp-content\/uploads\/sites\/108\/tammsaare_a._h.jpg\" style=\"float: right\" title=\"Photo by J. &amp; P. Parikas\" width=\"200\"><\/span><\/a><\/span>\n<\/p>\n<p>\n\t<span style=\"font-family: verdana,geneva\"><a href=\"https:\/\/sisu.ut.ee\/ewod\/t\/tammsaare\/stories\"><strong><span style=\"font-size: medium\">Short stories<\/span><\/strong><\/a><\/span>\n<\/p>\n<p>\n\t<span style=\"font-family: verdana, geneva\"><a href=\"https:\/\/sisu.ut.ee\/ewod\/t\/tammsaare\/plays\"><strong><span style=\"font-size: medium\">Plays<\/span><\/strong><\/a><\/span>\n<\/p>\n<p>\n\t<strong><span style=\"font-size:16px\"><span style=\"font-family:Verdana,Geneva,sans-serif\"><a data-url=\"https:\/\/sisu.ut.ee\/ewod\/t\/tammsaare\/nonfiction\" href=\"https:\/\/sisu.ut.ee\/ewod\/t\/tammsaare\/nonfiction\" title=\"\">Non-fiction<\/a><\/span><\/span><\/strong>\n<\/p>\n<p>\n\t<span style=\"font-family: verdana,geneva\"><a href=\"https:\/\/sisu.ut.ee\/ewod\/t\/tammsaare\/about\"><strong><span style=\"font-size: medium\">About A. H. Tammsaare<\/span><\/strong><\/a><\/span>\n<\/p>\n<p><span style=\"color:#000000\"><span style=\"font-size:13px\"><span style=\"font-family:Verdana,Geneva,sans-serif\">A. H. Tammsaare (30.\/18. I 1878 \u2013 1. III 1940, sometimes referred to as Anton Hansen Tammsaare, real name Anton Hansen) was a prose writer, dramatist, and essayist. His epic pentalogy of novels <em>T\u00f5de ja \u00f5igus <\/em>(\u2018Truth and Justice\u2019) is one of the defining works of Estonian literature.<\/span><\/span><\/span>\n<\/p>\n<p>\n\t<span style=\"color:#000000\"><span style=\"font-size:13px\"><span style=\"font-family:Verdana,Geneva,sans-serif\">Born as the fourth of ten children in a farmhouse called P\u00f5hja-Tammsaare, Anton Hansen chose the name of his father\u00b4s farm to be his pseudonym. After working as a journalist from 1903 to 1907 for different newspapers, he studied law at the University of Tartu, earning living as a journalist and theatre critic. Due to severe tuberculosis, Tammsaare was forced to break off his studies in 1911 and stayed with his brother in a secluded forest village in northern Estonia (Koitj\u00e4rve) for a year. In order to recover from his illness, Tammsaare made a journey to the Caucasus (1912\u20121913), his only trip outside of Estonia. After a serious gastric operation in 1914, Tammsaare lived with his brother\u00b4s family until 1919, when he married and moved to Tallinn. Tammsaare was a professional writer until his death.<\/span><\/span><\/span>\n<\/p>\n<p>\n\t<span style=\"color:#000000\"><span style=\"font-size:13px\"><span style=\"font-family:Verdana,Geneva,sans-serif\">Tammsaare made his debut in 1900 with prose pieces in the newspaper Postimees. Using his own experiences of living on a farm and different places in the countryside as an inspiration to create the milieu, characters, and conflicts, Tammsaare depicts the everyday village life in his stories. As a student Tammsaare was affected, to a degree, by the Noor-Eesti movement, attested in the impressionistic \u201cstudent stories\u201d<em> <\/em>(<em>Pikad sammud <\/em>(\u2018Long Steps\u2019, 1908), <em>Noored hinged<\/em> (\u2018Young Souls\u2019, 1909) and <em>\u00dcle piiri <\/em>(\u2018Across the Border\u2019, 1910)), where the representation of character\u00b4s interior world is deepened and the main focus is on the relationships between young intellectuals in an urban atmosphere. These stories reflect Tammsaare\u00b4s interest in the social and gender issues of his days, including the emancipation of women. In 1915, Tammsaare published a collection of artistic fairytales and miniatures, <em>Poiss ja liblik <\/em>(\u2018The Boy and the Butterfly\u2019), which entails writings from 1909\u20121915. The short story <em>Varjundid <\/em>(\u2018Nuances\u2019, 1917), where a tragic love affair unfolds in a costal boarding-house on the Black Sea, is the last of his urban stories.<\/span><\/span><\/span>\n<\/p>\n<p>\n\t<span style=\"color:#000000\"><span style=\"font-size:13px\"><span style=\"font-family:Verdana,Geneva,sans-serif\">Tammsaare\u00b4s first novel <em>K\u00f5rboja peremees<\/em> (\u2018The Master of K\u00f5rboja\u2019, 1922) centers around two farms, Katku and K\u00f5rboja, and the concealed mutual attraction between their two hereditary owners. The outwardly simple story of searching for the new master of K\u00f5rboja farm is presented in a complicated narrative form and uses Biblical symbolic language. On a broader level, Tammsaare\u00b4s novel analyzes the complex problems of village life in the newly independent Republic of Estonia in the beginning of the 20th century.<\/span><\/span><\/span>\n<\/p>\n<p>\n\t<span style=\"color:#000000\"><span style=\"font-size:13px\"><span style=\"font-family:Verdana,Geneva,sans-serif\">Tammsaare\u00b4s principal work is the epochal novel <em>T\u00f5de ja \u00f5igus I-V <\/em>(\u2018Truth and Justice\u2019, 1926\u20121933), which presents approximately 50-year-long panorama of Estonian life, beginning in the last third of the 19th century. The <em>roman-fleuve<\/em> is composed as the characters struggle with four different forces \u2013 the land, God, society, and the self, all of which result in resignation, and truth and justice will remain relative concepts. The central character of the whole work is Vargam\u00e4e Andres\u00b4s son Indrek Paas, whose course of life from his childhood on his father\u00b4s farm through his school days at Tartu and his involvement in the revolution of 1905, as well as his tragic married life in the early bourgeois Estonian Republic, which makes him return at last to his father\u00b4s farm, constitutes a frame for the author\u00b4s wide speculations on the development of human society and culture.<\/span><\/span><\/span>\n<\/p>\n<p>\n\t<span style=\"color:#000000\"><span style=\"font-size:13px\"><span style=\"font-family:Verdana,Geneva,sans-serif\">After finishing his magnum opus, Tammsaare turned to more romantic themes and published the novel <em>Elu ja armastus <\/em>(\u2018Life and Love\u2019, 1934), which is a psychological love story about a young maiden of rural origin and a sophisticated businessman, whose morally double-faced personality provides a vein for the novel\u00b4s paradoxical discussions of life. In the following year <em>Ma armastasin sakslast <\/em>(\u2018I loved a German Girl\u2019, 1935) which depicts a tragic relationship between an Estonian young man and a Baltic-German girl who prove unable to break the social barriers of the past in the name of their present love, was published. Tammsaare\u00b4s last work was <em>P\u00f5rgup\u00f5hja uus Vanapagan<\/em> (\u2018The Misadventures of the New Satan\u2019, 1939). Using archetypal characters from Estonian mythology and allegory, Tammsaare creates a satire on the money-centered bourgeois society.<\/span><\/span><\/span>\n<\/p>\n<p>\n\t<span style=\"color:#000000\"><span style=\"font-size:13px\"><span style=\"font-family:Verdana,Geneva,sans-serif\">In addition to prose works, Tammsaare also wrote two plays. <em>Juudit <\/em>(\u2018Judith\u2019, 1921) interprets the corresponding biblical book, but here, Judith is not motivated by patriotic feelings, but rather the wish to win Holofernes\u00b4 love and greed for power; <em>Kuningal on k\u00fclm <\/em>(\u2018The King Feels Cold\u2019, 1936) is a bitter allegory on the political vacuity of the 1930s.<\/span><\/span><\/span>\n<\/p>\n<p>\n\t<span style=\"color:#000000\"><span style=\"font-size:13px\"><span style=\"font-family:Verdana,Geneva,sans-serif\">He was also an essayist and publicist: the collections <em>S\u00f5jam\u00f5tted <\/em>(\u2018Thoughts of War\u2019, 1919) and <em>Sic Transit <\/em>(1924); the essay <em>Keelest ja luulest <\/em>(\u2018About Language and Poetry\u2019, 1915); and the survey <em>Hiina ja hiinlane <\/em>(\u2018China and Chinese\u2019, 1938). He translated Oscar Wilde, Selma Lagerl\u00f6f, Joseph Conrad, H. G. Wells, G. B. Shaw. John Galsworthy, Knut Hamsun, Fyodor Dostoyevsky and many others into Estonian. The Collected Works of Tammsaare were published in 18 volumes from 1978 to 1993.<\/span><\/span><\/span>\n<\/p>\n<p>\n\t<span style=\"color:#000000\"><span style=\"font-size:13px\"><span style=\"font-family:Verdana,Geneva,sans-serif\"><em>A. N.<\/em><\/span><\/span><\/span>\n<\/p>\n<p>\n\t<br><a data-url=\"https:\/\/kirjanduskeskus.ee\/tammsaare\/\" href=\"https:\/\/kirjanduskeskus.ee\/tammsaare\/\" target=\"_blank\" title=\"\" rel=\"noopener\">Homepage<\/a><span style=\"font-family:Verdana,Geneva,sans-serif\"><span style=\"font-size:13px\"> <\/span><span style=\"color:#000000\"><span style=\"font-size:13px\">of the Tammsaare Museum at Kadriorg, Tallinn (in Estonian)<\/span><\/span><\/span><br><a data-url=\"https:\/\/www.vargamae.ee\/en\/\" href=\"https:\/\/www.vargamae.ee\/en\/\" target=\"_blank\" title=\"\" rel=\"noopener\">Homepage<\/a><span style=\"font-family:Verdana,Geneva,sans-serif\"><span style=\"color:#000000\"><span style=\"font-size:13px\"> of the Tammsaare Museum in Vargam\u00e4e (in Tammsaare\u2019s birthplace)<\/span><\/span><\/span>\n<\/p>\n<p><span style=\"font-family:Verdana,Geneva,sans-serif\"><span style=\"font-size:16px\"><span style=\"color:#000000\"><strong>Books in Estonian<\/strong><\/span><\/span><\/span>\n<\/p>\n<p>\n\t<span style=\"font-size:13px\"><span style=\"color:#000000\"><span style=\"font-family:Verdana,Geneva,sans-serif\"><strong><em>Novels<\/em><\/strong><br><strong>K\u00f5rboja peremees<\/strong>. Tallinn: Maa, 1922, 176 lk. [2. tr\u00fckk: Tartu: Noor-Eesti, 1926, 170 lk; 3. tr\u00fckk: Tartu: Noor-Eesti, 1926, 183 lk; 4. tr\u00fckk: Tallinn: Eesti Kirjastus, 1943, 190 lk; 5. tr\u00fckk: Vadstena: Orto, 1946, 247 lk; 6. tr\u00fckk: Tallinn: Eesti Riiklik Kirjastus, 1958, 176 lk; 7. tr\u00fckk: Tallinn: Eesti Raamat, 1967, 183 lk; 8. tr\u00fckk: Tallinn: Eesti Raamat, 1970, 144 lk; 9. tr\u00fckk: Tallinn: Eesti Raamat, 1976, 144 lk; 10. tr\u00fckk: \u2019Kogutud teosed, 5. k\u00f6ide\u2019, Tallinn: Eesti Raamat, 1980, 216 lk; 11. tr\u00fckk: Tallinn: Avita, 2000, 152 lk; 12. tr\u00fckk: Tallinn: Avita, 2004, 150 lk; 13. tr\u00fckk: Tallinn: Avita, 2007, 151 lk; 14. tr\u00fckk: Tallinn: Varrak, 2016, 157 lk; e-raamat: tallinn: Digira, 2013.]<br><strong>T\u00f5de ja \u00f5igus, 1<\/strong>. Tartu: Noor-Eesti, 1926, 605 lk. [J\u00e4rgnevad tr\u00fckid: Tartu: Noor-Eesti, 1929, 586 lk; Tartu: Noor-Eesti, 1940, 605 lk; Tartu: Tartu Eesti Kirjastus, 1942, 603 lk; Geislingen: Kultuur, 1946-1947, 683 lk (kahes k\u00f6ites); Vadstena: Orto, 1946, 604 lk; Tallinn: Ilukirjandus ja Kunst, 1947, 518 lk; New York: Kultuur, 1958 (esimene k\u00f6ide), 347 lk; Tallinn: Eesti Riiklik Kirjastus, 1952, 524 lk; Tallinn: Eesti Riiklik Kirjastus, 1964, 556 lk; Tallinn: Eesti Raamat, 1974, 534 lk; \u2019Kogutud teosed, 6. k\u00f6ide\u2019, Tallinn: Eesti Raamat, 1981, 526 lk; Tallinn: Avita, 2003; Tallinn: Avita, 2010; e-raamat: Tallinn: Digira, 2011; 2012; 2013 (1.-5. k\u00f6ide).]<br><strong>T\u00f5de ja \u00f5igus, 2<\/strong>. Tartu: Noor-Eesti, 1929, 578 lk. [J\u00e4rgnevad tr\u00fckid: Tartu: Noor-Eesti, 1938, 503 lk; Geislingen: Kultuur, 1947, 503 lk (kahes k\u00f6ites); Vadstena: Orto, 1947, 550 lk; Tallinn: Eesti Riiklik Kirjastus, 1954, 401 lk; Tallinn: Eesti Raamat, 1965, 407 lk; \u2019Kogutud teosed, 7. k\u00f6ide\u2019, Tallinn: Eesti Raamat, 1981, 400 lk; Tallinn: Avita, 2009, 352 lk; e-raamat: Tallinn: Digira, 2012; 2013 (1.-5. k\u00f6ide); 2014.]<br><strong>T\u00f5de ja \u00f5igus 3<\/strong>. Tallinn: Tartu: Noor-Eesti, 1931, 440 lk. [J\u00e4rgnevad tr\u00fckid: Geislingen: Kultuur, 1947, 525 lk; Vadstena: Orto, 1947, 440 lk; Tallinn: Eesti Riiklik Kirjastus, 1954, 407 lk; Tallinn: Eesti Raamat, 1968, 256 lk; \u2019Kogutud teosed, 8. k\u00f6ide\u2019, Tallinn: Eesti Raamat, 1982, 256 lk; Tallinn: Avita, 2009, 223 lk; e-raamat: Tallinn: Digira, 2012; 2013 (1.-5. k\u00f6ide); 2014.]<br><strong>T\u00f5de ja \u00f5igus 4<\/strong>. Tartu: Noor-Eesti, 1932, 454 lk. [J\u00e4rgnevad tr\u00fckid: Tartu: Noor-Eesti, 1940, 476 lk; Geislingen: Kultuur, 1948, 542 lk; Vadstena: Orto, 1948, 402 lk; Tallinn: Eesti Riiklik Kirjastus, 1956, 400 lk; Tallinn: Eesti Raamat, 1969, 422 lk; \u2019Kogutud teosed, 9. k\u00f6ide\u2019, Tallinn: Eesti Raamat, 1983, 416 lk; Tallinn: Avita, 2009, 375 lk; e-raamat: Tallinn: Digira, 2012; 2013 (1.-5. k\u00f6ide); 2014.]<br><strong>T\u00f5de ja \u00f5igus 5<\/strong>. Tartu: Noor-Eesti, 1933, 440 lk. [J\u00e4rgnevad tr\u00fckid: Tartu: Noor-Eesti, 1936, 506 lk; Geislingen: Kultuur, 1948, 510 lk; Vadstena: Orto, 1948, 417 lk; Tallinn: Eesti Riiklik Kirjastus, 1957, 376 lk; Tallinn: Eesti Raamat, 1969, 406 lk; \u2019Kogutud teosed, 10. k\u00f6ide\u2019, Tallinn: Eesti Raamat, 1983, 464 lk; Tallinn: Avita, 2004, 375 lk; e-raamat: Tallinn: Digira, 2012; 2013 (1.-5. k\u00f6ide); 2015.]<br><strong>Elu ja armastus<\/strong>. Tartu: Noor-Eesti, 1934, 384 lk. [2. tr\u00fckk: Toronto: Orto, 1951, 351 lk; 3. tr\u00fckk: Tallinn: Eesti Raamat, 1966, 386 lk; 4. tr\u00fckk: \u2019Kogutud teosed, 11. k\u00f6ide\u2019, Tallinn: Eesti Raamat, 1984, 344 lk; 5. tr\u00fckk: Tallinn: Hea Lugu, 2014, 303 lk; e-raamat: Tallinn: FUTU Print: Elera: Digira, 2012.]<br><strong>Ma armastasin sakslast<\/strong>. Tartu: Noor-Eesti, 1935, 272 lk. [2. tr\u00fckk: Stockholm: Vaba Eesti, 1956, 230 lk; 3. tr\u00fckk: Tallinn: Eesti Riiklik Kirjastus, 1964, 231 lk; 4. tr\u00fckk: \u2019Kogutud teosed, 12. k\u00f6ide\u2019, Tallinn: Eesti Raamat, 1984, 208 lk; 5. tr\u00fckk: Tallinn: Pegasus, 2007, 228 lk; e-raamat: Tallinn: Digira, 2014.]<br><strong>P\u00f5rgup\u00f5hja uus vanapagan<\/strong>. Tartu: Noor-Eesti, 1939, 296 lk. [2. tr\u00fckk: Tartu: Noor-Eesti, 1940, 307 lk; 3. tr\u00fckk: Tallinn: Ilukirjandus ja Kunst, 1946, 280 lk; 4. tr\u00fckk: Tallinn: Ilukirjandus ja Kunst, 1946, 283 lk; 5. tr\u00fckk: Toronto: Orto, 1952, 269 lk; 6. tr\u00fckk: Tallinn: Eesti Riiklik Kirjastus, 1954, 243 lk; 7. tr\u00fckk: Tallinn: Eesti Raamat, 1970, 172 lk; 8. tr\u00fckk: Tallinn: Eesti Raamat, 1970, 213 lk; 9. tr\u00fckk: Tallinn: Eesti Raamat, 1975, 172 lk; 10. tr\u00fckk: \u2019Kogutud teosed, 13. k\u00f6ide\u2019, Tallinn: Eesti Raamat, 1985, 239 lk; 11. tr\u00fckk: Tallinn: Avita, 2000, 264 lk; e-raamat: Tallinn: Digira, 2015.]<\/span><\/span><\/span>\n<\/p>\n<p>\n\t<span style=\"font-size:13px\"><span style=\"color:#000000\"><span style=\"font-family:Verdana,Geneva,sans-serif\"><strong><em>Short stories<\/em><\/strong><br><strong>Raha-auk: Pildid L\u00e4\u00e4nemaalt<\/strong>. Tallinn: S\u00f5numed, 1907, 92 lk. [2. tr\u00fckk: Tallinn: Maa, 1914, 123 lk; 3. tr\u00fckk: Tartu: Noor-Eesti, 1920, 123 lk.]<br><strong>Uurimisel<\/strong>. Tallinn: [s.n.], 1907, 110 lk. [2. tr\u00fckk: Tartu: Noor-Eesti, 1922, 106 lk.]<br><strong>Pikad sammud: uudisjutt<\/strong>. Tartu: Noor-Eesti, 1908, 139 lk. [2. tr\u00fckk: Tallinn: Varrak, 1921, 112 lk; e-raamat: Tallinn: Digira, 2015.]<br><strong>Noored hinged<\/strong>. Tartu: Noor-Eesti, 1909, 221 lk. [2. tr\u00fckk: Tartu: Noor-Eesti, 1923, 116 lk; 3. tr\u00fckk: \u2019Kogutud teosed, 4. k\u00f6ide: Novellid (1922-1939); Meie rebane\u2019, Tallinn: Eesti Raamat, 1979, 303 lk; e-raamat: Tallinn: Digira, 2014.]<br><strong>\u00dcle piiri<\/strong>. Tartu: Noor-Eesti, 1910, 163 lk. [2. tr\u00fckk: Tallinn: Varrak, 1923, 163 lk.]<br><strong>Wanad ja noored: kolm novelli<\/strong>. Tartu: Noor-Eesti, 1913, 165 lk.<br><strong>Poiss ja liblik<\/strong>. Jurjev: Noor-Eesti, 1915, 102 lk. [2., t\u00e4iendatud tr\u00fckk: Tallinn: Tallinna Eesti Kirjastus-\u00dchisus, 1922, 130 lk.]<br><strong>K\u00e4rbes<\/strong>. Tallinn: Maa, 1917, 184 lk. [2. tr\u00fckk: Tallinn: Varrak, 1924, 190 lk; e-raamat: Tallinn: Digira, 2011.]<br><strong>Varjundid<\/strong>. Tartu: Noor-Eesti, 1917, 131 lk. [2. tr\u00fckk: Tallinn: Varrak, 1923, 125 lk.]<br><strong>P\u00f6ialpoiss<\/strong>. Tallinn: Varrak, 1923, 183 lk.<br><strong>Kaks paari ja \u00fcksainus: ning teised jutustused<\/strong>. Tartu: Noor-Eesti, 1924, 103 lk. [E-raamat: Tartu: Eesti Kirjandusmuuseum; Tallinn: Digira, 2014.]<br><strong>Vanad ja noored: jutustus<\/strong>. Tallinn: Varrak, 1924, 113 lk. [J\u00e4rgmised tr\u00fckid: Tartu: Noor-Eesti, 1936, 99 lk; Tallinn: Ilukirjandus ja Kunst, 1948, 108 lk; e-raamat: Tallinn: Digira, 2012.]<br><strong>T\u00e4htis p\u00e4ev ja T\u00f5si jah<\/strong>. Tallinn: T\u00f6\u00f6kool, 1925, 15 lk. [Lastelood.]<br><strong>Meie rebane<\/strong>. Tartu: Noor-Eesti, 1932, 136 lk. [Noortejutustus. 2. tr\u00fckk: Tallinn: Ilukirjandus ja Kunst, 1948, 132 lk; 3. tr\u00fckk: Tallinn: Eesti Riiklik Kirjastus, 1955, 143 lk; 4. tr\u00fckk: Tallinn: Eesti Raamat, 1974, 95 lk; 5. tr\u00fckk: \u2019Kogutud teosed, 4. k\u00f6ide: Novellid (1922-1939); Meie rebane\u2019, Tallinn: Eesti Raamat, 1979, 303 lk; 6. tr\u00fckk: Habaja: Kentaur, 2016, 126 lk; e-raamat: Tallinn: Digira, 2014.]<br><strong>Valitud novellid ja miniatuurid<\/strong>. Tallinn: Ilukirjandus ja Kunst, 1945, 342 lk.<br><strong>Valitud jutustused<\/strong>. Tallinn: Ilukirjandus ja Kunst, 1949, 583 lk.<br><strong>T\u00e4htis p\u00e4ev<\/strong>. Tallinn: Eesti Riiklik Kirjastus, 1956, 23 lk. [Lastelugu. J\u00e4rgmised tr\u00fckid: Tallinn: Eesti Raamat, 1976, 23 lk; Tallinn: Tiritamm, 2008, 22 lk; Tallinn: Hea Lugu, 2016, 23 lk.]<br><strong>Jutustused. 1<\/strong>. Stockholm: Vaba Eesti, 1957, 315 lk.<br><strong>Elavad nukud: novelle<\/strong>. Tallinn: Ajalehtede-Ajakirjade Kirjastus (Loomingu Raamatukogu), 1958, 60 lk.<br><strong>Jutustused. 1<\/strong>. Tallinn: Eesti Riiklik Kirjastus, 1959, 408 lk.<br><strong>Jutustused. 2<\/strong>. Tallinn: Eesti Riiklik Kirjastus, 1960, 536 lk.<br><strong>Jutustused. 3<\/strong>: Novellid, miniatuurid ja reisikirjad. Tallinn: Eesti Riiklik Kirjastus, 1962, 512 lk.<br><strong>Jutustusi ja novelle<\/strong>. Tallinn: Eesti Raamat, 1976, 188 lk.<br><strong>Miniatuure<\/strong>. Tallinn: Eesti Raamat, 1977, 48 lk.<br><strong>Miniatuure, novelle, jutustusi<\/strong>. Tallinn: Eesti Raamat, 1977, 488 lk.<br><strong>Vanaisa surm<\/strong>. Tallinn: Eesti Raamat, 1978, 25 lk.<\/span><\/span><\/span>\n<\/p>\n<p>\n\t<span style=\"font-size:13px\"><span style=\"color:#000000\"><span style=\"font-family:Verdana,Geneva,sans-serif\"><strong><em>Plays<\/em><\/strong><br><strong>Juudit: nelja waatusega n\u00e4idend<\/strong>. Tallinn: Varrak, 1921, 112 lk. [2. tr\u00fckk: Tartu: Noor-Eesti, 1936, 127 lk; 3. tr\u00fckk: \u2019Juudit; Kuningal on k\u00fclm: n\u00e4idendid\u2019, Tallinn: Eesti Raamat, 1968, 188 lk; 4. tr\u00fckk: Tallinn: Eesti Raamat, 1974, 102 lk; 5. tr\u00fckk: \u2019Kogutud teosed, 14. k\u00f6ide: N\u00e4idendid; Vested; Varia\u2019, Tallinn: Eesti Raamat, 1985, 264 lk.e-raamat: Tartu: Eesti Kirjandusmuuseum; Tallinn: Digira, 2014.]<br><strong>Kuningal on k\u00fclm: n\u00e4idend 3 vaatuses 4 pildis<\/strong>. Tartu: Noor-Eesti, 1936, 107 lk. [2. tr\u00fckk: \u2019Juudit; Kuningal on k\u00fclm: n\u00e4idendid\u2019, Tallinn: Eesti Raamat, 1968, 188 lk; 3. tr\u00fckk: \u2019Kogutud teosed, 14. k\u00f6ide: N\u00e4idendid; Vested; Varia\u2019, Tallinn: Eesti Raamat, 1985, 264 lk; e-raamat: Tallinn: Digira, 2013.]<\/span><\/span><\/span>\n<\/p>\n<p>\n\t<span style=\"font-size:13px\"><span style=\"color:#000000\"><span style=\"font-family:Verdana,Geneva,sans-serif\"><strong><em>Non-fiction<\/em><\/strong><br><strong>Keelest ja luulest<\/strong>. Tallinn: Maa, 1915, 62 lk. [E-raamat: Tallinn: Digira, 2015.]<br><strong>S\u00f5jam\u00f5tted<\/strong>. Tartu: Noor-Eesti, 1919, 244 lk.<br><strong>Sic transit\u2026<\/strong>. Tartu: Noor-Eesti, 1924, 133 lk. [2. tr\u00fckk: Muraste: Matrix Kirjastus, 2004, 143 lk.]<br><strong>Hiina ja hiinlane<\/strong>. Tartu: Noor-Eesti, 1938, 90 lk. [E-raamat: Tallinn: Digira, 2015.]<br><strong>Valitud artiklid<\/strong>. Tallinn: Eesti Raamat, 1976, 528 lk.<br><strong><strong>M\u00f5tteid ja m\u00f5tisklusi<\/strong><\/strong>. Tallinn: Perioodika (Loomingu Raamatukogu), 1978, 124 lk.<br><strong>Armastusest ja lapselikkusest<\/strong>. Koostaja ja j\u00e4rels\u00f5na Maarja Vaino. Tartu: Ilmamaa, 2011, 526 lk. [Sarjas \u2019Eesti m\u00f5ttelugu\u2019.]<br><strong>Kirjad t\u00fctrele<\/strong>. Tallinn: Varrak, 2008, 102 lk.<\/span><\/span><\/span>\n<\/p>\n<p>\n\t<span style=\"font-size:13px\"><span style=\"color:#000000\"><span style=\"font-family:Verdana,Geneva,sans-serif\"><span data-mce-mark=\"1\"><strong><em>Collected works<\/em><\/strong><br><strong>Kogutud teosed, 1. k\u00f6ide: Jutustused: l\u00fchiproosa (1900-1907)<\/strong>. Tallinn: Eesti Raamat, 1978, 511 lk.<br><strong>Kogutud teosed, 2. k\u00f6ide: Jutustused (1907-1910)<\/strong>. Tallinn: Eesti Raamat, 1978, 360 lk.<br><strong>Kogutud teosed, 3. k\u00f6ide: Miniatuurid, jutustused, novellid (1909-1921)<\/strong>. Tallinn: Eesti Raamat, 1979, 325 lk.<br><strong>Kogutud teosed, 4. k\u00f6ide: Novellid (1922-1939); Meie rebane<\/strong>. Tallinn: Eesti Raamat, 1979, 303 lk.<br><strong>Kogutud teosed, 5. k\u00f6ide: K\u00f5rboja peremees<\/strong>. Tallinn: Eesti Raamat, 1980, 216 lk.<br><strong>Kogutud teosed, 6. k\u00f6ide: T\u00f5de ja \u00f5igus. 1<\/strong>. Tallinn: Eesti Raamat, 1981, 526 lk.<br><strong>Kogutud teosed, 7. k\u00f6ide: T\u00f5de ja \u00f5igus. 2<\/strong>. Tallinn: Eesti Raamat, 1981, 400 lk.<br><strong>Kogutud teosed, 8. k\u00f6ide: T\u00f5de ja \u00f5igus. 3<\/strong>. Tallinn: Eesti Raamat, 1982, 256 lk.<br><strong>Kogutud teosed, 9. k\u00f6ide: T\u00f5de ja \u00f5igus. 4<\/strong>. Tallinn: Eesti Raamat, 1983, 416 lk.<br><strong>Kogutud teosed, 10. k\u00f6ide: T\u00f5de ja \u00f5igus. 5<\/strong>. Tallinn: Eesti Raamat, 1983, 464 lk.<br><strong>Kogutud teosed, 11. k\u00f6ide: Elu ja armastus: romaan<\/strong>. Tallinn: Eesti Raamat, 1984, 344 lk.<br><strong>Kogutud teosed, 12. k\u00f6ide: Ma armastasin sakslast: romaan<\/strong>. Tallinn: Eesti Raamat, 1984, 208 lk.<br><strong>Kogutud teosed, 13. k\u00f6ide: P\u00f5rgup\u00f5hja uus Vanapagan<\/strong>. Tallinn: Eesti Raamat, 1985, 239 lk.<br><strong>Kogutud teosed, 14. k\u00f6ide: N\u00e4idendid; Vested; Varia<\/strong>. Tallinn: Eesti Raamat, 1985, 264 lk.<br><strong>Kogutud teosed, 15. k\u00f6ide: Publitsistika. 1.: (1902-1914)<\/strong>. Tallinn: Eesti Raamat, 1986, 447 lk.<br><strong>Kogutud teosed, 16. k\u00f6ide: Publitsistika. 2.: (1914-1925)<\/strong>. Tallinn: Eesti Raamat, 1988, 803 lk.<br><strong>Kogutud teosed, 17. k\u00f6ide: Publitsistika. 3.: (1926-1940)<\/strong>. Tallinn: Eesti Raamat, 1990, 766 lk.<br><strong>Kogutud teosed, 18. k\u00f6ide: Kirjad (1896-1940)<\/strong>. Tallinn: Eesti Raamat, 1993, 557 lk.<\/span><\/span><\/span><\/span><\/p>\n","protected":false},"excerpt":{"rendered":"<p>Novels Short stories Plays Non-fiction About A. H. Tammsaare A. H. Tammsaare (30.\/18. I 1878 \u2013 1. III 1940, sometimes referred to as Anton Hansen Tammsaare, real name Anton Hansen) was a prose writer, dramatist, and essayist. His epic pentalogy &#8230;<\/p>\n","protected":false},"author":43,"featured_media":0,"parent":709,"menu_order":0,"comment_status":"closed","ping_status":"closed","template":"","meta":{"_acf_changed":false,"inline_featured_image":false,"footnotes":""},"class_list":["post-1994","page","type-page","status-publish","hentry"],"acf":[],"_links":{"self":[{"href":"https:\/\/sisu.ut.ee\/ewod\/wp-json\/wp\/v2\/pages\/1994","targetHints":{"allow":["GET"]}}],"collection":[{"href":"https:\/\/sisu.ut.ee\/ewod\/wp-json\/wp\/v2\/pages"}],"about":[{"href":"https:\/\/sisu.ut.ee\/ewod\/wp-json\/wp\/v2\/types\/page"}],"author":[{"embeddable":true,"href":"https:\/\/sisu.ut.ee\/ewod\/wp-json\/wp\/v2\/users\/43"}],"replies":[{"embeddable":true,"href":"https:\/\/sisu.ut.ee\/ewod\/wp-json\/wp\/v2\/comments?post=1994"}],"version-history":[{"count":1,"href":"https:\/\/sisu.ut.ee\/ewod\/wp-json\/wp\/v2\/pages\/1994\/revisions"}],"predecessor-version":[{"id":3090,"href":"https:\/\/sisu.ut.ee\/ewod\/wp-json\/wp\/v2\/pages\/1994\/revisions\/3090"}],"up":[{"embeddable":true,"href":"https:\/\/sisu.ut.ee\/ewod\/wp-json\/wp\/v2\/pages\/709"}],"wp:attachment":[{"href":"https:\/\/sisu.ut.ee\/ewod\/wp-json\/wp\/v2\/media?parent=1994"}],"curies":[{"name":"wp","href":"https:\/\/api.w.org\/{rel}","templated":true}]}}