{"id":199,"date":"2024-04-03T23:39:29","date_gmt":"2024-04-03T20:39:29","guid":{"rendered":"https:\/\/sisu.ut.ee\/ewod\/nonfiction-et-11\/"},"modified":"2024-04-04T00:10:45","modified_gmt":"2024-04-03T21:10:45","slug":"nonfiction","status":"publish","type":"page","link":"https:\/\/sisu.ut.ee\/ewod\/g\/goseken\/nonfiction\/","title":{"rendered":"Heinrich G\u00f6seken &#8211; non-fiction"},"content":{"rendered":"<p>\n\t<strong><span style=\"font-size:16px\"><span style=\"font-family:Verdana,Geneva,sans-serif\">Books<\/span><\/span><\/strong>\n<\/p>\n<p>\n\t<span style=\"font-family:Verdana,Geneva,sans-serif\"><span style=\"font-size:13px\"><em><strong>German, Latin<\/strong><\/em><br><strong>Der Einf\u00e4ltigen Ehsten Abergl\u00e4ubische Gebr\u00e4uche, Weisen und Gewonheiten<\/strong>, Derer Sie sich, So ins gemein alss insonderheit, Bey ihren Kindtauffen, Hochzeiten, Begr\u00e4bnissen und sonst zu gebrauchen pflegen, Mit Fleiss colligiret und nun auch Ob vielleicht Christl\u00f6bl. Herrschafften so wohl alss fromme und treue Prediger, denen dergleichen nicht so allerdings bekandt, daher Anlass und Gelegenheiten \u00fcberkommen, und wie Diese mit Lehren, also Jene mit Wehren und Steuren daran seyn m\u00f6chten, dass solche und andere in denen Hertzen der armen Leute noch treffgewurtzelte heydnische Greuel und abergl\u00e4ubische H\u00e4ndel einmahl ausgereutet, und dahingegen das reine Erk\u00e4ndniss Gottes, Seines Reichs und Willens in selbige gepflantzet und gebauet werden m\u00f6ge, Auf Begehren durch offentlichen Druck mitgetheilet von Johanne Wolffgango Boeclero, Pastore zu Kusall im Hertzogthum Ehsten, und des K\u00f6nigl. Consist. in Reval Assess. Ord. Reval, zu finden bey Christoff Brendeken, [1685], 23 sheets. [Next eds: 1848, 1857.]<br><strong>Manuductio ad Linguam Oesthonicam, Anf\u00fchrung zur \u00d6hstnischen Sprache<\/strong>, Bestehend nicht alleine in etlichen praeceptis und observationibus, Sondern auch In Verdolmetschung vieler Teutschen W\u00f6rter. Der \u00d6hstnischen Sprache Liebhabern mitgetheilet Von HENRICO G\u00d6SEKENIO, Hannovera-Brunsvigo, Der Christlichen Gemeine zu Goldenberg in der Wyck Pastore, der umbliegenden Land Kirchen Praeposito, und des K\u00f6nigl. Consistorij zu Reval ordinario Assessore. Reval: A. Simon, 1660, 496 pp. [Next eds: 1977, 2010. Available: <\/span><\/span><a data-url=\"http:\/\/www2.kirmus.ee\/grafo\/index.php?ID=243\" href=\"http:\/\/www2.kirmus.ee\/grafo\/index.php?ID=243\" target=\"_blank\" title=\"\" rel=\"noopener\">http:\/\/www2.kirmus.ee\/grafo\/index.php?ID=243<\/a><span style=\"font-family:Verdana,Geneva,sans-serif\"><span style=\"font-size:13px\">.]<\/span><\/span><\/p>\n","protected":false},"excerpt":{"rendered":"<p>Books German, LatinDer Einf\u00e4ltigen Ehsten Abergl\u00e4ubische Gebr\u00e4uche, Weisen und Gewonheiten, Derer Sie sich, So ins gemein alss insonderheit, Bey ihren Kindtauffen, Hochzeiten, Begr\u00e4bnissen und sonst zu gebrauchen pflegen, Mit Fleiss colligiret und nun auch Ob vielleicht Christl\u00f6bl. Herrschafften so wohl &#8230;<\/p>\n","protected":false},"author":43,"featured_media":0,"parent":1725,"menu_order":0,"comment_status":"closed","ping_status":"closed","template":"","meta":{"_acf_changed":false,"inline_featured_image":false,"footnotes":""},"class_list":["post-199","page","type-page","status-publish","hentry"],"acf":[],"_links":{"self":[{"href":"https:\/\/sisu.ut.ee\/ewod\/wp-json\/wp\/v2\/pages\/199","targetHints":{"allow":["GET"]}}],"collection":[{"href":"https:\/\/sisu.ut.ee\/ewod\/wp-json\/wp\/v2\/pages"}],"about":[{"href":"https:\/\/sisu.ut.ee\/ewod\/wp-json\/wp\/v2\/types\/page"}],"author":[{"embeddable":true,"href":"https:\/\/sisu.ut.ee\/ewod\/wp-json\/wp\/v2\/users\/43"}],"replies":[{"embeddable":true,"href":"https:\/\/sisu.ut.ee\/ewod\/wp-json\/wp\/v2\/comments?post=199"}],"version-history":[{"count":1,"href":"https:\/\/sisu.ut.ee\/ewod\/wp-json\/wp\/v2\/pages\/199\/revisions"}],"predecessor-version":[{"id":4885,"href":"https:\/\/sisu.ut.ee\/ewod\/wp-json\/wp\/v2\/pages\/199\/revisions\/4885"}],"up":[{"embeddable":true,"href":"https:\/\/sisu.ut.ee\/ewod\/wp-json\/wp\/v2\/pages\/1725"}],"wp:attachment":[{"href":"https:\/\/sisu.ut.ee\/ewod\/wp-json\/wp\/v2\/media?parent=199"}],"curies":[{"name":"wp","href":"https:\/\/api.w.org\/{rel}","templated":true}]}}