{"id":1984,"date":"2024-04-03T23:42:17","date_gmt":"2024-04-03T20:42:17","guid":{"rendered":"https:\/\/sisu.ut.ee\/ewod\/tooming\/"},"modified":"2024-04-04T00:05:43","modified_gmt":"2024-04-03T21:05:43","slug":"tooming","status":"publish","type":"page","link":"https:\/\/sisu.ut.ee\/ewod\/t\/tooming\/","title":{"rendered":"Osvald Tooming"},"content":{"rendered":"<p>\n\t<span style=\"font-family: verdana, geneva;font-size: medium\"><strong><a href=\"https:\/\/sisu.ut.ee\/ewod\/t\/tooming\/stories\">Short stories<\/a><\/strong>\u00a0<a href=\"https:\/\/sisu.ut.ee\/wp-content\/uploads\/sites\/108\/b-37-319_osvald_tooming_juho_valvet.jpg\" target=\"_self\" rel=\"noopener\"><img decoding=\"async\" alt=\"Osvald Tooming\" src=\"https:\/\/sisu.ut.ee\/wp-content\/uploads\/sites\/108\/b-37-319_osvald_tooming_juho_valvet.jpg\" style=\"float: right;width: 200px;height: 281px\" title=\"Photo: Juho Valvet (Tallinn)\"><\/a><\/span>\n<\/p>\n<p>\n\t<span style=\"font-family:Verdana,Geneva,sans-serif\"><strong><span style=\"font-size:16px\"><a data-url=\"https:\/\/sisu.ut.ee\/ewod\/t\/tooming\/about\" href=\"https:\/\/sisu.ut.ee\/ewod\/t\/tooming\/about\" title=\"\">About Osvald Tooming<\/a><\/span><\/strong><\/span><\/p>\n<p><span style=\"font-size: small\"><span style=\"font-family: verdana, geneva\"><span style=\"color:#000000\">Osvald Tooming (26.\/13. I 1914 \u2013 6. VI 1992) was an Estonian prose writer and publicist, whose works, with their choice of everyday themes, was broadly based on the aesthetic principles of socialist realism. A central part in his works is played by ethical conflict, usually expressed in egotistical characters\u2019 confrontation with a humane and naturalistic attitude to life.<br>\u00a0<br>Tooming was born into the family of a forest ranger in L\u00e4\u00e4nemaa County, but he spent his childhood and schooldays in Western Virumaa. In 1931 he graduated from Tapa gymnasium and in 1935 began his studies in Tartu in the field of law; however he broke them off in 1939. From the end of secondary school Tooming\u2019s work in various genres began at different publications in Tallinn and Rakvere. From 1940 he worked as executive secretary first at <em>Rahva H\u00e4\u00e4l<\/em>, later at <em>Sirp ja Vasar<\/em>. During the German occupation he was arrested and held until 1942 at the Central Prison in Tallinn. After his release he worked at the Ubja oil-shale mine as a warehouse clerk, and wrote some stories for journals. After the war he continued as executive secretary at the <em>Rahva H\u00e4\u00e4l<\/em> offices, and in 1947 he took up the same post with <em>Looming<\/em>. In that year he became a member of the Writers\u2019 Union. During the Stalinist reprisals he was accused for collaboration with the German occupying power, since he had bene publishing his stories in newspapers at the time. Tooming was arrested and sent to a forestry camp in Kirov oblast, where he remained until 1955, when he was rehabilitated. Later he lived as a freelance writer at Haljala, Viljandi and Kolga-Jaani. He was an active member of the Hunters\u2019 Association and the Society for the Protection of Nature.<br>\u00a0<br>Tooming\u2019s most continuous literary activity began after the war, although six short stories of his had already been published. For the story <em>Kaevandus elab<\/em> (\u2018The Mine is Alive\u2019, 1947), he won the Soviet Estonia prize. The novel <em>Pruuni katku aastail<\/em> (\u2018In the Years of the Brown Plague\u2019) tells of prison life under the occupation; the novel <em>Roheline kuld<\/em> (\u2018Green Gold\u2019) concentrates on the relationship between man and nature. The theme of human ethics, psychology and attitudes to life came to the fore in the stories <em>Luigelend<\/em> (\u2018Swan\u2019s Flight\u2019) and <em>\u00d5petaja Hiiem\u00e4gi<\/em> (\u2018Hiiem\u00e4gi the Teacher\u2019), which Tooming wrote in labour camp, and in other works of the period. The panoramic novel <em>Kaksteist aastat<\/em> (\u2018Twelve Years\u2019, 1963) immortalizes rural life in the years 1949-1961 through a family\u2019s story. Likewise in his later works the treatment of rural and forest life is in the foreground. The compilation <em>Puude taga on mets<\/em> (\u2018There\u2019s a Wood Behind the Trees\u2019, 1972) collects together his appreciative writings on nature.<br>\u00a0<br>Tooming dramatized some prose classics (such as A. H. Tammsaare\u2019s \u2018The Misadventures of the New Satan\u2019, and \u2018Truth and Justice\u2019, Aleksis Kivi\u2019s \u2018Seven Brothers\u2019), but he also wrote plays himself. His first short plays, <em>Tuled s\u00fcttivad<\/em> (\u2018The Fires Are Lit\u2019, 1948) and <em>K\u00fckak\u00fcnka kuningas<\/em> (\u2018The King of K\u00fckak\u00fcnka\u2019, 1949) were intended for amateur theatres. With the subsequent series of plays \u2013 <em>K\u00fclvikuu<\/em> (\u2018Sowing Month\u2019, staged in 1972 at the Vanemuine Theatre), <em>Musta Mandri kasupoeg<\/em> (\u2018Foster-son of the Black Land\u2019, staged in 1981 at the Vanemuine), and <em>Rahva s\u00f5da<\/em> (\u2018Civil War\u2019, staged in 1981 at the Ugala theatre) \u2013 Tooming was contributing to the renewal of the Estonian theatre. The writer\u2019s works for the theatre were often directed by his son Jaan Tooming. He also wrote scripts, such as for the films <em>Salak\u00fctt<\/em> (\u2018The Poacher\u2019), <em>P\u00f5rgup\u00f5hja uus Vanapagan<\/em> (\u2018The Misadventures of the New Satan\u2019), <em>Mees ja m\u00e4nd<\/em> (\u2018The Man and the Pine-tree\u2019). Films have been made based on Tooming\u2019s story <em>\u00d5petaja Hiiem\u00e4gi<\/em> and the novel <em>Perekond Kirretid<\/em> (\u2018The Kirret Family\u2019); Veljo Tormis created an opera based on the story <em>Luigelend<\/em>.<br>\u00a0<br><em>I. S. (Translated by C. M.)<\/em><\/span><\/span><\/span><\/p>\n<p><span style=\"color:#000000\"><strong><span style=\"font-family: verdana, geneva;font-size: small\"><span style=\"font-size: medium\">Books in Estonian<\/span><br>\u00a0<\/span><br><em><span style=\"font-family: verdana, geneva;font-size: medium\"><span style=\"font-size: small\">Novels<\/span><\/span><\/em><\/strong><br><span style=\"font-family: verdana, geneva;font-size: medium\"><span style=\"font-size: small\"><strong>Roheline kuld<\/strong>. Tallinn: Eesti Riiklik Kirjastus, 1950, 410 lk. [2., muudetud tr\u00fckk: 1957.] <\/span><br><span style=\"font-size: small\"><strong>Pruuni katku aastail. 1. osa: Ainus v\u00f5imalus<\/strong>. Tallinn: Eesti Riiklik Kirjastus, 1950, 452 lk. [2. tr\u00fckk: 1961.]<\/span><br><span style=\"font-size: small\"><strong>Perekond Kirretid<\/strong>. Tallinn: Eesti Riiklik Kirjastus, 1958, 250 lk. [2. tr\u00fckk: 1974.]<\/span><br><span style=\"font-size: small\"><strong>Kaksteist aastat: \u00fche perekonna kroonika<\/strong>. Tallinn: Eesti Riikik Kirjastus, 1963, 440 <span style=\"font-family: verdana, geneva;font-size: medium\"><span style=\"font-size: small\">lk<\/span><\/span>.<\/span><\/span><\/span><\/p>\n<p><strong><em><span style=\"font-size: small\">Short stories and novellas<\/span><\/em><\/strong><br><span style=\"font-size: small\"><strong>Uued inimesed: kolm jutustust<\/strong>. Tallinn: Eesti Riikik Kirjastus, 1948, 357 lk. \u00a0<\/span><br><span style=\"font-size: small\"><strong>Kodumaa kutse<\/strong>. Tallinn: Eesti Riiklik Kirjastus, 1950, 272 lk. \u00a0<\/span><br><span style=\"font-size: small\"><strong>Luigelend: kolm jutustust<\/strong>. Tallinn: Eesti Riikik Kirjastus, 1956, 398 lk. \u00a0<\/span><br><span style=\"font-size: small\"><strong>Maantee l\u00e4bi metsa: jutustus<\/strong>. Tallinn: Eesti Riiklik Kirjastus, 1960, 196 lk. \u00a0<\/span><br><span style=\"font-size: small\"><strong>Kuus juttu<\/strong>. Tallinn: Eesti Raamat, 1966, 296 lk. \u00a0<\/span><br><span style=\"font-size: small\"><strong>Metsade raamat<\/strong>. Tallinn: Eesti Raamat, 1969, 148 lk.<\/span><br><span style=\"font-size: small\"><strong>Luigelend. \u00d5petaja Hiiem\u00e4gi. Perekond Kirretid<\/strong>. Tallinn: Eesti Raamat, 1974, 424 lk. [Jutustused ja romaan.]<\/span><br><span style=\"font-size: small\"><strong>Episoodid: jutustusi ja novelle<\/strong>. Tallinn: Eesti Raamat, 1976, 132 lk. \u00a0<\/span><br><span style=\"font-size: small\"><strong>\u00dcks maja, \u00fcks k\u00fcla\u2026<\/strong>. Tallinn: Eesti Raamat, 1986, 173 lk. \u00a0<\/span><br><span style=\"font-size: small\"><strong>Seljasirutus. Argip\u00e4evad<\/strong>. Tallinn: Eesti Raamat, 1988, 204 lk.<\/span>\n<\/p>\n<p>\n\t<span style=\"color:#000000\"><span style=\"font-family: verdana, geneva;font-size: medium\"><span style=\"font-size: small\"><strong><em>Plays<\/em><\/strong><br><strong>Tuled s\u00fcttivad: n\u00e4idend 3 vaatuses 6 pildis<\/strong>. Tallinn: Ilukirjandus ja Kunst, 1948, 80 lk. \u00a0<br><strong>K\u00fckak\u00fcnka kuningas. Naljam\u00e4ng 2-es vaatuses<\/strong>. Tallinn: Ilukirjandus ja Kunst, 1949, 72 lk. \u00a0<br><strong>Musta mandri kasupoeg. Rahva s\u00f5da, ehk Valge laev<\/strong>. Tallinn: Eesti Raamat 1988, 89 lk. <\/span><\/span><\/span>\n<\/p>\n<p>\n\t<span style=\"color:#000000\"><span style=\"font-family: verdana, geneva;font-size: medium\"><span style=\"font-size: small\"><strong><em>Non-fiction<\/em><\/strong><br><strong>Puude taga on mets<\/strong>. Tallinn: Eesti Raamat, 1975, 200 lk. [2., t\u00e4iendatud tr\u00fckk: 1983.]<br>Osvald Tooming, Peeter Tooming, <strong>Maantee kutsub = Highway Attracts<\/strong>. Kohtla-J\u00e4rve: Ida-Viru Maavalitsus, 1993, 223 lk. [Sisaldab peamiselt O. Toominga poolt 1930. aastatel kirjutatud ajakirjanduslikke artikleid.]<\/span><\/span><\/span><\/p>\n","protected":false},"excerpt":{"rendered":"<p>Short stories\u00a0 About Osvald Tooming Osvald Tooming (26.\/13. I 1914 \u2013 6. VI 1992) was an Estonian prose writer and publicist, whose works, with their choice of everyday themes, was broadly based on the aesthetic principles of socialist realism. A &#8230;<\/p>\n","protected":false},"author":43,"featured_media":0,"parent":709,"menu_order":0,"comment_status":"closed","ping_status":"closed","template":"","meta":{"_acf_changed":false,"inline_featured_image":false,"footnotes":""},"class_list":["post-1984","page","type-page","status-publish","hentry"],"acf":[],"_links":{"self":[{"href":"https:\/\/sisu.ut.ee\/ewod\/wp-json\/wp\/v2\/pages\/1984","targetHints":{"allow":["GET"]}}],"collection":[{"href":"https:\/\/sisu.ut.ee\/ewod\/wp-json\/wp\/v2\/pages"}],"about":[{"href":"https:\/\/sisu.ut.ee\/ewod\/wp-json\/wp\/v2\/types\/page"}],"author":[{"embeddable":true,"href":"https:\/\/sisu.ut.ee\/ewod\/wp-json\/wp\/v2\/users\/43"}],"replies":[{"embeddable":true,"href":"https:\/\/sisu.ut.ee\/ewod\/wp-json\/wp\/v2\/comments?post=1984"}],"version-history":[{"count":1,"href":"https:\/\/sisu.ut.ee\/ewod\/wp-json\/wp\/v2\/pages\/1984\/revisions"}],"predecessor-version":[{"id":3098,"href":"https:\/\/sisu.ut.ee\/ewod\/wp-json\/wp\/v2\/pages\/1984\/revisions\/3098"}],"up":[{"embeddable":true,"href":"https:\/\/sisu.ut.ee\/ewod\/wp-json\/wp\/v2\/pages\/709"}],"wp:attachment":[{"href":"https:\/\/sisu.ut.ee\/ewod\/wp-json\/wp\/v2\/media?parent=1984"}],"curies":[{"name":"wp","href":"https:\/\/api.w.org\/{rel}","templated":true}]}}