{"id":1982,"date":"2024-04-03T23:42:17","date_gmt":"2024-04-03T20:42:17","guid":{"rendered":"https:\/\/sisu.ut.ee\/ewod\/about-et-258\/"},"modified":"2024-04-04T00:05:43","modified_gmt":"2024-04-03T21:05:43","slug":"about","status":"publish","type":"page","link":"https:\/\/sisu.ut.ee\/ewod\/k\/kunnap\/about\/","title":{"rendered":"Asko K\u00fcnnap &#8211; about"},"content":{"rendered":"<p><span style=\"font-size: medium;font-family: verdana,geneva\"><strong>Reviews<\/strong><\/span><\/p>\n<p><span style=\"font-family: verdana,geneva\"><span style=\"font-family: verdana,geneva\"><strong><em>English<\/em><\/strong><\/span><br><span style=\"font-family: verdana,geneva\">Rutt Hinrikus, Janika Kronberg, <a href=\"http:\/\/elm.estinst.ee\/issue\/21\/short-outlines-books-estonian-authors\/\" target=\"_blank\" rel=\"noopener\"><strong>Short Outlines of Books by Estonian Authors<\/strong><\/a>. \u2013 Estonian Literary Magazine, no 21, 2005. [About \u2019K\u00f5ige ilusam s\u00f5da\u2019 (\u2019The Most Beautiful War\u2019).]<br>Janika Kronberg, <a href=\"http:\/\/elm.estinst.ee\/issue\/13\/short-outlines-books-estonian-authors\/\"><strong>Short Outlines of Books by Estonian Authors<\/strong><\/a>. \u2013 Estonian Literary Magazine, no 13, 2001. [About the poetry collection \u2018Kaardipakk\u2019 (\u2018A Pack of Cards\u2019) by\u00a0Asko K\u00fcnnap, J\u00fcrgen Rooste, Karl Martin Sinij\u00e4rv, Triin Soomets and Elo Viiding.]<\/span><\/span><\/p>\n","protected":false},"excerpt":{"rendered":"<p>Reviews EnglishRutt Hinrikus, Janika Kronberg, Short Outlines of Books by Estonian Authors. \u2013 Estonian Literary Magazine, no 21, 2005. [About \u2019K\u00f5ige ilusam s\u00f5da\u2019 (\u2019The Most Beautiful War\u2019).]Janika Kronberg, Short Outlines of Books by Estonian Authors. \u2013 Estonian Literary Magazine, no &#8230;<\/p>\n","protected":false},"author":43,"featured_media":0,"parent":843,"menu_order":0,"comment_status":"closed","ping_status":"closed","template":"","meta":{"_acf_changed":false,"inline_featured_image":false,"footnotes":""},"class_list":["post-1982","page","type-page","status-publish","hentry"],"acf":[],"_links":{"self":[{"href":"https:\/\/sisu.ut.ee\/ewod\/wp-json\/wp\/v2\/pages\/1982","targetHints":{"allow":["GET"]}}],"collection":[{"href":"https:\/\/sisu.ut.ee\/ewod\/wp-json\/wp\/v2\/pages"}],"about":[{"href":"https:\/\/sisu.ut.ee\/ewod\/wp-json\/wp\/v2\/types\/page"}],"author":[{"embeddable":true,"href":"https:\/\/sisu.ut.ee\/ewod\/wp-json\/wp\/v2\/users\/43"}],"replies":[{"embeddable":true,"href":"https:\/\/sisu.ut.ee\/ewod\/wp-json\/wp\/v2\/comments?post=1982"}],"version-history":[{"count":1,"href":"https:\/\/sisu.ut.ee\/ewod\/wp-json\/wp\/v2\/pages\/1982\/revisions"}],"predecessor-version":[{"id":3096,"href":"https:\/\/sisu.ut.ee\/ewod\/wp-json\/wp\/v2\/pages\/1982\/revisions\/3096"}],"up":[{"embeddable":true,"href":"https:\/\/sisu.ut.ee\/ewod\/wp-json\/wp\/v2\/pages\/843"}],"wp:attachment":[{"href":"https:\/\/sisu.ut.ee\/ewod\/wp-json\/wp\/v2\/media?parent=1982"}],"curies":[{"name":"wp","href":"https:\/\/api.w.org\/{rel}","templated":true}]}}