{"id":1979,"date":"2024-04-03T23:42:17","date_gmt":"2024-04-03T20:42:17","guid":{"rendered":"https:\/\/sisu.ut.ee\/ewod\/stories-et-233\/"},"modified":"2024-04-04T00:05:42","modified_gmt":"2024-04-03T21:05:42","slug":"stories","status":"publish","type":"page","link":"https:\/\/sisu.ut.ee\/ewod\/p\/jakobparn\/stories\/","title":{"rendered":"Jakob P\u00e4rn &#8211; stories"},"content":{"rendered":"<p>\n\t<span style=\"font-family:Verdana,Geneva,sans-serif\"><strong><span style=\"font-size:16px\">Books<\/span><\/strong><\/span>\n<\/p>\n<p>\n\t<span style=\"font-family:Verdana,Geneva,sans-serif\"><strong><em>Finnish<\/em><\/strong><br><strong>Oma tupa, oma lupa<\/strong>. Viron kielell\u00e4 kirjoitti Jakob P\u00e4rn; suomentanut Aino Joutsen. Helsinki: Kansanvalistusseura, 1882, 62 pp. [\u2018Oma tuba, oma luba\u2019. 2nd print: 1891.]<\/span>\n<\/p>\n<p>\n\t<span style=\"font-family:Verdana,Geneva,sans-serif\"><strong><em>Swedish<\/em><\/strong><br><span style=\"font-size:13px\"><strong>Eget hemman, egen herre<\/strong>. Af J. P\u00e4rn; \u00f6fwers\u00e4ttning fr\u00e5n Estniskan. Helsingfors: Folkupplysnings-s\u00e4llskapets f\u00f6rlag, 1882, 62 pp. [<\/span><\/span><span style=\"font-size:13px\">\u2018Oma tuba, oma luba\u2019.]<\/span><\/p>\n","protected":false},"excerpt":{"rendered":"<p>Books FinnishOma tupa, oma lupa. Viron kielell\u00e4 kirjoitti Jakob P\u00e4rn; suomentanut Aino Joutsen. Helsinki: Kansanvalistusseura, 1882, 62 pp. [\u2018Oma tuba, oma luba\u2019. 2nd print: 1891.] SwedishEget hemman, egen herre. Af J. P\u00e4rn; \u00f6fwers\u00e4ttning fr\u00e5n Estniskan. Helsingfors: Folkupplysnings-s\u00e4llskapets f\u00f6rlag, 1882, 62 &#8230;<\/p>\n","protected":false},"author":43,"featured_media":0,"parent":1971,"menu_order":0,"comment_status":"closed","ping_status":"closed","template":"","meta":{"_acf_changed":false,"inline_featured_image":false,"footnotes":""},"class_list":["post-1979","page","type-page","status-publish","hentry"],"acf":[],"_links":{"self":[{"href":"https:\/\/sisu.ut.ee\/ewod\/wp-json\/wp\/v2\/pages\/1979","targetHints":{"allow":["GET"]}}],"collection":[{"href":"https:\/\/sisu.ut.ee\/ewod\/wp-json\/wp\/v2\/pages"}],"about":[{"href":"https:\/\/sisu.ut.ee\/ewod\/wp-json\/wp\/v2\/types\/page"}],"author":[{"embeddable":true,"href":"https:\/\/sisu.ut.ee\/ewod\/wp-json\/wp\/v2\/users\/43"}],"replies":[{"embeddable":true,"href":"https:\/\/sisu.ut.ee\/ewod\/wp-json\/wp\/v2\/comments?post=1979"}],"version-history":[{"count":1,"href":"https:\/\/sisu.ut.ee\/ewod\/wp-json\/wp\/v2\/pages\/1979\/revisions"}],"predecessor-version":[{"id":3093,"href":"https:\/\/sisu.ut.ee\/ewod\/wp-json\/wp\/v2\/pages\/1979\/revisions\/3093"}],"up":[{"embeddable":true,"href":"https:\/\/sisu.ut.ee\/ewod\/wp-json\/wp\/v2\/pages\/1971"}],"wp:attachment":[{"href":"https:\/\/sisu.ut.ee\/ewod\/wp-json\/wp\/v2\/media?parent=1979"}],"curies":[{"name":"wp","href":"https:\/\/api.w.org\/{rel}","templated":true}]}}