{"id":1978,"date":"2024-04-03T23:42:17","date_gmt":"2024-04-03T20:42:17","guid":{"rendered":"https:\/\/sisu.ut.ee\/ewod\/nonfiction-et-88\/"},"modified":"2024-04-04T00:05:42","modified_gmt":"2024-04-03T21:05:42","slug":"nonfiction","status":"publish","type":"page","link":"https:\/\/sisu.ut.ee\/ewod\/s\/schaper\/nonfiction\/","title":{"rendered":"Edzard Schaper &#8211; non-fiction"},"content":{"rendered":"<p><strong><span style=\"font-family: verdana,geneva;font-size: medium\">Books<\/span><\/strong><\/p>\n<p><em><strong><span style=\"font-family: verdana,geneva\">German<\/span><\/strong><\/em><br><span style=\"font-family: verdana,geneva\"><strong>Das Leben Jesu<\/strong>. Leipzig: Insel, 1936. [2nd ed: Die Weihnachtsgeschichte. Z\u00fcrich: Arche, 1950.]<\/span><br><span style=\"font-family: verdana,geneva\"><strong>Der Mensch in der Zelle. Dichtung und Deutung des gefangenen Menschen<\/strong>. K\u00f6ln: Hegner, 1951.<\/span><br><span style=\"font-family: verdana,geneva\"><strong>Vom Sinn des Alters. Eine Betrachtung<\/strong>. Z\u00fcrich: Arche, 1952.<\/span><br><span style=\"font-family: verdana,geneva\"><strong>Untergang und Verwandlung. Betrachtungen und Reden<\/strong>. Z\u00fcrich: Arche, 1952.<\/span><br><span style=\"font-family: verdana,geneva\"><strong>Erkundungen in gestern und morgen<\/strong>. Z\u00fcrich: Arche, 1956.<\/span><br><span style=\"font-family: verdana,geneva\"><strong>B\u00fcrger in Zeit und Ewigkeit. Antworten<\/strong>. Hamburg: Marion von Schr\u00f6der, 1956.<\/span><br><span style=\"font-family: verdana,geneva\"><strong>Der Held. Weg und Wahn Karl XII<\/strong>. 1958.<\/span><br><span style=\"font-family: verdana,geneva\"><strong>Der Abfall vom Menschen. Zwei Vortr\u00e4ge<\/strong>. Olten: Walter, 1961.<\/span><br><span style=\"font-family: verdana,geneva\"><strong>Verh\u00fcllte Alt\u00e4re<\/strong>. Ansprachen. K\u00f6ln: Hegner, 1962.<\/span><br><span style=\"font-family: verdana,geneva\"><strong>Flucht und Bleibe. Ein Wort an die gefl\u00fcchteten und vertriebenen Deutschen<\/strong>. K\u00f6ln: Hegner, 1965.<\/span><br><span style=\"font-family: verdana,geneva\"><strong>Einer trage des andern Last. Eine Elegie auf den letzten Gep\u00e4cktr\u00e4ger<\/strong>. Z\u00fcrich: Arche, 1965.<\/span><br><span style=\"font-family: verdana,geneva\"><strong>Wagnis der Gegenwart. Essays<\/strong>. Stuttgart: Kreuz, 1965.<\/span><br><span style=\"font-family: verdana,geneva\"><strong>\u00dcber die Redlichkeit. Essay<\/strong>. K\u00f6ln: Hegner, 1967.<\/span><\/p>\n","protected":false},"excerpt":{"rendered":"<p>Books GermanDas Leben Jesu. Leipzig: Insel, 1936. [2nd ed: Die Weihnachtsgeschichte. Z\u00fcrich: Arche, 1950.]Der Mensch in der Zelle. Dichtung und Deutung des gefangenen Menschen. K\u00f6ln: Hegner, 1951.Vom Sinn des Alters. Eine Betrachtung. Z\u00fcrich: Arche, 1952.Untergang und Verwandlung. Betrachtungen und Reden. &#8230;<\/p>\n","protected":false},"author":43,"featured_media":0,"parent":1943,"menu_order":0,"comment_status":"closed","ping_status":"closed","template":"","meta":{"_acf_changed":false,"inline_featured_image":false,"footnotes":""},"class_list":["post-1978","page","type-page","status-publish","hentry"],"acf":[],"_links":{"self":[{"href":"https:\/\/sisu.ut.ee\/ewod\/wp-json\/wp\/v2\/pages\/1978","targetHints":{"allow":["GET"]}}],"collection":[{"href":"https:\/\/sisu.ut.ee\/ewod\/wp-json\/wp\/v2\/pages"}],"about":[{"href":"https:\/\/sisu.ut.ee\/ewod\/wp-json\/wp\/v2\/types\/page"}],"author":[{"embeddable":true,"href":"https:\/\/sisu.ut.ee\/ewod\/wp-json\/wp\/v2\/users\/43"}],"replies":[{"embeddable":true,"href":"https:\/\/sisu.ut.ee\/ewod\/wp-json\/wp\/v2\/comments?post=1978"}],"version-history":[{"count":1,"href":"https:\/\/sisu.ut.ee\/ewod\/wp-json\/wp\/v2\/pages\/1978\/revisions"}],"predecessor-version":[{"id":3092,"href":"https:\/\/sisu.ut.ee\/ewod\/wp-json\/wp\/v2\/pages\/1978\/revisions\/3092"}],"up":[{"embeddable":true,"href":"https:\/\/sisu.ut.ee\/ewod\/wp-json\/wp\/v2\/pages\/1943"}],"wp:attachment":[{"href":"https:\/\/sisu.ut.ee\/ewod\/wp-json\/wp\/v2\/media?parent=1978"}],"curies":[{"name":"wp","href":"https:\/\/api.w.org\/{rel}","templated":true}]}}