{"id":1976,"date":"2024-04-03T23:42:16","date_gmt":"2024-04-03T20:42:16","guid":{"rendered":"https:\/\/sisu.ut.ee\/ewod\/stories-et-231\/"},"modified":"2024-04-04T00:05:45","modified_gmt":"2024-04-03T21:05:45","slug":"stories","status":"publish","type":"page","link":"https:\/\/sisu.ut.ee\/ewod\/s\/sergo\/stories\/","title":{"rendered":"Herman Sergo &#8211; short stories"},"content":{"rendered":"<p><strong><span style=\"font-family: verdana, geneva;font-size: medium\">In anthologies and magazines<\/span><\/strong><\/p>\n<p><span style=\"font-family: verdana, geneva\"><em><strong>Hungarian<\/strong><\/em><br><span style=\"font-family: verdana, geneva\"><span style=\"font-family: verdana, geneva\"><strong>K\u00e9t cs\u00f6pp piros v\u00e9r<\/strong>. Translated by \u00c1rvay J\u00e1nos.\u00a0<\/span>\u2013\u00a0A sz\u00e9l\u0151rl\u0151: \u00e9szt elbesz\u00e9l\u0151k. V\u00e1logatta \u00e9s az \u00e9letrajzi jegyzeteket \u00edrta Feh\u00e9rv\u00e1ri Gy\u0151z\u0151; ford\u00edtotta \u00c1rvay J\u00e1nos et al. Budapest: Eur\u00f3pa, 1981, 613 pp.\u00a0[<span style=\"font-family: verdana, geneva\">\u2018Kaks tilka punast verd\u2019.<\/span><\/span><span style=\"font-family: verdana, geneva\">\u00a0See\u00a0<\/span><a href=\"https:\/\/sisu.ut.ee\/ewod\/anthologies\/aszelorlocontents\"><strong>contents\u00a0of the anthology<\/strong><\/a><span style=\"font-family: verdana, geneva\">.]<\/span><br><\/span><\/p>\n<p><span style=\"font-family: verdana, geneva\"><span style=\"font-family: verdana, geneva\"><strong><em>Russian<\/em><\/strong><br>\u0425. \u0421\u0435\u0440\u0433\u043e, <strong>\u0414\u0432\u0435 \u043a\u0430\u043f\u043b\u0438 \u0430\u043b\u043e\u0439 \u043a\u0440\u043e\u0432\u0438<\/strong>. \u2013 \u042d\u0441\u0442\u043e\u043d\u0441\u043a\u0430\u044f \u0441\u043e\u0432\u0435\u0442\u0441\u043a\u0430\u044f \u043d\u043e\u0432\u0435\u043b\u043b\u0430. \u0421\u043e\u0441\u0442\u0430\u0432\u0438\u0442\u0435\u043b\u044c \u0425. \u041f\u0443\u0445\u0432\u0435\u043b\u044c; [\u0440\u0435\u0434\u043a\u043e\u043b\u043b\u0435\u0433\u0438\u044f: \u0412. \u0413\u0440\u043e\u0441\u0441 \u2026 \u0438 \u0434\u0440.]. \u0422\u0430\u043b\u043b\u0438\u043d\u043d: \u042d\u044d\u0441\u0442\u0438 \u0440\u0430\u0430\u043c\u0430\u0442, 1977, 599 pp. [\u2018Kaks tilka punast verd\u2019. See <strong><a href=\"https:\/\/sisu.ut.ee\/ewod\/anthologies\/puhvelrussian\">contents<\/a><\/strong> of the anthology.]<br>\u0425\u0435\u0440\u043c\u0430\u043d \u0421\u0435\u0440\u0433\u043e, <strong>\u0412 \u0440\u043e\u0434\u043d\u0443\u044e \u0433\u0430\u0432\u0430\u043d\u044c<\/strong>. \u2013 \u0425\u0440\u0430\u043d\u0438\u0442\u0435\u043b\u0438 \u043a\u043b\u044e\u0447\u0435\u0439: \u0440\u0430\u0441\u0441\u043a\u0430\u0437\u044b \u044d\u0441\u0442\u043e\u043d\u0441\u043a\u0438\u0445 \u043f\u0438\u0441\u0430\u0442\u0435\u043b\u0435\u0439. \u0421\u043e\u0441\u0442\u0430\u0432\u0438\u0442\u0435\u043b\u044c \u041b. \u0420\u0435\u043c\u043c\u0435\u043b\u044c\u0433\u0430\u0441; \u043f\u0435\u0440\u0435\u0432\u043e\u0434 \u041b. \u0422\u043e\u043e\u043c, \u0413. \u041c\u0443\u0440\u0430\u0432\u0438\u043d \u0438 \u0434\u0440. \u041c\u043e\u0441\u043a\u0432\u0430: \u0421\u043e\u0432\u0435\u0442\u0441\u043a\u0438\u0439 \u043f\u0438\u0441\u0430\u0442\u0435\u043b\u044c, 1967, 408 pp. [\u2019Kodusadamasse\u2019. See <strong><a href=\"https:\/\/sisu.ut.ee\/ewod\/anthologies\/hraniteli\">contents<\/a><\/strong> of the anthology.]<br><\/span><\/span><\/p>\n<p><span style=\"font-family: verdana, geneva\"><span style=\"font-family: verdana, geneva\"><strong><em>Ukrainian<\/em><\/strong><br><span style=\"font-family: verdana, geneva\"><span style=\"font-family: verdana, geneva\">\u0425. \u0421\u0435\u0440\u0433\u043e,\u00a0<\/span><strong>\u0414\u0432i \u043a\u0440\u0430\u043f\u043bi \u0447\u0435\u0440\u0432\u043e\u043d\u043ei \u043a\u0440\u043e\u0432i<\/strong>. \u2013\u00a0\u0415\u0441\u0442\u043e\u043d\u0441\u044c\u043a\u0435 \u0440\u0430\u0434\u044f\u043d\u0441\u044c\u043a\u0435 \u043e\u043f\u043e\u0432i\u0434\u0430\u043d\u043d\u044f. \u041f\u0435\u0440\u0435\u043a\u043b\u0430\u0434 \u0437 \u0435\u0441\u0442\u043e\u043d\u0441\u044c\u043a\u043e\u0439: \u041e. \u0417\u0430\u0432\u0433\u043e\u0440\u043e\u0434\u043di\u0439, \u0410. \u0421\u043f\u0440\u043e\u0433i\u0441, \u041f. \u0413\u0430\u043d\u0434\u0437\u044e\u0440\u0430, \u0415. \u041b\u0438\u0441\u0435\u0446\u044c\u043a\u0430; \u0443\u043f\u043e\u0440\u044f\u0434\u043d\u0438\u043a \u041e. \u0421. \u0417\u0430\u0432\u0433\u043e\u0440\u043e\u0434\u043di\u0439. \u041a\u0438i\u0432: \u0414\u043di\u043f\u0440\u043e, 1982, 280 pp. <span style=\"font-family: verdana, geneva\">[\u2018Kaks tilka punast verd\u2019.<\/span>\u00a0See\u00a0<\/span><a href=\"https:\/\/sisu.ut.ee\/ewod\/anthologies\/ukrainianstories\"><strong>contents<\/strong><\/a><span style=\"font-family: verdana, geneva\">\u00a0of the anthology.]<\/span><br><\/span><\/span><\/p>\n","protected":false},"excerpt":{"rendered":"<p>In anthologies and magazines HungarianK\u00e9t cs\u00f6pp piros v\u00e9r. Translated by \u00c1rvay J\u00e1nos.\u00a0\u2013\u00a0A sz\u00e9l\u0151rl\u0151: \u00e9szt elbesz\u00e9l\u0151k. V\u00e1logatta \u00e9s az \u00e9letrajzi jegyzeteket \u00edrta Feh\u00e9rv\u00e1ri Gy\u0151z\u0151; ford\u00edtotta \u00c1rvay J\u00e1nos et al. Budapest: Eur\u00f3pa, 1981, 613 pp.\u00a0[\u2018Kaks tilka punast verd\u2019.\u00a0See\u00a0contents\u00a0of the anthology.] Russian\u0425. \u0421\u0435\u0440\u0433\u043e, &#8230;<\/p>\n","protected":false},"author":43,"featured_media":0,"parent":1967,"menu_order":0,"comment_status":"closed","ping_status":"closed","template":"","meta":{"_acf_changed":false,"inline_featured_image":false,"footnotes":""},"class_list":["post-1976","page","type-page","status-publish","hentry"],"acf":[],"_links":{"self":[{"href":"https:\/\/sisu.ut.ee\/ewod\/wp-json\/wp\/v2\/pages\/1976","targetHints":{"allow":["GET"]}}],"collection":[{"href":"https:\/\/sisu.ut.ee\/ewod\/wp-json\/wp\/v2\/pages"}],"about":[{"href":"https:\/\/sisu.ut.ee\/ewod\/wp-json\/wp\/v2\/types\/page"}],"author":[{"embeddable":true,"href":"https:\/\/sisu.ut.ee\/ewod\/wp-json\/wp\/v2\/users\/43"}],"replies":[{"embeddable":true,"href":"https:\/\/sisu.ut.ee\/ewod\/wp-json\/wp\/v2\/comments?post=1976"}],"version-history":[{"count":1,"href":"https:\/\/sisu.ut.ee\/ewod\/wp-json\/wp\/v2\/pages\/1976\/revisions"}],"predecessor-version":[{"id":3109,"href":"https:\/\/sisu.ut.ee\/ewod\/wp-json\/wp\/v2\/pages\/1976\/revisions\/3109"}],"up":[{"embeddable":true,"href":"https:\/\/sisu.ut.ee\/ewod\/wp-json\/wp\/v2\/pages\/1967"}],"wp:attachment":[{"href":"https:\/\/sisu.ut.ee\/ewod\/wp-json\/wp\/v2\/media?parent=1976"}],"curies":[{"name":"wp","href":"https:\/\/api.w.org\/{rel}","templated":true}]}}